{"id":6640,"date":"2024-11-16T07:17:02","date_gmt":"2024-11-16T07:17:02","guid":{"rendered":"https:\/\/jinsuncarbon.com\/?post_type=product&#038;p=6640"},"modified":"2024-11-16T07:17:03","modified_gmt":"2024-11-16T07:17:03","slug":"warmetauscher-graphitblock","status":"publish","type":"product","link":"https:\/\/jinsuncarbon.com\/de\/produkt\/warmetauscher-graphitblock\/","title":{"rendered":"W\u00e4rmetauscher Graphitblock"},"content":{"rendered":"<h2>Was ist der Graphitblock eines W\u00e4rmetauschers?<\/h2>\n<p>Der Graphitblock eines W\u00e4rmetauschers ist eine Schl\u00fcsselkomponente, die speziell in W\u00e4rmetauschern verwendet wird und in Form eines festen Blocks vorliegt. Er wird haupts\u00e4chlich aus Naturgraphit oder synthetischem Graphit hergestellt. Er l\u00e4sst sich leicht in den W\u00e4rmetauscher einbauen. Au\u00dferdem gibt es viele interne Kan\u00e4le, durch die verschiedene Medien flie\u00dfen k\u00f6nnen, um den W\u00e4rmeaustausch zu erm\u00f6glichen.<\/p>\n<p>&nbsp;<\/p>\n<h2>Wie wird der Graphitblock im W\u00e4rmetauscher hergestellt?<\/h2>\n<p>Die Graphitbl\u00f6cke f\u00fcr W\u00e4rmetauscher werden in der Regel durch Extrusion in die Form von W\u00fcrfeln oder Quadern gebracht. Anschlie\u00dfend werden sie vom Hersteller entsprechend den spezifischen Gr\u00f6\u00dfenanforderungen f\u00fcr den W\u00e4rmetauscher mechanisch bearbeitet.<\/p>\n<p>&nbsp;<\/p>\n<h2>Verschiedene Typen<\/h2>\n<p>Wir liefern eine Vielzahl von Graphitbl\u00f6cken f\u00fcr W\u00e4rmetauscher:<\/p>\n<p>Isostatisch gepresster Graphitblock: Geeignet f\u00fcr Szenarien, in denen eine gleichbleibende Dichte, Festigkeit und Leistung erforderlich ist, z. B. in der Halbleiterindustrie.<\/p>\n<p>&nbsp;<\/p>\n<p>Geformter Graphitblock: Er wird in industriellen Bereichen verwendet, in denen die Form erforderlich ist und die Isotropie der Leistung nicht hoch ist, wie z. B. bei der Herstellung kleiner Graphitformen.<\/p>\n<p>&nbsp;<\/p>\n<p>Strangpressen des Graphitblocks: Es ist geeignet f\u00fcr Szenen, in denen die L\u00e4nge erforderlich ist und die Hauptkraft axial ist, wie zum Beispiel bei der Herstellung von Graphitelektroden.<\/p>\n<p>&nbsp;<\/p>\n<p>Weitere Informationen zu diesen W\u00e4rmetauschertypen erhalten Sie von Ihrem Hersteller von Graphit-W\u00e4rmetauschern, der Sie gerne ber\u00e4t.<\/p>\n<p>&nbsp;<\/p>\n<h2>Physikalische und chemische Eigenschaften von Graphitbl\u00f6cken f\u00fcr W\u00e4rmetauscher<\/h2>\n<p>Was die physikalischen Eigenschaften betrifft, so hat der Graphitblock des W\u00e4rmetauschers eine gute W\u00e4rmeleitf\u00e4higkeit und kann W\u00e4rme effektiv \u00fcbertragen. Er hat die richtige Druck- und Biegefestigkeit, um dem Druck und den St\u00f6\u00dfen der Fl\u00fcssigkeit im W\u00e4rmetauscher standzuhalten. Chemisch gesehen ist er in der Arbeitsumgebung des W\u00e4rmetauschers chemisch stabil und resistent gegen Korrosion, die durch Substanzen verursacht werden kann, die durch die Fl\u00fcssigkeit flie\u00dfen.<\/p>\n<p>&nbsp;<\/p>\n<h2>Anmeldung<\/h2>\n<p>In der Aluminiumindustrie k\u00f6nnen Graphitbl\u00f6cke von W\u00e4rmetauschern in der Aluminium-Fl\u00fcssigkeitsk\u00fchlung und anderen W\u00e4rmeaustauschverbindungen verwendet werden. Gew\u00e4hrleisten Sie die genaue Kontrolle der Temperatur des Produktionsprozesses.<\/p>\n<p>F\u00fcr die Eisen- und Stahlindustrie, sei es beim Schmelzen, <a href=\"https:\/\/en.wikipedia.org\/wiki\/Refining\" target=\"_blank\" rel=\"noopener\">Veredelung<\/a> oder W\u00e4rmeaustausch im Prozess der W\u00e4rmebehandlung, kann es nicht von ihm getrennt werden.<\/p>\n<p>In der Stromerzeugungsbranche, <a href=\"https:\/\/jinsuncarbon.com\/de\/produkt\/graphitblock\/\">Graphitbl\u00f6cke<\/a> kann die Effizienz der Energieumwandlung effektiv verbessern. Den stabilen Betrieb des Stromerzeugungssystems gew\u00e4hrleisten.<\/p>\n<p>&nbsp;<\/p>\n<h2>Prinzip des Graphitblocks eines W\u00e4rmetauschers<\/h2>\n<p>Das Funktionsprinzip besteht darin, ein gutes W\u00e4rmeleitmedium f\u00fcr den W\u00e4rmeaustausch bereitzustellen, indem die Eigenschaften einer hohen W\u00e4rmeleitf\u00e4higkeit genutzt werden. Die Struktur des W\u00e4rmetauschers kann sicherstellen, dass die Fl\u00fcssigkeit und die Graphitbl\u00f6cke eine gro\u00dfe Kontaktfl\u00e4che haben.<\/p>\n<p>F\u00fcr den Betrieb von Graphitblock-W\u00e4rmetauschern.<\/p>\n<p>Sein einzigartiger struktureller Aufbau spielt eine Schl\u00fcsselrolle beim W\u00e4rmeaustausch.<\/p>\n<p>&nbsp;<\/p>\n<h2>Graphit blockiert das Gitter des W\u00e4rmetauschers<\/h2>\n<p>Die Spezifikation des Graphitblocks des W\u00e4rmetauschers umfasst die Abmessungen, einschlie\u00dflich L\u00e4nge, Breite, H\u00f6he, etc. Und wir k\u00f6nnen diese Spezifikationen entsprechend dem Design des spezifischen W\u00e4rmetauschers anpassen.<\/p>\n<p>W\u00e4hrend des Produktionsprozesses werden wir die Ma\u00dftoleranz streng kontrollieren, und auch die Oberfl\u00e4cheng\u00fcte ist ein wichtiger Indikator.<\/p>\n<p>&nbsp;<\/p>\n<h2>Entwurf des Graphitblocks eines W\u00e4rmetauschers<\/h2>\n<p>Dabei sollten viele Faktoren umfassend ber\u00fccksichtigt werden. Erstens, die Art des W\u00e4rmetauschers, wie Graphitbl\u00f6cke oder Rohrb\u00fcndel. Bei der Konstruktion ist es notwendig, die internen Kan\u00e4le und Wege sorgf\u00e4ltig zu planen und den Fl\u00fcssigkeitsstrom zu leiten. Der Str\u00f6mungsweg der Fl\u00fcssigkeit im W\u00e4rmetauscher muss vern\u00fcnftig gestaltet werden, um den besten W\u00e4rme\u00fcbertragungseffekt zu erzielen. Die Hersteller von Graphitw\u00e4rmetauschern schenken diesen Punkten w\u00e4hrend des Entwurfs- und Produktionsprozesses ihre volle Aufmerksamkeit, um hochwertige Produkte f\u00fcr industrielle Anwendungen zu schaffen. Im Allgemeinen ist es notwendig, die W\u00e4rme\u00fcbertragungseffizienz zu verbessern und die Stabilit\u00e4t zu gew\u00e4hrleisten.<\/p>","protected":false},"excerpt":{"rendered":"<p>W\u00e4rmeaustausch-Graphitbl\u00f6cke werden haupts\u00e4chlich in W\u00e4rmeaustauschger\u00e4ten in der chemischen Industrie verwendet. Dazu geh\u00f6ren Graphit-W\u00e4rmetauscher und Graphit-Kondensatoren. Und hat die folgenden Eigenschaften:<\/p>\n<ul>\n<li>Hohe Temperaturbest\u00e4ndigkeit<\/li>\n<li>Korrosionsbest\u00e4ndigkeit gegen\u00fcber S\u00e4uren und Laugen<\/li>\n<li>Hohe W\u00e4rmeleitf\u00e4higkeit<\/li>\n<li>Hohe Festigkeit<\/li>\n<li>Lange Lebensdauer<\/li>\n<\/ul>","protected":false},"featured_media":6641,"template":"","meta":[],"product_brand":[],"product_cat":[38],"product_tag":[],"class_list":{"0":"post-6640","1":"product","2":"type-product","3":"status-publish","4":"has-post-thumbnail","6":"product_cat-graphite-products","8":"first","9":"instock","10":"shipping-taxable","11":"product-type-simple"},"yoast_head":"<!-- This site is optimized with the Yoast SEO Premium plugin v19.2.1 (Yoast SEO v25.3) - https:\/\/yoast.com\/wordpress\/plugins\/seo\/ -->\n<title>Heat Exchanger Graphite Block Manufacturer | Jinsun Carbon<\/title>\n<meta name=\"description\" content=\"The graphite block of heat exchanger is a key component specially used in heat exchanger, which exists in the form of solid block.\" \/>\n<meta name=\"robots\" content=\"index, follow, max-snippet:-1, max-image-preview:large, max-video-preview:-1\" \/>\n<link rel=\"canonical\" href=\"https:\/\/jinsuncarbon.com\/de\/produkt\/warmetauscher-graphitblock\/\" \/>\n<meta property=\"og:locale\" content=\"de_DE\" \/>\n<meta property=\"og:type\" content=\"article\" \/>\n<meta property=\"og:title\" content=\"Heat Exchanger Graphite Block\" \/>\n<meta property=\"og:description\" content=\"The graphite block of heat exchanger is a key component specially used in heat exchanger, which exists in the form of solid block.\" \/>\n<meta property=\"og:url\" content=\"https:\/\/jinsuncarbon.com\/de\/produkt\/warmetauscher-graphitblock\/\" \/>\n<meta property=\"og:site_name\" content=\"Jinsun Carbon\" \/>\n<meta property=\"article:publisher\" content=\"https:\/\/www.facebook.com\/Graphite-Electrode-109336238661595\" \/>\n<meta property=\"article:modified_time\" content=\"2024-11-16T07:17:03+00:00\" \/>\n<meta property=\"og:image\" content=\"https:\/\/jinsuncarbon.com\/wp-content\/uploads\/2024\/11\/Heat-exchanger-graphite-block.jpg\" \/>\n\t<meta property=\"og:image:width\" content=\"1024\" \/>\n\t<meta property=\"og:image:height\" content=\"763\" \/>\n\t<meta property=\"og:image:type\" content=\"image\/jpeg\" \/>\n<meta name=\"twitter:card\" content=\"summary_large_image\" \/>\n<meta name=\"twitter:site\" content=\"@jinsuncarbon_\" \/>\n<meta name=\"twitter:label1\" content=\"Gesch\u00e4tzte Lesezeit\" \/>\n\t<meta name=\"twitter:data1\" content=\"3\u00a0Minuten\" \/>\n<script type=\"application\/ld+json\" class=\"yoast-schema-graph\">{\"@context\":\"https:\/\/schema.org\",\"@graph\":[{\"@type\":\"WebPage\",\"@id\":\"https:\/\/jinsuncarbon.com\/product\/heat-exchanger-graphite-block\/\",\"url\":\"https:\/\/jinsuncarbon.com\/product\/heat-exchanger-graphite-block\/\",\"name\":\"Heat Exchanger Graphite Block Manufacturer | Jinsun Carbon\",\"isPartOf\":{\"@id\":\"https:\/\/jinsuncarbon.com\/#website\"},\"primaryImageOfPage\":{\"@id\":\"https:\/\/jinsuncarbon.com\/product\/heat-exchanger-graphite-block\/#primaryimage\"},\"image\":{\"@id\":\"https:\/\/jinsuncarbon.com\/product\/heat-exchanger-graphite-block\/#primaryimage\"},\"thumbnailUrl\":\"https:\/\/jinsuncarbon.com\/wp-content\/uploads\/2024\/11\/Heat-exchanger-graphite-block.jpg\",\"datePublished\":\"2024-11-16T07:17:02+00:00\",\"dateModified\":\"2024-11-16T07:17:03+00:00\",\"description\":\"The graphite block of heat exchanger is a key component specially used in heat exchanger, which exists in the form of solid block.\",\"breadcrumb\":{\"@id\":\"https:\/\/jinsuncarbon.com\/product\/heat-exchanger-graphite-block\/#breadcrumb\"},\"inLanguage\":\"de\",\"potentialAction\":[{\"@type\":\"ReadAction\",\"target\":[\"https:\/\/jinsuncarbon.com\/product\/heat-exchanger-graphite-block\/\"]}]},{\"@type\":\"ImageObject\",\"inLanguage\":\"de\",\"@id\":\"https:\/\/jinsuncarbon.com\/product\/heat-exchanger-graphite-block\/#primaryimage\",\"url\":\"https:\/\/jinsuncarbon.com\/wp-content\/uploads\/2024\/11\/Heat-exchanger-graphite-block.jpg\",\"contentUrl\":\"https:\/\/jinsuncarbon.com\/wp-content\/uploads\/2024\/11\/Heat-exchanger-graphite-block.jpg\",\"width\":1024,\"height\":763,\"caption\":\"Heat exchanger graphite block\"},{\"@type\":\"BreadcrumbList\",\"@id\":\"https:\/\/jinsuncarbon.com\/product\/heat-exchanger-graphite-block\/#breadcrumb\",\"itemListElement\":[{\"@type\":\"ListItem\",\"position\":1,\"name\":\"Home\",\"item\":\"https:\/\/jinsuncarbon.com\/\"},{\"@type\":\"ListItem\",\"position\":2,\"name\":\"Products\",\"item\":\"https:\/\/jinsuncarbon.com\/graphite-carbon\/\"},{\"@type\":\"ListItem\",\"position\":3,\"name\":\"Heat Exchanger Graphite Block\"}]},{\"@type\":\"WebSite\",\"@id\":\"https:\/\/jinsuncarbon.com\/#website\",\"url\":\"https:\/\/jinsuncarbon.com\/\",\"name\":\"Jinsun Carbon\",\"description\":\"We are the successful graphite electrode manufacturer in China\",\"publisher\":{\"@id\":\"https:\/\/jinsuncarbon.com\/#organization\"},\"potentialAction\":[{\"@type\":\"SearchAction\",\"target\":{\"@type\":\"EntryPoint\",\"urlTemplate\":\"https:\/\/jinsuncarbon.com\/?s={search_term_string}\"},\"query-input\":{\"@type\":\"PropertyValueSpecification\",\"valueRequired\":true,\"valueName\":\"search_term_string\"}}],\"inLanguage\":\"de\"},{\"@type\":\"Organization\",\"@id\":\"https:\/\/jinsuncarbon.com\/#organization\",\"name\":\"Jinsun Carbon\",\"alternateName\":\"Jinsun Carbon\",\"url\":\"https:\/\/jinsuncarbon.com\/\",\"logo\":{\"@type\":\"ImageObject\",\"inLanguage\":\"de\",\"@id\":\"https:\/\/jinsuncarbon.com\/#\/schema\/logo\/image\/\",\"url\":\"https:\/\/jinsuncarbon.com\/wp-content\/uploads\/2022\/12\/LOGO-1.png\",\"contentUrl\":\"https:\/\/jinsuncarbon.com\/wp-content\/uploads\/2022\/12\/LOGO-1.png\",\"width\":207,\"height\":80,\"caption\":\"Jinsun Carbon\"},\"image\":{\"@id\":\"https:\/\/jinsuncarbon.com\/#\/schema\/logo\/image\/\"},\"sameAs\":[\"https:\/\/www.facebook.com\/Graphite-Electrode-109336238661595\",\"https:\/\/x.com\/jinsuncarbon_\",\"https:\/\/www.linkedin.com\/in\/jinsungraphite\",\"https:\/\/www.youtube.com\/channel\/UCysDNyvyR5-3cCWEmpkVC0g\"]}]}<\/script>\n<!-- \/ Yoast SEO Premium plugin. -->","yoast_head_json":{"title":"W\u00e4rmetauscher Graphitblock Hersteller | Jinsun Carbon","description":"Der Graphitblock des W\u00e4rmetauschers ist eine Schl\u00fcsselkomponente, die speziell in W\u00e4rmetauschern verwendet wird und in Form eines festen Blocks vorliegt.","robots":{"index":"index","follow":"follow","max-snippet":"max-snippet:-1","max-image-preview":"max-image-preview:large","max-video-preview":"max-video-preview:-1"},"canonical":"https:\/\/jinsuncarbon.com\/de\/produkt\/warmetauscher-graphitblock\/","og_locale":"de_DE","og_type":"article","og_title":"Heat Exchanger Graphite Block","og_description":"The graphite block of heat exchanger is a key component specially used in heat exchanger, which exists in the form of solid block.","og_url":"https:\/\/jinsuncarbon.com\/de\/produkt\/warmetauscher-graphitblock\/","og_site_name":"Jinsun Carbon","article_publisher":"https:\/\/www.facebook.com\/Graphite-Electrode-109336238661595","article_modified_time":"2024-11-16T07:17:03+00:00","og_image":[{"width":1024,"height":763,"url":"https:\/\/jinsuncarbon.com\/wp-content\/uploads\/2024\/11\/Heat-exchanger-graphite-block.jpg","type":"image\/jpeg"}],"twitter_card":"summary_large_image","twitter_site":"@jinsuncarbon_","twitter_misc":{"Gesch\u00e4tzte Lesezeit":"3\u00a0Minuten"},"schema":{"@context":"https:\/\/schema.org","@graph":[{"@type":"WebPage","@id":"https:\/\/jinsuncarbon.com\/product\/heat-exchanger-graphite-block\/","url":"https:\/\/jinsuncarbon.com\/product\/heat-exchanger-graphite-block\/","name":"W\u00e4rmetauscher Graphitblock Hersteller | Jinsun Carbon","isPartOf":{"@id":"https:\/\/jinsuncarbon.com\/#website"},"primaryImageOfPage":{"@id":"https:\/\/jinsuncarbon.com\/product\/heat-exchanger-graphite-block\/#primaryimage"},"image":{"@id":"https:\/\/jinsuncarbon.com\/product\/heat-exchanger-graphite-block\/#primaryimage"},"thumbnailUrl":"https:\/\/jinsuncarbon.com\/wp-content\/uploads\/2024\/11\/Heat-exchanger-graphite-block.jpg","datePublished":"2024-11-16T07:17:02+00:00","dateModified":"2024-11-16T07:17:03+00:00","description":"Der Graphitblock des W\u00e4rmetauschers ist eine Schl\u00fcsselkomponente, die speziell in W\u00e4rmetauschern verwendet wird und in Form eines festen Blocks vorliegt.","breadcrumb":{"@id":"https:\/\/jinsuncarbon.com\/product\/heat-exchanger-graphite-block\/#breadcrumb"},"inLanguage":"de","potentialAction":[{"@type":"ReadAction","target":["https:\/\/jinsuncarbon.com\/product\/heat-exchanger-graphite-block\/"]}]},{"@type":"ImageObject","inLanguage":"de","@id":"https:\/\/jinsuncarbon.com\/product\/heat-exchanger-graphite-block\/#primaryimage","url":"https:\/\/jinsuncarbon.com\/wp-content\/uploads\/2024\/11\/Heat-exchanger-graphite-block.jpg","contentUrl":"https:\/\/jinsuncarbon.com\/wp-content\/uploads\/2024\/11\/Heat-exchanger-graphite-block.jpg","width":1024,"height":763,"caption":"Heat exchanger graphite block"},{"@type":"BreadcrumbList","@id":"https:\/\/jinsuncarbon.com\/product\/heat-exchanger-graphite-block\/#breadcrumb","itemListElement":[{"@type":"ListItem","position":1,"name":"Home","item":"https:\/\/jinsuncarbon.com\/"},{"@type":"ListItem","position":2,"name":"Products","item":"https:\/\/jinsuncarbon.com\/graphite-carbon\/"},{"@type":"ListItem","position":3,"name":"Heat Exchanger Graphite Block"}]},{"@type":"WebSite","@id":"https:\/\/jinsuncarbon.com\/#website","url":"https:\/\/jinsuncarbon.com\/","name":"Jinsun Kohlenstoff","description":"Wir sind der erfolgreiche Hersteller von Graphitelektroden in China","publisher":{"@id":"https:\/\/jinsuncarbon.com\/#organization"},"potentialAction":[{"@type":"SearchAction","target":{"@type":"EntryPoint","urlTemplate":"https:\/\/jinsuncarbon.com\/?s={search_term_string}"},"query-input":{"@type":"PropertyValueSpecification","valueRequired":true,"valueName":"search_term_string"}}],"inLanguage":"de"},{"@type":"Organization","@id":"https:\/\/jinsuncarbon.com\/#organization","name":"Jinsun Kohlenstoff","alternateName":"Jinsun Carbon","url":"https:\/\/jinsuncarbon.com\/","logo":{"@type":"ImageObject","inLanguage":"de","@id":"https:\/\/jinsuncarbon.com\/#\/schema\/logo\/image\/","url":"https:\/\/jinsuncarbon.com\/wp-content\/uploads\/2022\/12\/LOGO-1.png","contentUrl":"https:\/\/jinsuncarbon.com\/wp-content\/uploads\/2022\/12\/LOGO-1.png","width":207,"height":80,"caption":"Jinsun Carbon"},"image":{"@id":"https:\/\/jinsuncarbon.com\/#\/schema\/logo\/image\/"},"sameAs":["https:\/\/www.facebook.com\/Graphite-Electrode-109336238661595","https:\/\/x.com\/jinsuncarbon_","https:\/\/www.linkedin.com\/in\/jinsungraphite","https:\/\/www.youtube.com\/channel\/UCysDNyvyR5-3cCWEmpkVC0g"]}]}},"_links":{"self":[{"href":"https:\/\/jinsuncarbon.com\/de\/wp-json\/wp\/v2\/product\/6640","targetHints":{"allow":["GET"]}}],"collection":[{"href":"https:\/\/jinsuncarbon.com\/de\/wp-json\/wp\/v2\/product"}],"about":[{"href":"https:\/\/jinsuncarbon.com\/de\/wp-json\/wp\/v2\/types\/product"}],"wp:featuredmedia":[{"embeddable":true,"href":"https:\/\/jinsuncarbon.com\/de\/wp-json\/wp\/v2\/media\/6641"}],"wp:attachment":[{"href":"https:\/\/jinsuncarbon.com\/de\/wp-json\/wp\/v2\/media?parent=6640"}],"wp:term":[{"taxonomy":"product_brand","embeddable":true,"href":"https:\/\/jinsuncarbon.com\/de\/wp-json\/wp\/v2\/product_brand?post=6640"},{"taxonomy":"product_cat","embeddable":true,"href":"https:\/\/jinsuncarbon.com\/de\/wp-json\/wp\/v2\/product_cat?post=6640"},{"taxonomy":"product_tag","embeddable":true,"href":"https:\/\/jinsuncarbon.com\/de\/wp-json\/wp\/v2\/product_tag?post=6640"}],"curies":[{"name":"wp","href":"https:\/\/api.w.org\/{rel}","templated":true}]}}