{"id":6628,"date":"2024-11-16T02:07:42","date_gmt":"2024-11-16T02:07:42","guid":{"rendered":"https:\/\/jinsuncarbon.com\/?post_type=product&#038;p=6628"},"modified":"2024-12-14T14:43:29","modified_gmt":"2024-12-14T14:43:29","slug":"hochofenkoks","status":"publish","type":"product","link":"https:\/\/jinsuncarbon.com\/de\/produkt\/hochofenkoks\/","title":{"rendered":"H\u00fcttenkoks"},"content":{"rendered":"<h2>Was ist H\u00fcttenkoks?<\/h2>\n<p>H\u00fcttenkoks ist ein unverzichtbarer Rohstoff f\u00fcr die Eisen- und Stahlerzeugung und f\u00fcr den Prozess der Eisenerzeugung im Hochofen unerl\u00e4sslich. In einer sauerstoffarmen Umgebung wird Kohle auf 900-1100 \u00b0C erhitzt und anschlie\u00dfend trocken destilliert, um sie zu erzeugen (einschlie\u00dflich Koksgrus). Bei dieser hohen Temperatur setzt die Kohle fl\u00fcchtige Stoffe und Feuchtigkeit frei, und der verbleibende feste Teil wird in eine por\u00f6se <a href=\"https:\/\/jinsuncarbon.com\/de\/kohlenstoffmaterialien\/\">Kohlenstoffmaterial<\/a> Koks genannt. Koks ist nicht nur die Grundlage der Eisenerzeugung, sondern auch eine wichtige Antriebskraft f\u00fcr den gesamten Prozess der Eisenerzeugung.<\/p>\n<h2>Verfahren zur Herstellung von Met-Koks<\/h2>\n<h3>Das Prinzip der Koksherstellung<\/h3>\n<p>Im Hochofen liefert Koks eine Kohlenstoffquelle f\u00fcr die Reduktionsreaktion des Eisenerzes und unterst\u00fctzt die Struktur des Ofens, um ihn stabil zu halten. Koks reagiert mit Luftsauerstoff zu Kohlenmonoxid, das mit dem Eisenoxid im Eisenerz zu metallischem Eisen reduziert und Kohlendioxid freisetzt.<\/p>\n<p>Koks dient nicht nur als Reduktionsmittel, sondern seine starke Struktur st\u00fctzt auch Eisenerz und Kalkstein und sorgt daf\u00fcr, dass alles im Ofen normal funktioniert. Die por\u00f6se Struktur des Koks erleichtert das Eindringen des Gasstroms und erh\u00f6ht die Effizienz der Reaktion. Die feink\u00f6rnige Struktur des Koks (ca. 1,5 Mikrometer) optimiert die Reaktionsumgebung im Hochofen und macht die Reduktionsreaktion effizienter.<\/p>\n<h3>Produktionsschritte<\/h3>\n<p>Die Koksproduktion erfolgt in der Regel in spezialisierten Koks\u00f6fen. Die Konstruktionsteams bauen die Koks\u00f6fen in der Regel bis zu einer H\u00f6he von 6 Metern, einer Tiefe von 15 Metern und einer Breite von 0,5 Metern und stapeln mehrere Einheiten zu einem gro\u00df angelegten Produktionssystem. Die Koksladung aus Kohle wird im Inneren des Koksofens durch Beheizung der W\u00e4nde auf etwa 1000 \u00b0C erhitzt.<\/p>\n<p>W\u00e4hrend dieses Prozesses werden fl\u00fcchtige Stoffe in der Kohle, wie Gase und Teer, freigesetzt und zur Umwandlung in Koks zur\u00fcckgef\u00fchrt. Jeder Koksofen kann 15 bis 30 Tonnen Kohle verarbeiten, die sich in einem Verkohlungsprozess von etwa 18 Stunden allm\u00e4hlich bilden.<\/p>\n<p>Fl\u00fcchtige Stoffe werden als Nebenprodukte zur\u00fcckgewonnen und h\u00e4ufig f\u00fcr die Herstellung von D\u00fcngemitteln oder Chemikalien verwendet, so dass die Koksproduktion \u00fcber den Bedarf der Eisenerzeugung hinausgeht und die effiziente Nutzung von Ressourcen gef\u00f6rdert wird.<\/p>\n<h3>Wichtige Prozessparameter<\/h3>\n<p>Mehrere Prozessparameter wirken sich auf die Qualit\u00e4t und Produktivit\u00e4t von Koks aus. Erstens ist die Festigkeit des Koks entscheidend; er muss stark genug sein, um die Eisenerzladung im Hochofen zu tragen. Zweitens muss die Reaktivit\u00e4t des Koks kontrolliert werden, um sicherzustellen, dass er die Eisenoxide effizient reduzieren kann. Des Weiteren ist die Porenstruktur des Koks ebenso entscheidend; er muss eine gute Luftdurchl\u00e4ssigkeit aufweisen, damit die Reduktionsreaktion reibungslos abl\u00e4uft.<\/p>\n<p>Die feink\u00f6rnige Mosaikstruktur des Koks ist ein wichtiger Qualit\u00e4tsindikator, der die Reaktivit\u00e4t des Koks verbessert und die Geschwindigkeit der Reduktionsreaktion f\u00f6rdert. Daher m\u00fcssen die Betreiber w\u00e4hrend der Produktion Parameter wie Kohle-Koks-Verh\u00e4ltnis, Heiztemperatur des Koksofens und Verkokungszeit streng kontrollieren. Diese Faktoren wirken sich direkt auf die Endqualit\u00e4t und die Produktionseffizienz von Koks aus. Diese Faktoren wirken sich direkt auf die Endqualit\u00e4t und die Produktionseffizienz von Koks aus.<\/p>\n<p><img fetchpriority=\"high\" decoding=\"async\" class=\"wp-image-6716 size-full aligncenter\" src=\"https:\/\/jinsuncarbon.com\/wp-content\/uploads\/2024\/11\/Metallurgical-coke-manufacturing.jpg\" alt=\"Herstellung von H\u00fcttenkoks\" width=\"750\" height=\"500\" srcset=\"https:\/\/jinsuncarbon.com\/wp-content\/uploads\/2024\/11\/Metallurgical-coke-manufacturing.jpg 750w, https:\/\/jinsuncarbon.com\/wp-content\/uploads\/2024\/11\/Metallurgical-coke-manufacturing-300x200.jpg 300w, https:\/\/jinsuncarbon.com\/wp-content\/uploads\/2024\/11\/Metallurgical-coke-manufacturing-18x12.jpg 18w, https:\/\/jinsuncarbon.com\/wp-content\/uploads\/2024\/11\/Metallurgical-coke-manufacturing-600x400.jpg 600w\" sizes=\"(max-width: 750px) 100vw, 750px\" \/><\/p>\n<p>&nbsp;<\/p>\n<h2>Eigenschaften von H\u00fcttenkoks<\/h2>\n<h3>Physikalische Eigenschaften<\/h3>\n<p>H\u00fcttenkoks muss Zerkleinerung und Abrieb standhalten, um im Hochofen stabil zu funktionieren. Seine Porenstruktur hat auch einen gro\u00dfen Einfluss auf den Gasstrom, damit die Reaktion reibungslos ablaufen kann. Die W\u00e4rmeleitf\u00e4higkeit, die Dichte, die fl\u00fcchtigen Bestandteile und die Feuchtigkeit des Kokses beeinflussen ebenfalls seine Leistung.<\/p>\n<h3>Chemische Eigenschaften<\/h3>\n<p>Die Hauptzusammensetzung von H\u00fcttenkoks besteht aus Kohlenstoff, Wasserstoff, Sauerstoff, Stickstoff und Schwefel, und das Verh\u00e4ltnis dieser Elemente bestimmt direkt seine Leistung. Die \u00fcblichen Verbrennungsmethoden zur Messung des Kohlenstoff- und Wasserstoffgehalts sind Hochtemperatur, Umwandlung von Kohlenstoff in Kohlendioxid, von Wasserstoff in Wasserdampf und von Gas durch Absorption. Anschlie\u00dfend wird die Gewichtszunahme berechnet, um das Verh\u00e4ltnis zu ermitteln. Der Stickstoffgehalt wird im Allgemeinen durch Umwandlung in Ammoniak analysiert, w\u00e4hrend der Schwefelgehalt durch Hochtemperaturverbrennung gemessen wird. Mit der einfachen Differenzmethode, bei der 100% von den Gehalten der anderen Elemente abgezogen wird, wird der Sauerstoffgehalt hochgerechnet.<\/p>\n<p>&nbsp;<\/p>\n<h2>Anwendung und Leistungsanforderungen von Met-Koks<\/h2>\n<h3>Verwendung von H\u00fcttenkoks in der Eisen- und Stahlindustrie<\/h3>\n<p>H\u00fcttenkoks ist f\u00fcr die Eisenerzeugung im Hochofen unverzichtbar, da er eine Kohlenstoffquelle f\u00fcr Eisenerz darstellt. In dem Ma\u00dfe, wie die Nachfrage nach Eisen und Stahl steigt, w\u00e4chst auch der Bedarf an H\u00fcttenkoks. Er liefert eine Kohlenstoffquelle als Reduktionsmittel und hilft dem Gasstrom, durch seine Porenstruktur zu dringen, damit die Reaktion im Hochofen effizient ablaufen kann.<\/p>\n<p>Die Herstellung von H\u00fcttenkoks ist jedoch auch mit Umweltproblemen verbunden. Bei der Herstellung von 1.000 Tonnen Koks fallen 1.000 Kubikmeter hochgef\u00e4hrliche Abw\u00e4sser an. Dadurch werden gro\u00dfe Mengen an Wasserressourcen verbraucht, eine Herausforderung, der sich die Stahlindustrie nun stellen muss.<\/p>\n<h3>Leistungsanforderungen<\/h3>\n<h4>Mechanische Festigkeit von Koks<\/h4>\n<p>Die Herstellung von H\u00fcttenkoks erfordert bestimmte chemische und physikalische Eigenschaften. Zu diesen Eigenschaften geh\u00f6ren die mechanische Festigkeit, die Porenstruktur, die Dichte und die W\u00e4rmeleitf\u00e4higkeit des Kokses. Bei der mechanischen Festigkeit liegt der Schwerpunkt auf der Druckfestigkeit, der Bruchfestigkeit und der Abriebfestigkeit des Kokses. Diese Eigenschaften sind von entscheidender Bedeutung, da die F\u00e4higkeit des Koks, Belastungen und Reibung standzuhalten, verhindert, dass er bei hohem Druck zerdr\u00fcckt wird.<\/p>\n<h4>Porenstruktur und Durchl\u00e4ssigkeit<\/h4>\n<p>Koks hat eine gute Porenstruktur, wie z. B. seine Porosit\u00e4t und die richtige Verteilung der Porendurchmesser, die einen wesentlichen Einfluss auf die Durchl\u00e4ssigkeit des Gasstroms haben und die Effizienz der Hochofenreaktion verbessern. Ein wesentlicher Faktor, der sich auf die Porenstruktur auswirkt, h\u00e4ngt mit der Dichte des Koks zusammen.<\/p>\n<h4>Dichte und ihr Einfluss auf die Festigkeit<\/h4>\n<p>Die kritischen Faktoren, die sich auf die Porenstruktur auswirken, h\u00e4ngen mit der Dichte des Koks zusammen, denn die Dichte spiegelt die Dichtheit der Porenstruktur des Koks wider. Ein tieferes Verst\u00e4ndnis der Dichte wirkt sich auch auf die mechanische Festigkeit von Koks aus. Je h\u00f6her die Dichte von H\u00fcttenkoks ist, desto besser ist seine mechanische Festigkeit.<\/p>\n<h4>W\u00e4rmeleitf\u00e4higkeit<\/h4>\n<p>Schlie\u00dflich wirkt sich auch die W\u00e4rmeleitf\u00e4higkeit in den physikalischen Eigenschaften auf die gleichm\u00e4\u00dfige Verteilung der Hochofentemperatur aus, und die W\u00e4rmeleitf\u00e4higkeit von Koks beeinflusst die W\u00e4rmeleitf\u00e4higkeit des Hochofens.<\/p>\n<h4>Chemische Eigenschaften und Reaktivit\u00e4t<\/h4>\n<p>Die Anforderungen an die chemischen Eigenschaften beziehen sich haupts\u00e4chlich auf den Kohlenstoff-, Wasserstoff-, Sauerstoff-, Stickstoff- und Schwefelgehalt von Koks. So wird beispielsweise der hohe Kohlenstoffgehalt des Koks, der seine F\u00e4higkeit zur Reduktionsreaktion bei der Eisenerzeugung beeintr\u00e4chtigt, durch das Verfahren erheblich reduziert. Auch der Schwefelgehalt wird streng kontrolliert, da ein hoher Schwefelgehalt den Eisenherstellungsprozess beeintr\u00e4chtigt und die Reaktivit\u00e4t des Koks verringert. Die Betreiber m\u00fcssen sicherstellen, dass der hohe Gehalt an diesen chemischen Elementen den Eisenherstellungsprozess nicht beeintr\u00e4chtigt, und sie m\u00fcssen auf sch\u00e4dliche Elemente im Koks wie Phosphor und Vanadium achten. Durch die Kontrolle ihres Gehalts k\u00f6nnen die Techniker eine Verringerung der Koksreaktivit\u00e4t verhindern.<\/p>\n<p>&nbsp;<\/p>\n<h2>Verglichen mit anderen Koks<\/h2>\n<h3>Gie\u00dfereikoks und H\u00fcttenkoks<\/h3>\n<p>H\u00fcttenkoks und Gie\u00dfereikoks geh\u00f6ren zu der Kategorie Koks, einem festen Brennstoff. 90% des H\u00fcttenkoks wird jedoch haupts\u00e4chlich in Hoch\u00f6fen zur Eisenerzeugung verwendet, die als Hochofenkoks bezeichnet werden. Gie\u00dfereikoks, der ausdr\u00fccklich in Schmelz\u00f6fen f\u00fcr Eisen verwendet wird, ist der prim\u00e4re Brennstoff f\u00fcr diesen Prozess.<\/p>\n<h3>Unterschied zwischen Gie\u00dfereikoks und H\u00fcttenkoks<\/h3>\n<p>Die Reaktionsgeschwindigkeit, Porosit\u00e4t, mechanische Festigkeit und andere Eigenschaften des Koks spiegeln die Unterschiede wider. Beispielsweise hat H\u00fcttenkoks, der im Hochofen verwendet wird, eine h\u00f6here Reaktionsgeschwindigkeit, um den Reduktionsprozess im Hochofen zu unterst\u00fctzen. Gie\u00dfereikoks hingegen ben\u00f6tigt W\u00e4rme, so dass die Reaktionsgeschwindigkeit von Koks geringer ist. H\u00fcttenkoks hat eine gro\u00dfe Porosit\u00e4t (35%-50%).<\/p>\n<p>Gie\u00dfereikoks muss eine bessere W\u00e4rme\u00fcbertragungsleistung erbringen und ben\u00f6tigt eine geringere Porosit\u00e4t, damit der Koks kompakter wird. Dar\u00fcber hinaus ben\u00f6tigt Met-Koks eine h\u00f6here mechanische Festigkeit. Gie\u00dfereikoks ben\u00f6tigt eine h\u00f6here Pseudodichte, um den Heizwert und die Hochtemperaturbest\u00e4ndigkeit zu erh\u00f6hen.<\/p>\n<h3>Gemeinsame Merkmale von Gie\u00dfereikoks und H\u00fcttenkoks<\/h3>\n<p>H\u00fctten- und Gie\u00dfereikoks unterscheiden sich erheblich in ihren Produktions- und Leistungsanforderungen. Dennoch gelten f\u00fcr sie die gleichen Normen f\u00fcr die Kontrolle des Asche- und Schwefelgehalts.<\/p>\n<p>&nbsp;<\/p>\n<h2>H\u00fcttenkoks vs. Petrolkoks<\/h2>\n<h3>Einf\u00fchrung von Petrolkoks<\/h3>\n<p>Petrolkoks ist ein brennbares festes Produkt, das sich von H\u00fcttenkoks in Zusammensetzung, physikalischen Eigenschaften und Anwendungsbereichen unterscheidet.<\/p>\n<h3>Zusammensetzung Unterschiede zwischen H\u00fcttenkoks und Petrolkoks<\/h3>\n<p>Der Hauptbestandteil von H\u00fcttenkoks ist Kohlenstoff, der einen gewissen Anteil an fl\u00fcchtigen Bestandteilen, Asche (10%) und Schwefel enth\u00e4lt. <a href=\"https:\/\/en.wikipedia.org\/wiki\/Carbon#:~:text=Carbon%20(from%20Latin%20carbo%20'coal,14%20of%20the%20periodic%20table.\" target=\"_blank\" rel=\"noopener\">Kohlenstoff<\/a> ist der Hauptbestandteil von Petrolkoks mit einem niedrigen Aschegehalt (5%), der sich aus der Entfernung vieler Magazine aus den Rohstoffen nach der Verkokung ergibt.<\/p>\n<h3>Physikalische Eigenschaften Unterschied zwischen H\u00fcttenkoks und Petrolkoks<\/h3>\n<p>Physikalisch hat H\u00fcttenkoks eine hohe mechanische Festigkeit und eine gro\u00dfe Porosit\u00e4t (35%-50%). Petrolkoks hat eine dichte Partikelstruktur und Wabenstruktur, eine gro\u00dfe Porosit\u00e4t und eine ovale Form.<\/p>\n<h3>Anwendung und Verwendung von H\u00fcttenkoks im Vergleich zu Petrolkoks<\/h3>\n<p>H\u00fcttenkoks wird haupts\u00e4chlich verwendet in <a href=\"https:\/\/en.wikipedia.org\/wiki\/Blast_furnace\" target=\"_blank\" rel=\"noopener\">Gebl\u00e4seofen<\/a> und Konverterverfahren f\u00fcr die praktische Anwendung. Es ist auch ein wesentlicher Rohstoff f\u00fcr die Eisen- und Stahlindustrie, dessen Hauptaufgabe in der Teilnahme an metallurgischen Reaktionen zur Erzeugung von geschmolzenem Eisen besteht.<\/p>\n<p>Petrolkoks wird in erster Linie f\u00fcr die Herstellung von <a href=\"https:\/\/jinsuncarbon.com\/de\/produkt\/hp-graphitelektrode\/\">Graphitelektroden<\/a>Es wird auch h\u00e4ufig in der Eisenerzeugung im Lichtbogenofen verwendet, wo es hochleitf\u00e4hige Graphitmaterialien erzeugt.<\/p>\n<p>&nbsp;<\/p>\n<h2>Preis f\u00fcr H\u00fcttenkoks<\/h2>\n<h3>Marktpreis<\/h3>\n<p>Der Gesamtmarktpreis ist in letzter Zeit stabil geblieben. Derzeit liegt der Preis f\u00fcr H\u00fcttenkoks bei US$280\/Tonne und der Preis f\u00fcr aschearmen H\u00fcttenkoks bei US$295\/Tonne.<\/p>\n<h3>Preisschwankung<\/h3>\n<p>Die Preise f\u00fcr H\u00fcttenkoks und Kokskohle stehen kurzfristig weiterhin unter Abw\u00e4rtsdruck, da das Angebot an H\u00fcttenkoks und Kokskohle die Nachfrage \u00fcbersteigt und ein stetiger Abw\u00e4rtstrend erwartet wird.<\/p>\n<p>&nbsp;<\/p>","protected":false},"excerpt":{"rendered":"<p>H\u00fcttenkoks wird haupts\u00e4chlich f\u00fcr die Eisenerzeugung im Hochofen und die Verh\u00fcttung von Nichteisenmetallen verwendet. Auch als Reduktionsmittel ist er ein Heizmittel.<\/p>\n<ul>\n<li>Spezifikation f\u00fcr H\u00fcttenkoks: (HS-Code:27040010)<\/li>\n<li>Fester Kohlenstoff (%) 98,5<\/li>\n<li>Schwefel(%) 0,3<\/li>\n<li>Aschegehalt (%) 0,5<\/li>\n<li>Phosphorgehalt: 1.5<\/li>\n<li>Feuchte (%) 7<\/li>\n<\/ul>","protected":false},"featured_media":6629,"template":"","meta":[],"product_brand":[],"product_cat":[40],"product_tag":[],"class_list":{"0":"post-6628","1":"product","2":"type-product","3":"status-publish","4":"has-post-thumbnail","6":"product_cat-petroleum-coke","8":"first","9":"instock","10":"shipping-taxable","11":"product-type-simple"},"yoast_head":"<!-- This site is optimized with the Yoast SEO Premium plugin v19.2.1 (Yoast SEO v25.3) - https:\/\/yoast.com\/wordpress\/plugins\/seo\/ -->\n<title>Manufacture of Metallurgical Coke in China | Jinsun Carbon<\/title>\n<meta name=\"description\" content=\"Metallurgical coke is an indispensable raw material in iron and steel production and is vital to the blast furnace ironmaking process.\" \/>\n<meta name=\"robots\" content=\"index, follow, max-snippet:-1, max-image-preview:large, max-video-preview:-1\" \/>\n<link rel=\"canonical\" href=\"https:\/\/jinsuncarbon.com\/de\/produkt\/hochofenkoks\/\" \/>\n<meta property=\"og:locale\" content=\"de_DE\" \/>\n<meta property=\"og:type\" content=\"article\" \/>\n<meta property=\"og:title\" content=\"Metallurgical Coke\" \/>\n<meta property=\"og:description\" content=\"Metallurgical coke is an indispensable raw material in iron and steel production and is vital to the blast furnace ironmaking process.\" \/>\n<meta property=\"og:url\" content=\"https:\/\/jinsuncarbon.com\/de\/produkt\/hochofenkoks\/\" \/>\n<meta property=\"og:site_name\" content=\"Jinsun Carbon\" \/>\n<meta property=\"article:publisher\" content=\"https:\/\/www.facebook.com\/Graphite-Electrode-109336238661595\" \/>\n<meta property=\"article:modified_time\" content=\"2024-12-14T14:43:29+00:00\" \/>\n<meta property=\"og:image\" content=\"https:\/\/jinsuncarbon.com\/wp-content\/uploads\/2024\/11\/Metallurgical-coke.jpg\" \/>\n\t<meta property=\"og:image:width\" content=\"1024\" \/>\n\t<meta property=\"og:image:height\" content=\"763\" \/>\n\t<meta property=\"og:image:type\" content=\"image\/jpeg\" \/>\n<meta name=\"twitter:card\" content=\"summary_large_image\" \/>\n<meta name=\"twitter:site\" content=\"@jinsuncarbon_\" \/>\n<meta name=\"twitter:label1\" content=\"Gesch\u00e4tzte Lesezeit\" \/>\n\t<meta name=\"twitter:data1\" content=\"8\u00a0Minuten\" \/>\n<script type=\"application\/ld+json\" class=\"yoast-schema-graph\">{\"@context\":\"https:\/\/schema.org\",\"@graph\":[{\"@type\":\"WebPage\",\"@id\":\"https:\/\/jinsuncarbon.com\/product\/metallurgical-coke\/\",\"url\":\"https:\/\/jinsuncarbon.com\/product\/metallurgical-coke\/\",\"name\":\"Manufacture of Metallurgical Coke in China | Jinsun Carbon\",\"isPartOf\":{\"@id\":\"https:\/\/jinsuncarbon.com\/#website\"},\"primaryImageOfPage\":{\"@id\":\"https:\/\/jinsuncarbon.com\/product\/metallurgical-coke\/#primaryimage\"},\"image\":{\"@id\":\"https:\/\/jinsuncarbon.com\/product\/metallurgical-coke\/#primaryimage\"},\"thumbnailUrl\":\"https:\/\/jinsuncarbon.com\/wp-content\/uploads\/2024\/11\/Metallurgical-coke.jpg\",\"datePublished\":\"2024-11-16T02:07:42+00:00\",\"dateModified\":\"2024-12-14T14:43:29+00:00\",\"description\":\"Metallurgical coke is an indispensable raw material in iron and steel production and is vital to the blast furnace ironmaking process.\",\"breadcrumb\":{\"@id\":\"https:\/\/jinsuncarbon.com\/product\/metallurgical-coke\/#breadcrumb\"},\"inLanguage\":\"de\",\"potentialAction\":[{\"@type\":\"ReadAction\",\"target\":[\"https:\/\/jinsuncarbon.com\/product\/metallurgical-coke\/\"]}]},{\"@type\":\"ImageObject\",\"inLanguage\":\"de\",\"@id\":\"https:\/\/jinsuncarbon.com\/product\/metallurgical-coke\/#primaryimage\",\"url\":\"https:\/\/jinsuncarbon.com\/wp-content\/uploads\/2024\/11\/Metallurgical-coke.jpg\",\"contentUrl\":\"https:\/\/jinsuncarbon.com\/wp-content\/uploads\/2024\/11\/Metallurgical-coke.jpg\",\"width\":1024,\"height\":763,\"caption\":\"Metallurgical coke-Met Coke\"},{\"@type\":\"BreadcrumbList\",\"@id\":\"https:\/\/jinsuncarbon.com\/product\/metallurgical-coke\/#breadcrumb\",\"itemListElement\":[{\"@type\":\"ListItem\",\"position\":1,\"name\":\"Home\",\"item\":\"https:\/\/jinsuncarbon.com\/\"},{\"@type\":\"ListItem\",\"position\":2,\"name\":\"Products\",\"item\":\"https:\/\/jinsuncarbon.com\/graphite-carbon\/\"},{\"@type\":\"ListItem\",\"position\":3,\"name\":\"Metallurgical Coke\"}]},{\"@type\":\"WebSite\",\"@id\":\"https:\/\/jinsuncarbon.com\/#website\",\"url\":\"https:\/\/jinsuncarbon.com\/\",\"name\":\"Jinsun Carbon\",\"description\":\"We are the successful graphite electrode manufacturer in China\",\"publisher\":{\"@id\":\"https:\/\/jinsuncarbon.com\/#organization\"},\"potentialAction\":[{\"@type\":\"SearchAction\",\"target\":{\"@type\":\"EntryPoint\",\"urlTemplate\":\"https:\/\/jinsuncarbon.com\/?s={search_term_string}\"},\"query-input\":{\"@type\":\"PropertyValueSpecification\",\"valueRequired\":true,\"valueName\":\"search_term_string\"}}],\"inLanguage\":\"de\"},{\"@type\":\"Organization\",\"@id\":\"https:\/\/jinsuncarbon.com\/#organization\",\"name\":\"Jinsun Carbon\",\"alternateName\":\"Jinsun Carbon\",\"url\":\"https:\/\/jinsuncarbon.com\/\",\"logo\":{\"@type\":\"ImageObject\",\"inLanguage\":\"de\",\"@id\":\"https:\/\/jinsuncarbon.com\/#\/schema\/logo\/image\/\",\"url\":\"https:\/\/jinsuncarbon.com\/wp-content\/uploads\/2022\/12\/LOGO-1.png\",\"contentUrl\":\"https:\/\/jinsuncarbon.com\/wp-content\/uploads\/2022\/12\/LOGO-1.png\",\"width\":207,\"height\":80,\"caption\":\"Jinsun Carbon\"},\"image\":{\"@id\":\"https:\/\/jinsuncarbon.com\/#\/schema\/logo\/image\/\"},\"sameAs\":[\"https:\/\/www.facebook.com\/Graphite-Electrode-109336238661595\",\"https:\/\/x.com\/jinsuncarbon_\",\"https:\/\/www.linkedin.com\/in\/jinsungraphite\",\"https:\/\/www.youtube.com\/channel\/UCysDNyvyR5-3cCWEmpkVC0g\"]}]}<\/script>\n<!-- \/ Yoast SEO Premium plugin. -->","yoast_head_json":{"title":"Herstellung von H\u00fcttenkoks in China | Jinsun Carbon","description":"H\u00fcttenkoks ist ein unverzichtbarer Rohstoff f\u00fcr die Eisen- und Stahlerzeugung und f\u00fcr den Prozess der Hochofenverh\u00fcttung unerl\u00e4sslich.","robots":{"index":"index","follow":"follow","max-snippet":"max-snippet:-1","max-image-preview":"max-image-preview:large","max-video-preview":"max-video-preview:-1"},"canonical":"https:\/\/jinsuncarbon.com\/de\/produkt\/hochofenkoks\/","og_locale":"de_DE","og_type":"article","og_title":"Metallurgical Coke","og_description":"Metallurgical coke is an indispensable raw material in iron and steel production and is vital to the blast furnace ironmaking process.","og_url":"https:\/\/jinsuncarbon.com\/de\/produkt\/hochofenkoks\/","og_site_name":"Jinsun Carbon","article_publisher":"https:\/\/www.facebook.com\/Graphite-Electrode-109336238661595","article_modified_time":"2024-12-14T14:43:29+00:00","og_image":[{"width":1024,"height":763,"url":"https:\/\/jinsuncarbon.com\/wp-content\/uploads\/2024\/11\/Metallurgical-coke.jpg","type":"image\/jpeg"}],"twitter_card":"summary_large_image","twitter_site":"@jinsuncarbon_","twitter_misc":{"Gesch\u00e4tzte Lesezeit":"8\u00a0Minuten"},"schema":{"@context":"https:\/\/schema.org","@graph":[{"@type":"WebPage","@id":"https:\/\/jinsuncarbon.com\/product\/metallurgical-coke\/","url":"https:\/\/jinsuncarbon.com\/product\/metallurgical-coke\/","name":"Herstellung von H\u00fcttenkoks in China | Jinsun Carbon","isPartOf":{"@id":"https:\/\/jinsuncarbon.com\/#website"},"primaryImageOfPage":{"@id":"https:\/\/jinsuncarbon.com\/product\/metallurgical-coke\/#primaryimage"},"image":{"@id":"https:\/\/jinsuncarbon.com\/product\/metallurgical-coke\/#primaryimage"},"thumbnailUrl":"https:\/\/jinsuncarbon.com\/wp-content\/uploads\/2024\/11\/Metallurgical-coke.jpg","datePublished":"2024-11-16T02:07:42+00:00","dateModified":"2024-12-14T14:43:29+00:00","description":"H\u00fcttenkoks ist ein unverzichtbarer Rohstoff f\u00fcr die Eisen- und Stahlerzeugung und f\u00fcr den Prozess der Hochofenverh\u00fcttung unerl\u00e4sslich.","breadcrumb":{"@id":"https:\/\/jinsuncarbon.com\/product\/metallurgical-coke\/#breadcrumb"},"inLanguage":"de","potentialAction":[{"@type":"ReadAction","target":["https:\/\/jinsuncarbon.com\/product\/metallurgical-coke\/"]}]},{"@type":"ImageObject","inLanguage":"de","@id":"https:\/\/jinsuncarbon.com\/product\/metallurgical-coke\/#primaryimage","url":"https:\/\/jinsuncarbon.com\/wp-content\/uploads\/2024\/11\/Metallurgical-coke.jpg","contentUrl":"https:\/\/jinsuncarbon.com\/wp-content\/uploads\/2024\/11\/Metallurgical-coke.jpg","width":1024,"height":763,"caption":"Metallurgical coke-Met Coke"},{"@type":"BreadcrumbList","@id":"https:\/\/jinsuncarbon.com\/product\/metallurgical-coke\/#breadcrumb","itemListElement":[{"@type":"ListItem","position":1,"name":"Home","item":"https:\/\/jinsuncarbon.com\/"},{"@type":"ListItem","position":2,"name":"Products","item":"https:\/\/jinsuncarbon.com\/graphite-carbon\/"},{"@type":"ListItem","position":3,"name":"Metallurgical Coke"}]},{"@type":"WebSite","@id":"https:\/\/jinsuncarbon.com\/#website","url":"https:\/\/jinsuncarbon.com\/","name":"Jinsun Kohlenstoff","description":"Wir sind der erfolgreiche Hersteller von Graphitelektroden in China","publisher":{"@id":"https:\/\/jinsuncarbon.com\/#organization"},"potentialAction":[{"@type":"SearchAction","target":{"@type":"EntryPoint","urlTemplate":"https:\/\/jinsuncarbon.com\/?s={search_term_string}"},"query-input":{"@type":"PropertyValueSpecification","valueRequired":true,"valueName":"search_term_string"}}],"inLanguage":"de"},{"@type":"Organization","@id":"https:\/\/jinsuncarbon.com\/#organization","name":"Jinsun Kohlenstoff","alternateName":"Jinsun Carbon","url":"https:\/\/jinsuncarbon.com\/","logo":{"@type":"ImageObject","inLanguage":"de","@id":"https:\/\/jinsuncarbon.com\/#\/schema\/logo\/image\/","url":"https:\/\/jinsuncarbon.com\/wp-content\/uploads\/2022\/12\/LOGO-1.png","contentUrl":"https:\/\/jinsuncarbon.com\/wp-content\/uploads\/2022\/12\/LOGO-1.png","width":207,"height":80,"caption":"Jinsun Carbon"},"image":{"@id":"https:\/\/jinsuncarbon.com\/#\/schema\/logo\/image\/"},"sameAs":["https:\/\/www.facebook.com\/Graphite-Electrode-109336238661595","https:\/\/x.com\/jinsuncarbon_","https:\/\/www.linkedin.com\/in\/jinsungraphite","https:\/\/www.youtube.com\/channel\/UCysDNyvyR5-3cCWEmpkVC0g"]}]}},"_links":{"self":[{"href":"https:\/\/jinsuncarbon.com\/de\/wp-json\/wp\/v2\/product\/6628","targetHints":{"allow":["GET"]}}],"collection":[{"href":"https:\/\/jinsuncarbon.com\/de\/wp-json\/wp\/v2\/product"}],"about":[{"href":"https:\/\/jinsuncarbon.com\/de\/wp-json\/wp\/v2\/types\/product"}],"wp:featuredmedia":[{"embeddable":true,"href":"https:\/\/jinsuncarbon.com\/de\/wp-json\/wp\/v2\/media\/6629"}],"wp:attachment":[{"href":"https:\/\/jinsuncarbon.com\/de\/wp-json\/wp\/v2\/media?parent=6628"}],"wp:term":[{"taxonomy":"product_brand","embeddable":true,"href":"https:\/\/jinsuncarbon.com\/de\/wp-json\/wp\/v2\/product_brand?post=6628"},{"taxonomy":"product_cat","embeddable":true,"href":"https:\/\/jinsuncarbon.com\/de\/wp-json\/wp\/v2\/product_cat?post=6628"},{"taxonomy":"product_tag","embeddable":true,"href":"https:\/\/jinsuncarbon.com\/de\/wp-json\/wp\/v2\/product_tag?post=6628"}],"curies":[{"name":"wp","href":"https:\/\/api.w.org\/{rel}","templated":true}]}}