{"id":6615,"date":"2024-11-15T02:20:11","date_gmt":"2024-11-15T02:20:11","guid":{"rendered":"https:\/\/jinsuncarbon.com\/?post_type=product&#038;p=6615"},"modified":"2024-11-19T15:56:11","modified_gmt":"2024-11-19T15:56:11","slug":"700mm-graphitelektrode","status":"publish","type":"product","link":"https:\/\/jinsuncarbon.com\/de\/produkt\/700mm-graphitelektrode\/","title":{"rendered":"700mm Graphitelektrode f\u00fcr EAF"},"content":{"rendered":"<h2>700mm Graphitelektrode Vorteile<\/h2>\n<p><strong><b>Hohe Leitf\u00e4higkeit<\/b><\/strong><\/p>\n<p>Die 700-mm-Graphitelektrode besitzt eine au\u00dfergew\u00f6hnlich hohe Leitf\u00e4higkeit, die sich f\u00fcr Hochenergieanwendungen, wie z. B. Elektrolichtbogen\u00f6fen und <a href=\"https:\/\/electrotherment.com\/iron-steel-making\/refining\/electrotherm-ladle-refining-furnaces\" target=\"_blank\" rel=\"noopener\">Raffinations\u00f6fen<\/a>. Es leitet effizient gro\u00dfe Str\u00f6me und unterst\u00fctzt schnelle und kontinuierliche Hochtemperatur-Schmelzprozesse.<\/p>\n<p><strong><b>Hochtemperaturbest\u00e4ndigkeit<\/b><\/strong><\/p>\n<p>Selbst bei starker Hitze von mehr als 3000 \u00b0C bleibt die Graphitelektrode stabil, ohne sich wesentlich zu verformen oder zu verschlei\u00dfen. Diese Eigenschaft ist besonders wichtig f\u00fcr Hochtemperatur-Schmelzanwendungen.<\/p>\n<p><strong><b>Mechanische Festigkeit<\/b><\/strong><\/p>\n<p>Die 700-mm-Graphitelektrode verf\u00fcgt \u00fcber eine ausreichende mechanische Festigkeit, um unter Hochtemperatur- und Hochdruckbedingungen stabil zu arbeiten. Ihre robuste Struktur verl\u00e4ngert nicht nur die Lebensdauer der Elektrode, sondern senkt auch die Kosten und den Zeitaufwand, die mit h\u00e4ufigem Austausch verbunden sind.<\/p>\n<p><strong><b>Widerstandsf\u00e4higkeit gegen thermische Schocks<\/b><\/strong><\/p>\n<p>Dank ihrer ausgezeichneten Temperaturwechselbest\u00e4ndigkeit kann sich die Graphitelektrode an schnelle Temperaturschwankungen anpassen, so dass das Risiko von Rissen oder Besch\u00e4digungen minimiert wird. Diese Eigenschaft ist besonders wichtig bei Anwendungen, die wiederholtes Aufheizen und Abk\u00fchlen erfordern.<\/p>\n<p><strong><b>Oxidationsbest\u00e4ndigkeit<\/b><\/strong><\/p>\n<p>Die Graphitelektrode weist eine hohe Oxidationsbest\u00e4ndigkeit in Hochtemperaturumgebungen auf und widersteht effektiv oxidativen Reaktionen. Diese Eigenschaft tr\u00e4gt dazu bei, den Verbrauch der Elektrode zu reduzieren und ihre Lebensdauer zu verl\u00e4ngern.<\/p>\n<p><strong><b>Chemische Best\u00e4ndigkeit<\/b><\/strong><\/p>\n<p>In rauen chemischen Umgebungen beh\u00e4lt die Graphitelektrode ihre chemische Stabilit\u00e4t bei. Diese Eigenschaft sorgt daf\u00fcr, dass die Elektrode w\u00e4hrend des Schmelzprozesses keine Verunreinigungen einbringt, was die Reinheit und Stabilit\u00e4t der geschmolzenen Materialien erh\u00f6ht.<\/p>\n<p>&nbsp;<\/p>\n<h2>Herstellungsverfahren f\u00fcr Graphitelektroden<\/h2>\n<h3>Hauptrohstoffe<\/h3>\n<p><strong><b>Petrolkoks:<\/b><\/strong><\/p>\n<p>Hier gibt es aschearme Kohlenstoffmaterialien mit hoher Reinheit und hervorragender Leitf\u00e4higkeit. Geringere Verunreinigungen, die w\u00e4hrend des Schmelzprozesses durch eine niedrige Aschekonzentration entstehen, tragen zur Verbesserung der Elektrodenreinheit und zur Erh\u00f6hung der Stabilit\u00e4t bei hohen Temperaturen bei.<\/p>\n<p><strong><b>Nadel-Koks:<\/b><\/strong><\/p>\n<p>Die besondere Struktur des Nadelkokses verbessert die mechanische Festigkeit und die Leitf\u00e4higkeit des Materials. <a href=\"https:\/\/jinsuncarbon.com\/de\/produkt\/graphitelektrode\/\">Elektrode<\/a>. Obwohl Nadelkoks die Struktur der Elektrode st\u00e4rkt und unter Bedingungen mit hoher Stromdichte f\u00fcr Stabilit\u00e4t sorgt, verringert er die Wahrscheinlichkeit eines Bruchs bei hohen Temperaturen und starken Str\u00f6men.<\/p>\n<p><strong><b>Steinkohlenteerpech: <\/b><\/strong><\/p>\n<p>Steinkohlenteerpech bindet Petrolkoks und Nadelkoks als \"Bindemittel\" fest zusammen, um w\u00e4hrend des Herstellungsprozesses eine kleine Elektrodenstruktur zu gew\u00e4hrleisten. Diese Substanz verbessert nicht nur die Temperaturwechselbest\u00e4ndigkeit und Haltbarkeit der Elektrode, sondern auch ihre Formgebung.<\/p>\n<p>&nbsp;<\/p>\n<h3>Produktionsprozess<\/h3>\n<p><strong>Backen:<\/strong><\/p>\n<p>W\u00e4hrend des Backprozesses werden die Rohstoffe in einer Hochtemperaturumgebung erhitzt, um Feuchtigkeit und Verunreinigungen schrittweise zu entfernen. Durch das Backen werden die Materialien nicht nur gereinigt, sondern auch die Hitzebest\u00e4ndigkeit der Elektroden erheblich verbessert, so dass sie in Hochtemperaturschmelzprozessen stabil bleiben.<\/p>\n<p><strong>Graphitierung:<\/strong><\/p>\n<p>Dies ist ein entscheidender Schritt der Hochtemperaturbehandlung. Die Kohlenstoffstruktur der Rohstoffe wird durch Erhitzen auf 3000\u00b0C weiter in eine Graphitstruktur umgewandelt, denn nur so kann die Leitf\u00e4higkeit der Elektrode verbessert werden, so dass sie hohe Stromdichten bew\u00e4ltigen kann.<\/p>\n<p><strong>Formgebung und Bearbeitung:<\/strong><\/p>\n<p>Die Materialien werden nach der Graphitierung so bearbeitet, dass sie bestimmte Form- und Gr\u00f6\u00dfenkriterien erf\u00fcllen. Die Form und die Oberfl\u00e4che der Elektrode werden in diesem Schritt genau abgestimmt, um zu gew\u00e4hrleisten, dass sie in verschiedene Ger\u00e4te f\u00fcr unterschiedliche Anwendungen passt.<\/p>","protected":false},"excerpt":{"rendered":"<p>700-mm-Graphitelektrode ultrahohe Leistung wird in Schrott Vorw\u00e4rmen elektrischen Lichtbogenofen (eaf), mit einer Nennleistung von 160000KVA Transformator ausgestattet verwendet. Bei diesem Verfahren wird Stahlschrott in einem 120-Tonnen-Elektrolichtbogenofen geschmolzen und mit einem Raffinationsofen zum Schmelzen von Stahl verwendet. Der Veredelungsofen verwendet ebenfalls Graphitelektroden mit ultrahoher Leistung und kleineren Spezifikationen. Gleichzeitig ist er mit Nippeln zum Verbinden der Elektroden ausgestattet. Unsere 700-mm-Graphitelektroden sind in der Lage, eine gr\u00f6\u00dfere Stromdichte zu \u00fcbertragen. Sie werden auch beim Schmelzen von Nichteisenmetallen wie metallischem Silizium, Kupfer und Aluminium im Elektrolichtbogenofen verwendet.<\/p>","protected":false},"featured_media":6618,"template":"","meta":[],"product_brand":[],"product_cat":[37],"product_tag":[],"class_list":{"0":"post-6615","1":"product","2":"type-product","3":"status-publish","4":"has-post-thumbnail","6":"product_cat-graphite-electrode","8":"first","9":"instock","10":"shipping-taxable","11":"product-type-simple"},"yoast_head":"<!-- This site is optimized with the Yoast SEO Premium plugin v19.2.1 (Yoast SEO v25.3) - https:\/\/yoast.com\/wordpress\/plugins\/seo\/ -->\n<title>700mm Graphite Electrode For EAF | Jinsun Carbon<\/title>\n<meta name=\"description\" content=\"700mm graphite electrode ultra-high power is used in scrap preheating electric arc furnace, equipped with a rated capacity of 160000KVA transformer.\" \/>\n<meta name=\"robots\" content=\"index, follow, max-snippet:-1, max-image-preview:large, max-video-preview:-1\" \/>\n<link rel=\"canonical\" href=\"https:\/\/jinsuncarbon.com\/de\/produkt\/700mm-graphitelektrode\/\" \/>\n<meta property=\"og:locale\" content=\"de_DE\" \/>\n<meta property=\"og:type\" content=\"article\" \/>\n<meta property=\"og:title\" content=\"700mm Graphite Electrode for EAF\" \/>\n<meta property=\"og:description\" content=\"700mm graphite electrode ultra-high power is used in scrap preheating electric arc furnace, equipped with a rated capacity of 160000KVA transformer.\" \/>\n<meta property=\"og:url\" content=\"https:\/\/jinsuncarbon.com\/de\/produkt\/700mm-graphitelektrode\/\" \/>\n<meta property=\"og:site_name\" content=\"Jinsun Carbon\" \/>\n<meta property=\"article:publisher\" content=\"https:\/\/www.facebook.com\/Graphite-Electrode-109336238661595\" \/>\n<meta property=\"article:modified_time\" content=\"2024-11-19T15:56:11+00:00\" \/>\n<meta property=\"og:image\" content=\"https:\/\/jinsuncarbon.com\/wp-content\/uploads\/2024\/11\/700mm-Graphite-Electrode.jpg\" \/>\n\t<meta property=\"og:image:width\" content=\"1024\" \/>\n\t<meta property=\"og:image:height\" content=\"763\" \/>\n\t<meta property=\"og:image:type\" content=\"image\/jpeg\" \/>\n<meta name=\"twitter:card\" content=\"summary_large_image\" \/>\n<meta name=\"twitter:site\" content=\"@jinsuncarbon_\" \/>\n<meta name=\"twitter:label1\" content=\"Gesch\u00e4tzte Lesezeit\" \/>\n\t<meta name=\"twitter:data1\" content=\"3\u00a0Minuten\" \/>\n<script type=\"application\/ld+json\" class=\"yoast-schema-graph\">{\"@context\":\"https:\/\/schema.org\",\"@graph\":[{\"@type\":\"WebPage\",\"@id\":\"https:\/\/jinsuncarbon.com\/product\/700mm-graphite-electrode\/\",\"url\":\"https:\/\/jinsuncarbon.com\/product\/700mm-graphite-electrode\/\",\"name\":\"700mm Graphite Electrode For EAF | Jinsun Carbon\",\"isPartOf\":{\"@id\":\"https:\/\/jinsuncarbon.com\/#website\"},\"primaryImageOfPage\":{\"@id\":\"https:\/\/jinsuncarbon.com\/product\/700mm-graphite-electrode\/#primaryimage\"},\"image\":{\"@id\":\"https:\/\/jinsuncarbon.com\/product\/700mm-graphite-electrode\/#primaryimage\"},\"thumbnailUrl\":\"https:\/\/jinsuncarbon.com\/wp-content\/uploads\/2024\/11\/700mm-Graphite-Electrode.jpg\",\"datePublished\":\"2024-11-15T02:20:11+00:00\",\"dateModified\":\"2024-11-19T15:56:11+00:00\",\"description\":\"700mm graphite electrode ultra-high power is used in scrap preheating electric arc furnace, equipped with a rated capacity of 160000KVA transformer.\",\"breadcrumb\":{\"@id\":\"https:\/\/jinsuncarbon.com\/product\/700mm-graphite-electrode\/#breadcrumb\"},\"inLanguage\":\"de\",\"potentialAction\":[{\"@type\":\"ReadAction\",\"target\":[\"https:\/\/jinsuncarbon.com\/product\/700mm-graphite-electrode\/\"]}]},{\"@type\":\"ImageObject\",\"inLanguage\":\"de\",\"@id\":\"https:\/\/jinsuncarbon.com\/product\/700mm-graphite-electrode\/#primaryimage\",\"url\":\"https:\/\/jinsuncarbon.com\/wp-content\/uploads\/2024\/11\/700mm-Graphite-Electrode.jpg\",\"contentUrl\":\"https:\/\/jinsuncarbon.com\/wp-content\/uploads\/2024\/11\/700mm-Graphite-Electrode.jpg\",\"width\":1024,\"height\":763,\"caption\":\"700mm Graphite Electrode Manufacturer in China\"},{\"@type\":\"BreadcrumbList\",\"@id\":\"https:\/\/jinsuncarbon.com\/product\/700mm-graphite-electrode\/#breadcrumb\",\"itemListElement\":[{\"@type\":\"ListItem\",\"position\":1,\"name\":\"Home\",\"item\":\"https:\/\/jinsuncarbon.com\/\"},{\"@type\":\"ListItem\",\"position\":2,\"name\":\"Products\",\"item\":\"https:\/\/jinsuncarbon.com\/graphite-carbon\/\"},{\"@type\":\"ListItem\",\"position\":3,\"name\":\"700mm Graphite Electrode for EAF\"}]},{\"@type\":\"WebSite\",\"@id\":\"https:\/\/jinsuncarbon.com\/#website\",\"url\":\"https:\/\/jinsuncarbon.com\/\",\"name\":\"Jinsun Carbon\",\"description\":\"We are the successful graphite electrode manufacturer in China\",\"publisher\":{\"@id\":\"https:\/\/jinsuncarbon.com\/#organization\"},\"potentialAction\":[{\"@type\":\"SearchAction\",\"target\":{\"@type\":\"EntryPoint\",\"urlTemplate\":\"https:\/\/jinsuncarbon.com\/?s={search_term_string}\"},\"query-input\":{\"@type\":\"PropertyValueSpecification\",\"valueRequired\":true,\"valueName\":\"search_term_string\"}}],\"inLanguage\":\"de\"},{\"@type\":\"Organization\",\"@id\":\"https:\/\/jinsuncarbon.com\/#organization\",\"name\":\"Jinsun Carbon\",\"alternateName\":\"Jinsun Carbon\",\"url\":\"https:\/\/jinsuncarbon.com\/\",\"logo\":{\"@type\":\"ImageObject\",\"inLanguage\":\"de\",\"@id\":\"https:\/\/jinsuncarbon.com\/#\/schema\/logo\/image\/\",\"url\":\"https:\/\/jinsuncarbon.com\/wp-content\/uploads\/2022\/12\/LOGO-1.png\",\"contentUrl\":\"https:\/\/jinsuncarbon.com\/wp-content\/uploads\/2022\/12\/LOGO-1.png\",\"width\":207,\"height\":80,\"caption\":\"Jinsun Carbon\"},\"image\":{\"@id\":\"https:\/\/jinsuncarbon.com\/#\/schema\/logo\/image\/\"},\"sameAs\":[\"https:\/\/www.facebook.com\/Graphite-Electrode-109336238661595\",\"https:\/\/x.com\/jinsuncarbon_\",\"https:\/\/www.linkedin.com\/in\/jinsungraphite\",\"https:\/\/www.youtube.com\/channel\/UCysDNyvyR5-3cCWEmpkVC0g\"]}]}<\/script>\n<!-- \/ Yoast SEO Premium plugin. -->","yoast_head_json":{"title":"700mm Graphitelektrode f\u00fcr EAF | Jinsun Carbon","description":"700mm Graphitelektrode ultra-hohe Leistung ist in Schrott Vorw\u00e4rmen elektrischen Lichtbogenofen verwendet, mit einer Nennleistung von 160000KVA Transformator ausgestattet.","robots":{"index":"index","follow":"follow","max-snippet":"max-snippet:-1","max-image-preview":"max-image-preview:large","max-video-preview":"max-video-preview:-1"},"canonical":"https:\/\/jinsuncarbon.com\/de\/produkt\/700mm-graphitelektrode\/","og_locale":"de_DE","og_type":"article","og_title":"700mm Graphite Electrode for EAF","og_description":"700mm graphite electrode ultra-high power is used in scrap preheating electric arc furnace, equipped with a rated capacity of 160000KVA transformer.","og_url":"https:\/\/jinsuncarbon.com\/de\/produkt\/700mm-graphitelektrode\/","og_site_name":"Jinsun Carbon","article_publisher":"https:\/\/www.facebook.com\/Graphite-Electrode-109336238661595","article_modified_time":"2024-11-19T15:56:11+00:00","og_image":[{"width":1024,"height":763,"url":"https:\/\/jinsuncarbon.com\/wp-content\/uploads\/2024\/11\/700mm-Graphite-Electrode.jpg","type":"image\/jpeg"}],"twitter_card":"summary_large_image","twitter_site":"@jinsuncarbon_","twitter_misc":{"Gesch\u00e4tzte Lesezeit":"3\u00a0Minuten"},"schema":{"@context":"https:\/\/schema.org","@graph":[{"@type":"WebPage","@id":"https:\/\/jinsuncarbon.com\/product\/700mm-graphite-electrode\/","url":"https:\/\/jinsuncarbon.com\/product\/700mm-graphite-electrode\/","name":"700mm Graphitelektrode f\u00fcr EAF | Jinsun Carbon","isPartOf":{"@id":"https:\/\/jinsuncarbon.com\/#website"},"primaryImageOfPage":{"@id":"https:\/\/jinsuncarbon.com\/product\/700mm-graphite-electrode\/#primaryimage"},"image":{"@id":"https:\/\/jinsuncarbon.com\/product\/700mm-graphite-electrode\/#primaryimage"},"thumbnailUrl":"https:\/\/jinsuncarbon.com\/wp-content\/uploads\/2024\/11\/700mm-Graphite-Electrode.jpg","datePublished":"2024-11-15T02:20:11+00:00","dateModified":"2024-11-19T15:56:11+00:00","description":"700mm Graphitelektrode ultra-hohe Leistung ist in Schrott Vorw\u00e4rmen elektrischen Lichtbogenofen verwendet, mit einer Nennleistung von 160000KVA Transformator ausgestattet.","breadcrumb":{"@id":"https:\/\/jinsuncarbon.com\/product\/700mm-graphite-electrode\/#breadcrumb"},"inLanguage":"de","potentialAction":[{"@type":"ReadAction","target":["https:\/\/jinsuncarbon.com\/product\/700mm-graphite-electrode\/"]}]},{"@type":"ImageObject","inLanguage":"de","@id":"https:\/\/jinsuncarbon.com\/product\/700mm-graphite-electrode\/#primaryimage","url":"https:\/\/jinsuncarbon.com\/wp-content\/uploads\/2024\/11\/700mm-Graphite-Electrode.jpg","contentUrl":"https:\/\/jinsuncarbon.com\/wp-content\/uploads\/2024\/11\/700mm-Graphite-Electrode.jpg","width":1024,"height":763,"caption":"700mm Graphite Electrode Manufacturer in China"},{"@type":"BreadcrumbList","@id":"https:\/\/jinsuncarbon.com\/product\/700mm-graphite-electrode\/#breadcrumb","itemListElement":[{"@type":"ListItem","position":1,"name":"Home","item":"https:\/\/jinsuncarbon.com\/"},{"@type":"ListItem","position":2,"name":"Products","item":"https:\/\/jinsuncarbon.com\/graphite-carbon\/"},{"@type":"ListItem","position":3,"name":"700mm Graphite Electrode for EAF"}]},{"@type":"WebSite","@id":"https:\/\/jinsuncarbon.com\/#website","url":"https:\/\/jinsuncarbon.com\/","name":"Jinsun Kohlenstoff","description":"Wir sind der erfolgreiche Hersteller von Graphitelektroden in China","publisher":{"@id":"https:\/\/jinsuncarbon.com\/#organization"},"potentialAction":[{"@type":"SearchAction","target":{"@type":"EntryPoint","urlTemplate":"https:\/\/jinsuncarbon.com\/?s={search_term_string}"},"query-input":{"@type":"PropertyValueSpecification","valueRequired":true,"valueName":"search_term_string"}}],"inLanguage":"de"},{"@type":"Organization","@id":"https:\/\/jinsuncarbon.com\/#organization","name":"Jinsun Kohlenstoff","alternateName":"Jinsun Carbon","url":"https:\/\/jinsuncarbon.com\/","logo":{"@type":"ImageObject","inLanguage":"de","@id":"https:\/\/jinsuncarbon.com\/#\/schema\/logo\/image\/","url":"https:\/\/jinsuncarbon.com\/wp-content\/uploads\/2022\/12\/LOGO-1.png","contentUrl":"https:\/\/jinsuncarbon.com\/wp-content\/uploads\/2022\/12\/LOGO-1.png","width":207,"height":80,"caption":"Jinsun Carbon"},"image":{"@id":"https:\/\/jinsuncarbon.com\/#\/schema\/logo\/image\/"},"sameAs":["https:\/\/www.facebook.com\/Graphite-Electrode-109336238661595","https:\/\/x.com\/jinsuncarbon_","https:\/\/www.linkedin.com\/in\/jinsungraphite","https:\/\/www.youtube.com\/channel\/UCysDNyvyR5-3cCWEmpkVC0g"]}]}},"_links":{"self":[{"href":"https:\/\/jinsuncarbon.com\/de\/wp-json\/wp\/v2\/product\/6615","targetHints":{"allow":["GET"]}}],"collection":[{"href":"https:\/\/jinsuncarbon.com\/de\/wp-json\/wp\/v2\/product"}],"about":[{"href":"https:\/\/jinsuncarbon.com\/de\/wp-json\/wp\/v2\/types\/product"}],"wp:featuredmedia":[{"embeddable":true,"href":"https:\/\/jinsuncarbon.com\/de\/wp-json\/wp\/v2\/media\/6618"}],"wp:attachment":[{"href":"https:\/\/jinsuncarbon.com\/de\/wp-json\/wp\/v2\/media?parent=6615"}],"wp:term":[{"taxonomy":"product_brand","embeddable":true,"href":"https:\/\/jinsuncarbon.com\/de\/wp-json\/wp\/v2\/product_brand?post=6615"},{"taxonomy":"product_cat","embeddable":true,"href":"https:\/\/jinsuncarbon.com\/de\/wp-json\/wp\/v2\/product_cat?post=6615"},{"taxonomy":"product_tag","embeddable":true,"href":"https:\/\/jinsuncarbon.com\/de\/wp-json\/wp\/v2\/product_tag?post=6615"}],"curies":[{"name":"wp","href":"https:\/\/api.w.org\/{rel}","templated":true}]}}