{"id":6614,"date":"2024-11-15T01:19:18","date_gmt":"2024-11-15T01:19:18","guid":{"rendered":"https:\/\/jinsuncarbon.com\/?post_type=product&#038;p=6614"},"modified":"2025-05-10T14:45:10","modified_gmt":"2025-05-10T14:45:10","slug":"shp-graphitelektrode","status":"publish","type":"product","link":"https:\/\/jinsuncarbon.com\/de\/produkt\/shp-graphitelektrode\/","title":{"rendered":"SHP-Graphit-Elektrode"},"content":{"rendered":"<h2>Vorteile der Shp-Graphitelektrode<\/h2>\n<p>Im Allgemeinen weisen SHP-Graphitelektroden eine zylindrische, stabf\u00f6rmige Struktur auf, deren Leistungsvorteile sehr ausgepr\u00e4gt sind.<\/p>\n<p><strong><b>E<\/b><\/strong><strong><b>Hervorragende elektrische Leitf\u00e4higkeit <\/b><\/strong><\/p>\n<p>Es kann die elektrische Energie in einer Hochspannungs- und Hochstromumgebung effizient leiten und reduziert die Schaltungsverluste.<\/p>\n<p>&nbsp;<\/p>\n<p><strong><b>Gut<\/b><\/strong><strong><b>\u00a0Hochtemperaturbest\u00e4ndigkeit <\/b><\/strong><\/p>\n<p>Es kann seine strukturelle Stabilit\u00e4t in einer Hochtemperaturumgebung von bis zu 3000\u2103 beibehalten, ohne zu schmelzen oder sich zu verformen.<\/p>\n<p>&nbsp;<\/p>\n<p><strong><b>Gro\u00dfartig<\/b><\/strong><strong><b>\u00a0antioxidative Wirkung<\/b><\/strong><\/p>\n<p>Durch eine spezielle Impr\u00e4gnierung und Beschichtungsbehandlung wird die Reaktionsgeschwindigkeit mit Sauerstoff bei hohen Temperaturen effektiv verlangsamt und die Lebensdauer verl\u00e4ngert.<\/p>\n<p>&nbsp;<\/p>\n<p><strong><b>H<\/b><\/strong><strong><b>hohe mechanische Festigkeit <\/b><\/strong><\/p>\n<p>Es h\u00e4lt mechanischen Belastungen bei der Montage und Demontage von Elektroden sowie bei der Stahlerzeugung stand und ist nicht bruchgef\u00e4hrdet.<\/p>\n<p>&nbsp;<\/p>\n<p><strong><b>R<\/b><\/strong><strong><b>relativ niedriger W\u00e4rmeausdehnungskoeffizient<\/b><\/strong><\/p>\n<p>Selbst bei starken Temperaturschwankungen bleibt die Formstabilit\u00e4t erhalten und die Kompatibilit\u00e4t zwischen den einzelnen Komponenten ist gew\u00e4hrleistet. <a href=\"https:\/\/jinsuncarbon.com\/de\/produkt\/graphitelektrode\/\">Elektrode<\/a> und die Ausr\u00fcstung.<\/p>\n<p>&nbsp;<\/p>\n<p>Je nach Ihren spezifischen Anforderungen werden sie so bearbeitet, dass sie Ihren Gr\u00f6\u00dfenanforderungen entsprechen und Ihren spezifischen Bed\u00fcrfnissen gerecht werden. Zum Beispiel kleine Durchmesser von 300-400mm, mittlere Durchmesser von 450-600mm und gro\u00dfe Durchmesser von 650mm und mehr, usw.<\/p>\n<p><strong><b>\u00a0<\/b><\/strong><\/p>\n<h2>Verwendungen von shp-Graphitelektroden<\/h2>\n<h3>Stahlverh\u00fcttung:<\/h3>\n<p><strong><b>Unter<\/b><\/strong><strong><b>\u00a0das Verfahren der Stahlerzeugung im Elektrolichtbogenofen<\/b><\/strong><\/p>\n<p>Als Leiter, shp Graphitelektrode<strong><b>\u00a0<\/b><\/strong>wandelt elektrische Energie in W\u00e4rmeenergie um und erzeugt Hochtemperaturlichtb\u00f6gen. So k\u00f6nnen Stahlschrott, Ferrolegierungen und andere Ofenmaterialien schnell geschmolzen werden. Er ist das Kernst\u00fcck moderner Stahlunternehmen zur Herstellung von Qualit\u00e4tsstahl. Durch seinen Einsatz kann die Schmelzgeschwindigkeit des Elektroofens erheblich gesteigert und der Schmelzzyklus verk\u00fcrzt werden. Au\u00dferdem kann er den Stromverbrauch pro Tonne Stahl senken und die Produktionseffizienz und den wirtschaftlichen Nutzen verbessern.<\/p>\n<p><strong><b>\u00a0<\/b><\/strong><\/p>\n<p><strong><b>I<\/b><\/strong><strong><b>n den Raffinier\u00f6fen<\/b><\/strong><\/p>\n<p>Sie k\u00f6nnen damit die Zusammensetzung und Temperatur des geschmolzenen Stahls einstellen, um die Qualit\u00e4t des geschmolzenen Stahls zu gew\u00e4hrleisten.<\/p>\n<p>&nbsp;<\/p>\n<p><strong><b>N<\/b><\/strong><strong><b>Verh\u00fcttung von Eisenmetallen<\/b><\/strong><strong><b>:<\/b><\/strong><\/p>\n<p>Sie spielt auch eine wichtige Rolle bei der <a href=\"https:\/\/en.wikipedia.org\/wiki\/Continuous_casting#:~:text=Continuous%20casting%2C%20also%20called%20strand,stationary%20molds%20to%20form%20ingots.\" target=\"_blank\" rel=\"noopener\">Stranggie\u00dfen<\/a> und Raffinierungsprozesse von Nichteisenmetallen wie Kupfer und Aluminium. Sie k\u00f6nnen damit Hochtemperaturw\u00e4rmequellen bereitstellen, um ein schnelles Schmelzen und eine gleichm\u00e4\u00dfige Erw\u00e4rmung von Metallen zu erreichen. Es gew\u00e4hrleistet die Einheitlichkeit der Zusammensetzung und der physikalischen Eigenschaften von Metallprodukten.<\/p>\n<p>&nbsp;<\/p>\n<p><strong><b>I<\/b><\/strong><strong><b>n das Schmelzen einiger spezieller Nichteisenmetall-Legierungen<\/b><\/strong><\/p>\n<p>Dank der hohen elektrischen Leitf\u00e4higkeit und der hohen Temperaturbest\u00e4ndigkeit lassen sich die Temperatur- und Stromparameter w\u00e4hrend des Schmelzvorgangs pr\u00e4zise steuern. Auf diese Weise verbessert es die Qualit\u00e4t und Leistung von Legierungsprodukten.<\/p>\n<p>&nbsp;<\/p>\n<p><strong><b>I<\/b><\/strong><strong><b>ndustrielle Widerstands\u00f6fen<\/b><\/strong><strong><b>:<\/b><\/strong><\/p>\n<p>Sie k\u00f6nnen in einigen industriellen Widerstands\u00f6fen verwendet werden, die eine Hochtemperaturverarbeitung erfordern, z. B. in Sinter\u00f6fen f\u00fcr die Pulvermetallurgie und in Glasfaser\u00f6fen. Als Heizelemente k\u00f6nnen shp-Graphitelektroden eine stabile Hochtemperaturumgebung erzeugen. Dadurch erf\u00fcllen sie die Anforderungen an den Produktionsprozess verschiedener Industrieprodukte und gew\u00e4hrleisten Produktqualit\u00e4t und Produktionseffizienz.<\/p>","protected":false},"excerpt":{"rendered":"<p>SHP-Graphitelektroden sind hochreine und hochdichte leitf\u00e4hige Graphitmaterialien, die aus Rohstoffen wie Petrolkoks und Asphaltkoks durch eine Hochtemperatur-Graphitierungsbehandlung hergestellt werden. Sie m\u00fcssen eine Reihe komplexer Prozesse durchlaufen, wie z. B. die Vorbehandlung des Rohmaterials, das Mischen, Kneten, Formen, Brennen, Impr\u00e4gnieren, Graphitieren und die mechanische Bearbeitung, um hergestellt zu werden. Aufgrund seiner herausragenden elektrischen Leitf\u00e4higkeit, Hochtemperaturbest\u00e4ndigkeit, Oxidationsbest\u00e4ndigkeit und anderer Eigenschaften dient es als wichtiges Verbrauchsmaterial in der Elektroofenstahlerzeugung, der Nichteisenmetallschmelze und anderen Bereichen. Dank der hohen Stromdichte und der hohen Leistungsaufnahme kann es auch unter rauen Arbeitsbedingungen stabil arbeiten. Es kann auch gro\u00dfen Strombelastungen und hohen Lichtbogentemperaturen standhalten und ist ein unverzichtbares wichtiges Material in der modernen Metallurgie.<\/p>","protected":false},"featured_media":6616,"template":"","meta":[],"product_brand":[],"product_cat":[37],"product_tag":[],"class_list":{"0":"post-6614","1":"product","2":"type-product","3":"status-publish","4":"has-post-thumbnail","6":"product_cat-graphite-electrode","8":"first","9":"instock","10":"shipping-taxable","11":"product-type-simple"},"yoast_head":"<!-- This site is optimized with the Yoast SEO Premium plugin v19.2.1 (Yoast SEO v25.3) - https:\/\/yoast.com\/wordpress\/plugins\/seo\/ -->\n<title>China SHP Graphite Electrode Factory | Jinsun Carbon<\/title>\n<meta name=\"description\" content=\"SHP graphite electrode, or \u201cSuper High Power Graphite Electrode,\u201d\u00a0is comprised of a particular form of graphite material that is specifically intended to tolerate extremely high currents and temperatures.\" \/>\n<meta name=\"robots\" content=\"index, follow, max-snippet:-1, max-image-preview:large, max-video-preview:-1\" \/>\n<link rel=\"canonical\" href=\"https:\/\/jinsuncarbon.com\/de\/produkt\/shp-graphitelektrode\/\" \/>\n<meta property=\"og:locale\" content=\"de_DE\" \/>\n<meta property=\"og:type\" content=\"article\" \/>\n<meta property=\"og:title\" content=\"SHP Graphite Electrode\" \/>\n<meta property=\"og:description\" content=\"SHP graphite electrode, or \u201cSuper High Power Graphite Electrode,\u201d\u00a0is comprised of a particular form of graphite material that is specifically intended to tolerate extremely high currents and temperatures.\" \/>\n<meta property=\"og:url\" content=\"https:\/\/jinsuncarbon.com\/de\/produkt\/shp-graphitelektrode\/\" \/>\n<meta property=\"og:site_name\" content=\"Jinsun Carbon\" \/>\n<meta property=\"article:publisher\" content=\"https:\/\/www.facebook.com\/Graphite-Electrode-109336238661595\" \/>\n<meta property=\"article:modified_time\" content=\"2025-05-10T14:45:10+00:00\" \/>\n<meta property=\"og:image\" content=\"https:\/\/jinsuncarbon.com\/wp-content\/uploads\/2024\/11\/SHP-Graphite-Electrode.jpg\" \/>\n\t<meta property=\"og:image:width\" content=\"1024\" \/>\n\t<meta property=\"og:image:height\" content=\"763\" \/>\n\t<meta property=\"og:image:type\" content=\"image\/jpeg\" \/>\n<meta name=\"twitter:card\" content=\"summary_large_image\" \/>\n<meta name=\"twitter:site\" content=\"@jinsuncarbon_\" \/>\n<meta name=\"twitter:label1\" content=\"Gesch\u00e4tzte Lesezeit\" \/>\n\t<meta name=\"twitter:data1\" content=\"3\u00a0Minuten\" \/>\n<script type=\"application\/ld+json\" class=\"yoast-schema-graph\">{\"@context\":\"https:\/\/schema.org\",\"@graph\":[{\"@type\":\"WebPage\",\"@id\":\"https:\/\/jinsuncarbon.com\/product\/shp-graphite-electrode\/\",\"url\":\"https:\/\/jinsuncarbon.com\/product\/shp-graphite-electrode\/\",\"name\":\"China SHP Graphite Electrode Factory | Jinsun Carbon\",\"isPartOf\":{\"@id\":\"https:\/\/jinsuncarbon.com\/#website\"},\"primaryImageOfPage\":{\"@id\":\"https:\/\/jinsuncarbon.com\/product\/shp-graphite-electrode\/#primaryimage\"},\"image\":{\"@id\":\"https:\/\/jinsuncarbon.com\/product\/shp-graphite-electrode\/#primaryimage\"},\"thumbnailUrl\":\"https:\/\/jinsuncarbon.com\/wp-content\/uploads\/2024\/11\/SHP-Graphite-Electrode.jpg\",\"datePublished\":\"2024-11-15T01:19:18+00:00\",\"dateModified\":\"2025-05-10T14:45:10+00:00\",\"description\":\"SHP graphite electrode, or \u201cSuper High Power Graphite Electrode,\u201d\u00a0is comprised of a particular form of graphite material that is specifically intended to tolerate extremely high currents and temperatures.\",\"breadcrumb\":{\"@id\":\"https:\/\/jinsuncarbon.com\/product\/shp-graphite-electrode\/#breadcrumb\"},\"inLanguage\":\"de\",\"potentialAction\":[{\"@type\":\"ReadAction\",\"target\":[\"https:\/\/jinsuncarbon.com\/product\/shp-graphite-electrode\/\"]}]},{\"@type\":\"ImageObject\",\"inLanguage\":\"de\",\"@id\":\"https:\/\/jinsuncarbon.com\/product\/shp-graphite-electrode\/#primaryimage\",\"url\":\"https:\/\/jinsuncarbon.com\/wp-content\/uploads\/2024\/11\/SHP-Graphite-Electrode.jpg\",\"contentUrl\":\"https:\/\/jinsuncarbon.com\/wp-content\/uploads\/2024\/11\/SHP-Graphite-Electrode.jpg\",\"width\":1024,\"height\":763,\"caption\":\"SHP Graphite Electrode for EAF Steelmaking\"},{\"@type\":\"BreadcrumbList\",\"@id\":\"https:\/\/jinsuncarbon.com\/product\/shp-graphite-electrode\/#breadcrumb\",\"itemListElement\":[{\"@type\":\"ListItem\",\"position\":1,\"name\":\"Home\",\"item\":\"https:\/\/jinsuncarbon.com\/\"},{\"@type\":\"ListItem\",\"position\":2,\"name\":\"Products\",\"item\":\"https:\/\/jinsuncarbon.com\/graphite-carbon\/\"},{\"@type\":\"ListItem\",\"position\":3,\"name\":\"SHP Graphite Electrode\"}]},{\"@type\":\"WebSite\",\"@id\":\"https:\/\/jinsuncarbon.com\/#website\",\"url\":\"https:\/\/jinsuncarbon.com\/\",\"name\":\"Jinsun Carbon\",\"description\":\"We are the successful graphite electrode manufacturer in China\",\"publisher\":{\"@id\":\"https:\/\/jinsuncarbon.com\/#organization\"},\"potentialAction\":[{\"@type\":\"SearchAction\",\"target\":{\"@type\":\"EntryPoint\",\"urlTemplate\":\"https:\/\/jinsuncarbon.com\/?s={search_term_string}\"},\"query-input\":{\"@type\":\"PropertyValueSpecification\",\"valueRequired\":true,\"valueName\":\"search_term_string\"}}],\"inLanguage\":\"de\"},{\"@type\":\"Organization\",\"@id\":\"https:\/\/jinsuncarbon.com\/#organization\",\"name\":\"Jinsun Carbon\",\"alternateName\":\"Jinsun Carbon\",\"url\":\"https:\/\/jinsuncarbon.com\/\",\"logo\":{\"@type\":\"ImageObject\",\"inLanguage\":\"de\",\"@id\":\"https:\/\/jinsuncarbon.com\/#\/schema\/logo\/image\/\",\"url\":\"https:\/\/jinsuncarbon.com\/wp-content\/uploads\/2022\/12\/LOGO-1.png\",\"contentUrl\":\"https:\/\/jinsuncarbon.com\/wp-content\/uploads\/2022\/12\/LOGO-1.png\",\"width\":207,\"height\":80,\"caption\":\"Jinsun Carbon\"},\"image\":{\"@id\":\"https:\/\/jinsuncarbon.com\/#\/schema\/logo\/image\/\"},\"sameAs\":[\"https:\/\/www.facebook.com\/Graphite-Electrode-109336238661595\",\"https:\/\/x.com\/jinsuncarbon_\",\"https:\/\/www.linkedin.com\/in\/jinsungraphite\",\"https:\/\/www.youtube.com\/channel\/UCysDNyvyR5-3cCWEmpkVC0g\"]}]}<\/script>\n<!-- \/ Yoast SEO Premium plugin. -->","yoast_head_json":{"title":"China SHP Graphitelektrode Fabrik | Jinsun Carbon","description":"Die SHP-Graphitelektrode oder \"Super High Power Graphite Electrode\" besteht aus einer besonderen Form von Graphitmaterial, das speziell f\u00fcr extrem hohe Str\u00f6me und Temperaturen ausgelegt ist.","robots":{"index":"index","follow":"follow","max-snippet":"max-snippet:-1","max-image-preview":"max-image-preview:large","max-video-preview":"max-video-preview:-1"},"canonical":"https:\/\/jinsuncarbon.com\/de\/produkt\/shp-graphitelektrode\/","og_locale":"de_DE","og_type":"article","og_title":"SHP Graphite Electrode","og_description":"SHP graphite electrode, or \u201cSuper High Power Graphite Electrode,\u201d\u00a0is comprised of a particular form of graphite material that is specifically intended to tolerate extremely high currents and temperatures.","og_url":"https:\/\/jinsuncarbon.com\/de\/produkt\/shp-graphitelektrode\/","og_site_name":"Jinsun Carbon","article_publisher":"https:\/\/www.facebook.com\/Graphite-Electrode-109336238661595","article_modified_time":"2025-05-10T14:45:10+00:00","og_image":[{"width":1024,"height":763,"url":"https:\/\/jinsuncarbon.com\/wp-content\/uploads\/2024\/11\/SHP-Graphite-Electrode.jpg","type":"image\/jpeg"}],"twitter_card":"summary_large_image","twitter_site":"@jinsuncarbon_","twitter_misc":{"Gesch\u00e4tzte Lesezeit":"3\u00a0Minuten"},"schema":{"@context":"https:\/\/schema.org","@graph":[{"@type":"WebPage","@id":"https:\/\/jinsuncarbon.com\/product\/shp-graphite-electrode\/","url":"https:\/\/jinsuncarbon.com\/product\/shp-graphite-electrode\/","name":"China SHP Graphitelektrode Fabrik | Jinsun Carbon","isPartOf":{"@id":"https:\/\/jinsuncarbon.com\/#website"},"primaryImageOfPage":{"@id":"https:\/\/jinsuncarbon.com\/product\/shp-graphite-electrode\/#primaryimage"},"image":{"@id":"https:\/\/jinsuncarbon.com\/product\/shp-graphite-electrode\/#primaryimage"},"thumbnailUrl":"https:\/\/jinsuncarbon.com\/wp-content\/uploads\/2024\/11\/SHP-Graphite-Electrode.jpg","datePublished":"2024-11-15T01:19:18+00:00","dateModified":"2025-05-10T14:45:10+00:00","description":"Die SHP-Graphitelektrode oder \"Super High Power Graphite Electrode\" besteht aus einer besonderen Form von Graphitmaterial, das speziell f\u00fcr extrem hohe Str\u00f6me und Temperaturen ausgelegt ist.","breadcrumb":{"@id":"https:\/\/jinsuncarbon.com\/product\/shp-graphite-electrode\/#breadcrumb"},"inLanguage":"de","potentialAction":[{"@type":"ReadAction","target":["https:\/\/jinsuncarbon.com\/product\/shp-graphite-electrode\/"]}]},{"@type":"ImageObject","inLanguage":"de","@id":"https:\/\/jinsuncarbon.com\/product\/shp-graphite-electrode\/#primaryimage","url":"https:\/\/jinsuncarbon.com\/wp-content\/uploads\/2024\/11\/SHP-Graphite-Electrode.jpg","contentUrl":"https:\/\/jinsuncarbon.com\/wp-content\/uploads\/2024\/11\/SHP-Graphite-Electrode.jpg","width":1024,"height":763,"caption":"SHP Graphite Electrode for EAF Steelmaking"},{"@type":"BreadcrumbList","@id":"https:\/\/jinsuncarbon.com\/product\/shp-graphite-electrode\/#breadcrumb","itemListElement":[{"@type":"ListItem","position":1,"name":"Home","item":"https:\/\/jinsuncarbon.com\/"},{"@type":"ListItem","position":2,"name":"Products","item":"https:\/\/jinsuncarbon.com\/graphite-carbon\/"},{"@type":"ListItem","position":3,"name":"SHP Graphite Electrode"}]},{"@type":"WebSite","@id":"https:\/\/jinsuncarbon.com\/#website","url":"https:\/\/jinsuncarbon.com\/","name":"Jinsun Kohlenstoff","description":"Wir sind der erfolgreiche Hersteller von Graphitelektroden in China","publisher":{"@id":"https:\/\/jinsuncarbon.com\/#organization"},"potentialAction":[{"@type":"SearchAction","target":{"@type":"EntryPoint","urlTemplate":"https:\/\/jinsuncarbon.com\/?s={search_term_string}"},"query-input":{"@type":"PropertyValueSpecification","valueRequired":true,"valueName":"search_term_string"}}],"inLanguage":"de"},{"@type":"Organization","@id":"https:\/\/jinsuncarbon.com\/#organization","name":"Jinsun Kohlenstoff","alternateName":"Jinsun Carbon","url":"https:\/\/jinsuncarbon.com\/","logo":{"@type":"ImageObject","inLanguage":"de","@id":"https:\/\/jinsuncarbon.com\/#\/schema\/logo\/image\/","url":"https:\/\/jinsuncarbon.com\/wp-content\/uploads\/2022\/12\/LOGO-1.png","contentUrl":"https:\/\/jinsuncarbon.com\/wp-content\/uploads\/2022\/12\/LOGO-1.png","width":207,"height":80,"caption":"Jinsun Carbon"},"image":{"@id":"https:\/\/jinsuncarbon.com\/#\/schema\/logo\/image\/"},"sameAs":["https:\/\/www.facebook.com\/Graphite-Electrode-109336238661595","https:\/\/x.com\/jinsuncarbon_","https:\/\/www.linkedin.com\/in\/jinsungraphite","https:\/\/www.youtube.com\/channel\/UCysDNyvyR5-3cCWEmpkVC0g"]}]}},"_links":{"self":[{"href":"https:\/\/jinsuncarbon.com\/de\/wp-json\/wp\/v2\/product\/6614","targetHints":{"allow":["GET"]}}],"collection":[{"href":"https:\/\/jinsuncarbon.com\/de\/wp-json\/wp\/v2\/product"}],"about":[{"href":"https:\/\/jinsuncarbon.com\/de\/wp-json\/wp\/v2\/types\/product"}],"wp:featuredmedia":[{"embeddable":true,"href":"https:\/\/jinsuncarbon.com\/de\/wp-json\/wp\/v2\/media\/6616"}],"wp:attachment":[{"href":"https:\/\/jinsuncarbon.com\/de\/wp-json\/wp\/v2\/media?parent=6614"}],"wp:term":[{"taxonomy":"product_brand","embeddable":true,"href":"https:\/\/jinsuncarbon.com\/de\/wp-json\/wp\/v2\/product_brand?post=6614"},{"taxonomy":"product_cat","embeddable":true,"href":"https:\/\/jinsuncarbon.com\/de\/wp-json\/wp\/v2\/product_cat?post=6614"},{"taxonomy":"product_tag","embeddable":true,"href":"https:\/\/jinsuncarbon.com\/de\/wp-json\/wp\/v2\/product_tag?post=6614"}],"curies":[{"name":"wp","href":"https:\/\/api.w.org\/{rel}","templated":true}]}}