{"id":6606,"date":"2024-11-13T15:59:00","date_gmt":"2024-11-13T15:59:00","guid":{"rendered":"https:\/\/jinsuncarbon.com\/?post_type=product&#038;p=6606"},"modified":"2024-12-01T13:29:59","modified_gmt":"2024-12-01T13:29:59","slug":"graphitplatte-2","status":"publish","type":"product","link":"https:\/\/jinsuncarbon.com\/de\/produkt\/graphitplatte-2\/","title":{"rendered":"Graphit Blatt"},"content":{"rendered":"<h2>Was ist eine Graphitplatte?<\/h2>\n<p>Graphitplatten sind ein Verbundwerkstoff, dessen Hauptbestandteil Graphit ist und der haupts\u00e4chlich f\u00fcr das W\u00e4rmemanagement verwendet wird. Es hat eine ausgezeichnete thermische und elektrische Leitf\u00e4higkeit. Gleichzeitig ist es besonders flexibel und leicht. Die meisten Graphitplatten werden in Naturgraphit und synthetischen Graphit unterteilt.<\/p>\n<p>&nbsp;<\/p>\n<h2>Art der Graphitplatten<\/h2>\n<p>&nbsp;<\/p>\n<p>Es gibt so viele verschiedene Arten von Graphitplatten und verschiedene Kategorien f\u00fcr verschiedene Bereiche:<\/p>\n<p>&nbsp;<\/p>\n<p><strong>\u00a0Platte aus synthetischem Graphit:<\/strong> bei erh\u00f6hter Temperatur hergestellt <a href=\"https:\/\/jinsuncarbon.com\/de\/was-ist-graphitierung\/\">Graphitierung<\/a> Prozess besitzt es eine hochreine und gleichbleibende Qualit\u00e4t. Dies macht synthetische Graphitplatten besonders geeignet f\u00fcr den elektronischen Bereich, da eine zuverl\u00e4ssige W\u00e4rmeleitf\u00e4higkeit und ein geringer Verunreinigungsgehalt der wichtigste Faktor in diesem Bereich ist.<\/p>\n<p>&nbsp;<\/p>\n<p><strong>\u00a0Verst\u00e4rkte Graphitplatten:<\/strong> Diese Platten enthalten mehr Materialien wie rostfreien Stahl oder Metallgewebe als andere, um die mechanische Festigkeit und Druckleistung zu erh\u00f6hen. Verst\u00e4rkte Graphitplatten werden im Allgemeinen in Umgebungen mit hoher mechanischer Belastung verwendet, die mehr Flexibilit\u00e4t und Festigkeit bei Dichtungsanwendungen erfordern.<\/p>\n<p>&nbsp;<\/p>\n<p><strong>\u00a0Flexible Graphitplatten:<\/strong> Wie der Name schon sagt, sind flexible Graphitplatten extrem flexibel, um sich an verschiedene Formen und Oberfl\u00e4chen anzupassen, so dass sie in Dichtungen und Abdichtungen sehr wirksam sind. Es ist weit verbreitet auf unregelm\u00e4\u00dfigen Oberfl\u00e4chen oder L\u00fccken verwendet werden, weil sie effektiv Abdichtung und W\u00e4rmemanagement gew\u00e4hrleisten k\u00f6nnen.<\/p>\n<p>&nbsp;<\/p>\n<p><strong>\u00a0Pyrolytische Graphitplatten:<\/strong> Es wird durch chemische Abscheidung aus der Gasphase (CVD) hergestellt, d.h. pyrolytische Graphitplatten besitzen hoch geordnete Strukturen und eine extrem hohe W\u00e4rmeleitf\u00e4higkeit. Aufgrund der hohen W\u00e4rmeleitf\u00e4higkeit und Reinheit wird es h\u00e4ufig in hochwertigen Anwendungen verwendet, um seine hervorragende Leistung zu zeigen.<\/p>\n<p>&nbsp;<\/p>\n<p><strong>Reine Graphitplatten:<\/strong> Sie bestehen aus reinem Graphit und sind frei von F\u00fcllstoffen oder Bindemitteln. Aufgrund seiner einzigartigen Eigenschaften werden reine Graphitplatten in Anwendungen mit hoher Reinheit verwendet, wie z. B. in Labors und empfindlichen elektronischen Ger\u00e4ten, die schadstofffreie Materialien ben\u00f6tigen.<\/p>\n<p>&nbsp;<\/p>\n<p><strong>Graphitfolie Blatt:<\/strong> durch die Verarbeitung von expandiertem Graphit zu d\u00fcnneren und flexibleren Platten, die im Allgemeinen als Hochtemperaturdichtungen oder thermische Barriere in Bereichen mit hohen Anforderungen an erh\u00f6hte Temperaturen verwendet werden.<\/p>\n<p>&nbsp;<\/p>\n<h2>Herstellungsverfahren<\/h2>\n<p>&nbsp;<\/p>\n<p>Es gibt zwei Hauptmethoden zur Herstellung von Graphit: mechanische und chemische Verfahren. Sie h\u00e4ngen von den erforderlichen Typen und Anwendungsanforderungen ab:<\/p>\n<p>&nbsp;<\/p>\n<p>Mechanische Verarbeitung: Durch spezielle Maschinen wird expandierter Graphit zu Platten bestimmter Dicke und Dichte gepresst. Die mechanische Bearbeitung wird \u00fcblicherweise zur Herstellung flexibler Graphitplatten verwendet, um die nat\u00fcrliche Schichtstruktur des Graphits zu erhalten und die Flexibilit\u00e4t zu bewahren.<\/p>\n<p>&nbsp;<\/p>\n<p>Chemische Behandlung: Auf diese Weise, insbesondere durch chemische Gasphasenabscheidung (CVD), werden pyrolytische Graphitplatten hergestellt. Bei diesem Verfahren lagern sich die Kohlenstoffatome Schicht f\u00fcr Schicht ab und bilden eine hochgeordnete Struktur. So kann es eine hervorragende W\u00e4rmeleitf\u00e4higkeit und Reinheit bieten.<\/p>\n<p>&nbsp;<\/p>\n<h2>Eigenschaften<\/h2>\n<p>Physikalische Eigenschaften:<\/p>\n<p>Morphologie und Struktur: Graphitplatten besitzen eine geschichtete Struktur, d. h. starke Atombindungen innerhalb der Schichten und schw\u00e4chere Wechselwirkungen zwischen den Schichten. Diese Struktur macht Graphit flexibel, da jede Schicht gleiten kann, wodurch das Material geformt und an Oberfl\u00e4chen angepasst werden kann.<\/p>\n<p>W\u00e4rmeleitf\u00e4higkeit: Graphitplatten haben eine hohe W\u00e4rmeleitf\u00e4higkeit, die im Allgemeinen zwischen 300 und 1500 W\/mk liegt und eine effiziente W\u00e4rme\u00fcbertragung erm\u00f6glicht. Diese Eigenschaft spielt eine wichtige Rolle bei elektronischen Anwendungen, bei denen die W\u00e4rme schnell abgeleitet werden muss.<\/p>\n<p>Elektrische Leitf\u00e4higkeit: Aufgrund der freien Elektronen in der Graphitstruktur besitzen Graphitplatten eine unglaubliche elektrische Leitf\u00e4higkeit. In einigen speziellen Anwendungen, wie <a href=\"https:\/\/en.wikipedia.org\/wiki\/Thermal_conductivity_and_resistivity\" target=\"_blank\" rel=\"noopener\">W\u00e4rmeleitf\u00e4higkeit<\/a> und der elektrischen Leitf\u00e4higkeit ist diese Eigenschaft sehr wichtig.<\/p>\n<p>Verarbeitbarkeit: Graphitplatten lassen sich leicht schneiden, formen und laminieren, und die Dicke kann von 0,05 bis 1 m reichen. Diese Verarbeitbarkeit wird in der Elektronik- und Automobilindustrie ben\u00f6tigt, wo eine pr\u00e4zise Montage erforderlich ist.<\/p>\n<p>&nbsp;<\/p>\n<p>Chemische Eigenschaft:<\/p>\n<p>Thermische Stabilit\u00e4t: Graphitplatten k\u00f6nnen auch bei hohen Temperaturen ihre Struktur beibehalten. In einer sauerstofffreien Umgebung kann die thermische Stabilit\u00e4t von Graphitplatten bis zu 400 Grad Celsius betragen, was sie f\u00fcr Hochtemperaturanwendungen sehr geeignet macht.<\/p>\n<p>Chemische Stabilit\u00e4t: Graphitplatten sind gegen die meisten Chemikalien, wie S\u00e4uren und Basen, best\u00e4ndig. Dies kann die Haltbarkeit von Graphitplatten in korrosiven Umgebungen gew\u00e4hrleisten und ihre Lebensdauer verl\u00e4ngern.<\/p>\n<p>Andere chemische Eigenschaften: Graphitplatten haben eine geringe Durchl\u00e4ssigkeit f\u00fcr Gase und Fl\u00fcssigkeiten, was sie f\u00fcr industrielle Anwendungen als Dichtungen und Dichtungsringe geeignet macht.<\/p>\n<p>&nbsp;<\/p>\n<h2>Anwendungen<\/h2>\n<p>Aufgrund ihrer einzigartigen Eigenschaften haben Graphitplatten eine breite Palette von Anwendungen. Es gibt sechs g\u00e4ngige Anwendungen:<\/p>\n<p>Elektronische Produkte: Graphitplatten werden h\u00e4ufig f\u00fcr das W\u00e4rmemanagement von Smartphones, Tablets und Laptops verwendet. Indem sie W\u00e4rme effizient leiten und ableiten, k\u00f6nnen sie helfen und verhindern, dass Ger\u00e4te \u00fcberhitzen, wodurch die Leistung verbessert und die Lebensdauer verl\u00e4ngert wird.<\/p>\n<p>Automobilindustrie: In modernen Fahrzeugen, wie z.B. Elektrofahrzeugen, werden Graphitplatten f\u00fcr das W\u00e4rmemanagement in Batteriepacks und elektronischen Modulen verwendet. Durch ein effektives W\u00e4rmemanagement kann die Leistung und Sicherheit der Batterien verbessert werden. Dies ist f\u00fcr die Entwicklung von Elektro- und Hybridfahrzeugen sehr wichtig.<\/p>\n<p>Luft- und Raumfahrt: In der Luft- und Raumfahrt bieten Graphitplatten thermischen Schutz f\u00fcr Raumfahrzeuge, Satelliten und Flugzeuge. Aufgrund seiner hohen thermischen Stabilit\u00e4t und seines geringen Gewichts eignet es sich hervorragend f\u00fcr kritische Bauteile in der Luft- und Raumfahrt, die strenge Anforderungen an die Temperaturbest\u00e4ndigkeit stellen.<\/p>\n<p>Industrielle Maschinen: Graphitplatten werden stets in Umgebungen mit hohen Temperaturen und hohem Druck als Dichtungen verwendet. In dem besonderen Bereich, in dem Haltbarkeit und Zuverl\u00e4ssigkeit eine wichtige Rolle spielen. Es h\u00e4ufig verwendet, zum Beispiel, chemische Verarbeitung, Stromerzeugung und andere industrielle Maschinen.<\/p>\n<p>LED-Beleuchtung: In LED-Systemen werden sie zur W\u00e4rmeableitung verwendet, um der Maschine zu helfen, optimale Betriebsbedingungen und eine l\u00e4ngere Lebensdauer zu erhalten.<\/p>\n<p>Medizinische Ger\u00e4te: In medizinischen Ger\u00e4ten, die ein pr\u00e4zises W\u00e4rmemanagement erfordern, sind Graphitplatten ebenfalls unersetzlich. Zum Beispiel, bildgebende Ger\u00e4te und andere empfindliche Temperatur Diagnoseger\u00e4te. Es kann die Temperatur stabil halten, um die Zuverl\u00e4ssigkeit und Leistung des Ger\u00e4ts zu gew\u00e4hrleisten.<\/p>","protected":false},"excerpt":{"rendered":"<p>Graphitplatten k\u00f6nnen in verschiedenen Dicken und Formen verarbeitet werden und zeichnen sich durch hohe thermische und elektrische Leitf\u00e4higkeit und chemische Stabilit\u00e4t aus. Es ist das wichtigste Material f\u00fcr Elektronik, Automobile, Luft- und Raumfahrt und medizinische Ger\u00e4te. Die einzigartigen Eigenschaften von Graphitplatten in Bezug auf W\u00e4rmeleitf\u00e4higkeit und elektrische Leitf\u00e4higkeit machen sie f\u00fcr viele Anwendungen, die direkte Anforderungen an W\u00e4rmeableitung, Haltbarkeit und Anpassungsf\u00e4higkeit stellen, unverzichtbar.<\/p>","protected":false},"featured_media":6607,"template":"","meta":[],"product_brand":[],"product_cat":[38],"product_tag":[],"class_list":{"0":"post-6606","1":"product","2":"type-product","3":"status-publish","4":"has-post-thumbnail","6":"product_cat-graphite-products","8":"first","9":"instock","10":"shipping-taxable","11":"product-type-simple"},"yoast_head":"<!-- This site is optimized with the Yoast SEO Premium plugin v19.2.1 (Yoast SEO v25.3) - https:\/\/yoast.com\/wordpress\/plugins\/seo\/ -->\n<title>Graphite Sheet Manufacturer in China<\/title>\n<meta name=\"description\" content=\"Graphite sheet, as a contemporary material, possess excellent thermal and electric conductivity . Meanwhile it have outstanding flexibility and lightweight.\" \/>\n<meta name=\"robots\" content=\"index, follow, max-snippet:-1, max-image-preview:large, max-video-preview:-1\" \/>\n<link rel=\"canonical\" href=\"https:\/\/jinsuncarbon.com\/de\/produkt\/graphitplatte-2\/\" \/>\n<meta property=\"og:locale\" content=\"de_DE\" \/>\n<meta property=\"og:type\" content=\"article\" \/>\n<meta property=\"og:title\" content=\"Graphite Sheet\" \/>\n<meta property=\"og:description\" content=\"Graphite sheet, as a contemporary material, possess excellent thermal and electric conductivity . Meanwhile it have outstanding flexibility and lightweight.\" \/>\n<meta property=\"og:url\" content=\"https:\/\/jinsuncarbon.com\/de\/produkt\/graphitplatte-2\/\" \/>\n<meta property=\"og:site_name\" content=\"Jinsun Carbon\" \/>\n<meta property=\"article:publisher\" content=\"https:\/\/www.facebook.com\/Graphite-Electrode-109336238661595\" \/>\n<meta property=\"article:modified_time\" content=\"2024-12-01T13:29:59+00:00\" \/>\n<meta property=\"og:image\" content=\"https:\/\/jinsuncarbon.com\/wp-content\/uploads\/2024\/11\/Graphite-sheet.jpg\" \/>\n\t<meta property=\"og:image:width\" content=\"1024\" \/>\n\t<meta property=\"og:image:height\" content=\"763\" \/>\n\t<meta property=\"og:image:type\" content=\"image\/jpeg\" \/>\n<meta name=\"twitter:card\" content=\"summary_large_image\" \/>\n<meta name=\"twitter:site\" content=\"@jinsuncarbon_\" \/>\n<meta name=\"twitter:label1\" content=\"Gesch\u00e4tzte Lesezeit\" \/>\n\t<meta name=\"twitter:data1\" content=\"5\u00a0Minuten\" \/>\n<script type=\"application\/ld+json\" class=\"yoast-schema-graph\">{\"@context\":\"https:\/\/schema.org\",\"@graph\":[{\"@type\":\"WebPage\",\"@id\":\"https:\/\/jinsuncarbon.com\/product\/graphite-sheet\/\",\"url\":\"https:\/\/jinsuncarbon.com\/product\/graphite-sheet\/\",\"name\":\"Graphite Sheet Manufacturer in China\",\"isPartOf\":{\"@id\":\"https:\/\/jinsuncarbon.com\/#website\"},\"primaryImageOfPage\":{\"@id\":\"https:\/\/jinsuncarbon.com\/product\/graphite-sheet\/#primaryimage\"},\"image\":{\"@id\":\"https:\/\/jinsuncarbon.com\/product\/graphite-sheet\/#primaryimage\"},\"thumbnailUrl\":\"https:\/\/jinsuncarbon.com\/wp-content\/uploads\/2024\/11\/Graphite-sheet.jpg\",\"datePublished\":\"2024-11-13T15:59:00+00:00\",\"dateModified\":\"2024-12-01T13:29:59+00:00\",\"description\":\"Graphite sheet, as a contemporary material, possess excellent thermal and electric conductivity . Meanwhile it have outstanding flexibility and lightweight.\",\"breadcrumb\":{\"@id\":\"https:\/\/jinsuncarbon.com\/product\/graphite-sheet\/#breadcrumb\"},\"inLanguage\":\"de\",\"potentialAction\":[{\"@type\":\"ReadAction\",\"target\":[\"https:\/\/jinsuncarbon.com\/product\/graphite-sheet\/\"]}]},{\"@type\":\"ImageObject\",\"inLanguage\":\"de\",\"@id\":\"https:\/\/jinsuncarbon.com\/product\/graphite-sheet\/#primaryimage\",\"url\":\"https:\/\/jinsuncarbon.com\/wp-content\/uploads\/2024\/11\/Graphite-sheet.jpg\",\"contentUrl\":\"https:\/\/jinsuncarbon.com\/wp-content\/uploads\/2024\/11\/Graphite-sheet.jpg\",\"width\":1024,\"height\":763,\"caption\":\"Graphite sheet\"},{\"@type\":\"BreadcrumbList\",\"@id\":\"https:\/\/jinsuncarbon.com\/product\/graphite-sheet\/#breadcrumb\",\"itemListElement\":[{\"@type\":\"ListItem\",\"position\":1,\"name\":\"Home\",\"item\":\"https:\/\/jinsuncarbon.com\/\"},{\"@type\":\"ListItem\",\"position\":2,\"name\":\"Products\",\"item\":\"https:\/\/jinsuncarbon.com\/graphite-carbon\/\"},{\"@type\":\"ListItem\",\"position\":3,\"name\":\"Graphite Sheet\"}]},{\"@type\":\"WebSite\",\"@id\":\"https:\/\/jinsuncarbon.com\/#website\",\"url\":\"https:\/\/jinsuncarbon.com\/\",\"name\":\"Jinsun Carbon\",\"description\":\"We are the successful graphite electrode manufacturer in China\",\"publisher\":{\"@id\":\"https:\/\/jinsuncarbon.com\/#organization\"},\"potentialAction\":[{\"@type\":\"SearchAction\",\"target\":{\"@type\":\"EntryPoint\",\"urlTemplate\":\"https:\/\/jinsuncarbon.com\/?s={search_term_string}\"},\"query-input\":{\"@type\":\"PropertyValueSpecification\",\"valueRequired\":true,\"valueName\":\"search_term_string\"}}],\"inLanguage\":\"de\"},{\"@type\":\"Organization\",\"@id\":\"https:\/\/jinsuncarbon.com\/#organization\",\"name\":\"Jinsun Carbon\",\"alternateName\":\"Jinsun Carbon\",\"url\":\"https:\/\/jinsuncarbon.com\/\",\"logo\":{\"@type\":\"ImageObject\",\"inLanguage\":\"de\",\"@id\":\"https:\/\/jinsuncarbon.com\/#\/schema\/logo\/image\/\",\"url\":\"https:\/\/jinsuncarbon.com\/wp-content\/uploads\/2022\/12\/LOGO-1.png\",\"contentUrl\":\"https:\/\/jinsuncarbon.com\/wp-content\/uploads\/2022\/12\/LOGO-1.png\",\"width\":207,\"height\":80,\"caption\":\"Jinsun Carbon\"},\"image\":{\"@id\":\"https:\/\/jinsuncarbon.com\/#\/schema\/logo\/image\/\"},\"sameAs\":[\"https:\/\/www.facebook.com\/Graphite-Electrode-109336238661595\",\"https:\/\/x.com\/jinsuncarbon_\",\"https:\/\/www.linkedin.com\/in\/jinsungraphite\",\"https:\/\/www.youtube.com\/channel\/UCysDNyvyR5-3cCWEmpkVC0g\"]}]}<\/script>\n<!-- \/ Yoast SEO Premium plugin. -->","yoast_head_json":{"title":"Graphitplatten Hersteller in China","description":"Graphitplatten besitzen als modernes Material eine ausgezeichnete thermische und elektrische Leitf\u00e4higkeit. Gleichzeitig sind sie besonders flexibel und leicht.","robots":{"index":"index","follow":"follow","max-snippet":"max-snippet:-1","max-image-preview":"max-image-preview:large","max-video-preview":"max-video-preview:-1"},"canonical":"https:\/\/jinsuncarbon.com\/de\/produkt\/graphitplatte-2\/","og_locale":"de_DE","og_type":"article","og_title":"Graphite Sheet","og_description":"Graphite sheet, as a contemporary material, possess excellent thermal and electric conductivity . Meanwhile it have outstanding flexibility and lightweight.","og_url":"https:\/\/jinsuncarbon.com\/de\/produkt\/graphitplatte-2\/","og_site_name":"Jinsun Carbon","article_publisher":"https:\/\/www.facebook.com\/Graphite-Electrode-109336238661595","article_modified_time":"2024-12-01T13:29:59+00:00","og_image":[{"width":1024,"height":763,"url":"https:\/\/jinsuncarbon.com\/wp-content\/uploads\/2024\/11\/Graphite-sheet.jpg","type":"image\/jpeg"}],"twitter_card":"summary_large_image","twitter_site":"@jinsuncarbon_","twitter_misc":{"Gesch\u00e4tzte Lesezeit":"5\u00a0Minuten"},"schema":{"@context":"https:\/\/schema.org","@graph":[{"@type":"WebPage","@id":"https:\/\/jinsuncarbon.com\/product\/graphite-sheet\/","url":"https:\/\/jinsuncarbon.com\/product\/graphite-sheet\/","name":"Graphitplatten Hersteller in China","isPartOf":{"@id":"https:\/\/jinsuncarbon.com\/#website"},"primaryImageOfPage":{"@id":"https:\/\/jinsuncarbon.com\/product\/graphite-sheet\/#primaryimage"},"image":{"@id":"https:\/\/jinsuncarbon.com\/product\/graphite-sheet\/#primaryimage"},"thumbnailUrl":"https:\/\/jinsuncarbon.com\/wp-content\/uploads\/2024\/11\/Graphite-sheet.jpg","datePublished":"2024-11-13T15:59:00+00:00","dateModified":"2024-12-01T13:29:59+00:00","description":"Graphitplatten besitzen als modernes Material eine ausgezeichnete thermische und elektrische Leitf\u00e4higkeit. Gleichzeitig sind sie besonders flexibel und leicht.","breadcrumb":{"@id":"https:\/\/jinsuncarbon.com\/product\/graphite-sheet\/#breadcrumb"},"inLanguage":"de","potentialAction":[{"@type":"ReadAction","target":["https:\/\/jinsuncarbon.com\/product\/graphite-sheet\/"]}]},{"@type":"ImageObject","inLanguage":"de","@id":"https:\/\/jinsuncarbon.com\/product\/graphite-sheet\/#primaryimage","url":"https:\/\/jinsuncarbon.com\/wp-content\/uploads\/2024\/11\/Graphite-sheet.jpg","contentUrl":"https:\/\/jinsuncarbon.com\/wp-content\/uploads\/2024\/11\/Graphite-sheet.jpg","width":1024,"height":763,"caption":"Graphite sheet"},{"@type":"BreadcrumbList","@id":"https:\/\/jinsuncarbon.com\/product\/graphite-sheet\/#breadcrumb","itemListElement":[{"@type":"ListItem","position":1,"name":"Home","item":"https:\/\/jinsuncarbon.com\/"},{"@type":"ListItem","position":2,"name":"Products","item":"https:\/\/jinsuncarbon.com\/graphite-carbon\/"},{"@type":"ListItem","position":3,"name":"Graphite Sheet"}]},{"@type":"WebSite","@id":"https:\/\/jinsuncarbon.com\/#website","url":"https:\/\/jinsuncarbon.com\/","name":"Jinsun Kohlenstoff","description":"Wir sind der erfolgreiche Hersteller von Graphitelektroden in China","publisher":{"@id":"https:\/\/jinsuncarbon.com\/#organization"},"potentialAction":[{"@type":"SearchAction","target":{"@type":"EntryPoint","urlTemplate":"https:\/\/jinsuncarbon.com\/?s={search_term_string}"},"query-input":{"@type":"PropertyValueSpecification","valueRequired":true,"valueName":"search_term_string"}}],"inLanguage":"de"},{"@type":"Organization","@id":"https:\/\/jinsuncarbon.com\/#organization","name":"Jinsun Kohlenstoff","alternateName":"Jinsun Carbon","url":"https:\/\/jinsuncarbon.com\/","logo":{"@type":"ImageObject","inLanguage":"de","@id":"https:\/\/jinsuncarbon.com\/#\/schema\/logo\/image\/","url":"https:\/\/jinsuncarbon.com\/wp-content\/uploads\/2022\/12\/LOGO-1.png","contentUrl":"https:\/\/jinsuncarbon.com\/wp-content\/uploads\/2022\/12\/LOGO-1.png","width":207,"height":80,"caption":"Jinsun Carbon"},"image":{"@id":"https:\/\/jinsuncarbon.com\/#\/schema\/logo\/image\/"},"sameAs":["https:\/\/www.facebook.com\/Graphite-Electrode-109336238661595","https:\/\/x.com\/jinsuncarbon_","https:\/\/www.linkedin.com\/in\/jinsungraphite","https:\/\/www.youtube.com\/channel\/UCysDNyvyR5-3cCWEmpkVC0g"]}]}},"_links":{"self":[{"href":"https:\/\/jinsuncarbon.com\/de\/wp-json\/wp\/v2\/product\/6606","targetHints":{"allow":["GET"]}}],"collection":[{"href":"https:\/\/jinsuncarbon.com\/de\/wp-json\/wp\/v2\/product"}],"about":[{"href":"https:\/\/jinsuncarbon.com\/de\/wp-json\/wp\/v2\/types\/product"}],"wp:featuredmedia":[{"embeddable":true,"href":"https:\/\/jinsuncarbon.com\/de\/wp-json\/wp\/v2\/media\/6607"}],"wp:attachment":[{"href":"https:\/\/jinsuncarbon.com\/de\/wp-json\/wp\/v2\/media?parent=6606"}],"wp:term":[{"taxonomy":"product_brand","embeddable":true,"href":"https:\/\/jinsuncarbon.com\/de\/wp-json\/wp\/v2\/product_brand?post=6606"},{"taxonomy":"product_cat","embeddable":true,"href":"https:\/\/jinsuncarbon.com\/de\/wp-json\/wp\/v2\/product_cat?post=6606"},{"taxonomy":"product_tag","embeddable":true,"href":"https:\/\/jinsuncarbon.com\/de\/wp-json\/wp\/v2\/product_tag?post=6606"}],"curies":[{"name":"wp","href":"https:\/\/api.w.org\/{rel}","templated":true}]}}