{"id":6600,"date":"2024-11-13T15:15:13","date_gmt":"2024-11-13T15:15:13","guid":{"rendered":"https:\/\/jinsuncarbon.com\/?post_type=product&#038;p=6600"},"modified":"2024-11-13T15:23:29","modified_gmt":"2024-11-13T15:23:29","slug":"graphitbuchsen","status":"publish","type":"product","link":"https:\/\/jinsuncarbon.com\/de\/produkt\/graphitbuchsen\/","title":{"rendered":"Graphit-Buchsen"},"content":{"rendered":"<p>Graphitbuchsen sind wichtige Komponenten in Maschinen. Die Zusammensetzung dieser Buchsen besteht aus Graphit, Metall und einigen anderen Materialien. Sie werden eingesetzt, um die Reibung zwischen beweglichen Komponenten zu minimieren. Diese Buchsen sind in der Tat sehr effektiv in einer Reihe von Anwendungen, da Graphit aufgrund seiner nat\u00fcrlichen selbstschmierenden Eigenschaften verwendet wird. Dar\u00fcber hinaus sind sie in einer Vielzahl von Formen und Gr\u00f6\u00dfen erh\u00e4ltlich, je nach Bedarf. Aufgrund ihrer Materialeigenschaften eignen sie sich hervorragend f\u00fcr den Einsatz in rauen Umgebungen.<\/p>\n<h2>Wesentliche Merkmale<\/h2>\n<h4>Selbstschmierend<\/h4>\n<p>Graphitbuchsen Es ist ein selbstschmierendes Polymer und gibt w\u00e4hrend der Gleitbewegung Schmiermittel ab. Das minimiert die Belastung der Komponenten und sorgt langfristig f\u00fcr eine reibungslosere Fahrt.<\/p>\n<h4>Hohe Temperaturtoleranz<\/h4>\n<p>Graphit ist best\u00e4ndig gegen hohe Temperaturen. Daher sind diese Lager f\u00fcr Situationen geeignet, in denen sie eine W\u00e4rmesubstanz haben. Auch bei h\u00f6heren Temperaturen kommt es nicht zu Zersetzungs- oder Reifeverlusten, so dass sie sich f\u00fcr High-End-Anwendungen eignen.<\/p>\n<h4>Geringe Reibung<\/h4>\n<p>Graphit ist von Natur aus glatt. Dadurch wird die Reibung zwischen beweglichen Teilen verringert, was zu h\u00f6herer Leistung und l\u00e4ngerer Lebensdauer f\u00fchrt. Au\u00dferdem erm\u00f6glicht diese Konstruktion ein reibungsloses Funktionieren ohne jeden Widerstand.<\/p>\n<h4>Korrosionsbest\u00e4ndig<\/h4>\n<p>Graphit weist eine hohe Korrosionsbest\u00e4ndigkeit auf. Aus diesem Grund haben Graphitbuchsen eine lange Lebensdauer und hohe Zuverl\u00e4ssigkeit. Diese Lager k\u00f6nnen in nassen, sauren oder salzhaltigen Bedingungen betrieben werden und bleiben bei leichten St\u00f6rungen unver\u00e4ndert.<\/p>\n<h4>Ger\u00e4uscharmer Betrieb<\/h4>\n<p>Durch die Verringerung der Reibung reduziert Graphit auch den L\u00e4rm. Sie tragen dazu bei, dass die Maschinen leise laufen, so dass sie keinen L\u00e4rm erzeugen. In einigen Branchen ist L\u00e4rmschutz extrem wichtig.<\/p>\n<h2>Warum Graphitbuchsen?<\/h2>\n<h4>Reduzierte Wartung<\/h4>\n<p>Da Graphit selbstschmierend ist, m\u00fcssen diese Buchsen seltener gewartet werden. Dadurch werden Ausfallzeiten und Arbeitskosten reduziert.<\/p>\n<h4>Kosteng\u00fcnstig<\/h4>\n<p>Graphitbuchsen bieten in der Regel erweiterte Funktionen und gr\u00f6\u00dfere Vorteile und sind dabei oft preiswerter als andere Materialien. Au\u00dferdem minimieren sie Ihre Wartungskosten, ben\u00f6tigen wenig bis gar keine Hilfsschmierstoffe und haben eine lange Lebensdauer.<\/p>\n<h4>Zuverl\u00e4ssige Leistung<\/h4>\n<p>Graphitbuchsen funktionieren w\u00e4hrend der gesamten Lebensdauer des Lagers auf die gleiche Weise. Vertrauen Sie darauf, dass sie auch unter schwierigen Bedingungen funktionieren, denn sie widerstehen hohen Temperaturen, sind korrosionsbest\u00e4ndig und minimieren die Reibung.<\/p>\n<h2>Anwendungen<\/h2>\n<h4>Autoindustrie<\/h4>\n<p>Graphitbuchsen sind in der Autoindustrie sehr beliebt geworden. Sie werden f\u00fcr Motorteile, Aufh\u00e4ngungssysteme und die Lenkung verwendet. Aus diesem Grund sind sie ein Schl\u00fcsselteil f\u00fcr geeignete Automobilanwendungen, da sie hochtemperaturbest\u00e4ndig und \u00e4u\u00dferst langlebig sind.<\/p>\n<h4>Chemiewerke<\/h4>\n<p>Graphitbuchsen werden in Pumpen, Ventilen und \u00e4hnlichen Ger\u00e4ten in chemischen Anlagen eingesetzt. Diese Korrosionsbest\u00e4ndigkeit ist wichtig in Bereichen, in denen Chemikalien vorkommen. Daher sind sie haltbar genug, um den rauen Bedingungen standzuhalten.<\/p>\n<h4>Luft- und Raumfahrt<\/h4>\n<p>Sie werden auch in der Luft- und Raumfahrtindustrie f\u00fcr stark beanspruchte Komponenten wie Triebwerke, Fahrwerke und andere Teile verwendet, und in der Luftfahrt sind die Leichtigkeit und Hitzebest\u00e4ndigkeit dieser Teile ideal.<\/p>\n<h4>Pumpen und Ventile<\/h4>\n<p>Graphitbuchsen werden h\u00e4ufig in Pumpen und Ventilen zur Reibungsreduzierung eingesetzt. Dies macht sie nicht nur ideal f\u00fcr diese Systeme, da sie keine zus\u00e4tzliche Schmierung ben\u00f6tigen, sondern auch dort, wo die Leistung zuverl\u00e4ssig und gleichm\u00e4\u00dfig sein muss.<\/p>\n<h2>Arten von Graphitbuchsen<\/h2>\n<h4>Bronze-Graphit-Buchsen<\/h4>\n<p>Das hei\u00dft, dass Bronze und Graphit in dieser Art von Buchsen gut kombiniert werden k\u00f6nnen. Das Endprodukt ist ein Material, das hohen Belastungen und rauen Bedingungen standh\u00e4lt. Sie werden in der Regel in schweren Ger\u00e4ten verwendet.<\/p>\n<h4>Kohlenstoff-Graphit-Buchsen<\/h4>\n<p>Wir fertigen Buchsen aus Kohlenstoff <a href=\"https:\/\/jinsuncarbon.com\/de\/was-ist-geformter-graphit\/\">Graphit<\/a> die eine gute Verschlei\u00dffestigkeit und geringe Reibung aufweisen. Sie werden h\u00e4ufig in industriellen Anwendungen eingesetzt, die Z\u00e4higkeit und hohe Leistung erfordern.<\/p>\n<h4>Graphit-Kupfer-Buchsen<\/h4>\n<p>Sie nutzen die stromleitenden Eigenschaften von Kupfer und die schmierfreudigen mechanischen Eigenschaften von Graphit. Daher sind diese Durchf\u00fchrungen am besten f\u00fcr Anwendungen geeignet, die sowohl W\u00e4rmeableitung als auch Selbstschmierung erfordern.<\/p>\n<h4>Impr\u00e4gnierte Graphitbuchsen<\/h4>\n<p>Um ihre Leistung zu verbessern, werden \u00d6l oder andere <a href=\"https:\/\/www.sciencedirect.com\/topics\/earth-and-planetary-sciences\/lubricant#:~:text=A%20lubricant%20is%20a%20substance,operation%20of%20engines%20and%20machinery.\" target=\"_blank\" rel=\"noopener\">Schmiermittel<\/a> sind in diesen Buchsen getr\u00e4nkt. Die Buchsen sind besonders robust und werden h\u00e4ufig in Hochleistungsger\u00e4ten verwendet.<\/p>\n<h2>Vorteile<\/h2>\n<h4>Lange Lebensdauer<\/h4>\n<p>Da Graphit von Natur aus ein selbstschmierendes Material ist, h\u00e4lt die Buchse in der Regel auch l\u00e4nger, wenn sie ordnungsgem\u00e4\u00df eingebaut ist. Sie sind widerstandsf\u00e4hig gegen Verschlei\u00df und Korrosion. Sie widerstehen hohen Temperaturen. Aus diesem Grund haben sie eine l\u00e4ngere Lebensdauer als die meisten anderen Lagerarten.<\/p>\n<h4>Sicherheit<\/h4>\n<p>Graphitbuchsen f\u00fchren zu einer Verringerung von Ausf\u00e4llen in der Anlage. Aufgrund ihrer hohen Temperaturtoleranz und geringen Reibung tragen sie dazu bei, dass in Maschinen alles reibungslos l\u00e4uft und pl\u00f6tzliche Ausf\u00e4lle vermieden werden. Dies macht alle Vorg\u00e4nge sicherer.<\/p>\n<h4>Vielseitigkeit<\/h4>\n<p>Graphitbuchsen haben all diese Eigenschaften und k\u00f6nnen in vielen Industriezweigen eingesetzt werden. Sie sind in der Lage, all Ihre Bed\u00fcrfnisse in der Industrie zu erf\u00fcllen, egal ob Sie zur Automobil-, Luft- und Raumfahrt- oder chemischen Industrie geh\u00f6ren. Dank ihres ma\u00dfgeschneiderten Designs k\u00f6nnen sie f\u00fcr viele Anwendungen hergestellt werden.<\/p>\n<p>&nbsp;<\/p>","protected":false},"excerpt":{"rendered":"<p>Die Graphitbuchse ist eine Art Lagerh\u00fclse aus Graphit als Hauptmaterial. Sie hat viele hervorragende Eigenschaften von Graphitmaterialien, wie Selbstschmierung, hohe Temperaturbest\u00e4ndigkeit, Korrosionsbest\u00e4ndigkeit, geringes Gewicht und hohe W\u00e4rmeleitf\u00e4higkeit. Aufgrund dieser Eigenschaften werden Graphitbuchsen in vielen Industriebereichen eingesetzt.<\/p>","protected":false},"featured_media":6603,"template":"","meta":[],"product_brand":[],"product_cat":[38],"product_tag":[],"class_list":{"0":"post-6600","1":"product","2":"type-product","3":"status-publish","4":"has-post-thumbnail","6":"product_cat-graphite-products","8":"first","9":"instock","10":"shipping-taxable","11":"product-type-simple"},"yoast_head":"<!-- This site is optimized with the Yoast SEO Premium plugin v19.2.1 (Yoast SEO v25.3) - https:\/\/yoast.com\/wordpress\/plugins\/seo\/ -->\n<title>Graphite Bushings Manufacturer | Jinsun Carbon<\/title>\n<meta name=\"description\" content=\"Graphite bushings is a kind of bearing sleeve made of graphite as the main material. It has many excellent properties of graphite materials.\" \/>\n<meta name=\"robots\" content=\"index, follow, max-snippet:-1, max-image-preview:large, max-video-preview:-1\" \/>\n<link rel=\"canonical\" href=\"https:\/\/jinsuncarbon.com\/de\/produkt\/graphitbuchsen\/\" \/>\n<meta property=\"og:locale\" content=\"de_DE\" \/>\n<meta property=\"og:type\" content=\"article\" \/>\n<meta property=\"og:title\" content=\"Graphite Bushings\" \/>\n<meta property=\"og:description\" content=\"Graphite bushings is a kind of bearing sleeve made of graphite as the main material. It has many excellent properties of graphite materials.\" \/>\n<meta property=\"og:url\" content=\"https:\/\/jinsuncarbon.com\/de\/produkt\/graphitbuchsen\/\" \/>\n<meta property=\"og:site_name\" content=\"Jinsun Carbon\" \/>\n<meta property=\"article:publisher\" content=\"https:\/\/www.facebook.com\/Graphite-Electrode-109336238661595\" \/>\n<meta property=\"article:modified_time\" content=\"2024-11-13T15:23:29+00:00\" \/>\n<meta property=\"og:image\" content=\"https:\/\/jinsuncarbon.com\/wp-content\/uploads\/2024\/11\/Graphite-Bushings-.jpg\" \/>\n\t<meta property=\"og:image:width\" content=\"1024\" \/>\n\t<meta property=\"og:image:height\" content=\"763\" \/>\n\t<meta property=\"og:image:type\" content=\"image\/jpeg\" \/>\n<meta name=\"twitter:card\" content=\"summary_large_image\" \/>\n<meta name=\"twitter:site\" content=\"@jinsuncarbon_\" \/>\n<meta name=\"twitter:label1\" content=\"Gesch\u00e4tzte Lesezeit\" \/>\n\t<meta name=\"twitter:data1\" content=\"4\u00a0Minuten\" \/>\n<script type=\"application\/ld+json\" class=\"yoast-schema-graph\">{\"@context\":\"https:\/\/schema.org\",\"@graph\":[{\"@type\":\"WebPage\",\"@id\":\"https:\/\/jinsuncarbon.com\/product\/graphite-bushings\/\",\"url\":\"https:\/\/jinsuncarbon.com\/product\/graphite-bushings\/\",\"name\":\"Graphite Bushings Manufacturer | Jinsun Carbon\",\"isPartOf\":{\"@id\":\"https:\/\/jinsuncarbon.com\/#website\"},\"primaryImageOfPage\":{\"@id\":\"https:\/\/jinsuncarbon.com\/product\/graphite-bushings\/#primaryimage\"},\"image\":{\"@id\":\"https:\/\/jinsuncarbon.com\/product\/graphite-bushings\/#primaryimage\"},\"thumbnailUrl\":\"https:\/\/jinsuncarbon.com\/wp-content\/uploads\/2024\/11\/Graphite-Bushings-.jpg\",\"datePublished\":\"2024-11-13T15:15:13+00:00\",\"dateModified\":\"2024-11-13T15:23:29+00:00\",\"description\":\"Graphite bushings is a kind of bearing sleeve made of graphite as the main material. It has many excellent properties of graphite materials.\",\"breadcrumb\":{\"@id\":\"https:\/\/jinsuncarbon.com\/product\/graphite-bushings\/#breadcrumb\"},\"inLanguage\":\"de\",\"potentialAction\":[{\"@type\":\"ReadAction\",\"target\":[\"https:\/\/jinsuncarbon.com\/product\/graphite-bushings\/\"]}]},{\"@type\":\"ImageObject\",\"inLanguage\":\"de\",\"@id\":\"https:\/\/jinsuncarbon.com\/product\/graphite-bushings\/#primaryimage\",\"url\":\"https:\/\/jinsuncarbon.com\/wp-content\/uploads\/2024\/11\/Graphite-Bushings-.jpg\",\"contentUrl\":\"https:\/\/jinsuncarbon.com\/wp-content\/uploads\/2024\/11\/Graphite-Bushings-.jpg\",\"width\":1024,\"height\":763,\"caption\":\"Graphite Bushings\"},{\"@type\":\"BreadcrumbList\",\"@id\":\"https:\/\/jinsuncarbon.com\/product\/graphite-bushings\/#breadcrumb\",\"itemListElement\":[{\"@type\":\"ListItem\",\"position\":1,\"name\":\"Home\",\"item\":\"https:\/\/jinsuncarbon.com\/\"},{\"@type\":\"ListItem\",\"position\":2,\"name\":\"Products\",\"item\":\"https:\/\/jinsuncarbon.com\/graphite-carbon\/\"},{\"@type\":\"ListItem\",\"position\":3,\"name\":\"Graphite Bushings\"}]},{\"@type\":\"WebSite\",\"@id\":\"https:\/\/jinsuncarbon.com\/#website\",\"url\":\"https:\/\/jinsuncarbon.com\/\",\"name\":\"Jinsun Carbon\",\"description\":\"We are the successful graphite electrode manufacturer in China\",\"publisher\":{\"@id\":\"https:\/\/jinsuncarbon.com\/#organization\"},\"potentialAction\":[{\"@type\":\"SearchAction\",\"target\":{\"@type\":\"EntryPoint\",\"urlTemplate\":\"https:\/\/jinsuncarbon.com\/?s={search_term_string}\"},\"query-input\":{\"@type\":\"PropertyValueSpecification\",\"valueRequired\":true,\"valueName\":\"search_term_string\"}}],\"inLanguage\":\"de\"},{\"@type\":\"Organization\",\"@id\":\"https:\/\/jinsuncarbon.com\/#organization\",\"name\":\"Jinsun Carbon\",\"alternateName\":\"Jinsun Carbon\",\"url\":\"https:\/\/jinsuncarbon.com\/\",\"logo\":{\"@type\":\"ImageObject\",\"inLanguage\":\"de\",\"@id\":\"https:\/\/jinsuncarbon.com\/#\/schema\/logo\/image\/\",\"url\":\"https:\/\/jinsuncarbon.com\/wp-content\/uploads\/2022\/12\/LOGO-1.png\",\"contentUrl\":\"https:\/\/jinsuncarbon.com\/wp-content\/uploads\/2022\/12\/LOGO-1.png\",\"width\":207,\"height\":80,\"caption\":\"Jinsun Carbon\"},\"image\":{\"@id\":\"https:\/\/jinsuncarbon.com\/#\/schema\/logo\/image\/\"},\"sameAs\":[\"https:\/\/www.facebook.com\/Graphite-Electrode-109336238661595\",\"https:\/\/x.com\/jinsuncarbon_\",\"https:\/\/www.linkedin.com\/in\/jinsungraphite\",\"https:\/\/www.youtube.com\/channel\/UCysDNyvyR5-3cCWEmpkVC0g\"]}]}<\/script>\n<!-- \/ Yoast SEO Premium plugin. -->","yoast_head_json":{"title":"Graphitbuchsen Hersteller | Jinsun Carbon","description":"Graphitbuchsen sind eine Art Lagerh\u00fclse, die aus Graphit als Hauptmaterial besteht. Sie hat viele hervorragende Eigenschaften von Graphitmaterialien.","robots":{"index":"index","follow":"follow","max-snippet":"max-snippet:-1","max-image-preview":"max-image-preview:large","max-video-preview":"max-video-preview:-1"},"canonical":"https:\/\/jinsuncarbon.com\/de\/produkt\/graphitbuchsen\/","og_locale":"de_DE","og_type":"article","og_title":"Graphite Bushings","og_description":"Graphite bushings is a kind of bearing sleeve made of graphite as the main material. It has many excellent properties of graphite materials.","og_url":"https:\/\/jinsuncarbon.com\/de\/produkt\/graphitbuchsen\/","og_site_name":"Jinsun Carbon","article_publisher":"https:\/\/www.facebook.com\/Graphite-Electrode-109336238661595","article_modified_time":"2024-11-13T15:23:29+00:00","og_image":[{"width":1024,"height":763,"url":"https:\/\/jinsuncarbon.com\/wp-content\/uploads\/2024\/11\/Graphite-Bushings-.jpg","type":"image\/jpeg"}],"twitter_card":"summary_large_image","twitter_site":"@jinsuncarbon_","twitter_misc":{"Gesch\u00e4tzte Lesezeit":"4\u00a0Minuten"},"schema":{"@context":"https:\/\/schema.org","@graph":[{"@type":"WebPage","@id":"https:\/\/jinsuncarbon.com\/product\/graphite-bushings\/","url":"https:\/\/jinsuncarbon.com\/product\/graphite-bushings\/","name":"Graphitbuchsen Hersteller | Jinsun Carbon","isPartOf":{"@id":"https:\/\/jinsuncarbon.com\/#website"},"primaryImageOfPage":{"@id":"https:\/\/jinsuncarbon.com\/product\/graphite-bushings\/#primaryimage"},"image":{"@id":"https:\/\/jinsuncarbon.com\/product\/graphite-bushings\/#primaryimage"},"thumbnailUrl":"https:\/\/jinsuncarbon.com\/wp-content\/uploads\/2024\/11\/Graphite-Bushings-.jpg","datePublished":"2024-11-13T15:15:13+00:00","dateModified":"2024-11-13T15:23:29+00:00","description":"Graphitbuchsen sind eine Art Lagerh\u00fclse, die aus Graphit als Hauptmaterial besteht. Sie hat viele hervorragende Eigenschaften von Graphitmaterialien.","breadcrumb":{"@id":"https:\/\/jinsuncarbon.com\/product\/graphite-bushings\/#breadcrumb"},"inLanguage":"de","potentialAction":[{"@type":"ReadAction","target":["https:\/\/jinsuncarbon.com\/product\/graphite-bushings\/"]}]},{"@type":"ImageObject","inLanguage":"de","@id":"https:\/\/jinsuncarbon.com\/product\/graphite-bushings\/#primaryimage","url":"https:\/\/jinsuncarbon.com\/wp-content\/uploads\/2024\/11\/Graphite-Bushings-.jpg","contentUrl":"https:\/\/jinsuncarbon.com\/wp-content\/uploads\/2024\/11\/Graphite-Bushings-.jpg","width":1024,"height":763,"caption":"Graphite Bushings"},{"@type":"BreadcrumbList","@id":"https:\/\/jinsuncarbon.com\/product\/graphite-bushings\/#breadcrumb","itemListElement":[{"@type":"ListItem","position":1,"name":"Home","item":"https:\/\/jinsuncarbon.com\/"},{"@type":"ListItem","position":2,"name":"Products","item":"https:\/\/jinsuncarbon.com\/graphite-carbon\/"},{"@type":"ListItem","position":3,"name":"Graphite Bushings"}]},{"@type":"WebSite","@id":"https:\/\/jinsuncarbon.com\/#website","url":"https:\/\/jinsuncarbon.com\/","name":"Jinsun Kohlenstoff","description":"Wir sind der erfolgreiche Hersteller von Graphitelektroden in China","publisher":{"@id":"https:\/\/jinsuncarbon.com\/#organization"},"potentialAction":[{"@type":"SearchAction","target":{"@type":"EntryPoint","urlTemplate":"https:\/\/jinsuncarbon.com\/?s={search_term_string}"},"query-input":{"@type":"PropertyValueSpecification","valueRequired":true,"valueName":"search_term_string"}}],"inLanguage":"de"},{"@type":"Organization","@id":"https:\/\/jinsuncarbon.com\/#organization","name":"Jinsun Kohlenstoff","alternateName":"Jinsun Carbon","url":"https:\/\/jinsuncarbon.com\/","logo":{"@type":"ImageObject","inLanguage":"de","@id":"https:\/\/jinsuncarbon.com\/#\/schema\/logo\/image\/","url":"https:\/\/jinsuncarbon.com\/wp-content\/uploads\/2022\/12\/LOGO-1.png","contentUrl":"https:\/\/jinsuncarbon.com\/wp-content\/uploads\/2022\/12\/LOGO-1.png","width":207,"height":80,"caption":"Jinsun Carbon"},"image":{"@id":"https:\/\/jinsuncarbon.com\/#\/schema\/logo\/image\/"},"sameAs":["https:\/\/www.facebook.com\/Graphite-Electrode-109336238661595","https:\/\/x.com\/jinsuncarbon_","https:\/\/www.linkedin.com\/in\/jinsungraphite","https:\/\/www.youtube.com\/channel\/UCysDNyvyR5-3cCWEmpkVC0g"]}]}},"_links":{"self":[{"href":"https:\/\/jinsuncarbon.com\/de\/wp-json\/wp\/v2\/product\/6600","targetHints":{"allow":["GET"]}}],"collection":[{"href":"https:\/\/jinsuncarbon.com\/de\/wp-json\/wp\/v2\/product"}],"about":[{"href":"https:\/\/jinsuncarbon.com\/de\/wp-json\/wp\/v2\/types\/product"}],"wp:featuredmedia":[{"embeddable":true,"href":"https:\/\/jinsuncarbon.com\/de\/wp-json\/wp\/v2\/media\/6603"}],"wp:attachment":[{"href":"https:\/\/jinsuncarbon.com\/de\/wp-json\/wp\/v2\/media?parent=6600"}],"wp:term":[{"taxonomy":"product_brand","embeddable":true,"href":"https:\/\/jinsuncarbon.com\/de\/wp-json\/wp\/v2\/product_brand?post=6600"},{"taxonomy":"product_cat","embeddable":true,"href":"https:\/\/jinsuncarbon.com\/de\/wp-json\/wp\/v2\/product_cat?post=6600"},{"taxonomy":"product_tag","embeddable":true,"href":"https:\/\/jinsuncarbon.com\/de\/wp-json\/wp\/v2\/product_tag?post=6600"}],"curies":[{"name":"wp","href":"https:\/\/api.w.org\/{rel}","templated":true}]}}