{"id":6578,"date":"2024-11-10T11:38:01","date_gmt":"2024-11-10T11:38:01","guid":{"rendered":"https:\/\/jinsuncarbon.com\/?post_type=product&#038;p=6578"},"modified":"2025-01-15T07:20:24","modified_gmt":"2025-01-15T07:20:24","slug":"graphitring","status":"publish","type":"product","link":"https:\/\/jinsuncarbon.com\/de\/produkt\/graphitring\/","title":{"rendered":"Graphit-Ring"},"content":{"rendered":"<h2>Was sind Graphit-Ringe?<\/h2>\n<p>Graphitringe sind wichtige \u00dcbertragungskomponenten f\u00fcr viele industrielle Anwendungen. Sie werden aus hochfesten, stabilen Kohlenstoffgraphitmaterialien hergestellt. Meistens werden diese Ringe verwendet, um dichte Dichtungen in verschiedenen Arten von Maschinen zu bilden. Dadurch k\u00f6nnen sie extremen Temperaturen und Druck standhalten und eignen sich daher gut f\u00fcr den Einsatz in anspruchsvollen Umgebungen.<\/p>\n<h2>Typen<\/h2>\n<h3>Ringe aus reinem Graphit<\/h3>\n<p>Der Graphit 100% liefert uns Ringe aus reinem Graphit. Sie sind sehr widerstandsf\u00e4hig gegen Chemikalien und Hitze. Verwenden Sie diese Ringe, wenn Sie den h\u00f6chsten Reinheitsgrad ben\u00f6tigen.<\/p>\n<h3>Ringe aus expandiertem Graphit<\/h3>\n<p>Leichte und flexible Ringe aus expandiertem Graphit. Sie entstehen durch die Expansion von <a href=\"https:\/\/jinsuncarbon.com\/de\/produkt\/graphite-flakes\/\">Graphitflocken<\/a>. Diese Form ist ideal f\u00fcr Versiegelungen, die Temperaturschwankungen ausgesetzt sind.<\/p>\n<h3>Flexible Graphit-Ringe<\/h3>\n<p>Sie k\u00f6nnen sich leicht an die Oberfl\u00e4che anpassen und dabei ihr gesamtes Drehmoment \u00fcbertragen. Diese Art von Dichtung ist dicht und reagiert auf Temperatur\u00e4nderungen. Dadurch sind sie f\u00fcr komplexe Systeme geeignet.<\/p>\n<h3>Gesenkgeformte Graphit-Ringe<\/h3>\n<p>Durch Hochdruckverdichtung von Graphit entstehen die gesenkgeformten Ringe. W\u00e4hrend dieses Prozesses werden sie perfekt geformt und dimensioniert. Sie sind f\u00fcr pr\u00e4zise Dichtungsanwendungen von Vorteil.<\/p>\n<p>&nbsp;<\/p>\n<figure id=\"attachment_6728\" aria-describedby=\"caption-attachment-6728\" style=\"width: 2404px\" class=\"wp-caption alignnone\"><img fetchpriority=\"high\" decoding=\"async\" class=\"wp-image-6728 size-full\" src=\"https:\/\/jinsuncarbon.com\/wp-content\/uploads\/2024\/11\/High-Purity-Graphite-Seal-Ring-Flexible-graphite-packing-ringGraphite-gasket-ringReinforced-Graphite-Seal-Ring.jpg\" alt=\"Dichtungsring aus hochreinem Graphit |Flexibler Graphitdichtungsring|Graphitdichtungsring|Verst\u00e4rkter Graphitdichtungsring\" width=\"2404\" height=\"873\" srcset=\"https:\/\/jinsuncarbon.com\/wp-content\/uploads\/2024\/11\/High-Purity-Graphite-Seal-Ring-Flexible-graphite-packing-ringGraphite-gasket-ringReinforced-Graphite-Seal-Ring.jpg 2404w, https:\/\/jinsuncarbon.com\/wp-content\/uploads\/2024\/11\/High-Purity-Graphite-Seal-Ring-Flexible-graphite-packing-ringGraphite-gasket-ringReinforced-Graphite-Seal-Ring-300x109.jpg 300w, https:\/\/jinsuncarbon.com\/wp-content\/uploads\/2024\/11\/High-Purity-Graphite-Seal-Ring-Flexible-graphite-packing-ringGraphite-gasket-ringReinforced-Graphite-Seal-Ring-1024x372.jpg 1024w, https:\/\/jinsuncarbon.com\/wp-content\/uploads\/2024\/11\/High-Purity-Graphite-Seal-Ring-Flexible-graphite-packing-ringGraphite-gasket-ringReinforced-Graphite-Seal-Ring-768x279.jpg 768w, https:\/\/jinsuncarbon.com\/wp-content\/uploads\/2024\/11\/High-Purity-Graphite-Seal-Ring-Flexible-graphite-packing-ringGraphite-gasket-ringReinforced-Graphite-Seal-Ring-1536x558.jpg 1536w, https:\/\/jinsuncarbon.com\/wp-content\/uploads\/2024\/11\/High-Purity-Graphite-Seal-Ring-Flexible-graphite-packing-ringGraphite-gasket-ringReinforced-Graphite-Seal-Ring-2048x744.jpg 2048w, https:\/\/jinsuncarbon.com\/wp-content\/uploads\/2024\/11\/High-Purity-Graphite-Seal-Ring-Flexible-graphite-packing-ringGraphite-gasket-ringReinforced-Graphite-Seal-Ring-18x7.jpg 18w, https:\/\/jinsuncarbon.com\/wp-content\/uploads\/2024\/11\/High-Purity-Graphite-Seal-Ring-Flexible-graphite-packing-ringGraphite-gasket-ringReinforced-Graphite-Seal-Ring-600x218.jpg 600w\" sizes=\"(max-width: 2404px) 100vw, 2404px\" \/><figcaption id=\"caption-attachment-6728\" class=\"wp-caption-text\">Hochreiner Graphitdichtring | Flexibler Graphitdichtring | Verst\u00e4rkter Graphitdichtring<\/figcaption><\/figure>\n<p>&nbsp;<\/p>\n<h2>Eigenschaften<\/h2>\n<h3>Hohe Hitzebest\u00e4ndigkeit<\/h3>\n<p>Graphitringe f\u00fcr hohe Temperaturen bis zu 2300 Grad Celsius. Sie brennen auch bei hohen Temperaturen nicht. Sie schmelzen nicht weg und verlieren nicht an Festigkeit.<\/p>\n<h3>Gute chemische Best\u00e4ndigkeit<\/h3>\n<p>Viele Chemikalien werden von Graphitringen nicht beeintr\u00e4chtigt. Sie werden auch in Gegenwart von S\u00e4uren und Laugen nicht abgebaut. Diese Eigenschaft sorgt f\u00fcr eine gute Leistung in der rauen Chemie.<\/p>\n<h3>Selbstschmierung<\/h3>\n<p>Graphitringe sind selbstschmierend. Ohne dass eine zus\u00e4tzliche Schmierung erforderlich ist, k\u00f6nnen sie den Verschlei\u00df verringern. Das spart Zeit und M\u00fche.<\/p>\n<h3>Geringe Reibung<\/h3>\n<p>Der vierte Punkt ist die geringe Reibung, was ziemlich offensichtlich erscheint. Diese Ringe reduzieren die Energieverluste, die in den beweglichen Komponenten wahrgenommen werden. Dies hilft bei der Nutzung der Effizienz.<\/p>\n<h3>Flexibilit\u00e4t<\/h3>\n<p>Graphitringe sind flexibel. Sie k\u00f6nnen sich um kleine Stellen legen und sind an verschiedene Oberfl\u00e4chen anpassbar. Das sorgt f\u00fcr eine gute Abdichtung.<\/p>\n<h2>Verwendungszwecke von Graphit-Ringen<\/h2>\n<h3>Abdichtung in Ventilen<\/h3>\n<p>Graphitringe als Dichtungen der Ventile. Diese erm\u00f6glichen nur eine dichte Blockierung von Leckagen. Sie finden sich h\u00e4ufig in Hochtemperatur-Ventilanwendungen.<\/p>\n<h3>Pumpen<\/h3>\n<p>Sie werden auch h\u00e4ufig in Pumpen verwendet. Es ist eine gute Passform mit beweglichen Teilen, wegen der<a href=\"https:\/\/jinsuncarbon.com\/de\/produkt\/graphitmaterial\/\"> Graphitmaterial<\/a>. Dies minimiert die Reibung und sorgt f\u00fcr einen reibungslosen Betrieb der Pumpe.<\/p>\n<h3>Rotierende Ausr\u00fcstung<\/h3>\n<p>Graphitringe werden am h\u00e4ufigsten f\u00fcr rotierende Ger\u00e4te verwendet. Sie dichten auch bei beweglichen Teilen dicht ab. Daher sind sie f\u00fcr Kompressoren und Turbinen geeignet.<\/p>\n<h3>W\u00e4rmetauscher<\/h3>\n<p>W\u00e4rmetauscher, bei denen die Dichtungen besonders bei hohen Temperaturen und Dr\u00fccken zuverl\u00e4ssig sein m\u00fcssen. Diese Bedingungen werden mit Hilfe von Graphitringen aufrecht erhalten. Sie haben eine gute Hitzebest\u00e4ndigkeit und sind flexibel in der Anpassung.<\/p>\n<p>&nbsp;<\/p>\n<h2>Vorteile<\/h2>\n<h3>Temperaturtoleranz<\/h3>\n<p>Graphitringe k\u00f6nnen extrem niedrigen und extrem hohen Temperaturen standhalten. Das macht sie ideal f\u00fcr eine Vielzahl von industriellen Anwendungen. Sie k\u00f6nnen bei jedem Wetter eingesetzt werden.<\/p>\n<h3>Chemische Vertr\u00e4glichkeit<\/h3>\n<p>Das bedeutet, dass Graphitringe mit einer breiten Palette von Materialien kompatibel sind. Aus diesem Grund sollten sie keine sch\u00e4dlichen Wechselwirkungen mit den meisten Industriefl\u00fcssigkeiten aufweisen. Sie k\u00f6nnen in fast jeder Umgebung bedenkenlos eingesetzt werden.<\/p>\n<h3>Dauerhaftigkeit<\/h3>\n<p>Graphitringe haben Ausdauer. Sie sind in der Lage, sich unter hohem Druck und widrigen Bedingungen zu bew\u00e4hren. Das bedeutet, dass Sie sie nicht so oft austauschen m\u00fcssen, was auf lange Sicht kosteng\u00fcnstig ist.<\/p>\n<h3>Anpassungsf\u00e4higkeit<\/h3>\n<p>Diese Ringe sind sehr vielseitig einsetzbar. Sie eignen sich f\u00fcr eine Reihe von verschiedenen Arten von Ger\u00e4ten. Diese Graphitringe k\u00f6nnen f\u00fcr bestimmte Aufgaben ma\u00dfgeschneidert werden, egal ob es sich um eine Pumpe, ein Ventil oder ein Spinnrad handelt.<\/p>\n<h3>Geringe Wartung<\/h3>\n<p>Was die Wartung anbelangt, so ben\u00f6tigen Graphitringe wenig bis gar keine Wartung. Sie halten die Kraft f\u00fcr <a href=\"https:\/\/www.merriam-webster.com\/dictionary\/self-lubricating\" target=\"_blank\" rel=\"noopener\">selbstschmierend<\/a>und ben\u00f6tigen daher nur sehr wenig Wartung. So k\u00f6nnen Sie Zeit und Energie sparen.<\/p>","protected":false},"excerpt":{"rendered":"<p>Der Graphitring ist ein hochtemperaturbest\u00e4ndiges, ringf\u00f6rmiges Graphitmaterial, das in verschiedenen Gr\u00f6\u00dfen verarbeitet werden kann. Seine Vorteile sind selbstschmierend, korrosionsbest\u00e4ndig und leicht zu verarbeiten. Jinsun Kohlenstoff-Graphit-Ringe sind von verschiedenen Arten, ob es Graphit Dichtungsring, Graphit Dichtungsring, oder Graphit Dichtungsring ist. Diese Ringe k\u00f6nnen Ihre verschiedenen industriellen Anforderungen erf\u00fcllen.<\/p>","protected":false},"featured_media":6585,"template":"","meta":[],"product_brand":[],"product_cat":[38],"product_tag":[],"class_list":{"0":"post-6578","1":"product","2":"type-product","3":"status-publish","4":"has-post-thumbnail","6":"product_cat-graphite-products","8":"first","9":"instock","10":"shipping-taxable","11":"product-type-simple"},"yoast_head":"<!-- This site is optimized with the Yoast SEO Premium plugin v19.2.1 (Yoast SEO v25.3) - https:\/\/yoast.com\/wordpress\/plugins\/seo\/ -->\n<title>Graphite Ring Manufacturer | Jinsun Carbon<\/title>\n<meta name=\"description\" content=\"Graphite ring is a high temperature resistant ring-shaped graphite material that can be processed into different sizes.\" \/>\n<meta name=\"robots\" content=\"index, follow, max-snippet:-1, max-image-preview:large, max-video-preview:-1\" \/>\n<link rel=\"canonical\" href=\"https:\/\/jinsuncarbon.com\/de\/produkt\/graphitring\/\" \/>\n<meta property=\"og:locale\" content=\"de_DE\" \/>\n<meta property=\"og:type\" content=\"article\" \/>\n<meta property=\"og:title\" content=\"Graphite Ring\" \/>\n<meta property=\"og:description\" content=\"Graphite ring is a high temperature resistant ring-shaped graphite material that can be processed into different sizes.\" \/>\n<meta property=\"og:url\" content=\"https:\/\/jinsuncarbon.com\/de\/produkt\/graphitring\/\" \/>\n<meta property=\"og:site_name\" content=\"Jinsun Carbon\" \/>\n<meta property=\"article:publisher\" content=\"https:\/\/www.facebook.com\/Graphite-Electrode-109336238661595\" \/>\n<meta property=\"article:modified_time\" content=\"2025-01-15T07:20:24+00:00\" \/>\n<meta property=\"og:image\" content=\"https:\/\/jinsuncarbon.com\/wp-content\/uploads\/2024\/11\/Graphite-Ring.jpg\" \/>\n\t<meta property=\"og:image:width\" content=\"1024\" \/>\n\t<meta property=\"og:image:height\" content=\"763\" \/>\n\t<meta property=\"og:image:type\" content=\"image\/jpeg\" \/>\n<meta name=\"twitter:card\" content=\"summary_large_image\" \/>\n<meta name=\"twitter:site\" content=\"@jinsuncarbon_\" \/>\n<meta name=\"twitter:label1\" content=\"Gesch\u00e4tzte Lesezeit\" \/>\n\t<meta name=\"twitter:data1\" content=\"4\u00a0Minuten\" \/>\n<script type=\"application\/ld+json\" class=\"yoast-schema-graph\">{\"@context\":\"https:\/\/schema.org\",\"@graph\":[{\"@type\":\"WebPage\",\"@id\":\"https:\/\/jinsuncarbon.com\/product\/graphite-ring\/\",\"url\":\"https:\/\/jinsuncarbon.com\/product\/graphite-ring\/\",\"name\":\"Graphite Ring Manufacturer | Jinsun Carbon\",\"isPartOf\":{\"@id\":\"https:\/\/jinsuncarbon.com\/#website\"},\"primaryImageOfPage\":{\"@id\":\"https:\/\/jinsuncarbon.com\/product\/graphite-ring\/#primaryimage\"},\"image\":{\"@id\":\"https:\/\/jinsuncarbon.com\/product\/graphite-ring\/#primaryimage\"},\"thumbnailUrl\":\"https:\/\/jinsuncarbon.com\/wp-content\/uploads\/2024\/11\/Graphite-Ring.jpg\",\"datePublished\":\"2024-11-10T11:38:01+00:00\",\"dateModified\":\"2025-01-15T07:20:24+00:00\",\"description\":\"Graphite ring is a high temperature resistant ring-shaped graphite material that can be processed into different sizes.\",\"breadcrumb\":{\"@id\":\"https:\/\/jinsuncarbon.com\/product\/graphite-ring\/#breadcrumb\"},\"inLanguage\":\"de\",\"potentialAction\":[{\"@type\":\"ReadAction\",\"target\":[\"https:\/\/jinsuncarbon.com\/product\/graphite-ring\/\"]}]},{\"@type\":\"ImageObject\",\"inLanguage\":\"de\",\"@id\":\"https:\/\/jinsuncarbon.com\/product\/graphite-ring\/#primaryimage\",\"url\":\"https:\/\/jinsuncarbon.com\/wp-content\/uploads\/2024\/11\/Graphite-Ring.jpg\",\"contentUrl\":\"https:\/\/jinsuncarbon.com\/wp-content\/uploads\/2024\/11\/Graphite-Ring.jpg\",\"width\":1024,\"height\":763,\"caption\":\"graphite ring manufacturer\"},{\"@type\":\"BreadcrumbList\",\"@id\":\"https:\/\/jinsuncarbon.com\/product\/graphite-ring\/#breadcrumb\",\"itemListElement\":[{\"@type\":\"ListItem\",\"position\":1,\"name\":\"Home\",\"item\":\"https:\/\/jinsuncarbon.com\/\"},{\"@type\":\"ListItem\",\"position\":2,\"name\":\"Products\",\"item\":\"https:\/\/jinsuncarbon.com\/graphite-carbon\/\"},{\"@type\":\"ListItem\",\"position\":3,\"name\":\"Graphite Ring\"}]},{\"@type\":\"WebSite\",\"@id\":\"https:\/\/jinsuncarbon.com\/#website\",\"url\":\"https:\/\/jinsuncarbon.com\/\",\"name\":\"Jinsun Carbon\",\"description\":\"We are the successful graphite electrode manufacturer in China\",\"publisher\":{\"@id\":\"https:\/\/jinsuncarbon.com\/#organization\"},\"potentialAction\":[{\"@type\":\"SearchAction\",\"target\":{\"@type\":\"EntryPoint\",\"urlTemplate\":\"https:\/\/jinsuncarbon.com\/?s={search_term_string}\"},\"query-input\":{\"@type\":\"PropertyValueSpecification\",\"valueRequired\":true,\"valueName\":\"search_term_string\"}}],\"inLanguage\":\"de\"},{\"@type\":\"Organization\",\"@id\":\"https:\/\/jinsuncarbon.com\/#organization\",\"name\":\"Jinsun Carbon\",\"alternateName\":\"Jinsun Carbon\",\"url\":\"https:\/\/jinsuncarbon.com\/\",\"logo\":{\"@type\":\"ImageObject\",\"inLanguage\":\"de\",\"@id\":\"https:\/\/jinsuncarbon.com\/#\/schema\/logo\/image\/\",\"url\":\"https:\/\/jinsuncarbon.com\/wp-content\/uploads\/2022\/12\/LOGO-1.png\",\"contentUrl\":\"https:\/\/jinsuncarbon.com\/wp-content\/uploads\/2022\/12\/LOGO-1.png\",\"width\":207,\"height\":80,\"caption\":\"Jinsun Carbon\"},\"image\":{\"@id\":\"https:\/\/jinsuncarbon.com\/#\/schema\/logo\/image\/\"},\"sameAs\":[\"https:\/\/www.facebook.com\/Graphite-Electrode-109336238661595\",\"https:\/\/x.com\/jinsuncarbon_\",\"https:\/\/www.linkedin.com\/in\/jinsungraphite\",\"https:\/\/www.youtube.com\/channel\/UCysDNyvyR5-3cCWEmpkVC0g\"]}]}<\/script>\n<!-- \/ Yoast SEO Premium plugin. -->","yoast_head_json":{"title":"Graphitring Hersteller | Jinsun Carbon","description":"Graphitring ist ein hochtemperaturbest\u00e4ndiges, ringf\u00f6rmiges Graphitmaterial, das in verschiedenen Gr\u00f6\u00dfen verarbeitet werden kann.","robots":{"index":"index","follow":"follow","max-snippet":"max-snippet:-1","max-image-preview":"max-image-preview:large","max-video-preview":"max-video-preview:-1"},"canonical":"https:\/\/jinsuncarbon.com\/de\/produkt\/graphitring\/","og_locale":"de_DE","og_type":"article","og_title":"Graphite Ring","og_description":"Graphite ring is a high temperature resistant ring-shaped graphite material that can be processed into different sizes.","og_url":"https:\/\/jinsuncarbon.com\/de\/produkt\/graphitring\/","og_site_name":"Jinsun Carbon","article_publisher":"https:\/\/www.facebook.com\/Graphite-Electrode-109336238661595","article_modified_time":"2025-01-15T07:20:24+00:00","og_image":[{"width":1024,"height":763,"url":"https:\/\/jinsuncarbon.com\/wp-content\/uploads\/2024\/11\/Graphite-Ring.jpg","type":"image\/jpeg"}],"twitter_card":"summary_large_image","twitter_site":"@jinsuncarbon_","twitter_misc":{"Gesch\u00e4tzte Lesezeit":"4\u00a0Minuten"},"schema":{"@context":"https:\/\/schema.org","@graph":[{"@type":"WebPage","@id":"https:\/\/jinsuncarbon.com\/product\/graphite-ring\/","url":"https:\/\/jinsuncarbon.com\/product\/graphite-ring\/","name":"Graphitring Hersteller | Jinsun Carbon","isPartOf":{"@id":"https:\/\/jinsuncarbon.com\/#website"},"primaryImageOfPage":{"@id":"https:\/\/jinsuncarbon.com\/product\/graphite-ring\/#primaryimage"},"image":{"@id":"https:\/\/jinsuncarbon.com\/product\/graphite-ring\/#primaryimage"},"thumbnailUrl":"https:\/\/jinsuncarbon.com\/wp-content\/uploads\/2024\/11\/Graphite-Ring.jpg","datePublished":"2024-11-10T11:38:01+00:00","dateModified":"2025-01-15T07:20:24+00:00","description":"Graphitring ist ein hochtemperaturbest\u00e4ndiges, ringf\u00f6rmiges Graphitmaterial, das in verschiedenen Gr\u00f6\u00dfen verarbeitet werden kann.","breadcrumb":{"@id":"https:\/\/jinsuncarbon.com\/product\/graphite-ring\/#breadcrumb"},"inLanguage":"de","potentialAction":[{"@type":"ReadAction","target":["https:\/\/jinsuncarbon.com\/product\/graphite-ring\/"]}]},{"@type":"ImageObject","inLanguage":"de","@id":"https:\/\/jinsuncarbon.com\/product\/graphite-ring\/#primaryimage","url":"https:\/\/jinsuncarbon.com\/wp-content\/uploads\/2024\/11\/Graphite-Ring.jpg","contentUrl":"https:\/\/jinsuncarbon.com\/wp-content\/uploads\/2024\/11\/Graphite-Ring.jpg","width":1024,"height":763,"caption":"graphite ring manufacturer"},{"@type":"BreadcrumbList","@id":"https:\/\/jinsuncarbon.com\/product\/graphite-ring\/#breadcrumb","itemListElement":[{"@type":"ListItem","position":1,"name":"Home","item":"https:\/\/jinsuncarbon.com\/"},{"@type":"ListItem","position":2,"name":"Products","item":"https:\/\/jinsuncarbon.com\/graphite-carbon\/"},{"@type":"ListItem","position":3,"name":"Graphite Ring"}]},{"@type":"WebSite","@id":"https:\/\/jinsuncarbon.com\/#website","url":"https:\/\/jinsuncarbon.com\/","name":"Jinsun Kohlenstoff","description":"Wir sind der erfolgreiche Hersteller von Graphitelektroden in China","publisher":{"@id":"https:\/\/jinsuncarbon.com\/#organization"},"potentialAction":[{"@type":"SearchAction","target":{"@type":"EntryPoint","urlTemplate":"https:\/\/jinsuncarbon.com\/?s={search_term_string}"},"query-input":{"@type":"PropertyValueSpecification","valueRequired":true,"valueName":"search_term_string"}}],"inLanguage":"de"},{"@type":"Organization","@id":"https:\/\/jinsuncarbon.com\/#organization","name":"Jinsun Kohlenstoff","alternateName":"Jinsun Carbon","url":"https:\/\/jinsuncarbon.com\/","logo":{"@type":"ImageObject","inLanguage":"de","@id":"https:\/\/jinsuncarbon.com\/#\/schema\/logo\/image\/","url":"https:\/\/jinsuncarbon.com\/wp-content\/uploads\/2022\/12\/LOGO-1.png","contentUrl":"https:\/\/jinsuncarbon.com\/wp-content\/uploads\/2022\/12\/LOGO-1.png","width":207,"height":80,"caption":"Jinsun Carbon"},"image":{"@id":"https:\/\/jinsuncarbon.com\/#\/schema\/logo\/image\/"},"sameAs":["https:\/\/www.facebook.com\/Graphite-Electrode-109336238661595","https:\/\/x.com\/jinsuncarbon_","https:\/\/www.linkedin.com\/in\/jinsungraphite","https:\/\/www.youtube.com\/channel\/UCysDNyvyR5-3cCWEmpkVC0g"]}]}},"_links":{"self":[{"href":"https:\/\/jinsuncarbon.com\/de\/wp-json\/wp\/v2\/product\/6578","targetHints":{"allow":["GET"]}}],"collection":[{"href":"https:\/\/jinsuncarbon.com\/de\/wp-json\/wp\/v2\/product"}],"about":[{"href":"https:\/\/jinsuncarbon.com\/de\/wp-json\/wp\/v2\/types\/product"}],"wp:featuredmedia":[{"embeddable":true,"href":"https:\/\/jinsuncarbon.com\/de\/wp-json\/wp\/v2\/media\/6585"}],"wp:attachment":[{"href":"https:\/\/jinsuncarbon.com\/de\/wp-json\/wp\/v2\/media?parent=6578"}],"wp:term":[{"taxonomy":"product_brand","embeddable":true,"href":"https:\/\/jinsuncarbon.com\/de\/wp-json\/wp\/v2\/product_brand?post=6578"},{"taxonomy":"product_cat","embeddable":true,"href":"https:\/\/jinsuncarbon.com\/de\/wp-json\/wp\/v2\/product_cat?post=6578"},{"taxonomy":"product_tag","embeddable":true,"href":"https:\/\/jinsuncarbon.com\/de\/wp-json\/wp\/v2\/product_tag?post=6578"}],"curies":[{"name":"wp","href":"https:\/\/api.w.org\/{rel}","templated":true}]}}