{"id":6554,"date":"2024-11-07T13:17:13","date_gmt":"2024-11-07T13:17:13","guid":{"rendered":"https:\/\/jinsuncarbon.com\/?post_type=product&#038;p=6554"},"modified":"2025-01-02T10:01:28","modified_gmt":"2025-01-02T10:01:28","slug":"graphitmaterial","status":"publish","type":"product","link":"https:\/\/jinsuncarbon.com\/de\/produkt\/graphitmaterial\/","title":{"rendered":"Graphit Werkstoff"},"content":{"rendered":"<h2>Was ist Graphitmaterial?<strong>?<\/strong><\/h2>\n<p>Graphit ist eine Art von Kohlenstoff, der f\u00fcr verschiedene Anwendungen genutzt wird. Es handelt sich um einen nat\u00fcrlichen Rohstoff von einzigartiger Zusammensetzung, der f\u00fcr verschiedene Zwecke verwendet werden kann. Die Struktur von Graphit ist charakteristisch und bestimmt seine Eigenschaften. Im Vergleich zu anderen Materialien ist es sehr weich und hat eine besondere H\u00e4rte. Vereinfacht ausgedr\u00fcckt, handelt es sich um Kohlenstoffatome in Form von Schichten. Graphit besteht aus gestapelten Schichten, in denen die Atome in Sechsecken angeordnet sind. Das liegt daran, dass diese Schichten \u00fcbereinander gleiten k\u00f6nnen, was dazu beitr\u00e4gt, dass Graphit seine Eigenschaften als Schmiermittel hat. Die Dichte von Graphit variiert je nach Sorte und Art des Graphits. Es gibt verschiedene Graphitsorten, die f\u00fcr bestimmte Anwendungen geeignet sind und auch bestimmte Eigenschaften aufweisen.<\/p>\n<h2>Eigenschaften<\/h2>\n<p><strong>Hohe elektrische Leitf\u00e4higkeit<\/strong><\/p>\n<p>Es ist ein hervorragender Leiter f\u00fcr Elektrizit\u00e4t und W\u00e4rme. In vielen Anwendungen (z. B. dort, wo elektrische Str\u00f6me ben\u00f6tigt werden) ist seine Verwendung weit verbreitet. Aufgrund seiner Beschaffenheit ist er ein guter elektrischer Leiter. Die Struktur von Graphit ist so beschaffen, dass sich die Elektronen frei bewegen k\u00f6nnen, und deshalb leitet es den Strom so gut.<\/p>\n<p><strong>Ausgezeichnete Hitzebest\u00e4ndigkeit<\/strong><\/p>\n<p>Graphit kann extrem hohen Temperaturen widerstehen. Das macht es so hilfreich f\u00fcr einen sehr gro\u00dfen Markt, vor allem in Bereichen, in denen die Hitzebest\u00e4ndigkeit von Bedeutung ist. Dar\u00fcber hinaus werden Sie erstaunt sein, welche Einsatzm\u00f6glichkeiten es in Umgebungen gibt, in denen Hitze andere Materialien zum Schmelzen bringen w\u00fcrde. Um zu Elektroden geformt zu werden, wird es mit einem Bindemittel und zerkleinerter Kohle kombiniert, um Risse bei hohen Temperaturen zu verhindern.<\/p>\n<p><strong>Schmierungseigenschaften<\/strong><\/p>\n<p>Graphit ist auch ein nat\u00fcrliches Schmiermittel. Die Atomschichten in Graphit sind in der Lage, \u00fcbereinander zu gleiten, da die \u00dcberlappung zwischen den Valenzelektronenverbindungen gering ist. Diese Eigenschaft ist vor allem in Industriezweigen, in denen die Reibung verringert werden muss, sehr effektiv. Biodiesel wird h\u00e4ufig in Maschinen verwendet, um Teile zu schmieren, damit sie sich reibungslos bewegen.<\/p>\n<p><strong>Chemische Best\u00e4ndigkeit<\/strong><\/p>\n<p>Graphit ist ein chemisch sehr stabiles Material. Er reagiert mit allen au\u00dfer einigen wenigen Stoffen nicht und wird h\u00e4ufig in korrosiven Umgebungen eingesetzt. Zu seinen bemerkenswerten Eigenschaften geh\u00f6rt die Best\u00e4ndigkeit gegen Korrosion und chemische Angriffe. Aus diesem Grund ist er in chemischen Anlagen h\u00e4ufig zu finden.<\/p>\n<h2>Arten von Graphitmaterial<\/h2>\n<p><strong>Geformter Graphit<\/strong><\/p>\n<p><strong><b>Geformter Graphit<\/b><\/strong>die durch Komprimieren von Graphitpulver in einer Form hergestellt werden. Sie haben eine einheitliche Dichte und werden f\u00fcr zahlreiche Anwendungen eingesetzt. Sie sind anpassungsf\u00e4hig und k\u00f6nnen nach Ihren Bed\u00fcrfnissen geformt werden. <a href=\"https:\/\/jinsuncarbon.com\/de\/was-ist-geformter-graphit\/\">Geformter Graphit<\/a> wird nach seiner Festigkeit, H\u00e4rte und anderen Eigenschaften eingestuft.<\/p>\n<p><strong>Stranggepresster Graphit<\/strong><\/p>\n<p><strong><b>Stranggepresster Graphit<\/b><\/strong>\u00a0wird hergestellt, indem Graphit durch eine Matrize gepresst wird. Diese Funktionalit\u00e4t hat eine besondere Struktur, in der sie auf einige wenige Aufgaben spezialisiert ist. Diese Klasse ist nur etwas weniger dicht als geformter Graphit. Er wird h\u00e4ufig f\u00fcr Produkte wie Stangen und Rohre verwendet, bei denen die Form des Rohmaterials wichtig ist.<\/p>\n<p><strong>Vibration Graphit<\/strong><\/p>\n<p><strong><b>Vibration Graphit<\/b><\/strong>werden die Graphitpartikel durch Vibration geformt. Dies f\u00fchrt zu einer anderen Dichte und Zusammensetzung als bei den anderen Typen. Vibrationsgraphit wird immer dann verwendet, wenn besondere Anforderungen gestellt werden. Er wird h\u00e4ufig aufgrund seiner Kosteneffizienz gew\u00e4hlt.<\/p>\n<p><strong>Isostatischer Graphit<\/strong><\/p>\n<p>Der Hauptzweck der <a href=\"https:\/\/jinsuncarbon.com\/de\/was-ist-isostatischer-graphit\/\">isostatischer Graphit<\/a>\u00a0mit isotropen und gleichm\u00e4\u00dfigen Eigenschaften in allen Richtungen. Es hat eine sehr feine und freundliche Struktur. Sie k\u00f6nnen auch eine sehr hohe Dichte aufweisen und werden meist f\u00fcr extrem enge Toleranzen verwendet. Aufgrund seiner gleichm\u00e4\u00dfigen Zusammensetzung wird es bevorzugt in Branchen wie der Luft- und Raumfahrt eingesetzt.<\/p>\n<h2>Verwendungen von Graphitmaterial<\/h2>\n<p><strong>Batterien<\/strong><\/p>\n<p>Einer der h\u00e4ufigsten Anwendungsf\u00e4lle f\u00fcr Graphit sind Batterien. Er befindet sich in den Anoden von Lithium-Ionen-Batterien. Es handelt sich um ein stabiles, festes Material mit hoher elektrischer Leitf\u00e4higkeit - Eigenschaften, die es zum perfekten Energiespeicher machen. Graphit sorgt f\u00fcr eine effektive Aufladung und Leistungsabgabe von <a href=\"https:\/\/onlybatteries.com\/?srsltid=AfmBOoqFqQFmaOhM76q3R1Q5tEf27hDQ7B8srlcI02SNvvP9YuZAGU7h\" target=\"_blank\" rel=\"noopener\">Batterien<\/a>.<\/p>\n<p><strong>Industrielle Schmierung<\/strong><\/p>\n<p>Aufgrund seiner nat\u00fcrlichen Schmiereigenschaften ist es auch ein ideales Material f\u00fcr die Industrie. Es wird in Situationen verwendet, in denen \u00d6le oder Fette versagen k\u00f6nnen. Es tr\u00e4gt auch dazu bei, die Reibung beweglicher Teile zu verhindern, so dass Maschinen reibungslos laufen k\u00f6nnen. Es wird auch in Bereichen mit extremen Temperaturen verwendet, da sich andere Schmiermittel dort zersetzen w\u00fcrden.<\/p>\n<p><strong>Feuerfeste Materialien<\/strong><\/p>\n<p><strong><b>Feuerfeste Materialien<\/b><\/strong>\u00a0m\u00fcssen Graphit enthalten. Diese Materialien werden in \u00d6fen und Brenn\u00f6fen eingesetzt. Diese Hitzebest\u00e4ndigkeit erm\u00f6glicht es Graphit, den extrem hohen Temperaturen standzuhalten, die bei diesen Anwendungen herrschen. Ihre Struktur verhindert, dass sie durch die starke Hitzeeinwirkung zersetzt werden.<\/p>\n<p><strong>Stahlerzeugung<\/strong><\/p>\n<p>Graphit ist ein Rohstoff in der Stahlindustrie. Er dient als Kohlenstoffzusatz f\u00fcr die Herstellung von hochwertigem Stahl. Man findet ihn h\u00e4ufig in Wicklern von Elektrolichtbogen\u00f6fen. Ein weiterer wichtiger Verwendungszweck von Graphit, der in Graphitvorr\u00e4ten verf\u00fcgbar ist, ist seine F\u00e4higkeit, den Kohlenstoffgehalt des Stahls zu steuern, was ihn bei richtiger Anwendung st\u00e4rker und stabiler macht.<\/p>\n<p><strong>Luft- und Raumfahrt und Automotive<\/strong><\/p>\n<p>Graphit wird sowohl in der Luft- und Raumfahrt als auch in der Automobilindustrie verwendet. Dies ist in diesen Sektoren von entscheidender Bedeutung, da es sich um eine leichte Zusammensetzung handelt, die auch hitzebest\u00e4ndig ist. Man findet sie in restlichen Motorteilen, Bremssystemen und sogar in Hitzeschilden. Die verschiedenen Sorten von Graphitprodukten, die in diesen Branchen verwendet werden, sind je nach Qualit\u00e4t sortiert.<\/p>\n<h2>Vorteile<\/h2>\n<p><strong>Kosteng\u00fcnstig<\/strong><\/p>\n<p>Graphit ist ein relativ billiges Material. Es ist als Rohstoff billig verf\u00fcgbar und kann daher leicht verarbeitet werden, dachte die Produktionseinheit.<\/p>\n<p><strong>Hohe Leistung<\/strong><\/p>\n<p>Graphit ist f\u00fcr jeden Anwendungsfall hochleistungsf\u00e4hig. Die hohe elektrische Leitf\u00e4higkeit, W\u00e4rmebest\u00e4ndigkeit und Schmiereigenschaften machen dieses Material so effektiv. Es wird h\u00e4ufig in F\u00e4llen verwendet, in denen es auf Leistung ankommt. Eine spezielle Formel sorgt daf\u00fcr, dass es auch unter den h\u00e4rtesten Bedingungen funktioniert.<\/p>\n<p><strong>Umweltschonend<\/strong><\/p>\n<p>Graphit ist umweltfreundlich. Da er auf Kohlenstoff basiert, ist er von Natur aus allgegenw\u00e4rtig und sicher. Auch bei der Verarbeitung seines Rohstoffs entstehen keine giftigen Nebenprodukte. Die Entscheidung f\u00fcr Graphit kann jedoch die Umweltauswirkungen bestimmter Verfahren einschr\u00e4nken.<\/p>\n<p>&nbsp;<\/p>\n<p>&nbsp;<\/p>","protected":false},"excerpt":{"rendered":"<p>Graphitwerkstoffe gibt es in vielen verschiedenen Ausf\u00fchrungen und mit einer Vielzahl von Eigenschaften, darunter elektrische Leitf\u00e4higkeit, Korrosionsbest\u00e4ndigkeit bei hohen Temperaturen und vieles mehr. Es wird zur Herstellung von Schmelztiegeln, Elektroden, W\u00e4rmetauschern, B\u00fcrsten usw. verwendet. Es handelt sich um ein industrielles Material auf Kohlenstoffbasis, das f\u00fcr die industrielle Produktion unverzichtbar ist.<\/p>","protected":false},"featured_media":6555,"template":"","meta":[],"product_brand":[],"product_cat":[67],"product_tag":[],"class_list":{"0":"post-6554","1":"product","2":"type-product","3":"status-publish","4":"has-post-thumbnail","6":"product_cat-graphite-material","8":"first","9":"instock","10":"shipping-taxable","11":"product-type-simple"},"yoast_head":"<!-- This site is optimized with the Yoast SEO Premium plugin v19.2.1 (Yoast SEO v25.3) - https:\/\/yoast.com\/wordpress\/plugins\/seo\/ -->\n<title>Graphite Material Manufacturer | Jinsun Carbon<\/title>\n<meta name=\"description\" content=\"Graphite is a type of carbon\u00a0used for different applications. It is a natural resource of unparalleled composition\u00a0that can be used for multipurpose.\" \/>\n<meta name=\"robots\" content=\"index, follow, max-snippet:-1, max-image-preview:large, max-video-preview:-1\" \/>\n<link rel=\"canonical\" href=\"https:\/\/jinsuncarbon.com\/de\/produkt\/graphitmaterial\/\" \/>\n<meta property=\"og:locale\" content=\"de_DE\" \/>\n<meta property=\"og:type\" content=\"article\" \/>\n<meta property=\"og:title\" content=\"Graphite Material\" \/>\n<meta property=\"og:description\" content=\"Graphite is a type of carbon\u00a0used for different applications. It is a natural resource of unparalleled composition\u00a0that can be used for multipurpose.\" \/>\n<meta property=\"og:url\" content=\"https:\/\/jinsuncarbon.com\/de\/produkt\/graphitmaterial\/\" \/>\n<meta property=\"og:site_name\" content=\"Jinsun Carbon\" \/>\n<meta property=\"article:publisher\" content=\"https:\/\/www.facebook.com\/Graphite-Electrode-109336238661595\" \/>\n<meta property=\"article:modified_time\" content=\"2025-01-02T10:01:28+00:00\" \/>\n<meta property=\"og:image\" content=\"https:\/\/jinsuncarbon.com\/wp-content\/uploads\/2024\/11\/Graphite-material.jpg\" \/>\n\t<meta property=\"og:image:width\" content=\"1024\" \/>\n\t<meta property=\"og:image:height\" content=\"720\" \/>\n\t<meta property=\"og:image:type\" content=\"image\/jpeg\" \/>\n<meta name=\"twitter:card\" content=\"summary_large_image\" \/>\n<meta name=\"twitter:site\" content=\"@jinsuncarbon_\" \/>\n<meta name=\"twitter:label1\" content=\"Gesch\u00e4tzte Lesezeit\" \/>\n\t<meta name=\"twitter:data1\" content=\"5\u00a0Minuten\" \/>\n<script type=\"application\/ld+json\" class=\"yoast-schema-graph\">{\"@context\":\"https:\/\/schema.org\",\"@graph\":[{\"@type\":\"WebPage\",\"@id\":\"https:\/\/jinsuncarbon.com\/product\/graphite-material\/\",\"url\":\"https:\/\/jinsuncarbon.com\/product\/graphite-material\/\",\"name\":\"Graphite Material Manufacturer | Jinsun Carbon\",\"isPartOf\":{\"@id\":\"https:\/\/jinsuncarbon.com\/#website\"},\"primaryImageOfPage\":{\"@id\":\"https:\/\/jinsuncarbon.com\/product\/graphite-material\/#primaryimage\"},\"image\":{\"@id\":\"https:\/\/jinsuncarbon.com\/product\/graphite-material\/#primaryimage\"},\"thumbnailUrl\":\"https:\/\/jinsuncarbon.com\/wp-content\/uploads\/2024\/11\/Graphite-material.jpg\",\"datePublished\":\"2024-11-07T13:17:13+00:00\",\"dateModified\":\"2025-01-02T10:01:28+00:00\",\"description\":\"Graphite is a type of carbon\u00a0used for different applications. It is a natural resource of unparalleled composition\u00a0that can be used for multipurpose.\",\"breadcrumb\":{\"@id\":\"https:\/\/jinsuncarbon.com\/product\/graphite-material\/#breadcrumb\"},\"inLanguage\":\"de\",\"potentialAction\":[{\"@type\":\"ReadAction\",\"target\":[\"https:\/\/jinsuncarbon.com\/product\/graphite-material\/\"]}]},{\"@type\":\"ImageObject\",\"inLanguage\":\"de\",\"@id\":\"https:\/\/jinsuncarbon.com\/product\/graphite-material\/#primaryimage\",\"url\":\"https:\/\/jinsuncarbon.com\/wp-content\/uploads\/2024\/11\/Graphite-material.jpg\",\"contentUrl\":\"https:\/\/jinsuncarbon.com\/wp-content\/uploads\/2024\/11\/Graphite-material.jpg\",\"width\":1024,\"height\":720,\"caption\":\"Graphite material\"},{\"@type\":\"BreadcrumbList\",\"@id\":\"https:\/\/jinsuncarbon.com\/product\/graphite-material\/#breadcrumb\",\"itemListElement\":[{\"@type\":\"ListItem\",\"position\":1,\"name\":\"Home\",\"item\":\"https:\/\/jinsuncarbon.com\/\"},{\"@type\":\"ListItem\",\"position\":2,\"name\":\"Products\",\"item\":\"https:\/\/jinsuncarbon.com\/graphite-carbon\/\"},{\"@type\":\"ListItem\",\"position\":3,\"name\":\"Graphite Material\"}]},{\"@type\":\"WebSite\",\"@id\":\"https:\/\/jinsuncarbon.com\/#website\",\"url\":\"https:\/\/jinsuncarbon.com\/\",\"name\":\"Jinsun Carbon\",\"description\":\"We are the successful graphite electrode manufacturer in China\",\"publisher\":{\"@id\":\"https:\/\/jinsuncarbon.com\/#organization\"},\"potentialAction\":[{\"@type\":\"SearchAction\",\"target\":{\"@type\":\"EntryPoint\",\"urlTemplate\":\"https:\/\/jinsuncarbon.com\/?s={search_term_string}\"},\"query-input\":{\"@type\":\"PropertyValueSpecification\",\"valueRequired\":true,\"valueName\":\"search_term_string\"}}],\"inLanguage\":\"de\"},{\"@type\":\"Organization\",\"@id\":\"https:\/\/jinsuncarbon.com\/#organization\",\"name\":\"Jinsun Carbon\",\"alternateName\":\"Jinsun Carbon\",\"url\":\"https:\/\/jinsuncarbon.com\/\",\"logo\":{\"@type\":\"ImageObject\",\"inLanguage\":\"de\",\"@id\":\"https:\/\/jinsuncarbon.com\/#\/schema\/logo\/image\/\",\"url\":\"https:\/\/jinsuncarbon.com\/wp-content\/uploads\/2022\/12\/LOGO-1.png\",\"contentUrl\":\"https:\/\/jinsuncarbon.com\/wp-content\/uploads\/2022\/12\/LOGO-1.png\",\"width\":207,\"height\":80,\"caption\":\"Jinsun Carbon\"},\"image\":{\"@id\":\"https:\/\/jinsuncarbon.com\/#\/schema\/logo\/image\/\"},\"sameAs\":[\"https:\/\/www.facebook.com\/Graphite-Electrode-109336238661595\",\"https:\/\/x.com\/jinsuncarbon_\",\"https:\/\/www.linkedin.com\/in\/jinsungraphite\",\"https:\/\/www.youtube.com\/channel\/UCysDNyvyR5-3cCWEmpkVC0g\"]}]}<\/script>\n<!-- \/ Yoast SEO Premium plugin. -->","yoast_head_json":{"title":"Graphit Material Hersteller | Jinsun Carbon","description":"Graphit ist eine Art von Kohlenstoff, der f\u00fcr verschiedene Anwendungen genutzt wird. Es handelt sich um eine nat\u00fcrliche Ressource von einzigartiger Zusammensetzung, die f\u00fcr verschiedene Zwecke verwendet werden kann.","robots":{"index":"index","follow":"follow","max-snippet":"max-snippet:-1","max-image-preview":"max-image-preview:large","max-video-preview":"max-video-preview:-1"},"canonical":"https:\/\/jinsuncarbon.com\/de\/produkt\/graphitmaterial\/","og_locale":"de_DE","og_type":"article","og_title":"Graphite Material","og_description":"Graphite is a type of carbon\u00a0used for different applications. It is a natural resource of unparalleled composition\u00a0that can be used for multipurpose.","og_url":"https:\/\/jinsuncarbon.com\/de\/produkt\/graphitmaterial\/","og_site_name":"Jinsun Carbon","article_publisher":"https:\/\/www.facebook.com\/Graphite-Electrode-109336238661595","article_modified_time":"2025-01-02T10:01:28+00:00","og_image":[{"width":1024,"height":720,"url":"https:\/\/jinsuncarbon.com\/wp-content\/uploads\/2024\/11\/Graphite-material.jpg","type":"image\/jpeg"}],"twitter_card":"summary_large_image","twitter_site":"@jinsuncarbon_","twitter_misc":{"Gesch\u00e4tzte Lesezeit":"5\u00a0Minuten"},"schema":{"@context":"https:\/\/schema.org","@graph":[{"@type":"WebPage","@id":"https:\/\/jinsuncarbon.com\/product\/graphite-material\/","url":"https:\/\/jinsuncarbon.com\/product\/graphite-material\/","name":"Graphit Material Hersteller | Jinsun Carbon","isPartOf":{"@id":"https:\/\/jinsuncarbon.com\/#website"},"primaryImageOfPage":{"@id":"https:\/\/jinsuncarbon.com\/product\/graphite-material\/#primaryimage"},"image":{"@id":"https:\/\/jinsuncarbon.com\/product\/graphite-material\/#primaryimage"},"thumbnailUrl":"https:\/\/jinsuncarbon.com\/wp-content\/uploads\/2024\/11\/Graphite-material.jpg","datePublished":"2024-11-07T13:17:13+00:00","dateModified":"2025-01-02T10:01:28+00:00","description":"Graphit ist eine Art von Kohlenstoff, der f\u00fcr verschiedene Anwendungen genutzt wird. Es handelt sich um eine nat\u00fcrliche Ressource von einzigartiger Zusammensetzung, die f\u00fcr verschiedene Zwecke verwendet werden kann.","breadcrumb":{"@id":"https:\/\/jinsuncarbon.com\/product\/graphite-material\/#breadcrumb"},"inLanguage":"de","potentialAction":[{"@type":"ReadAction","target":["https:\/\/jinsuncarbon.com\/product\/graphite-material\/"]}]},{"@type":"ImageObject","inLanguage":"de","@id":"https:\/\/jinsuncarbon.com\/product\/graphite-material\/#primaryimage","url":"https:\/\/jinsuncarbon.com\/wp-content\/uploads\/2024\/11\/Graphite-material.jpg","contentUrl":"https:\/\/jinsuncarbon.com\/wp-content\/uploads\/2024\/11\/Graphite-material.jpg","width":1024,"height":720,"caption":"Graphite material"},{"@type":"BreadcrumbList","@id":"https:\/\/jinsuncarbon.com\/product\/graphite-material\/#breadcrumb","itemListElement":[{"@type":"ListItem","position":1,"name":"Home","item":"https:\/\/jinsuncarbon.com\/"},{"@type":"ListItem","position":2,"name":"Products","item":"https:\/\/jinsuncarbon.com\/graphite-carbon\/"},{"@type":"ListItem","position":3,"name":"Graphite Material"}]},{"@type":"WebSite","@id":"https:\/\/jinsuncarbon.com\/#website","url":"https:\/\/jinsuncarbon.com\/","name":"Jinsun Kohlenstoff","description":"Wir sind der erfolgreiche Hersteller von Graphitelektroden in China","publisher":{"@id":"https:\/\/jinsuncarbon.com\/#organization"},"potentialAction":[{"@type":"SearchAction","target":{"@type":"EntryPoint","urlTemplate":"https:\/\/jinsuncarbon.com\/?s={search_term_string}"},"query-input":{"@type":"PropertyValueSpecification","valueRequired":true,"valueName":"search_term_string"}}],"inLanguage":"de"},{"@type":"Organization","@id":"https:\/\/jinsuncarbon.com\/#organization","name":"Jinsun Kohlenstoff","alternateName":"Jinsun Carbon","url":"https:\/\/jinsuncarbon.com\/","logo":{"@type":"ImageObject","inLanguage":"de","@id":"https:\/\/jinsuncarbon.com\/#\/schema\/logo\/image\/","url":"https:\/\/jinsuncarbon.com\/wp-content\/uploads\/2022\/12\/LOGO-1.png","contentUrl":"https:\/\/jinsuncarbon.com\/wp-content\/uploads\/2022\/12\/LOGO-1.png","width":207,"height":80,"caption":"Jinsun Carbon"},"image":{"@id":"https:\/\/jinsuncarbon.com\/#\/schema\/logo\/image\/"},"sameAs":["https:\/\/www.facebook.com\/Graphite-Electrode-109336238661595","https:\/\/x.com\/jinsuncarbon_","https:\/\/www.linkedin.com\/in\/jinsungraphite","https:\/\/www.youtube.com\/channel\/UCysDNyvyR5-3cCWEmpkVC0g"]}]}},"_links":{"self":[{"href":"https:\/\/jinsuncarbon.com\/de\/wp-json\/wp\/v2\/product\/6554","targetHints":{"allow":["GET"]}}],"collection":[{"href":"https:\/\/jinsuncarbon.com\/de\/wp-json\/wp\/v2\/product"}],"about":[{"href":"https:\/\/jinsuncarbon.com\/de\/wp-json\/wp\/v2\/types\/product"}],"wp:featuredmedia":[{"embeddable":true,"href":"https:\/\/jinsuncarbon.com\/de\/wp-json\/wp\/v2\/media\/6555"}],"wp:attachment":[{"href":"https:\/\/jinsuncarbon.com\/de\/wp-json\/wp\/v2\/media?parent=6554"}],"wp:term":[{"taxonomy":"product_brand","embeddable":true,"href":"https:\/\/jinsuncarbon.com\/de\/wp-json\/wp\/v2\/product_brand?post=6554"},{"taxonomy":"product_cat","embeddable":true,"href":"https:\/\/jinsuncarbon.com\/de\/wp-json\/wp\/v2\/product_cat?post=6554"},{"taxonomy":"product_tag","embeddable":true,"href":"https:\/\/jinsuncarbon.com\/de\/wp-json\/wp\/v2\/product_tag?post=6554"}],"curies":[{"name":"wp","href":"https:\/\/api.w.org\/{rel}","templated":true}]}}