{"id":6503,"date":"2024-11-04T07:23:21","date_gmt":"2024-11-04T07:23:21","guid":{"rendered":"https:\/\/jinsuncarbon.com\/?post_type=product&#038;p=6503"},"modified":"2024-12-02T06:10:27","modified_gmt":"2024-12-02T06:10:27","slug":"carbonfilz","status":"publish","type":"product","link":"https:\/\/jinsuncarbon.com\/de\/produkt\/carbonfilz\/","title":{"rendered":"Kohlenstoff-Filz"},"content":{"rendered":"<h2>Was ist Kohlenstoff-Filz?<\/h2>\n<p>Kohlenstofffilz ist ein Fasermaterial, das aus organischen Ausgangsstoffen hergestellt wird. Anschlie\u00dfend wird es bei hoher Temperatur behandelt, um zu Kohlenstoff zu werden. Durch diesen Prozess entsteht ein leichtes, weiches und extrem haltbares Produkt. Aufgrund seiner einzigartigen Eigenschaften findet Kohlenstofffilz zahlreiche Anwendungen in einer Vielzahl von Branchen. Zu den \u00fcblichen Anwendungen geh\u00f6ren Schwei\u00dfdecken und Isoliermaterialien. Kohlenstofffilz ist auch ein Material auf Graphitbasis, das f\u00fcr viele industrielle Anwendungen n\u00fctzlich ist.<\/p>\n<h2>Typen<\/h2>\n<h3>PAN-basierter Kohlenstoff-Filz<\/h3>\n<p>Polyacrylnitril (PAN)-Fasern werden zur Herstellung von Kohlenstofffilz auf PAN-Basis verwendet. Es handelt sich um ein Material, das eine hohe Festigkeit und thermische Stabilit\u00e4t aufweist. Es wird h\u00e4ufig in Umgebungen mit hohen Temperaturen verwendet. Diese Art, die Hitze widerstehen kann, ist in verschiedenen industriellen Anwendungen weit verbreitet.<\/p>\n<h3>Rayon-Basis<\/h3>\n<p>Kohlenstofffilz aus Viskose ist flexibler und weicher. Er hat ein geringes Gewicht und eine staubige W\u00e4rmeleitf\u00e4higkeit im Vergleich zu anderen. Diese Form ist praktisch f\u00fcr Isolierungen, bei denen die W\u00e4rmespeicherung weniger wichtig ist. Er wird auch in empfindlicheren Umgebungen verwendet, wo man ein weicheres Material ben\u00f6tigt. Kohlenstofffilz auf Rayonbasis ist in einer Faserform erh\u00e4ltlich, die eine einfachere Handhabung und Formgebung f\u00fcr verschiedene Anwendungen erm\u00f6glicht.<\/p>\n<h3>Tonh\u00f6henbasiert<\/h3>\n<p>Der in einem Pechverfahren hergestellte Kohlenstofffilz wird als Pechfilz bezeichnet, der aus Erd\u00f6lpech hergestellt wird. Er besitzt eine sehr gute elektrische und thermische Leitf\u00e4higkeit. Dadurch eignet er sich besser f\u00fcr elektrische Anwendungen, z. B. f\u00fcr Batterieelektroden. Weitere Einsatzm\u00f6glichkeiten sind \u00d6fen und andere Hochtemperaturanwendungen. Aus Pech gesponnener Kohlenstofffilz zeichnet sich durch eine hervorragende Leitf\u00e4higkeit aus, was f\u00fcr Anwendungen mit hohem Bedarf an elektrischem Strom von wesentlicher Bedeutung ist.<\/p>\n<h2>Verwendungszwecke von Carbonfilz<\/h2>\n<h3>W\u00e4rmed\u00e4mmung<\/h3>\n<p>Kohlenstofffilz wird h\u00e4ufig zur W\u00e4rmed\u00e4mmung verwendet. Er dient der Isolierung, um die Temperatur in \u00d6fen und Brenn\u00f6fen hoch zu halten. Da er viel Luft einschlie\u00dfen kann, kann er als Isolierschicht verwendet werden, um den W\u00e4rmeverlust zu minimieren. Aufgrund der Faserstruktur und der auf Graphit basierenden Eigenschaften ist er in der Lage, thermisch und elektrisch zu isolieren.<\/p>\n<h3>Batterie Elektrodenmaterial<\/h3>\n<p>Die Elektroden einer Batterie werden h\u00e4ufig aus Kohlenstofffilz hergestellt. Die gute elektrische Leitf\u00e4higkeit wird durch die Eigenschaften von Graphit erm\u00f6glicht. Sein Nutzen durch Redox-Flow-Batterien und <a href=\"https:\/\/en.wikipedia.org\/wiki\/Fuel_cell\" target=\"_blank\" rel=\"noopener\">Brennstoffzellen<\/a> ist sehr effektiv. Er speichert Strom und erleichtert die Stromleitung. Dank der Faserzusammensetzung von Kohlenstofffilz l\u00e4sst er sich leicht in Batteriekonstruktionen einbauen und ist daher ein zuverl\u00e4ssiges und effektives Elektrodenmaterial.<\/p>\n<h3>Vakuum-\u00d6fen<\/h3>\n<p>Fester Kohlenstofffilz wird als Isoliermaterial f\u00fcr Vakuum\u00f6fen verwendet. Er kann so gebaut werden, dass er den h\u00f6heren Temperaturen, die in diesen \u00d6fen herrschen, standh\u00e4lt. Er ist flexibel und weich, so dass er auch an engen Stellen im Ofen eingesetzt werden kann. Es ist stabil und hitzebest\u00e4ndig, was es zu einem perfekten Material macht. Sein Graphitgehalt sorgt f\u00fcr eine gleichbleibende Leistung, selbst unter den rauen Bedingungen in einem <a href=\"https:\/\/en.wikipedia.org\/wiki\/Vacuum_furnace\" target=\"_blank\" rel=\"noopener\">Vakuumofen<\/a>.<\/p>\n<h3>Katalysator-Unterst\u00fctzung<\/h3>\n<p>Kohlenstofffilz k\u00f6nnte als Katalysatortr\u00e4germaterial verwendet werden. Er verankert den Katalysator bei chemischen Reaktionen und bietet ein stabiles Substrat. Dadurch kann das Gas effizient str\u00f6men und die W\u00e4rme gut gehandhabt werden. Da er chemisch stabil ist, ist er an vielen Reaktionen beteiligt. Seine Faser- und Graphiteigenschaften sind ideal f\u00fcr die meisten chemischen Verarbeitungsanwendungen, die Stabilit\u00e4t und Effizienz erfordern.<\/p>\n<p>&nbsp;<\/p>\n<h3>Filtrierung<\/h3>\n<p>Es wird auch in Filtrationsprozessen verwendet. Es wird zur effektiven Trennung von fl\u00fcssigen und gasf\u00f6rmigen Bereichen eingesetzt. Es kann in einer Vielzahl von Umgebungen verwendet werden, die von schweren chemischen Arten bis hin zur Verwendung au\u00dferhalb seiner chemischen Best\u00e4ndigkeit reichen. Seine Z\u00e4higkeit und Best\u00e4ndigkeit gegen viele Chemikalien machen es zu einem idealen Material f\u00fcr jede Art von Filtersystem. Die Filtration ist aufgrund der Faserstruktur effizient, w\u00e4hrend <a href=\"https:\/\/jinsuncarbon.com\/de\/was-ist-graphit-und-woraus-besteht-graphit\/\">Graphit<\/a>\u00a0Eigenschaften unterst\u00fctzen seine chemische Best\u00e4ndigkeit f\u00fcr eine lange Lebensdauer.<\/p>\n<p>&nbsp;<\/p>\n<h2>Eigenschaften<\/h2>\n<h3>Hohe Temperaturbest\u00e4ndigkeit<\/h3>\n<p>Kohlenstofffilz ist jetzt in der Lage, unglaublich hohen Temperaturen standzuhalten. Er h\u00e4lt sogar stand, wenn er in ein Vakuum gelegt und auf mehr als 1650 \u00b0C (3000 \u00b0F) erhitzt wird. Deshalb eignet er sich perfekt f\u00fcr die W\u00e4rmed\u00e4mmung und andere Anwendungen, bei denen gro\u00dfe Hitze erforderlich ist.<\/p>\n<h3>Leichtgewicht<\/h3>\n<p>Carbonfilz ist sehr leicht. So k\u00f6nnen Sie ihn auf Reisen oder bei Umz\u00fcgen leicht mitnehmen. Da Carbonfilz extrem leicht ist, auch wenn er schwerer ist als Steinwolle, kann er an einer Vielzahl von Orten eingesetzt werden. Er ist schnell und einfach zu verlegen, zu handhaben und f\u00fcr den jeweiligen Anwendungsfall zu formen.<\/p>\n<h3>Chemische Best\u00e4ndigkeit<\/h3>\n<p>Es weist eine hohe Stabilit\u00e4t gegen\u00fcber den meisten Chemikalien auf. Es reagiert nicht leicht. Das bedeutet, dass es seine Eigenschaften auch in chemisch aggressiven Umgebungen beibeh\u00e4lt. Hervorragend geeignet f\u00fcr Anwendungen, bei denen es erforderlich ist, aggressiven Chemikalien zu widerstehen. Dank dieser Stabilit\u00e4t kann es in Anwendungen wie der Filtration und als Katalysatortr\u00e4ger eingesetzt werden, ohne dass es rei\u00dft oder auseinanderbricht.<\/p>\n<h3>Flexibel und weich<\/h3>\n<p>Carbon ist weich und nachgiebig. Es kann in jede gew\u00fcnschte Form geschnitten werden. Es l\u00e4sst sich an engen Stellen oder um eine ungerade Ecke herum verarbeiten. Die Natur der Kunststofffasern macht sie vielseitig, so dass sie f\u00fcr verschiedene Funktionen besser geeignet ist. Au\u00dferdem hat sie eine weichere Struktur als andere starre D\u00e4mmstoffe und l\u00e4sst sich daher anders verarbeiten.<\/p>\n<h3>Gute elektrische Leitf\u00e4higkeit<\/h3>\n<p>Kohlefasermatten haben eine graphit\u00e4hnliche elektrische Leitf\u00e4higkeit. Aufgrund dieser Eigenschaft eignet es sich hervorragend f\u00fcr Anwendungen in Batterien und anderen Ger\u00e4ten, die eine effiziente elektrische Leitung erfordern. Die hohe Leitf\u00e4higkeit erm\u00f6glicht eine breite Anwendung auch als Elektrodenmaterial f\u00fcr elektrochemische Zellen. Es enth\u00e4lt Graphit, wodurch es als effizienter elektrischer Leiter fungieren kann; daher wird es h\u00e4ufig f\u00fcr Batterieelektroden und in Brennstoffzellen verwendet.<\/p>\n<p>&nbsp;<\/p>","protected":false},"excerpt":{"rendered":"<p>Carbonfilz ist ein flexibler Stoff. Aufgrund seiner vielf\u00e4ltigen Eigenschaften findet er in einer Vielzahl von Branchen Anwendung. Kohlenstofffilz kann in vielerlei Hinsicht n\u00fctzlich sein, von Schwei\u00dfdecken bis hin zu Batterieelektroden, und bringt eine Reihe von Vorteilen mit sich. Aufgrund seiner Fasern, der Graphitleitung und seines geringen Gewichts ist er f\u00fcr verschiedene Anwendungen geeignet. Von der Isolierung \u00fcber die elektrische Leitf\u00e4higkeit bis hin zur chemischen Stabilit\u00e4t ist Kohlenstofffilz ein bew\u00e4hrtes Material.<\/p>","protected":false},"featured_media":6507,"template":"","meta":[],"product_brand":[],"product_cat":[39],"product_tag":[],"class_list":{"0":"post-6503","1":"product","2":"type-product","3":"status-publish","4":"has-post-thumbnail","6":"product_cat-carbon-products","8":"first","9":"instock","10":"shipping-taxable","11":"product-type-simple"},"yoast_head":"<!-- This site is optimized with the Yoast SEO Premium plugin v19.2.1 (Yoast SEO v27.5) - https:\/\/yoast.com\/product\/yoast-seo-premium-wordpress\/ -->\n<title>Carbon Felt Manufacturer | Jinsun Carbon<\/title>\n<meta name=\"description\" content=\"Carbon felt\u00a0is a fiber\u00a0material produced from organic precursors. Then it is treated at high temperature to become carbon.\" \/>\n<meta name=\"robots\" content=\"index, follow, max-snippet:-1, max-image-preview:large, max-video-preview:-1\" \/>\n<link rel=\"canonical\" href=\"https:\/\/jinsuncarbon.com\/de\/produkt\/carbonfilz\/\" \/>\n<meta property=\"og:locale\" content=\"de_DE\" \/>\n<meta property=\"og:type\" content=\"article\" \/>\n<meta property=\"og:title\" content=\"Carbon Felt\" \/>\n<meta property=\"og:description\" content=\"Carbon felt\u00a0is a fiber\u00a0material produced from organic precursors. Then it is treated at high temperature to become carbon.\" \/>\n<meta property=\"og:url\" content=\"https:\/\/jinsuncarbon.com\/de\/produkt\/carbonfilz\/\" \/>\n<meta property=\"og:site_name\" content=\"Jinsun Carbon\" \/>\n<meta property=\"article:publisher\" content=\"https:\/\/www.facebook.com\/Graphite-Electrode-109336238661595\" \/>\n<meta property=\"article:modified_time\" content=\"2024-12-02T06:10:27+00:00\" \/>\n<meta property=\"og:image\" content=\"https:\/\/jinsuncarbon.com\/wp-content\/uploads\/2024\/11\/Carbon-Felt-1.jpg\" \/>\n\t<meta property=\"og:image:width\" content=\"1024\" \/>\n\t<meta property=\"og:image:height\" content=\"763\" \/>\n\t<meta property=\"og:image:type\" content=\"image\/jpeg\" \/>\n<meta name=\"twitter:card\" content=\"summary_large_image\" \/>\n<meta name=\"twitter:site\" content=\"@jinsuncarbon_\" \/>\n<meta name=\"twitter:label1\" content=\"Gesch\u00e4tzte Lesezeit\" \/>\n\t<meta name=\"twitter:data1\" content=\"5\u00a0Minuten\" \/>\n<script type=\"application\/ld+json\" class=\"yoast-schema-graph\">{\"@context\":\"https:\\\/\\\/schema.org\",\"@graph\":[{\"@type\":\"WebPage\",\"@id\":\"https:\\\/\\\/jinsuncarbon.com\\\/product\\\/carbon-felt\\\/\",\"url\":\"https:\\\/\\\/jinsuncarbon.com\\\/product\\\/carbon-felt\\\/\",\"name\":\"Carbon Felt Manufacturer | Jinsun Carbon\",\"isPartOf\":{\"@id\":\"https:\\\/\\\/jinsuncarbon.com\\\/#website\"},\"primaryImageOfPage\":{\"@id\":\"https:\\\/\\\/jinsuncarbon.com\\\/product\\\/carbon-felt\\\/#primaryimage\"},\"image\":{\"@id\":\"https:\\\/\\\/jinsuncarbon.com\\\/product\\\/carbon-felt\\\/#primaryimage\"},\"thumbnailUrl\":\"https:\\\/\\\/jinsuncarbon.com\\\/wp-content\\\/uploads\\\/2024\\\/11\\\/Carbon-Felt-1.jpg\",\"datePublished\":\"2024-11-04T07:23:21+00:00\",\"dateModified\":\"2024-12-02T06:10:27+00:00\",\"description\":\"Carbon felt\u00a0is a fiber\u00a0material produced from organic precursors. Then it is treated at high temperature to become carbon.\",\"breadcrumb\":{\"@id\":\"https:\\\/\\\/jinsuncarbon.com\\\/product\\\/carbon-felt\\\/#breadcrumb\"},\"inLanguage\":\"de\",\"potentialAction\":[{\"@type\":\"ReadAction\",\"target\":[\"https:\\\/\\\/jinsuncarbon.com\\\/product\\\/carbon-felt\\\/\"]}]},{\"@type\":\"ImageObject\",\"inLanguage\":\"de\",\"@id\":\"https:\\\/\\\/jinsuncarbon.com\\\/product\\\/carbon-felt\\\/#primaryimage\",\"url\":\"https:\\\/\\\/jinsuncarbon.com\\\/wp-content\\\/uploads\\\/2024\\\/11\\\/Carbon-Felt-1.jpg\",\"contentUrl\":\"https:\\\/\\\/jinsuncarbon.com\\\/wp-content\\\/uploads\\\/2024\\\/11\\\/Carbon-Felt-1.jpg\",\"width\":1024,\"height\":763,\"caption\":\"Carbon Felt\"},{\"@type\":\"BreadcrumbList\",\"@id\":\"https:\\\/\\\/jinsuncarbon.com\\\/product\\\/carbon-felt\\\/#breadcrumb\",\"itemListElement\":[{\"@type\":\"ListItem\",\"position\":1,\"name\":\"Home\",\"item\":\"https:\\\/\\\/jinsuncarbon.com\\\/\"},{\"@type\":\"ListItem\",\"position\":2,\"name\":\"Products\",\"item\":\"https:\\\/\\\/jinsuncarbon.com\\\/graphite-carbon\\\/\"},{\"@type\":\"ListItem\",\"position\":3,\"name\":\"Carbon Felt\"}]},{\"@type\":\"WebSite\",\"@id\":\"https:\\\/\\\/jinsuncarbon.com\\\/#website\",\"url\":\"https:\\\/\\\/jinsuncarbon.com\\\/\",\"name\":\"Jinsun Carbon\",\"description\":\"We are the successful graphite electrode manufacturer in China\",\"publisher\":{\"@id\":\"https:\\\/\\\/jinsuncarbon.com\\\/#organization\"},\"potentialAction\":[{\"@type\":\"SearchAction\",\"target\":{\"@type\":\"EntryPoint\",\"urlTemplate\":\"https:\\\/\\\/jinsuncarbon.com\\\/?s={search_term_string}\"},\"query-input\":{\"@type\":\"PropertyValueSpecification\",\"valueRequired\":true,\"valueName\":\"search_term_string\"}}],\"inLanguage\":\"de\"},{\"@type\":\"Organization\",\"@id\":\"https:\\\/\\\/jinsuncarbon.com\\\/#organization\",\"name\":\"Jinsun Carbon\",\"alternateName\":\"Jinsun Carbon\",\"url\":\"https:\\\/\\\/jinsuncarbon.com\\\/\",\"logo\":{\"@type\":\"ImageObject\",\"inLanguage\":\"de\",\"@id\":\"https:\\\/\\\/jinsuncarbon.com\\\/#\\\/schema\\\/logo\\\/image\\\/\",\"url\":\"https:\\\/\\\/jinsuncarbon.com\\\/wp-content\\\/uploads\\\/2022\\\/12\\\/LOGO-1.png\",\"contentUrl\":\"https:\\\/\\\/jinsuncarbon.com\\\/wp-content\\\/uploads\\\/2022\\\/12\\\/LOGO-1.png\",\"width\":207,\"height\":80,\"caption\":\"Jinsun Carbon\"},\"image\":{\"@id\":\"https:\\\/\\\/jinsuncarbon.com\\\/#\\\/schema\\\/logo\\\/image\\\/\"},\"sameAs\":[\"https:\\\/\\\/www.facebook.com\\\/Graphite-Electrode-109336238661595\",\"https:\\\/\\\/x.com\\\/jinsuncarbon_\",\"https:\\\/\\\/www.linkedin.com\\\/in\\\/jinsungraphite\",\"https:\\\/\\\/www.youtube.com\\\/channel\\\/UCysDNyvyR5-3cCWEmpkVC0g\"]}]}<\/script>\n<!-- \/ Yoast SEO Premium plugin. -->","yoast_head_json":{"title":"Kohlenstoff-Filz Hersteller | Jinsun Carbon","description":"Kohlenstofffilz ist ein Fasermaterial, das aus organischen Ausgangsstoffen hergestellt wird. Anschlie\u00dfend wird es bei hoher Temperatur behandelt, um zu Kohlenstoff zu werden.","robots":{"index":"index","follow":"follow","max-snippet":"max-snippet:-1","max-image-preview":"max-image-preview:large","max-video-preview":"max-video-preview:-1"},"canonical":"https:\/\/jinsuncarbon.com\/de\/produkt\/carbonfilz\/","og_locale":"de_DE","og_type":"article","og_title":"Carbon Felt","og_description":"Carbon felt\u00a0is a fiber\u00a0material produced from organic precursors. Then it is treated at high temperature to become carbon.","og_url":"https:\/\/jinsuncarbon.com\/de\/produkt\/carbonfilz\/","og_site_name":"Jinsun Carbon","article_publisher":"https:\/\/www.facebook.com\/Graphite-Electrode-109336238661595","article_modified_time":"2024-12-02T06:10:27+00:00","og_image":[{"width":1024,"height":763,"url":"https:\/\/jinsuncarbon.com\/wp-content\/uploads\/2024\/11\/Carbon-Felt-1.jpg","type":"image\/jpeg"}],"twitter_card":"summary_large_image","twitter_site":"@jinsuncarbon_","twitter_misc":{"Gesch\u00e4tzte Lesezeit":"5\u00a0Minuten"},"schema":{"@context":"https:\/\/schema.org","@graph":[{"@type":"WebPage","@id":"https:\/\/jinsuncarbon.com\/product\/carbon-felt\/","url":"https:\/\/jinsuncarbon.com\/product\/carbon-felt\/","name":"Kohlenstoff-Filz Hersteller | Jinsun Carbon","isPartOf":{"@id":"https:\/\/jinsuncarbon.com\/#website"},"primaryImageOfPage":{"@id":"https:\/\/jinsuncarbon.com\/product\/carbon-felt\/#primaryimage"},"image":{"@id":"https:\/\/jinsuncarbon.com\/product\/carbon-felt\/#primaryimage"},"thumbnailUrl":"https:\/\/jinsuncarbon.com\/wp-content\/uploads\/2024\/11\/Carbon-Felt-1.jpg","datePublished":"2024-11-04T07:23:21+00:00","dateModified":"2024-12-02T06:10:27+00:00","description":"Kohlenstofffilz ist ein Fasermaterial, das aus organischen Ausgangsstoffen hergestellt wird. Anschlie\u00dfend wird es bei hoher Temperatur behandelt, um zu Kohlenstoff zu werden.","breadcrumb":{"@id":"https:\/\/jinsuncarbon.com\/product\/carbon-felt\/#breadcrumb"},"inLanguage":"de","potentialAction":[{"@type":"ReadAction","target":["https:\/\/jinsuncarbon.com\/product\/carbon-felt\/"]}]},{"@type":"ImageObject","inLanguage":"de","@id":"https:\/\/jinsuncarbon.com\/product\/carbon-felt\/#primaryimage","url":"https:\/\/jinsuncarbon.com\/wp-content\/uploads\/2024\/11\/Carbon-Felt-1.jpg","contentUrl":"https:\/\/jinsuncarbon.com\/wp-content\/uploads\/2024\/11\/Carbon-Felt-1.jpg","width":1024,"height":763,"caption":"Carbon Felt"},{"@type":"BreadcrumbList","@id":"https:\/\/jinsuncarbon.com\/product\/carbon-felt\/#breadcrumb","itemListElement":[{"@type":"ListItem","position":1,"name":"Home","item":"https:\/\/jinsuncarbon.com\/"},{"@type":"ListItem","position":2,"name":"Products","item":"https:\/\/jinsuncarbon.com\/graphite-carbon\/"},{"@type":"ListItem","position":3,"name":"Carbon Felt"}]},{"@type":"WebSite","@id":"https:\/\/jinsuncarbon.com\/#website","url":"https:\/\/jinsuncarbon.com\/","name":"Jinsun Kohlenstoff","description":"Wir sind der erfolgreiche Hersteller von Graphitelektroden in China","publisher":{"@id":"https:\/\/jinsuncarbon.com\/#organization"},"potentialAction":[{"@type":"SearchAction","target":{"@type":"EntryPoint","urlTemplate":"https:\/\/jinsuncarbon.com\/?s={search_term_string}"},"query-input":{"@type":"PropertyValueSpecification","valueRequired":true,"valueName":"search_term_string"}}],"inLanguage":"de"},{"@type":"Organization","@id":"https:\/\/jinsuncarbon.com\/#organization","name":"Jinsun Kohlenstoff","alternateName":"Jinsun Carbon","url":"https:\/\/jinsuncarbon.com\/","logo":{"@type":"ImageObject","inLanguage":"de","@id":"https:\/\/jinsuncarbon.com\/#\/schema\/logo\/image\/","url":"https:\/\/jinsuncarbon.com\/wp-content\/uploads\/2022\/12\/LOGO-1.png","contentUrl":"https:\/\/jinsuncarbon.com\/wp-content\/uploads\/2022\/12\/LOGO-1.png","width":207,"height":80,"caption":"Jinsun Carbon"},"image":{"@id":"https:\/\/jinsuncarbon.com\/#\/schema\/logo\/image\/"},"sameAs":["https:\/\/www.facebook.com\/Graphite-Electrode-109336238661595","https:\/\/x.com\/jinsuncarbon_","https:\/\/www.linkedin.com\/in\/jinsungraphite","https:\/\/www.youtube.com\/channel\/UCysDNyvyR5-3cCWEmpkVC0g"]}]}},"_links":{"self":[{"href":"https:\/\/jinsuncarbon.com\/de\/wp-json\/wp\/v2\/product\/6503","targetHints":{"allow":["GET"]}}],"collection":[{"href":"https:\/\/jinsuncarbon.com\/de\/wp-json\/wp\/v2\/product"}],"about":[{"href":"https:\/\/jinsuncarbon.com\/de\/wp-json\/wp\/v2\/types\/product"}],"wp:featuredmedia":[{"embeddable":true,"href":"https:\/\/jinsuncarbon.com\/de\/wp-json\/wp\/v2\/media\/6507"}],"wp:attachment":[{"href":"https:\/\/jinsuncarbon.com\/de\/wp-json\/wp\/v2\/media?parent=6503"}],"wp:term":[{"taxonomy":"product_brand","embeddable":true,"href":"https:\/\/jinsuncarbon.com\/de\/wp-json\/wp\/v2\/product_brand?post=6503"},{"taxonomy":"product_cat","embeddable":true,"href":"https:\/\/jinsuncarbon.com\/de\/wp-json\/wp\/v2\/product_cat?post=6503"},{"taxonomy":"product_tag","embeddable":true,"href":"https:\/\/jinsuncarbon.com\/de\/wp-json\/wp\/v2\/product_tag?post=6503"}],"curies":[{"name":"wp","href":"https:\/\/api.w.org\/{rel}","templated":true}]}}