{"id":4824,"date":"2024-03-18T13:59:47","date_gmt":"2024-03-18T13:59:47","guid":{"rendered":"https:\/\/jinsuncarbon.com\/?post_type=product&#038;p=4824"},"modified":"2025-03-08T06:39:46","modified_gmt":"2025-03-08T06:39:46","slug":"carbon-raiser","status":"publish","type":"product","link":"https:\/\/jinsuncarbon.com\/de\/produkt\/carbon-raiser\/","title":{"rendered":"Carbon Raiser"},"content":{"rendered":"<h2>Carbon Raiser verwendet<\/h2>\n<p>1. Ausgleich des bei der Stahlverh\u00fcttung verlorenen Kohlenstoffgehalts und Erh\u00f6hung des Kohlenstoffgehalts im geschmolzenen Eisen.<\/p>\n<p>2. Verbesserung der mechanischen Eigenschaften wie Zugfestigkeit, H\u00e4rte, Verschlei\u00dffestigkeit und Erm\u00fcdungsgrenze von Gussst\u00fccken.<\/p>\n<p>3. Verbessern Sie die Verteilung von Kohlenstoff und Legierungselementen im Gussmetall und machen Sie die Struktur im Gussst\u00fcck dicht und einheitlich in der Zusammensetzung.<\/p>\n<p>4. Verringerung der anfallenden Schlackenmenge, Vereinfachung der Schlackenentfernung und Verbesserung der Gusseffizienz.<\/p>\n<p>5. Verbessern Sie die Flie\u00dff\u00e4higkeit von geschmolzenem Metall und stabilisieren Sie die Zusammensetzung von geschmolzenem Eisen.<\/p>\n<h2>Arten von Kohlens\u00e4ureerh\u00f6hern<\/h2>\n<ul>\n<li>\u00a0<strong>Petrolkoks-Kohlenstofferh\u00f6her<\/strong><\/li>\n<\/ul>\n<p>Es wird durch Kalzinieren und Reinigen von Petrolkoks hergestellt und hat ein rundes oder polygonales Aussehen. Es ist ein ideales kohlenstoffhaltiges Material und Reaktionszwischenprodukt in der Metallurgie, der chemischen Industrie, dem Maschinenbau, der Elektrizit\u00e4tswirtschaft und anderen Industriezweigen und findet breite Anwendung.<\/p>\n<ul>\n<li><strong>H\u00fcttenkoks<\/strong><\/li>\n<\/ul>\n<p>Sie k\u00f6nnen in der Regel in Kupol\u00f6fen verwendet werden. Neben der Verh\u00fcttung wird ihre Rolle auch untersucht, da Kohlenstoff als verschiedene Metallchargen verwendet wird.<\/p>\n<ul>\n<li><strong>\u00a0Gebrannte Kohle<\/strong><\/li>\n<\/ul>\n<p>Seine allgemeine Zusammensetzung ist c90-93%, s0,3-0,5%. Haupts\u00e4chlich verwendet von<a href=\"https:\/\/corporate.arcelormittal.com\/about\/making-steel#:~:text=Steel%20is%20made%20from%20iron,the%20electric%20arc%20furnace%20route.\" target=\"_blank\" rel=\"noopener\"> Stahlwerk<\/a> Unternehmen.<\/p>\n<ul>\n<li><strong>Graphitierter Kohlenstoff Raiser<\/strong><\/li>\n<\/ul>\n<p>Die wichtigsten Materialien sind graphitierter Petrolkoks und <a href=\"https:\/\/jinsuncarbon.com\/de\/produkt\/graphitelektrode\/\">Graphitelektroden<\/a>. Und die allgemeine Zusammensetzung ist Kohlenstoffgehalt 98-99,5%; Schwefel 0,05-0,03%. Es ist durch schnelle Absorption, hohen Kohlenstoffgehalt und niedrigen Schwefelgehalt gekennzeichnet. Es wird haupts\u00e4chlich in duktilem Eisen verwendet.<\/p>\n<ul>\n<li>\u00a0<strong>Nat\u00fcrlich graphitiert<\/strong><\/li>\n<\/ul>\n<p>Haupts\u00e4chlich <a href=\"https:\/\/jinsuncarbon.com\/de\/produkt\/naturflockengraphit\/\">Naturgraphit<\/a>, mit einem Kohlenstoffgehalt von 65%-99%. Es wird haupts\u00e4chlich in Stahlwerken verwendet, nicht in Gie\u00dfereien.<\/p>\n<h2>Industrielle Anwendungen<\/h2>\n<p>1. Stahlerzeugende Industrie: Die Verwendung von Aufkohlungsmitteln als Zusatzstoffe kann den Kohlenstoffgehalt im geschmolzenen Stahl wirksam erh\u00f6hen und die physikalischen und mechanischen Eigenschaften des Stahls verbessern. Um Stahl mit ausgezeichneter Leistung zu erhalten.<\/p>\n<p>2. Gie\u00dfereiindustrie: Der Kohlenstoffgehalt der urspr\u00fcnglichen Schmelzmetallrohstoffe ist oft niedrig. Sie k\u00f6nnen den Kohlenstoffgehalt von Gussst\u00fccken effektiv erh\u00f6hen, ihre Organisationsstruktur und mechanischen Eigenschaften verbessern. Verbessern Sie die mechanische Festigkeit und Verschlei\u00dffestigkeit von Gussteilen.<\/p>\n<p>3. Verh\u00fcttungsindustrie: W\u00e4hrend des Schmelzprozesses kann der Einsatz von Aufkohlungsmitteln den Gehalt an Verunreinigungen wirksam verringern und die Flie\u00dff\u00e4higkeit des Schmelzmittels verbessern. Gleichzeitig kann es auch die Produktionseffizienz des Schmelzprozesses verbessern und den Energieverbrauch reduzieren.<\/p>\n<p>4. Herstellung von Maschinen: Als Schmiermittel und verschlei\u00dffestes Material kann es die Verschlei\u00dffestigkeit, Leistung und Lebensdauer von mechanischen Teilen verbessern.<\/p>\n<p>5. Luft- und Raumfahrtindustrie: Die damit hergestellten Kohlenstoffwerkstoffe haben hervorragende Eigenschaften wie hohe Festigkeit, hohe Leitf\u00e4higkeit und hohe Temperaturbest\u00e4ndigkeit und werden daher h\u00e4ufig verwendet.<\/p>\n<p>Als Hersteller von Aufkohlungsmitteln liefert Jinsun qualitativ hochwertige Produkte f\u00fcr Ihre Produktion von hochwertigem Stahl, Gusseisen und Legierungen, um Ihre Produktionsanforderungen zu erf\u00fcllen.<\/p>","protected":false},"excerpt":{"rendered":"<p>Carbon Raiser ist eine Art kohlenstoffhaltige Substanz mit geringem Schwefel- und Aschegehalt. Er wird verwendet, um den beim Schmelzen von Stahl verlorenen Kohlenstoffgehalt auszugleichen und gleichzeitig die Festigkeit und andere Eigenschaften des Stahls zu verbessern.<\/p>\n<p>W\u00e4hrend des Schmelzprozesses von Stahlerzeugnissen kann der Kohlenstoffgehalt im geschmolzenen Eisen aufgrund der langen Schmelz- und Warmhaltezeit erheblich verloren gehen, was zu einer Verringerung des Kohlenstoffgehalts im geschmolzenen Eisen f\u00fchrt und den erwarteten Wert f\u00fcr die eaf-Stahlerzeugung nicht erreicht. Um diesen Verlust an Kohlenstoffgehalt auszugleichen, werden Kohlenstoffverst\u00e4rker zugesetzt.<\/p>","protected":false},"featured_media":4826,"template":"","meta":[],"product_brand":[],"product_cat":[39],"product_tag":[],"class_list":{"0":"post-4824","1":"product","2":"type-product","3":"status-publish","4":"has-post-thumbnail","6":"product_cat-carbon-products","8":"first","9":"instock","10":"shipping-taxable","11":"product-type-simple"},"yoast_head":"<!-- This site is optimized with the Yoast SEO Premium plugin v19.2.1 (Yoast SEO v25.3) - https:\/\/yoast.com\/wordpress\/plugins\/seo\/ -->\n<title>Carbon Raiser Manufacturer<\/title>\n<meta name=\"description\" content=\"Carbon raiser is a type of carbon-containing substance that is used to make up for the carbon content lost during the steel smelting process.\" \/>\n<meta name=\"robots\" content=\"index, follow, max-snippet:-1, max-image-preview:large, max-video-preview:-1\" \/>\n<link rel=\"canonical\" href=\"https:\/\/jinsuncarbon.com\/de\/produkt\/carbon-raiser\/\" \/>\n<meta property=\"og:locale\" content=\"de_DE\" \/>\n<meta property=\"og:type\" content=\"article\" \/>\n<meta property=\"og:title\" content=\"Carbon Raiser\" \/>\n<meta property=\"og:description\" content=\"Carbon raiser is a type of carbon-containing substance that is used to make up for the carbon content lost during the steel smelting process.\" \/>\n<meta property=\"og:url\" content=\"https:\/\/jinsuncarbon.com\/de\/produkt\/carbon-raiser\/\" \/>\n<meta property=\"og:site_name\" content=\"Jinsun Carbon\" \/>\n<meta property=\"article:publisher\" content=\"https:\/\/www.facebook.com\/Graphite-Electrode-109336238661595\" \/>\n<meta property=\"article:modified_time\" content=\"2025-03-08T06:39:46+00:00\" \/>\n<meta property=\"og:image\" content=\"https:\/\/jinsuncarbon.com\/wp-content\/uploads\/2024\/03\/carbon-raiser.jpg\" \/>\n\t<meta property=\"og:image:width\" content=\"1024\" \/>\n\t<meta property=\"og:image:height\" content=\"680\" \/>\n\t<meta property=\"og:image:type\" content=\"image\/jpeg\" \/>\n<meta name=\"twitter:card\" content=\"summary_large_image\" \/>\n<meta name=\"twitter:site\" content=\"@jinsuncarbon_\" \/>\n<meta name=\"twitter:label1\" content=\"Gesch\u00e4tzte Lesezeit\" \/>\n\t<meta name=\"twitter:data1\" content=\"3\u00a0Minuten\" \/>\n<script type=\"application\/ld+json\" class=\"yoast-schema-graph\">{\"@context\":\"https:\/\/schema.org\",\"@graph\":[{\"@type\":\"WebPage\",\"@id\":\"https:\/\/jinsuncarbon.com\/product\/carbon-raiser\/\",\"url\":\"https:\/\/jinsuncarbon.com\/product\/carbon-raiser\/\",\"name\":\"Carbon Raiser Manufacturer\",\"isPartOf\":{\"@id\":\"https:\/\/jinsuncarbon.com\/#website\"},\"primaryImageOfPage\":{\"@id\":\"https:\/\/jinsuncarbon.com\/product\/carbon-raiser\/#primaryimage\"},\"image\":{\"@id\":\"https:\/\/jinsuncarbon.com\/product\/carbon-raiser\/#primaryimage\"},\"thumbnailUrl\":\"https:\/\/jinsuncarbon.com\/wp-content\/uploads\/2024\/03\/carbon-raiser.jpg\",\"datePublished\":\"2024-03-18T13:59:47+00:00\",\"dateModified\":\"2025-03-08T06:39:46+00:00\",\"description\":\"Carbon raiser is a type of carbon-containing substance that is used to make up for the carbon content lost during the steel smelting process.\",\"breadcrumb\":{\"@id\":\"https:\/\/jinsuncarbon.com\/product\/carbon-raiser\/#breadcrumb\"},\"inLanguage\":\"de\",\"potentialAction\":[{\"@type\":\"ReadAction\",\"target\":[\"https:\/\/jinsuncarbon.com\/product\/carbon-raiser\/\"]}]},{\"@type\":\"ImageObject\",\"inLanguage\":\"de\",\"@id\":\"https:\/\/jinsuncarbon.com\/product\/carbon-raiser\/#primaryimage\",\"url\":\"https:\/\/jinsuncarbon.com\/wp-content\/uploads\/2024\/03\/carbon-raiser.jpg\",\"contentUrl\":\"https:\/\/jinsuncarbon.com\/wp-content\/uploads\/2024\/03\/carbon-raiser.jpg\",\"width\":1024,\"height\":680,\"caption\":\"carbon raiser\"},{\"@type\":\"BreadcrumbList\",\"@id\":\"https:\/\/jinsuncarbon.com\/product\/carbon-raiser\/#breadcrumb\",\"itemListElement\":[{\"@type\":\"ListItem\",\"position\":1,\"name\":\"Home\",\"item\":\"https:\/\/jinsuncarbon.com\/\"},{\"@type\":\"ListItem\",\"position\":2,\"name\":\"Products\",\"item\":\"https:\/\/jinsuncarbon.com\/graphite-carbon\/\"},{\"@type\":\"ListItem\",\"position\":3,\"name\":\"Carbon Raiser\"}]},{\"@type\":\"WebSite\",\"@id\":\"https:\/\/jinsuncarbon.com\/#website\",\"url\":\"https:\/\/jinsuncarbon.com\/\",\"name\":\"Jinsun Carbon\",\"description\":\"We are the successful graphite electrode manufacturer in China\",\"publisher\":{\"@id\":\"https:\/\/jinsuncarbon.com\/#organization\"},\"potentialAction\":[{\"@type\":\"SearchAction\",\"target\":{\"@type\":\"EntryPoint\",\"urlTemplate\":\"https:\/\/jinsuncarbon.com\/?s={search_term_string}\"},\"query-input\":{\"@type\":\"PropertyValueSpecification\",\"valueRequired\":true,\"valueName\":\"search_term_string\"}}],\"inLanguage\":\"de\"},{\"@type\":\"Organization\",\"@id\":\"https:\/\/jinsuncarbon.com\/#organization\",\"name\":\"Jinsun Carbon\",\"alternateName\":\"Jinsun Carbon\",\"url\":\"https:\/\/jinsuncarbon.com\/\",\"logo\":{\"@type\":\"ImageObject\",\"inLanguage\":\"de\",\"@id\":\"https:\/\/jinsuncarbon.com\/#\/schema\/logo\/image\/\",\"url\":\"https:\/\/jinsuncarbon.com\/wp-content\/uploads\/2022\/12\/LOGO-1.png\",\"contentUrl\":\"https:\/\/jinsuncarbon.com\/wp-content\/uploads\/2022\/12\/LOGO-1.png\",\"width\":207,\"height\":80,\"caption\":\"Jinsun Carbon\"},\"image\":{\"@id\":\"https:\/\/jinsuncarbon.com\/#\/schema\/logo\/image\/\"},\"sameAs\":[\"https:\/\/www.facebook.com\/Graphite-Electrode-109336238661595\",\"https:\/\/x.com\/jinsuncarbon_\",\"https:\/\/www.linkedin.com\/in\/jinsungraphite\",\"https:\/\/www.youtube.com\/channel\/UCysDNyvyR5-3cCWEmpkVC0g\"]}]}<\/script>\n<!-- \/ Yoast SEO Premium plugin. -->","yoast_head_json":{"title":"Carbon Raiser Hersteller","description":"Carbon Raiser ist eine Art kohlenstoffhaltige Substanz, die verwendet wird, um den w\u00e4hrend des Stahlschmelzprozesses verlorenen Kohlenstoffgehalt auszugleichen.","robots":{"index":"index","follow":"follow","max-snippet":"max-snippet:-1","max-image-preview":"max-image-preview:large","max-video-preview":"max-video-preview:-1"},"canonical":"https:\/\/jinsuncarbon.com\/de\/produkt\/carbon-raiser\/","og_locale":"de_DE","og_type":"article","og_title":"Carbon Raiser","og_description":"Carbon raiser is a type of carbon-containing substance that is used to make up for the carbon content lost during the steel smelting process.","og_url":"https:\/\/jinsuncarbon.com\/de\/produkt\/carbon-raiser\/","og_site_name":"Jinsun Carbon","article_publisher":"https:\/\/www.facebook.com\/Graphite-Electrode-109336238661595","article_modified_time":"2025-03-08T06:39:46+00:00","og_image":[{"width":1024,"height":680,"url":"https:\/\/jinsuncarbon.com\/wp-content\/uploads\/2024\/03\/carbon-raiser.jpg","type":"image\/jpeg"}],"twitter_card":"summary_large_image","twitter_site":"@jinsuncarbon_","twitter_misc":{"Gesch\u00e4tzte Lesezeit":"3\u00a0Minuten"},"schema":{"@context":"https:\/\/schema.org","@graph":[{"@type":"WebPage","@id":"https:\/\/jinsuncarbon.com\/product\/carbon-raiser\/","url":"https:\/\/jinsuncarbon.com\/product\/carbon-raiser\/","name":"Carbon Raiser Hersteller","isPartOf":{"@id":"https:\/\/jinsuncarbon.com\/#website"},"primaryImageOfPage":{"@id":"https:\/\/jinsuncarbon.com\/product\/carbon-raiser\/#primaryimage"},"image":{"@id":"https:\/\/jinsuncarbon.com\/product\/carbon-raiser\/#primaryimage"},"thumbnailUrl":"https:\/\/jinsuncarbon.com\/wp-content\/uploads\/2024\/03\/carbon-raiser.jpg","datePublished":"2024-03-18T13:59:47+00:00","dateModified":"2025-03-08T06:39:46+00:00","description":"Carbon Raiser ist eine Art kohlenstoffhaltige Substanz, die verwendet wird, um den w\u00e4hrend des Stahlschmelzprozesses verlorenen Kohlenstoffgehalt auszugleichen.","breadcrumb":{"@id":"https:\/\/jinsuncarbon.com\/product\/carbon-raiser\/#breadcrumb"},"inLanguage":"de","potentialAction":[{"@type":"ReadAction","target":["https:\/\/jinsuncarbon.com\/product\/carbon-raiser\/"]}]},{"@type":"ImageObject","inLanguage":"de","@id":"https:\/\/jinsuncarbon.com\/product\/carbon-raiser\/#primaryimage","url":"https:\/\/jinsuncarbon.com\/wp-content\/uploads\/2024\/03\/carbon-raiser.jpg","contentUrl":"https:\/\/jinsuncarbon.com\/wp-content\/uploads\/2024\/03\/carbon-raiser.jpg","width":1024,"height":680,"caption":"carbon raiser"},{"@type":"BreadcrumbList","@id":"https:\/\/jinsuncarbon.com\/product\/carbon-raiser\/#breadcrumb","itemListElement":[{"@type":"ListItem","position":1,"name":"Home","item":"https:\/\/jinsuncarbon.com\/"},{"@type":"ListItem","position":2,"name":"Products","item":"https:\/\/jinsuncarbon.com\/graphite-carbon\/"},{"@type":"ListItem","position":3,"name":"Carbon Raiser"}]},{"@type":"WebSite","@id":"https:\/\/jinsuncarbon.com\/#website","url":"https:\/\/jinsuncarbon.com\/","name":"Jinsun Kohlenstoff","description":"Wir sind der erfolgreiche Hersteller von Graphitelektroden in China","publisher":{"@id":"https:\/\/jinsuncarbon.com\/#organization"},"potentialAction":[{"@type":"SearchAction","target":{"@type":"EntryPoint","urlTemplate":"https:\/\/jinsuncarbon.com\/?s={search_term_string}"},"query-input":{"@type":"PropertyValueSpecification","valueRequired":true,"valueName":"search_term_string"}}],"inLanguage":"de"},{"@type":"Organization","@id":"https:\/\/jinsuncarbon.com\/#organization","name":"Jinsun Kohlenstoff","alternateName":"Jinsun Carbon","url":"https:\/\/jinsuncarbon.com\/","logo":{"@type":"ImageObject","inLanguage":"de","@id":"https:\/\/jinsuncarbon.com\/#\/schema\/logo\/image\/","url":"https:\/\/jinsuncarbon.com\/wp-content\/uploads\/2022\/12\/LOGO-1.png","contentUrl":"https:\/\/jinsuncarbon.com\/wp-content\/uploads\/2022\/12\/LOGO-1.png","width":207,"height":80,"caption":"Jinsun Carbon"},"image":{"@id":"https:\/\/jinsuncarbon.com\/#\/schema\/logo\/image\/"},"sameAs":["https:\/\/www.facebook.com\/Graphite-Electrode-109336238661595","https:\/\/x.com\/jinsuncarbon_","https:\/\/www.linkedin.com\/in\/jinsungraphite","https:\/\/www.youtube.com\/channel\/UCysDNyvyR5-3cCWEmpkVC0g"]}]}},"_links":{"self":[{"href":"https:\/\/jinsuncarbon.com\/de\/wp-json\/wp\/v2\/product\/4824","targetHints":{"allow":["GET"]}}],"collection":[{"href":"https:\/\/jinsuncarbon.com\/de\/wp-json\/wp\/v2\/product"}],"about":[{"href":"https:\/\/jinsuncarbon.com\/de\/wp-json\/wp\/v2\/types\/product"}],"wp:featuredmedia":[{"embeddable":true,"href":"https:\/\/jinsuncarbon.com\/de\/wp-json\/wp\/v2\/media\/4826"}],"wp:attachment":[{"href":"https:\/\/jinsuncarbon.com\/de\/wp-json\/wp\/v2\/media?parent=4824"}],"wp:term":[{"taxonomy":"product_brand","embeddable":true,"href":"https:\/\/jinsuncarbon.com\/de\/wp-json\/wp\/v2\/product_brand?post=4824"},{"taxonomy":"product_cat","embeddable":true,"href":"https:\/\/jinsuncarbon.com\/de\/wp-json\/wp\/v2\/product_cat?post=4824"},{"taxonomy":"product_tag","embeddable":true,"href":"https:\/\/jinsuncarbon.com\/de\/wp-json\/wp\/v2\/product_tag?post=4824"}],"curies":[{"name":"wp","href":"https:\/\/api.w.org\/{rel}","templated":true}]}}