{"id":4169,"date":"2024-02-13T13:25:22","date_gmt":"2024-02-13T13:25:22","guid":{"rendered":"https:\/\/jinsuncarbon.com\/?post_type=product&#038;p=4169"},"modified":"2026-02-26T14:36:28","modified_gmt":"2026-02-26T14:36:28","slug":"600mm-graphitelektrode-uhp","status":"publish","type":"product","link":"https:\/\/jinsuncarbon.com\/de\/produkt\/600mm-graphitelektrode-uhp\/","title":{"rendered":"600mm Graphit-Elektrode UHP"},"content":{"rendered":"<h3>600mm Graphitelektrode UHP wird h\u00e4ufig verwendet in <a href=\"https:\/\/en.wikipedia.org\/wiki\/Electric_arc_furnace#:~:text=AC%20furnaces%20usually%20exhibit%20a,of%20the%20steel%20more%20uniform.\" target=\"_blank\" rel=\"noopener\">AC-Elektrolichtbogenofen.<\/a><\/h3>\n<p><strong>Hauptmerkmale:<\/strong><\/p>\n<ul>\n<li>H\u00f6here Sch\u00fcttdichte<\/li>\n<li>Sehr niedriger spezifischer Widerstand<\/li>\n<li>Gro\u00dfe Strombelastung zulassen<\/li>\n<li>Hohe Biegefestigkeit<\/li>\n<li>Kleiner W\u00e4rmeausdehnungskoeffizient<\/li>\n<\/ul>\n<h3><\/h3>\n<h3>Die folgenden Anwendungen von Elektrolichtbogen\u00f6fen und Graphitelektroden uhp 600<\/h3>\n<table width=\"1037\">\n<tbody>\n<tr>\n<td rowspan=\"4\" width=\"402\">Informationen zum Basisofen<\/td>\n<td width=\"299\">Anwendung (AC \/ DC)<\/td>\n<td width=\"336\">AC<\/td>\n<\/tr>\n<tr>\n<td width=\"299\">Ofen-ID<\/td>\n<td>Quantum-Elektrolichtbogenofen<\/td>\n<\/tr>\n<tr>\n<td width=\"299\">Kapazit\u00e4t der \u00d6fen in MT<\/td>\n<td>150<\/td>\n<\/tr>\n<tr>\n<td width=\"299\">Jahresproduktion MT<\/td>\n<td>0,84 Millionen MT<\/td>\n<\/tr>\n<tr>\n<td rowspan=\"17\" width=\"402\">Daten zur Graphitelektrode<\/td>\n<td width=\"299\">Elektroden-Durchmesser (mm)<\/td>\n<td width=\"336\">610<\/td>\n<\/tr>\n<tr>\n<td width=\"299\">Mindestdurchmesser (mm)<\/td>\n<td width=\"336\">607<\/td>\n<\/tr>\n<tr>\n<td width=\"299\">Max. Durchmesser (mm)<\/td>\n<td width=\"336\">613<\/td>\n<\/tr>\n<tr>\n<td width=\"299\">Elektrodenl\u00e4nge (mm)<\/td>\n<td width=\"336\">2400<\/td>\n<\/tr>\n<tr>\n<td width=\"299\">Min. L\u00e4nge (mm)<\/td>\n<td width=\"336\">2300<\/td>\n<\/tr>\n<tr>\n<td width=\"299\">Maximale L\u00e4nge (mm)<\/td>\n<td width=\"336\">2500<\/td>\n<\/tr>\n<tr>\n<td width=\"299\">Klasse<\/td>\n<td width=\"336\">UHP<\/td>\n<\/tr>\n<tr>\n<td width=\"299\">Nippel Gr\u00f6\u00dfe Durchmesser X L\u00e4nge (mm)<\/td>\n<td width=\"336\">317.50 X 457.20<\/td>\n<\/tr>\n<tr>\n<td width=\"299\">Ungef\u00e4hres Gewicht\/kg<\/td>\n<td width=\"336\">38.7<\/td>\n<\/tr>\n<tr>\n<td width=\"299\">Nippel Typ (IEC)<\/td>\n<td width=\"336\">UHP<\/td>\n<\/tr>\n<tr>\n<td width=\"299\">Pitch Plug (Ja\/Nein)<\/td>\n<td width=\"336\">ja<\/td>\n<\/tr>\n<tr>\n<td width=\"299\">Staubrille (Ja\/Nein)<\/td>\n<td width=\"336\">ja<\/td>\n<\/tr>\n<tr>\n<td width=\"299\">Elektrodenverbrauch netto kg\/MT<\/td>\n<td width=\"336\">1kg\/MT Stahlproduktion<\/td>\n<\/tr>\n<tr>\n<td width=\"299\">Elektrodenverbrauch Brutto kg\/MT<\/td>\n<td width=\"336\">0.9<\/td>\n<\/tr>\n<tr>\n<td width=\"299\">Durchschnittliche %-Pausen\/Monat<\/td>\n<td width=\"336\">0<\/td>\n<\/tr>\n<tr>\n<td width=\"299\">Oxidierte L\u00e4nge (M)<\/td>\n<td width=\"336\">K.A.<\/td>\n<\/tr>\n<tr>\n<td width=\"299\">Durchmesser der Spitze (mm)<\/td>\n<td width=\"336\">500<\/td>\n<\/tr>\n<\/tbody>\n<\/table>\n<h3><\/h3>\n<h3><\/h3>\n<h3>Herstellung unter Verwendung von hochwertigem Nadelkoks<\/h3>\n<p>Die Verwendung von hochwertigem Nadelkoks und modifiziertem Pechbinder zur Entwicklung hochwertiger UHP-Graphitelektroden erm\u00f6glicht einen hohen Energiewiderstand und Hochstrombetrieb.<\/p>\n<p>Mit der Entwicklung der industriellen Wirtschaft haben sich viele L\u00e4nder reformiert. Sie setzen sich aktiv f\u00fcr die Autarkie der Stahlproduktion ein und haben nach und nach die Herstellung von Stahl im Lichtbogenofen eingef\u00fchrt.<\/p>\n<h3>Qualit\u00e4tsanforderungen:<\/h3>\n<p>1. Hinsichtlich des Aussehens und der Oberfl\u00e4chenparameter sind die <a href=\"https:\/\/jinsuncarbon.com\/de\/produkt\/uhp-graphitelektrode\/\">Graphitelektroden<\/a> m\u00fcssen die folgenden Anforderungen erf\u00fcllen:<\/p>\n<p>Die Rechtwinkligkeit der Mantellinie der Elektrodenoberfl\u00e4che zum Ende sollte nicht mehr als 0,20 mm betragen.<br \/>\n-Die Ebenheit der Endfl\u00e4chen der Elektrode sollte nicht mehr als 0,15 mm betragen.<br \/>\n- Die Ovalit\u00e4t und Konizit\u00e4t der Mantellinie der Elektrodenoberfl\u00e4che sollte die H\u00e4lfte der Toleranz des Elektrodendurchmessers nicht \u00fcberschreiten. Die Vertiefungen sollten die maximalen Abweichungen im Durchmesser der Elektrode nicht \u00fcberschreiten.<br \/>\n- auf der Oberfl\u00e4che der Elektroden sind nicht zul\u00e4ssig:<br \/>\n1) Ausgeschlagene Kanten an jedem Ende mit einer Tiefe von mehr als 8 mm und einer Gesamtl\u00e4nge von mehr als 40 mm;<br \/>\n2) Sp\u00e4ne und Schalen auf der Oberfl\u00e4che mit einer Tiefe von mehr als 8 mm und einer L\u00e4nge von 20 mm;<br \/>\n3) mehr als zwei L\u00e4ngsrisse in einem Abstand von mindestens 200 mm von der Unterseite des Nippelansatzes bis zur Mitte der Elektrode mit einer L\u00e4nge von mehr als 5% des Umfangs des Elektrodenabschnitts;<br \/>\n4) transversale Risse.<br \/>\n2. Hinsichtlich des Aussehens und der Oberfl\u00e4chenparameter m\u00fcssen die Nippel und Nippelmuffen den folgenden Anforderungen gen\u00fcgen.<br \/>\n- Der Versatz des Nippelschaftes gegen\u00fcber der Generatrix sollte nicht mehr als 1 mm betragen.<br \/>\n- die Ovalit\u00e4t des Nippelsitzes entlang des Innendurchmessers im Bereich bis 60\u00b0 sollte nicht mehr als 0,6 mm betragen.<br \/>\n- Aussparungen an den Enden der Nippel sollten nicht mehr als 15 mm betragen.<br \/>\n- auf der Oberfl\u00e4che von Brustwarzen und Brustwarzensch\u00e4ften ist nicht erlaubt:<br \/>\n1) mehr als zwei Sp\u00e4ne von Gewinden mit einer L\u00e4nge von mehr als 15 mm;<\/p>\n<h5>Kontaktieren Sie uns f\u00fcr hochwertige UHP-Graphitelektroden 600.<\/h5>","protected":false},"excerpt":{"rendered":"<p>UHP-Graphitelektroden werden haupts\u00e4chlich aus Nadelkoks und Pechkoks hergestellt, die hochtemperaturbest\u00e4ndige Leitermaterialien sind. Sie werden haupts\u00e4chlich in der Stahlerzeugung im Elektrolichtbogenofen verwendet. Hochwertige Graphitelektroden k\u00f6nnen den Tonnenverbrauch senken und die Produktionseffizienz verbessern. Normalerweise liegt der Verbrauch pro Tonne Stahl f\u00fcr unsere Graphitelektrode UHP 600 bei 0,9 kg.<\/p>","protected":false},"featured_media":4171,"template":"","meta":[],"product_brand":[],"product_cat":[37],"product_tag":[],"class_list":{"0":"post-4169","1":"product","2":"type-product","3":"status-publish","4":"has-post-thumbnail","6":"product_cat-graphite-electrode","8":"first","9":"instock","10":"shipping-taxable","11":"product-type-simple"},"yoast_head":"<!-- This site is optimized with the Yoast SEO Premium plugin v19.2.1 (Yoast SEO v25.3) - https:\/\/yoast.com\/wordpress\/plugins\/seo\/ -->\n<title>600mm Graphite Electrode UHP Manufacturer<\/title>\n<meta name=\"description\" content=\"600mm graphite electrode uhp is mainly made of needle coke and pitch coke, which is high-temperature resistant conductor materials in eaf.\" \/>\n<meta name=\"robots\" content=\"index, follow, max-snippet:-1, max-image-preview:large, max-video-preview:-1\" \/>\n<link rel=\"canonical\" href=\"https:\/\/jinsuncarbon.com\/de\/produkt\/600mm-graphitelektrode-uhp\/\" \/>\n<meta property=\"og:locale\" content=\"de_DE\" \/>\n<meta property=\"og:type\" content=\"article\" \/>\n<meta property=\"og:title\" content=\"600mm Graphite Electrode UHP\" \/>\n<meta property=\"og:description\" content=\"600mm graphite electrode uhp is mainly made of needle coke and pitch coke, which is high-temperature resistant conductor materials in eaf.\" \/>\n<meta property=\"og:url\" content=\"https:\/\/jinsuncarbon.com\/de\/produkt\/600mm-graphitelektrode-uhp\/\" \/>\n<meta property=\"og:site_name\" content=\"Jinsun Carbon\" \/>\n<meta property=\"article:publisher\" content=\"https:\/\/www.facebook.com\/Graphite-Electrode-109336238661595\" \/>\n<meta property=\"article:modified_time\" content=\"2026-02-26T14:36:28+00:00\" \/>\n<meta property=\"og:image\" content=\"https:\/\/jinsuncarbon.com\/wp-content\/uploads\/2024\/02\/graphite-electrode-uhp-600.jpg\" \/>\n\t<meta property=\"og:image:width\" content=\"1024\" \/>\n\t<meta property=\"og:image:height\" content=\"763\" \/>\n\t<meta property=\"og:image:type\" content=\"image\/jpeg\" \/>\n<meta name=\"twitter:card\" content=\"summary_large_image\" \/>\n<meta name=\"twitter:site\" content=\"@jinsuncarbon_\" \/>\n<meta name=\"twitter:label1\" content=\"Gesch\u00e4tzte Lesezeit\" \/>\n\t<meta name=\"twitter:data1\" content=\"3\u00a0Minuten\" \/>\n<script type=\"application\/ld+json\" class=\"yoast-schema-graph\">{\"@context\":\"https:\/\/schema.org\",\"@graph\":[{\"@type\":\"WebPage\",\"@id\":\"https:\/\/jinsuncarbon.com\/product\/600mm-graphite-electrode-uhp\/\",\"url\":\"https:\/\/jinsuncarbon.com\/product\/600mm-graphite-electrode-uhp\/\",\"name\":\"600mm Graphite Electrode UHP Manufacturer\",\"isPartOf\":{\"@id\":\"https:\/\/jinsuncarbon.com\/#website\"},\"primaryImageOfPage\":{\"@id\":\"https:\/\/jinsuncarbon.com\/product\/600mm-graphite-electrode-uhp\/#primaryimage\"},\"image\":{\"@id\":\"https:\/\/jinsuncarbon.com\/product\/600mm-graphite-electrode-uhp\/#primaryimage\"},\"thumbnailUrl\":\"https:\/\/jinsuncarbon.com\/wp-content\/uploads\/2024\/02\/graphite-electrode-uhp-600.jpg\",\"datePublished\":\"2024-02-13T13:25:22+00:00\",\"dateModified\":\"2026-02-26T14:36:28+00:00\",\"description\":\"600mm graphite electrode uhp is mainly made of needle coke and pitch coke, which is high-temperature resistant conductor materials in eaf.\",\"breadcrumb\":{\"@id\":\"https:\/\/jinsuncarbon.com\/product\/600mm-graphite-electrode-uhp\/#breadcrumb\"},\"inLanguage\":\"de\",\"potentialAction\":[{\"@type\":\"ReadAction\",\"target\":[\"https:\/\/jinsuncarbon.com\/product\/600mm-graphite-electrode-uhp\/\"]}]},{\"@type\":\"ImageObject\",\"inLanguage\":\"de\",\"@id\":\"https:\/\/jinsuncarbon.com\/product\/600mm-graphite-electrode-uhp\/#primaryimage\",\"url\":\"https:\/\/jinsuncarbon.com\/wp-content\/uploads\/2024\/02\/graphite-electrode-uhp-600.jpg\",\"contentUrl\":\"https:\/\/jinsuncarbon.com\/wp-content\/uploads\/2024\/02\/graphite-electrode-uhp-600.jpg\",\"width\":1024,\"height\":763,\"caption\":\"graphite electrode uhp 600\"},{\"@type\":\"BreadcrumbList\",\"@id\":\"https:\/\/jinsuncarbon.com\/product\/600mm-graphite-electrode-uhp\/#breadcrumb\",\"itemListElement\":[{\"@type\":\"ListItem\",\"position\":1,\"name\":\"Home\",\"item\":\"https:\/\/jinsuncarbon.com\/\"},{\"@type\":\"ListItem\",\"position\":2,\"name\":\"Products\",\"item\":\"https:\/\/jinsuncarbon.com\/graphite-carbon\/\"},{\"@type\":\"ListItem\",\"position\":3,\"name\":\"600mm Graphite Electrode UHP\"}]},{\"@type\":\"WebSite\",\"@id\":\"https:\/\/jinsuncarbon.com\/#website\",\"url\":\"https:\/\/jinsuncarbon.com\/\",\"name\":\"Jinsun Carbon\",\"description\":\"We are the successful graphite electrode manufacturer in China\",\"publisher\":{\"@id\":\"https:\/\/jinsuncarbon.com\/#organization\"},\"potentialAction\":[{\"@type\":\"SearchAction\",\"target\":{\"@type\":\"EntryPoint\",\"urlTemplate\":\"https:\/\/jinsuncarbon.com\/?s={search_term_string}\"},\"query-input\":{\"@type\":\"PropertyValueSpecification\",\"valueRequired\":true,\"valueName\":\"search_term_string\"}}],\"inLanguage\":\"de\"},{\"@type\":\"Organization\",\"@id\":\"https:\/\/jinsuncarbon.com\/#organization\",\"name\":\"Jinsun Carbon\",\"alternateName\":\"Jinsun Carbon\",\"url\":\"https:\/\/jinsuncarbon.com\/\",\"logo\":{\"@type\":\"ImageObject\",\"inLanguage\":\"de\",\"@id\":\"https:\/\/jinsuncarbon.com\/#\/schema\/logo\/image\/\",\"url\":\"https:\/\/jinsuncarbon.com\/wp-content\/uploads\/2022\/12\/LOGO-1.png\",\"contentUrl\":\"https:\/\/jinsuncarbon.com\/wp-content\/uploads\/2022\/12\/LOGO-1.png\",\"width\":207,\"height\":80,\"caption\":\"Jinsun Carbon\"},\"image\":{\"@id\":\"https:\/\/jinsuncarbon.com\/#\/schema\/logo\/image\/\"},\"sameAs\":[\"https:\/\/www.facebook.com\/Graphite-Electrode-109336238661595\",\"https:\/\/x.com\/jinsuncarbon_\",\"https:\/\/www.linkedin.com\/in\/jinsungraphite\",\"https:\/\/www.youtube.com\/channel\/UCysDNyvyR5-3cCWEmpkVC0g\"]}]}<\/script>\n<!-- \/ Yoast SEO Premium plugin. -->","yoast_head_json":{"title":"600mm Graphitelektrode UHP Hersteller","description":"600mm Graphitelektrode uhp wird haupts\u00e4chlich aus Nadelkoks und Pechkoks hergestellt, die hochtemperaturbest\u00e4ndige Leitermaterialien in eaf sind.","robots":{"index":"index","follow":"follow","max-snippet":"max-snippet:-1","max-image-preview":"max-image-preview:large","max-video-preview":"max-video-preview:-1"},"canonical":"https:\/\/jinsuncarbon.com\/de\/produkt\/600mm-graphitelektrode-uhp\/","og_locale":"de_DE","og_type":"article","og_title":"600mm Graphite Electrode UHP","og_description":"600mm graphite electrode uhp is mainly made of needle coke and pitch coke, which is high-temperature resistant conductor materials in eaf.","og_url":"https:\/\/jinsuncarbon.com\/de\/produkt\/600mm-graphitelektrode-uhp\/","og_site_name":"Jinsun Carbon","article_publisher":"https:\/\/www.facebook.com\/Graphite-Electrode-109336238661595","article_modified_time":"2026-02-26T14:36:28+00:00","og_image":[{"width":1024,"height":763,"url":"https:\/\/jinsuncarbon.com\/wp-content\/uploads\/2024\/02\/graphite-electrode-uhp-600.jpg","type":"image\/jpeg"}],"twitter_card":"summary_large_image","twitter_site":"@jinsuncarbon_","twitter_misc":{"Gesch\u00e4tzte Lesezeit":"3\u00a0Minuten"},"schema":{"@context":"https:\/\/schema.org","@graph":[{"@type":"WebPage","@id":"https:\/\/jinsuncarbon.com\/product\/600mm-graphite-electrode-uhp\/","url":"https:\/\/jinsuncarbon.com\/product\/600mm-graphite-electrode-uhp\/","name":"600mm Graphitelektrode UHP Hersteller","isPartOf":{"@id":"https:\/\/jinsuncarbon.com\/#website"},"primaryImageOfPage":{"@id":"https:\/\/jinsuncarbon.com\/product\/600mm-graphite-electrode-uhp\/#primaryimage"},"image":{"@id":"https:\/\/jinsuncarbon.com\/product\/600mm-graphite-electrode-uhp\/#primaryimage"},"thumbnailUrl":"https:\/\/jinsuncarbon.com\/wp-content\/uploads\/2024\/02\/graphite-electrode-uhp-600.jpg","datePublished":"2024-02-13T13:25:22+00:00","dateModified":"2026-02-26T14:36:28+00:00","description":"600mm Graphitelektrode uhp wird haupts\u00e4chlich aus Nadelkoks und Pechkoks hergestellt, die hochtemperaturbest\u00e4ndige Leitermaterialien in eaf sind.","breadcrumb":{"@id":"https:\/\/jinsuncarbon.com\/product\/600mm-graphite-electrode-uhp\/#breadcrumb"},"inLanguage":"de","potentialAction":[{"@type":"ReadAction","target":["https:\/\/jinsuncarbon.com\/product\/600mm-graphite-electrode-uhp\/"]}]},{"@type":"ImageObject","inLanguage":"de","@id":"https:\/\/jinsuncarbon.com\/product\/600mm-graphite-electrode-uhp\/#primaryimage","url":"https:\/\/jinsuncarbon.com\/wp-content\/uploads\/2024\/02\/graphite-electrode-uhp-600.jpg","contentUrl":"https:\/\/jinsuncarbon.com\/wp-content\/uploads\/2024\/02\/graphite-electrode-uhp-600.jpg","width":1024,"height":763,"caption":"graphite electrode uhp 600"},{"@type":"BreadcrumbList","@id":"https:\/\/jinsuncarbon.com\/product\/600mm-graphite-electrode-uhp\/#breadcrumb","itemListElement":[{"@type":"ListItem","position":1,"name":"Home","item":"https:\/\/jinsuncarbon.com\/"},{"@type":"ListItem","position":2,"name":"Products","item":"https:\/\/jinsuncarbon.com\/graphite-carbon\/"},{"@type":"ListItem","position":3,"name":"600mm Graphite Electrode UHP"}]},{"@type":"WebSite","@id":"https:\/\/jinsuncarbon.com\/#website","url":"https:\/\/jinsuncarbon.com\/","name":"Jinsun Kohlenstoff","description":"Wir sind der erfolgreiche Hersteller von Graphitelektroden in China","publisher":{"@id":"https:\/\/jinsuncarbon.com\/#organization"},"potentialAction":[{"@type":"SearchAction","target":{"@type":"EntryPoint","urlTemplate":"https:\/\/jinsuncarbon.com\/?s={search_term_string}"},"query-input":{"@type":"PropertyValueSpecification","valueRequired":true,"valueName":"search_term_string"}}],"inLanguage":"de"},{"@type":"Organization","@id":"https:\/\/jinsuncarbon.com\/#organization","name":"Jinsun Kohlenstoff","alternateName":"Jinsun Carbon","url":"https:\/\/jinsuncarbon.com\/","logo":{"@type":"ImageObject","inLanguage":"de","@id":"https:\/\/jinsuncarbon.com\/#\/schema\/logo\/image\/","url":"https:\/\/jinsuncarbon.com\/wp-content\/uploads\/2022\/12\/LOGO-1.png","contentUrl":"https:\/\/jinsuncarbon.com\/wp-content\/uploads\/2022\/12\/LOGO-1.png","width":207,"height":80,"caption":"Jinsun Carbon"},"image":{"@id":"https:\/\/jinsuncarbon.com\/#\/schema\/logo\/image\/"},"sameAs":["https:\/\/www.facebook.com\/Graphite-Electrode-109336238661595","https:\/\/x.com\/jinsuncarbon_","https:\/\/www.linkedin.com\/in\/jinsungraphite","https:\/\/www.youtube.com\/channel\/UCysDNyvyR5-3cCWEmpkVC0g"]}]}},"_links":{"self":[{"href":"https:\/\/jinsuncarbon.com\/de\/wp-json\/wp\/v2\/product\/4169","targetHints":{"allow":["GET"]}}],"collection":[{"href":"https:\/\/jinsuncarbon.com\/de\/wp-json\/wp\/v2\/product"}],"about":[{"href":"https:\/\/jinsuncarbon.com\/de\/wp-json\/wp\/v2\/types\/product"}],"wp:featuredmedia":[{"embeddable":true,"href":"https:\/\/jinsuncarbon.com\/de\/wp-json\/wp\/v2\/media\/4171"}],"wp:attachment":[{"href":"https:\/\/jinsuncarbon.com\/de\/wp-json\/wp\/v2\/media?parent=4169"}],"wp:term":[{"taxonomy":"product_brand","embeddable":true,"href":"https:\/\/jinsuncarbon.com\/de\/wp-json\/wp\/v2\/product_brand?post=4169"},{"taxonomy":"product_cat","embeddable":true,"href":"https:\/\/jinsuncarbon.com\/de\/wp-json\/wp\/v2\/product_cat?post=4169"},{"taxonomy":"product_tag","embeddable":true,"href":"https:\/\/jinsuncarbon.com\/de\/wp-json\/wp\/v2\/product_tag?post=4169"}],"curies":[{"name":"wp","href":"https:\/\/api.w.org\/{rel}","templated":true}]}}