{"id":4091,"date":"2024-02-02T09:45:55","date_gmt":"2024-02-02T09:45:55","guid":{"rendered":"https:\/\/jinsuncarbon.com\/?post_type=product&#038;p=4091"},"modified":"2024-11-01T01:07:37","modified_gmt":"2024-11-01T01:07:37","slug":"graphit-elektrodennippel","status":"publish","type":"product","link":"https:\/\/jinsuncarbon.com\/de\/produkt\/graphit-elektrodennippel\/","title":{"rendered":"Graphit-Elektrodennippel"},"content":{"rendered":"<p>Graphitelektrodennippel gibt es in zwei Ausf\u00fchrungen<strong>:<\/strong>\u00a0eine ist zylindrisch<strong>,<\/strong>\u00a0und die andere ist konisch<strong>.<\/strong> Heutzutage werden konische Nippel mit RP, HP und <a href=\"https:\/\/jinsuncarbon.com\/de\/produkt\/uhp-graphitelektrode\/\">UHP-Graphitelektroden<\/a> werden in der ganzen Welt verwendet.<\/p>\n<p>Da die Querschnittsfl\u00e4che der Graphitelektrodennippel kleiner ist als die der Elektrode, mit der sie verbunden sind, hat das Material, aus dem der Nippel hergestellt ist, eine h\u00f6here Druckfestigkeit als die Elektrode, mit der er verbunden ist, und einen geringeren spezifischen Widerstand.<\/p>\n<p>Bei der Stahlerzeugung im Elektrolyseur ist es aufgrund des Abbrandes der unteren Graphitelektrode erforderlich, st\u00e4ndig neue Elektroden zu ersetzen und anzuschlie\u00dfen. Die Funktion des Nippels besteht darin, die Verbindung zwischen den Elektroden zu vervollst\u00e4ndigen.<\/p>\n<h2>Anschl\u00fcsse des Graphitelektrodennippels<\/h2>\n<p>Um die Verbindungsqualit\u00e4t von Graphitelektroden zu verbessern und ein L\u00f6sen der Nippel zu verhindern, graben Sie zwei Rillen in den Nippel entlang des L\u00e4ngsgewindes und setzen Sie den Asphaltstift auf den Nippelk\u00f6rper. W\u00e4hrend <a href=\"https:\/\/en.wikipedia.org\/wiki\/Electric_arc_furnace\" target=\"_blank\" rel=\"noopener\">EAF-Stahlerzeugung<\/a>Nach der Elektrifizierung der Graphitelektroden steigt die Temperatur an.<\/p>\n<p>Dann schmilzt das Pech bei einer bestimmten Temperatur. Wenn das Bitumen schmilzt, flie\u00dft es in den Spalt zwischen dem Gewindenippel und der Rille. Wenn die Temperatur steigt, verkohlt das Bitumen. Das Ergebnis ist, dass das Gewinde des Saugers und das Saugerloch zu einem St\u00fcck verdichtet werden. Dadurch wird die Lockerung des Saugers bei der Herstellung von Graphitelektroden im Elektrolichtbogenofen verringert.<\/p>\n<p>&nbsp;<\/p>\n<h2>Graphit-Elektrodennippel Gr\u00f6\u00dfe<\/h2>\n<p><strong>\u00a0 \u00a0 \u00a0 \u00a0 \u00a0 \u00a0 \u00a0 \u00a0 \u00a0 \u00a0 \u00a0 \u00a0 \u00a0 \u00a0 \u00a0 \u00a0 \u00a0 \u00a0 \u00a0 \u00a0 \u00a0 \u00a0 \u00a0 \u00a0 \u00a0 \u00a0 \u00a0 \u00a0 \u00a0 \u00a0 \u00a0 \u00a0 \u00a0 \u00a0 \u00a0 \u00a0 \u00a0 \u00a0 \u00a0 \u00a0 \u00a0 \u00a0 \u00a0 \u00a0 \u00a0 \u00a0 \u00a0 \u00a0 \u00a0 \u00a0 \u00a0 \u00a0 \u00a0 \u00a0 \u00a0 \u00a0 \u00a0 \u00a0 \u00a0 \u00a0 \u00a0 \u00a0 \u00a0 \u00a0 \u00a0 \u00a0 \u00a0 \u00a0 \u00a0 \u00a0 \u00a0 \u00a0 \u00a0 \u00a0 \u00a0 \u00a0 \u00a0 \u00a0 \u00a0 \u00a0 \u00a0 \u00a0 \u00a0 \u00a0 \u00a0 \u00a0 \u00a0 \u00a0 \u00a0 \u00a0 \u00a0 \u00a0 \u00a0 \u00a0 \u00a0 \u00a0 \u00a0 \u00a0 \u00a0 \u00a0 \u00a0 \u00a0 \u00a0 \u00a0 \u00a0 \u00a0 \u00a0 \u00a0 \u00a0 \u00a0 \u00a0 \u00a0 \u00a0 \u00a0 \u00a0 \u00a0 \u00a0 \u00a0 \u00a0 \u00a0 \u00a0 \u00a0 \u00a0 \u00a0 \u00a0 \u00a0 \u00a0 \u00a0 \u00a0 \u00a0 \u00a0 Einheit: mm<\/strong><\/p>\n<table>\n<tbody>\n<tr>\n<td rowspan=\"2\" width=\"73\">&nbsp;<\/p>\n<p>Nominell<\/p>\n<p>Durchmesser<\/td>\n<td rowspan=\"2\" width=\"94\">International<\/p>\n<p>Code nach IEC<\/td>\n<td colspan=\"2\" width=\"132\">&nbsp;<\/p>\n<p>Brustwarze<\/td>\n<td rowspan=\"2\" width=\"66\">Mitte<\/p>\n<p>Durchmesser<\/p>\n<p>D2\/D2<\/td>\n<td colspan=\"2\" width=\"142\">&nbsp;<\/p>\n<p>Steckdose<\/td>\n<td rowspan=\"2\" width=\"60\">Thema<\/p>\n<p>Stellplatz<\/td>\n<\/tr>\n<tr>\n<td width=\"76\">Gro\u00df<\/p>\n<p>Durchm.<\/td>\n<td width=\"57\">L\u00e4nge<\/td>\n<td width=\"76\">Klein<\/p>\n<p>Durchm.<\/td>\n<td width=\"66\">Steckdose<\/p>\n<p>Tiefe<\/td>\n<\/tr>\n<tr>\n<td width=\"73\">300<\/td>\n<td width=\"94\">177T3N<\/td>\n<td width=\"76\">177.16<\/td>\n<td width=\"57\">270.90<\/td>\n<td width=\"66\">172.95<\/td>\n<td width=\"76\">168.73<\/td>\n<td width=\"66\">141.50<\/td>\n<td rowspan=\"9\" width=\"60\">8.47<\/td>\n<\/tr>\n<tr>\n<td width=\"73\">350<\/td>\n<td width=\"94\">215 T3N<\/td>\n<td width=\"76\">215.90<\/td>\n<td width=\"57\">304.80<\/td>\n<td width=\"66\">211.69<\/td>\n<td width=\"76\">207.47<\/td>\n<td width=\"66\">158.40<\/td>\n<\/tr>\n<tr>\n<td width=\"73\">400<\/td>\n<td width=\"94\">215 T3N<\/td>\n<td width=\"76\">215.90<\/td>\n<td width=\"57\">304.80<\/td>\n<td width=\"66\">211.69<\/td>\n<td width=\"76\">207.47<\/td>\n<td width=\"66\">158.40<\/td>\n<\/tr>\n<tr>\n<td width=\"73\">400<\/td>\n<td width=\"94\">241 T3N<\/td>\n<td width=\"76\">241.30<\/td>\n<td width=\"57\">338.70<\/td>\n<td width=\"66\">237.09<\/td>\n<td width=\"76\">232.87<\/td>\n<td width=\"66\">175.30<\/td>\n<\/tr>\n<tr>\n<td width=\"73\">450<\/td>\n<td width=\"94\">241 T3N<\/td>\n<td width=\"76\">241.30<\/td>\n<td width=\"57\">338.70<\/td>\n<td width=\"66\">237.09<\/td>\n<td width=\"76\">232.87<\/td>\n<td width=\"66\">175.30<\/td>\n<\/tr>\n<tr>\n<td width=\"73\">450<\/td>\n<td width=\"94\">273 T3N<\/td>\n<td width=\"76\">273.05<\/td>\n<td width=\"57\">355.60<\/td>\n<td width=\"66\">268.84<\/td>\n<td width=\"76\">264.62<\/td>\n<td width=\"66\">183.80<\/td>\n<\/tr>\n<tr>\n<td width=\"73\">500<\/td>\n<td width=\"94\">273 T3N<\/td>\n<td width=\"76\">273.05<\/td>\n<td width=\"57\">355.60<\/td>\n<td width=\"66\">268.84<\/td>\n<td width=\"76\">264.62<\/td>\n<td width=\"66\">183.80<\/td>\n<\/tr>\n<tr>\n<td width=\"73\">500<\/td>\n<td width=\"94\">298 T3N<\/td>\n<td width=\"76\">298.45<\/td>\n<td width=\"57\">372.60<\/td>\n<td width=\"66\">294.24<\/td>\n<td width=\"76\">290.02<\/td>\n<td width=\"66\">192.20<\/td>\n<\/tr>\n<tr>\n<td width=\"73\">550<\/td>\n<td width=\"94\">298 T3N<\/td>\n<td width=\"76\">298.45<\/td>\n<td width=\"57\">372.60<\/td>\n<td width=\"66\">294.24<\/td>\n<td width=\"76\">290.02<\/td>\n<td width=\"66\">192.20<\/td>\n<\/tr>\n<tr>\n<td colspan=\"7\" width=\"508\"><\/td>\n<td width=\"60\"><\/td>\n<\/tr>\n<tr>\n<td width=\"73\">300<\/td>\n<td width=\"94\">177T4N<\/td>\n<td width=\"76\">177.80<\/td>\n<td width=\"57\">215.90<\/td>\n<td width=\"66\">176.64<\/td>\n<td width=\"76\">171.48<\/td>\n<td width=\"66\">114.00<\/td>\n<td rowspan=\"14\" width=\"60\">6.35<\/td>\n<\/tr>\n<tr>\n<td width=\"73\">350<\/td>\n<td width=\"94\">203 T4N<\/td>\n<td width=\"76\">203.20<\/td>\n<td width=\"57\">254.00<\/td>\n<td width=\"66\">200.04<\/td>\n<td width=\"76\">196.88<\/td>\n<td width=\"66\">133.00<\/td>\n<\/tr>\n<tr>\n<td width=\"73\">400<\/td>\n<td width=\"94\">222 T4N<\/td>\n<td width=\"76\">222.25<\/td>\n<td width=\"57\">304.80<\/td>\n<td width=\"66\">219.09<\/td>\n<td width=\"76\">215.93<\/td>\n<td width=\"66\">158.40<\/td>\n<\/tr>\n<tr>\n<td width=\"73\">400<\/td>\n<td width=\"94\">222 T4N<\/td>\n<td width=\"76\">222.25<\/td>\n<td width=\"57\">355.60<\/td>\n<td width=\"66\">219.09<\/td>\n<td width=\"76\">215.93<\/td>\n<td width=\"66\">183.80<\/td>\n<\/tr>\n<tr>\n<td width=\"73\">450<\/td>\n<td width=\"94\">241 T4N<\/td>\n<td width=\"76\">241.30<\/td>\n<td width=\"57\">304.80<\/td>\n<td width=\"66\">238.14<\/td>\n<td width=\"76\">234.98<\/td>\n<td width=\"66\">158.40<\/td>\n<\/tr>\n<tr>\n<td width=\"73\">450<\/td>\n<td width=\"94\">241 T4N<\/td>\n<td width=\"76\">241.30<\/td>\n<td width=\"57\">355.60<\/td>\n<td width=\"66\">238.14<\/td>\n<td width=\"76\">234.98<\/td>\n<td width=\"66\">183.80<\/td>\n<\/tr>\n<tr>\n<td width=\"73\">500<\/td>\n<td width=\"94\">269 T4N<\/td>\n<td width=\"76\">269.88<\/td>\n<td width=\"57\">355.60<\/td>\n<td width=\"66\">266.72<\/td>\n<td width=\"76\">263.56<\/td>\n<td width=\"66\">183.80<\/td>\n<\/tr>\n<tr>\n<td width=\"73\">500<\/td>\n<td width=\"94\">269 T4N<\/td>\n<td width=\"76\">269.88<\/td>\n<td width=\"57\">457.20<\/td>\n<td width=\"66\">266.72<\/td>\n<td width=\"76\">263.56<\/td>\n<td width=\"66\">234.60<\/p>\n<p>&nbsp;<\/td>\n<\/tr>\n<tr>\n<td width=\"73\">550<\/td>\n<td width=\"94\">298 T4N<\/td>\n<td width=\"76\">298.45<\/td>\n<td width=\"57\">355.60<\/td>\n<td width=\"66\">295.29<\/td>\n<td width=\"76\">292.13<\/td>\n<td width=\"66\">183.80<\/td>\n<\/tr>\n<tr>\n<td width=\"73\">550<\/td>\n<td width=\"94\">298 T4N<\/td>\n<td width=\"76\">298.45<\/td>\n<td width=\"57\">457.20<\/td>\n<td width=\"66\">295.29<\/td>\n<td width=\"76\">292.13<\/td>\n<td width=\"66\">234.60<\/td>\n<\/tr>\n<tr>\n<td width=\"73\">600<\/td>\n<td width=\"94\">317 T4N<\/td>\n<td width=\"76\">317.50<\/td>\n<td width=\"57\">355.60<\/td>\n<td width=\"66\">314.34<\/td>\n<td width=\"76\">311.18<\/td>\n<td width=\"66\">183.80<\/td>\n<\/tr>\n<tr>\n<td width=\"73\">600<\/td>\n<td width=\"94\">317 T4N<\/td>\n<td width=\"76\">317.50<\/td>\n<td width=\"57\">457.20<\/td>\n<td width=\"66\">314.34<\/td>\n<td width=\"76\">311.18<\/td>\n<td width=\"66\">234.60<\/td>\n<\/tr>\n<tr>\n<td width=\"73\">700<\/td>\n<td width=\"94\">374 T4N<\/td>\n<td width=\"76\">374.65<\/td>\n<td width=\"57\">457.20<\/td>\n<td width=\"66\">371.49<\/td>\n<td width=\"76\">368.33<\/td>\n<td width=\"66\">234.60<\/td>\n<\/tr>\n<tr>\n<td width=\"73\">700<\/td>\n<td width=\"94\">374 T4N<\/td>\n<td width=\"76\">374.65<\/td>\n<td width=\"57\">558.80<\/td>\n<td width=\"66\">371.49<\/td>\n<td width=\"76\">368.33<\/td>\n<td width=\"66\">285.40<\/td>\n<\/tr>\n<\/tbody>\n<\/table>","protected":false},"excerpt":{"rendered":"<p>Graphitelektrodennippel sind wichtig f\u00fcr die Verbindung von Elektroden in industriellen EAF-Stahlherstellungsprozessen. Sie leiten Elektrizit\u00e4t und erm\u00f6glichen den Stromfluss durch die Elektroden. Graphitelektrodennippel sind in verschiedenen Durchmessern und L\u00e4ngen erh\u00e4ltlich, wobei Gr\u00f6\u00dfe und Form des Anschlussst\u00fccks von der jeweiligen Anwendung abh\u00e4ngen.<\/p>\n<p>Der Nippel muss sorgf\u00e4ltig auf Besch\u00e4digungen oder Verschlei\u00df untersucht und gegebenenfalls ersetzt werden. Wenn der<a href=\"https:\/\/jinsuncarbon.com\/de\/produkt\/graphitelektrode\/\">\u00a0Graphitelektrode<\/a> Wenn die Elektrode das Werk verl\u00e4sst, muss die Oberfl\u00e4che bearbeitet werden, und die beiden Enden werden zu Nippell\u00f6chern mit Trapezgewinde gedreht. Jede Elektrode ist mit einem Nippel ausgestattet.<\/p>","protected":false},"featured_media":1136,"template":"","meta":[],"product_brand":[],"product_cat":[37],"product_tag":[],"class_list":{"0":"post-4091","1":"product","2":"type-product","3":"status-publish","4":"has-post-thumbnail","6":"product_cat-graphite-electrode","8":"first","9":"instock","10":"shipping-taxable","11":"product-type-simple"},"yoast_head":"<!-- This site is optimized with the Yoast SEO Premium plugin v19.2.1 (Yoast SEO v25.3) - https:\/\/yoast.com\/wordpress\/plugins\/seo\/ -->\n<title>Graphite Electrode Nipple | Jinsun Carbon<\/title>\n<meta name=\"description\" content=\"Graphite electrode nipple, its main function in electric arc furnace is to connect two graphite electrodes. Ensure continuous use of electrodes.\" \/>\n<meta name=\"robots\" content=\"index, follow, max-snippet:-1, max-image-preview:large, max-video-preview:-1\" \/>\n<link rel=\"canonical\" href=\"https:\/\/jinsuncarbon.com\/de\/produkt\/graphit-elektrodennippel\/\" \/>\n<meta property=\"og:locale\" content=\"de_DE\" \/>\n<meta property=\"og:type\" content=\"article\" \/>\n<meta property=\"og:title\" content=\"Graphite Electrode Nipple\" \/>\n<meta property=\"og:description\" content=\"Graphite electrode nipple, its main function in electric arc furnace is to connect two graphite electrodes. Ensure continuous use of electrodes.\" \/>\n<meta property=\"og:url\" content=\"https:\/\/jinsuncarbon.com\/de\/produkt\/graphit-elektrodennippel\/\" \/>\n<meta property=\"og:site_name\" content=\"Jinsun Carbon\" \/>\n<meta property=\"article:publisher\" content=\"https:\/\/www.facebook.com\/Graphite-Electrode-109336238661595\" \/>\n<meta property=\"article:modified_time\" content=\"2024-11-01T01:07:37+00:00\" \/>\n<meta property=\"og:image\" content=\"https:\/\/jinsuncarbon.com\/wp-content\/uploads\/2022\/12\/nipples2-scaled.jpg\" \/>\n\t<meta property=\"og:image:width\" content=\"1920\" \/>\n\t<meta property=\"og:image:height\" content=\"1280\" \/>\n\t<meta property=\"og:image:type\" content=\"image\/jpeg\" \/>\n<meta name=\"twitter:card\" content=\"summary_large_image\" \/>\n<meta name=\"twitter:site\" content=\"@jinsuncarbon_\" \/>\n<meta name=\"twitter:label1\" content=\"Gesch\u00e4tzte Lesezeit\" \/>\n\t<meta name=\"twitter:data1\" content=\"3\u00a0Minuten\" \/>\n<script type=\"application\/ld+json\" class=\"yoast-schema-graph\">{\"@context\":\"https:\/\/schema.org\",\"@graph\":[{\"@type\":\"WebPage\",\"@id\":\"https:\/\/jinsuncarbon.com\/product\/graphite-electrode-nipple\/\",\"url\":\"https:\/\/jinsuncarbon.com\/product\/graphite-electrode-nipple\/\",\"name\":\"Graphite Electrode Nipple | Jinsun Carbon\",\"isPartOf\":{\"@id\":\"https:\/\/jinsuncarbon.com\/#website\"},\"primaryImageOfPage\":{\"@id\":\"https:\/\/jinsuncarbon.com\/product\/graphite-electrode-nipple\/#primaryimage\"},\"image\":{\"@id\":\"https:\/\/jinsuncarbon.com\/product\/graphite-electrode-nipple\/#primaryimage\"},\"thumbnailUrl\":\"https:\/\/jinsuncarbon.com\/wp-content\/uploads\/2022\/12\/nipples2-scaled.jpg\",\"datePublished\":\"2024-02-02T09:45:55+00:00\",\"dateModified\":\"2024-11-01T01:07:37+00:00\",\"description\":\"Graphite electrode nipple, its main function in electric arc furnace is to connect two graphite electrodes. Ensure continuous use of electrodes.\",\"breadcrumb\":{\"@id\":\"https:\/\/jinsuncarbon.com\/product\/graphite-electrode-nipple\/#breadcrumb\"},\"inLanguage\":\"de\",\"potentialAction\":[{\"@type\":\"ReadAction\",\"target\":[\"https:\/\/jinsuncarbon.com\/product\/graphite-electrode-nipple\/\"]}]},{\"@type\":\"ImageObject\",\"inLanguage\":\"de\",\"@id\":\"https:\/\/jinsuncarbon.com\/product\/graphite-electrode-nipple\/#primaryimage\",\"url\":\"https:\/\/jinsuncarbon.com\/wp-content\/uploads\/2022\/12\/nipples2-scaled.jpg\",\"contentUrl\":\"https:\/\/jinsuncarbon.com\/wp-content\/uploads\/2022\/12\/nipples2-scaled.jpg\",\"width\":1920,\"height\":1280,\"caption\":\"graphite electrode nipple\"},{\"@type\":\"BreadcrumbList\",\"@id\":\"https:\/\/jinsuncarbon.com\/product\/graphite-electrode-nipple\/#breadcrumb\",\"itemListElement\":[{\"@type\":\"ListItem\",\"position\":1,\"name\":\"Home\",\"item\":\"https:\/\/jinsuncarbon.com\/\"},{\"@type\":\"ListItem\",\"position\":2,\"name\":\"Products\",\"item\":\"https:\/\/jinsuncarbon.com\/graphite-carbon\/\"},{\"@type\":\"ListItem\",\"position\":3,\"name\":\"Graphite Electrode Nipple\"}]},{\"@type\":\"WebSite\",\"@id\":\"https:\/\/jinsuncarbon.com\/#website\",\"url\":\"https:\/\/jinsuncarbon.com\/\",\"name\":\"Jinsun Carbon\",\"description\":\"We are the successful graphite electrode manufacturer in China\",\"publisher\":{\"@id\":\"https:\/\/jinsuncarbon.com\/#organization\"},\"potentialAction\":[{\"@type\":\"SearchAction\",\"target\":{\"@type\":\"EntryPoint\",\"urlTemplate\":\"https:\/\/jinsuncarbon.com\/?s={search_term_string}\"},\"query-input\":{\"@type\":\"PropertyValueSpecification\",\"valueRequired\":true,\"valueName\":\"search_term_string\"}}],\"inLanguage\":\"de\"},{\"@type\":\"Organization\",\"@id\":\"https:\/\/jinsuncarbon.com\/#organization\",\"name\":\"Jinsun Carbon\",\"alternateName\":\"Jinsun Carbon\",\"url\":\"https:\/\/jinsuncarbon.com\/\",\"logo\":{\"@type\":\"ImageObject\",\"inLanguage\":\"de\",\"@id\":\"https:\/\/jinsuncarbon.com\/#\/schema\/logo\/image\/\",\"url\":\"https:\/\/jinsuncarbon.com\/wp-content\/uploads\/2022\/12\/LOGO-1.png\",\"contentUrl\":\"https:\/\/jinsuncarbon.com\/wp-content\/uploads\/2022\/12\/LOGO-1.png\",\"width\":207,\"height\":80,\"caption\":\"Jinsun Carbon\"},\"image\":{\"@id\":\"https:\/\/jinsuncarbon.com\/#\/schema\/logo\/image\/\"},\"sameAs\":[\"https:\/\/www.facebook.com\/Graphite-Electrode-109336238661595\",\"https:\/\/x.com\/jinsuncarbon_\",\"https:\/\/www.linkedin.com\/in\/jinsungraphite\",\"https:\/\/www.youtube.com\/channel\/UCysDNyvyR5-3cCWEmpkVC0g\"]}]}<\/script>\n<!-- \/ Yoast SEO Premium plugin. -->","yoast_head_json":{"title":"Graphit-Elektrodennippel | Jinsun Carbon","description":"Graphitelektrodennippel, deren Hauptfunktion im Elektrolichtbogenofen darin besteht, zwei Graphitelektroden zu verbinden. Er gew\u00e4hrleistet die kontinuierliche Nutzung der Elektroden.","robots":{"index":"index","follow":"follow","max-snippet":"max-snippet:-1","max-image-preview":"max-image-preview:large","max-video-preview":"max-video-preview:-1"},"canonical":"https:\/\/jinsuncarbon.com\/de\/produkt\/graphit-elektrodennippel\/","og_locale":"de_DE","og_type":"article","og_title":"Graphite Electrode Nipple","og_description":"Graphite electrode nipple, its main function in electric arc furnace is to connect two graphite electrodes. Ensure continuous use of electrodes.","og_url":"https:\/\/jinsuncarbon.com\/de\/produkt\/graphit-elektrodennippel\/","og_site_name":"Jinsun Carbon","article_publisher":"https:\/\/www.facebook.com\/Graphite-Electrode-109336238661595","article_modified_time":"2024-11-01T01:07:37+00:00","og_image":[{"width":1920,"height":1280,"url":"https:\/\/jinsuncarbon.com\/wp-content\/uploads\/2022\/12\/nipples2-scaled.jpg","type":"image\/jpeg"}],"twitter_card":"summary_large_image","twitter_site":"@jinsuncarbon_","twitter_misc":{"Gesch\u00e4tzte Lesezeit":"3\u00a0Minuten"},"schema":{"@context":"https:\/\/schema.org","@graph":[{"@type":"WebPage","@id":"https:\/\/jinsuncarbon.com\/product\/graphite-electrode-nipple\/","url":"https:\/\/jinsuncarbon.com\/product\/graphite-electrode-nipple\/","name":"Graphit-Elektrodennippel | Jinsun Carbon","isPartOf":{"@id":"https:\/\/jinsuncarbon.com\/#website"},"primaryImageOfPage":{"@id":"https:\/\/jinsuncarbon.com\/product\/graphite-electrode-nipple\/#primaryimage"},"image":{"@id":"https:\/\/jinsuncarbon.com\/product\/graphite-electrode-nipple\/#primaryimage"},"thumbnailUrl":"https:\/\/jinsuncarbon.com\/wp-content\/uploads\/2022\/12\/nipples2-scaled.jpg","datePublished":"2024-02-02T09:45:55+00:00","dateModified":"2024-11-01T01:07:37+00:00","description":"Graphitelektrodennippel, deren Hauptfunktion im Elektrolichtbogenofen darin besteht, zwei Graphitelektroden zu verbinden. Er gew\u00e4hrleistet die kontinuierliche Nutzung der Elektroden.","breadcrumb":{"@id":"https:\/\/jinsuncarbon.com\/product\/graphite-electrode-nipple\/#breadcrumb"},"inLanguage":"de","potentialAction":[{"@type":"ReadAction","target":["https:\/\/jinsuncarbon.com\/product\/graphite-electrode-nipple\/"]}]},{"@type":"ImageObject","inLanguage":"de","@id":"https:\/\/jinsuncarbon.com\/product\/graphite-electrode-nipple\/#primaryimage","url":"https:\/\/jinsuncarbon.com\/wp-content\/uploads\/2022\/12\/nipples2-scaled.jpg","contentUrl":"https:\/\/jinsuncarbon.com\/wp-content\/uploads\/2022\/12\/nipples2-scaled.jpg","width":1920,"height":1280,"caption":"graphite electrode nipple"},{"@type":"BreadcrumbList","@id":"https:\/\/jinsuncarbon.com\/product\/graphite-electrode-nipple\/#breadcrumb","itemListElement":[{"@type":"ListItem","position":1,"name":"Home","item":"https:\/\/jinsuncarbon.com\/"},{"@type":"ListItem","position":2,"name":"Products","item":"https:\/\/jinsuncarbon.com\/graphite-carbon\/"},{"@type":"ListItem","position":3,"name":"Graphite Electrode Nipple"}]},{"@type":"WebSite","@id":"https:\/\/jinsuncarbon.com\/#website","url":"https:\/\/jinsuncarbon.com\/","name":"Jinsun Kohlenstoff","description":"Wir sind der erfolgreiche Hersteller von Graphitelektroden in China","publisher":{"@id":"https:\/\/jinsuncarbon.com\/#organization"},"potentialAction":[{"@type":"SearchAction","target":{"@type":"EntryPoint","urlTemplate":"https:\/\/jinsuncarbon.com\/?s={search_term_string}"},"query-input":{"@type":"PropertyValueSpecification","valueRequired":true,"valueName":"search_term_string"}}],"inLanguage":"de"},{"@type":"Organization","@id":"https:\/\/jinsuncarbon.com\/#organization","name":"Jinsun Kohlenstoff","alternateName":"Jinsun Carbon","url":"https:\/\/jinsuncarbon.com\/","logo":{"@type":"ImageObject","inLanguage":"de","@id":"https:\/\/jinsuncarbon.com\/#\/schema\/logo\/image\/","url":"https:\/\/jinsuncarbon.com\/wp-content\/uploads\/2022\/12\/LOGO-1.png","contentUrl":"https:\/\/jinsuncarbon.com\/wp-content\/uploads\/2022\/12\/LOGO-1.png","width":207,"height":80,"caption":"Jinsun Carbon"},"image":{"@id":"https:\/\/jinsuncarbon.com\/#\/schema\/logo\/image\/"},"sameAs":["https:\/\/www.facebook.com\/Graphite-Electrode-109336238661595","https:\/\/x.com\/jinsuncarbon_","https:\/\/www.linkedin.com\/in\/jinsungraphite","https:\/\/www.youtube.com\/channel\/UCysDNyvyR5-3cCWEmpkVC0g"]}]}},"_links":{"self":[{"href":"https:\/\/jinsuncarbon.com\/de\/wp-json\/wp\/v2\/product\/4091","targetHints":{"allow":["GET"]}}],"collection":[{"href":"https:\/\/jinsuncarbon.com\/de\/wp-json\/wp\/v2\/product"}],"about":[{"href":"https:\/\/jinsuncarbon.com\/de\/wp-json\/wp\/v2\/types\/product"}],"wp:featuredmedia":[{"embeddable":true,"href":"https:\/\/jinsuncarbon.com\/de\/wp-json\/wp\/v2\/media\/1136"}],"wp:attachment":[{"href":"https:\/\/jinsuncarbon.com\/de\/wp-json\/wp\/v2\/media?parent=4091"}],"wp:term":[{"taxonomy":"product_brand","embeddable":true,"href":"https:\/\/jinsuncarbon.com\/de\/wp-json\/wp\/v2\/product_brand?post=4091"},{"taxonomy":"product_cat","embeddable":true,"href":"https:\/\/jinsuncarbon.com\/de\/wp-json\/wp\/v2\/product_cat?post=4091"},{"taxonomy":"product_tag","embeddable":true,"href":"https:\/\/jinsuncarbon.com\/de\/wp-json\/wp\/v2\/product_tag?post=4091"}],"curies":[{"name":"wp","href":"https:\/\/api.w.org\/{rel}","templated":true}]}}