{"id":2667,"date":"2023-02-15T07:59:16","date_gmt":"2023-02-15T07:59:16","guid":{"rendered":"https:\/\/jinsuncarbon.com\/?post_type=product&#038;p=2667"},"modified":"2026-02-26T14:42:08","modified_gmt":"2026-02-26T14:42:08","slug":"graphitpulver","status":"publish","type":"product","link":"https:\/\/jinsuncarbon.com\/de\/produkt\/graphitpulver\/","title":{"rendered":"Graphit-Pulver"},"content":{"rendered":"<h2>Graphitpulver zum Verkauf<\/h2>\n<p>Graphitpulver ist eine feinere Form von Graphit, einer nat\u00fcrlich vorkommenden Form von Kohlenstoff in Pulverform. Graphit hat eine einzigartige Struktur, die aus gestapelten Schichten von Kohlenstoffatomen besteht, die durch starke kovalente Bindungen innerhalb jeder Schicht und schwache Van-der-Waals-Kr\u00e4fte zwischen den Schichten zusammengehalten werden. Diese Struktur verleiht ihm einzigartige Eigenschaften wie hervorragende Schmierf\u00e4higkeit, elektrische Leitf\u00e4higkeit und thermische Stabilit\u00e4t.<\/p>\n<h2>Woraus besteht es?<\/h2>\n<p>Graphitpulver liegt in Form von feinem Pulver vor und sein Hauptbestandteil ist Kohlenstoff. Bei den Rohstoffen werden haupts\u00e4chlich zwei Arten unterschieden: nat\u00fcrliche und synthetische.<\/p>\n<p>Naturgraphit wird haupts\u00e4chlich aus Roherz gewonnen, das durch mechanische Zerkleinerung, chemische Reduktion und andere Verfahren hergestellt wird.<\/p>\n<p>Synthetischer Graphit wird durch Sieben und Entfernen von Verunreinigungen hergestellt. Es handelt sich um ein anorganisches, nichtmetallisches Material mit h\u00f6herem Reinheitsgrad.<\/p>\n<h2>Wozu soll das gut sein?<\/h2>\n<p>Aufgrund seines hohen Schmelzpunkts und seiner Verschlei\u00dffestigkeit wird Graphitpulver als Schmiermittel f\u00fcr Industriemaschinen verwendet, das nicht h\u00e4ufig ausgetauscht werden muss. Es wird auch zur Herstellung von Produkten auf Graphitbasis wie Bleistiften und Farben verwendet. Au\u00dferdem kann es verwendet werden zur Herstellung von<a href=\"https:\/\/www.britannica.com\/science\/graphene\" target=\"_blank\" rel=\"noopener\"> Graphen<\/a>ein Material mit einem breiten Anwendungsspektrum, z. B. in der Halbleiterindustrie, <a href=\"https:\/\/en.wikipedia.org\/wiki\/Carbon_fibers\" target=\"_blank\" rel=\"noopener\">Kohlefasern<\/a>Nanor\u00f6hren, Verbundwerkstoffe, usw.<\/p>\n<p>Es hat auch eine andere wichtige Verwendung, n\u00e4mlich als Aufkohlungsmittel f\u00fcr die Stahlerzeugung. Bei der Verwendung als Aufkohlungsmittel f\u00fcr die eaf-Stahlerzeugung handelt es sich um die bei der Verarbeitung von k\u00fcnstlichem Stahl anfallenden Abf\u00e4lle. <a href=\"https:\/\/jinsuncarbon.com\/de\/produkt\/graphitelektrode\/\">Graphitelektroden<\/a>. Denn der Kohlenstoffgehalt dieser Art von Schutt ist so hoch wie 99%.<\/p>\n<p>Im Zuge der <a href=\"https:\/\/www.sciencedirect.com\/topics\/engineering\/electric-arc-furnace-process\" target=\"_blank\" rel=\"noopener\">eaf-Stahlerzeugung<\/a>Um sicherzustellen, dass die Qualit\u00e4t des erschmolzenen Produkts den Normen entspricht, muss der Kohlenstoffgehalt im geschmolzenen Stahl angepasst werden. Er spielt eine Rolle bei der Erh\u00f6hung des Kohlenstoffs zu diesem Zeitpunkt, und aufgrund des hohen Kohlenstoffgehalts (mehr als 90%) wird er nicht nur leicht vom geschmolzenen Stahl absorbiert, sondern erh\u00f6ht auch die Aufl\u00f6sungsgeschwindigkeit des geschmolzenen Stahls erheblich.<\/p>\n<p>Je nach Verwendungszweck variieren auch die Partikelgr\u00f6\u00dfe und der Reinheitsgrad. Bei der Verwendung in Stahl\u00f6fen werden h\u00f6here Reinheitsanforderungen gestellt. Vor allem gibt es strenge Anforderungen an den S- und P-Gehalt. Der S-Gehalt sollte unter 0,2% und der P-Gehalt unter 0,02% liegen.<\/p>\n<p>&nbsp;<\/p>\n<p><img fetchpriority=\"high\" decoding=\"async\" class=\"alignnone wp-image-4482\" src=\"https:\/\/jinsuncarbon.com\/wp-content\/uploads\/2023\/01\/Metallurgy-industry-1024x643.jpg\" alt=\"Metallurgische Industrie\" width=\"388\" height=\"244\" srcset=\"https:\/\/jinsuncarbon.com\/wp-content\/uploads\/2023\/01\/Metallurgy-industry-1024x643.jpg 1024w, https:\/\/jinsuncarbon.com\/wp-content\/uploads\/2023\/01\/Metallurgy-industry-600x377.jpg 600w, https:\/\/jinsuncarbon.com\/wp-content\/uploads\/2023\/01\/Metallurgy-industry-300x188.jpg 300w, https:\/\/jinsuncarbon.com\/wp-content\/uploads\/2023\/01\/Metallurgy-industry-768x482.jpg 768w, https:\/\/jinsuncarbon.com\/wp-content\/uploads\/2023\/01\/Metallurgy-industry-18x12.jpg 18w, https:\/\/jinsuncarbon.com\/wp-content\/uploads\/2023\/01\/Metallurgy-industry.jpg 1080w\" sizes=\"(max-width: 388px) 100vw, 388px\" \/> <img decoding=\"async\" class=\"alignnone wp-image-4528\" src=\"https:\/\/jinsuncarbon.com\/wp-content\/uploads\/2023\/02\/lithium-battery-industry-1024x631.jpg\" alt=\"Lithium-Batterie-Industrie\" width=\"390\" height=\"240\" srcset=\"https:\/\/jinsuncarbon.com\/wp-content\/uploads\/2023\/02\/lithium-battery-industry-1024x631.jpg 1024w, https:\/\/jinsuncarbon.com\/wp-content\/uploads\/2023\/02\/lithium-battery-industry-600x369.jpg 600w, https:\/\/jinsuncarbon.com\/wp-content\/uploads\/2023\/02\/lithium-battery-industry-300x185.jpg 300w, https:\/\/jinsuncarbon.com\/wp-content\/uploads\/2023\/02\/lithium-battery-industry-768x473.jpg 768w, https:\/\/jinsuncarbon.com\/wp-content\/uploads\/2023\/02\/lithium-battery-industry-18x12.jpg 18w, https:\/\/jinsuncarbon.com\/wp-content\/uploads\/2023\/02\/lithium-battery-industry.jpg 1080w\" sizes=\"(max-width: 390px) 100vw, 390px\" \/> <img decoding=\"async\" class=\"alignnone wp-image-4505\" src=\"https:\/\/jinsuncarbon.com\/wp-content\/uploads\/2023\/02\/Electric-arc-furnace-\uff08eaf\uff09steelmaking-1024x795.jpg\" alt=\"Elektrolichtbogenofen\uff08eaf\uff09Stahlerzeugung\" width=\"313\" height=\"243\" srcset=\"https:\/\/jinsuncarbon.com\/wp-content\/uploads\/2023\/02\/Electric-arc-furnace-\uff08eaf\uff09steelmaking-1024x795.jpg 1024w, https:\/\/jinsuncarbon.com\/wp-content\/uploads\/2023\/02\/Electric-arc-furnace-\uff08eaf\uff09steelmaking-600x466.jpg 600w, https:\/\/jinsuncarbon.com\/wp-content\/uploads\/2023\/02\/Electric-arc-furnace-\uff08eaf\uff09steelmaking-300x233.jpg 300w, https:\/\/jinsuncarbon.com\/wp-content\/uploads\/2023\/02\/Electric-arc-furnace-\uff08eaf\uff09steelmaking-768x597.jpg 768w, https:\/\/jinsuncarbon.com\/wp-content\/uploads\/2023\/02\/Electric-arc-furnace-\uff08eaf\uff09steelmaking-15x12.jpg 15w, https:\/\/jinsuncarbon.com\/wp-content\/uploads\/2023\/02\/Electric-arc-furnace-\uff08eaf\uff09steelmaking.jpg 1080w\" sizes=\"(max-width: 313px) 100vw, 313px\" \/><\/p>\n<p>&nbsp;<\/p>\n<h2>Was sind seine Eigenschaften?<\/h2>\n<p>Es handelt sich um ein nichtmetallisches mineralisches Material.  Es hat eine hohe elektrische und thermische Leitf\u00e4higkeit, einen extrem hohen Schmelzpunkt, gute Schmierf\u00e4higkeit, Plastizit\u00e4t und chemische Stabilit\u00e4t und wird von S\u00e4uren, Laugen und organischen L\u00f6sungsmitteln nicht angegriffen. Aufgrund dieser Eigenschaften findet es breite Anwendung in der chemischen Industrie, der Metallurgie, dem Gie\u00dfereiwesen, der Schmierung, der Dichtung und anderen industriellen Bereichen.<\/p>\n<p>&nbsp;<\/p>\n<p><strong>Physikalische und chemische Eigenschaften<\/strong><strong>\u00a0<\/strong><\/p>\n<table>\n<tbody>\n<tr>\n<td width=\"280\"><strong>ITEM<\/strong><\/td>\n<td width=\"141\"><strong>Einheit<\/strong><\/td>\n<td width=\"179\"><strong>Wert<\/strong><\/td>\n<\/tr>\n<tr>\n<td width=\"280\"><strong>C<\/strong><\/td>\n<td width=\"141\">%<\/td>\n<td width=\"179\">\u2265 99.5<\/td>\n<\/tr>\n<tr>\n<td width=\"280\"><strong>S<\/strong><\/td>\n<td width=\"141\">%<\/td>\n<td width=\"179\">\u2264 0.03<\/td>\n<\/tr>\n<tr>\n<td width=\"280\"><strong>Esche<\/strong><\/td>\n<td width=\"141\">%<\/td>\n<td width=\"179\">\u2264 0.30<\/td>\n<\/tr>\n<tr>\n<td width=\"280\"><strong>Luftfeuchtigkeit<\/strong><\/td>\n<td width=\"141\">%<\/td>\n<td width=\"179\">\u2264 0.20<\/td>\n<\/tr>\n<tr>\n<td width=\"280\"><strong>N<\/strong><\/td>\n<td width=\"141\">PPM<\/td>\n<td width=\"179\">\u2264 180<\/td>\n<\/tr>\n<tr>\n<td width=\"280\"><strong>H<\/strong><\/td>\n<td width=\"141\">PPM<\/td>\n<td width=\"179\">\u2264 120<\/td>\n<\/tr>\n<tr>\n<td width=\"280\"><strong>O<\/strong><\/td>\n<td width=\"141\">PPM<\/td>\n<td width=\"179\">\u2264 720<\/td>\n<\/tr>\n<tr>\n<td width=\"280\"><strong>Sch\u00fcttdichte<\/strong><\/td>\n<td width=\"141\">g\u2215dm<sup>3<\/sup><\/td>\n<td width=\"179\">713<\/td>\n<\/tr>\n<tr>\n<td width=\"280\"><strong>Gr\u00f6\u00dfe<\/strong><\/td>\n<td colspan=\"2\" width=\"321\">0,5-5mm (je nach Anforderung)<\/td>\n<\/tr>\n<tr>\n<td width=\"280\"><strong>Verpacken<\/strong><\/td>\n<td colspan=\"2\" width=\"321\">20kg Sack \/25kg Sack \/Tonne Sack<\/td>\n<\/tr>\n<\/tbody>\n<\/table>\n<h5><\/h5>\n<p>&nbsp;<\/p>","protected":false},"excerpt":{"rendered":"<p>Graphitpulver ist die perfekte Wahl f\u00fcr verschiedene industrielle und gewerbliche Anwendungen. Unser hochwertiges, hochtemperaturbehandeltes Graphitpulver ist ideal f\u00fcr Schmiermittel, Ofenpolitur, Bleistifte, Elektroden, Bremsbel\u00e4ge, Batterien, Pulvermetallurgie, Glasherstellung und leitf\u00e4hige Beschichtungen. Dank seiner \u00fcberragenden Festigkeit und Haltbarkeit k\u00f6nnen Sie sich darauf verlassen, dass unser synthetisches Graphitpulver seine Aufgabe erf\u00fcllt.<\/p>","protected":false},"featured_media":2707,"template":"","meta":[],"product_brand":[],"product_cat":[40],"product_tag":[48],"class_list":{"0":"post-2667","1":"product","2":"type-product","3":"status-publish","4":"has-post-thumbnail","6":"product_cat-petroleum-coke","7":"product_tag-synthetic-graphite-powder","9":"first","10":"instock","11":"shipping-taxable","12":"product-type-simple"},"yoast_head":"<!-- This site is optimized with the Yoast SEO Premium plugin v19.2.1 (Yoast SEO v25.3) - https:\/\/yoast.com\/wordpress\/plugins\/seo\/ -->\n<title>Graphite Powder Manufacturer &amp; Supplier in China<\/title>\n<meta name=\"description\" content=\"Synthetic graphite powder is a type of graphite made by chemical processes using carbon elements. It is a highly conductive material.\" \/>\n<meta name=\"robots\" content=\"index, follow, max-snippet:-1, max-image-preview:large, max-video-preview:-1\" \/>\n<link rel=\"canonical\" href=\"https:\/\/jinsuncarbon.com\/de\/produkt\/graphitpulver\/\" \/>\n<meta property=\"og:locale\" content=\"de_DE\" \/>\n<meta property=\"og:type\" content=\"article\" \/>\n<meta property=\"og:title\" content=\"Graphite Powder\" \/>\n<meta property=\"og:description\" content=\"Synthetic graphite powder is a type of graphite made by chemical processes using carbon elements. It is a highly conductive material.\" \/>\n<meta property=\"og:url\" content=\"https:\/\/jinsuncarbon.com\/de\/produkt\/graphitpulver\/\" \/>\n<meta property=\"og:site_name\" content=\"Jinsun Carbon\" \/>\n<meta property=\"article:publisher\" content=\"https:\/\/www.facebook.com\/Graphite-Electrode-109336238661595\" \/>\n<meta property=\"article:modified_time\" content=\"2026-02-26T14:42:08+00:00\" \/>\n<meta property=\"og:image\" content=\"https:\/\/jinsuncarbon.com\/wp-content\/uploads\/2023\/02\/e2ab6861af5b3f55cb318380525fbdc.jpg\" \/>\n\t<meta property=\"og:image:width\" content=\"1024\" \/>\n\t<meta property=\"og:image:height\" content=\"763\" \/>\n\t<meta property=\"og:image:type\" content=\"image\/jpeg\" \/>\n<meta name=\"twitter:card\" content=\"summary_large_image\" \/>\n<meta name=\"twitter:site\" content=\"@jinsuncarbon_\" \/>\n<meta name=\"twitter:label1\" content=\"Gesch\u00e4tzte Lesezeit\" \/>\n\t<meta name=\"twitter:data1\" content=\"3\u00a0Minuten\" \/>\n<script type=\"application\/ld+json\" class=\"yoast-schema-graph\">{\"@context\":\"https:\/\/schema.org\",\"@graph\":[{\"@type\":\"WebPage\",\"@id\":\"https:\/\/jinsuncarbon.com\/product\/graphite-powder\/\",\"url\":\"https:\/\/jinsuncarbon.com\/product\/graphite-powder\/\",\"name\":\"Graphite Powder Manufacturer & Supplier in China\",\"isPartOf\":{\"@id\":\"https:\/\/jinsuncarbon.com\/#website\"},\"primaryImageOfPage\":{\"@id\":\"https:\/\/jinsuncarbon.com\/product\/graphite-powder\/#primaryimage\"},\"image\":{\"@id\":\"https:\/\/jinsuncarbon.com\/product\/graphite-powder\/#primaryimage\"},\"thumbnailUrl\":\"https:\/\/jinsuncarbon.com\/wp-content\/uploads\/2023\/02\/e2ab6861af5b3f55cb318380525fbdc.jpg\",\"datePublished\":\"2023-02-15T07:59:16+00:00\",\"dateModified\":\"2026-02-26T14:42:08+00:00\",\"description\":\"Synthetic graphite powder is a type of graphite made by chemical processes using carbon elements. It is a highly conductive material.\",\"breadcrumb\":{\"@id\":\"https:\/\/jinsuncarbon.com\/product\/graphite-powder\/#breadcrumb\"},\"inLanguage\":\"de\",\"potentialAction\":[{\"@type\":\"ReadAction\",\"target\":[\"https:\/\/jinsuncarbon.com\/product\/graphite-powder\/\"]}]},{\"@type\":\"ImageObject\",\"inLanguage\":\"de\",\"@id\":\"https:\/\/jinsuncarbon.com\/product\/graphite-powder\/#primaryimage\",\"url\":\"https:\/\/jinsuncarbon.com\/wp-content\/uploads\/2023\/02\/e2ab6861af5b3f55cb318380525fbdc.jpg\",\"contentUrl\":\"https:\/\/jinsuncarbon.com\/wp-content\/uploads\/2023\/02\/e2ab6861af5b3f55cb318380525fbdc.jpg\",\"width\":1024,\"height\":763,\"caption\":\"synthetic graphite powder uses\"},{\"@type\":\"BreadcrumbList\",\"@id\":\"https:\/\/jinsuncarbon.com\/product\/graphite-powder\/#breadcrumb\",\"itemListElement\":[{\"@type\":\"ListItem\",\"position\":1,\"name\":\"Home\",\"item\":\"https:\/\/jinsuncarbon.com\/\"},{\"@type\":\"ListItem\",\"position\":2,\"name\":\"Products\",\"item\":\"https:\/\/jinsuncarbon.com\/graphite-carbon\/\"},{\"@type\":\"ListItem\",\"position\":3,\"name\":\"Graphite Powder\"}]},{\"@type\":\"WebSite\",\"@id\":\"https:\/\/jinsuncarbon.com\/#website\",\"url\":\"https:\/\/jinsuncarbon.com\/\",\"name\":\"Jinsun Carbon\",\"description\":\"We are the successful graphite electrode manufacturer in China\",\"publisher\":{\"@id\":\"https:\/\/jinsuncarbon.com\/#organization\"},\"potentialAction\":[{\"@type\":\"SearchAction\",\"target\":{\"@type\":\"EntryPoint\",\"urlTemplate\":\"https:\/\/jinsuncarbon.com\/?s={search_term_string}\"},\"query-input\":{\"@type\":\"PropertyValueSpecification\",\"valueRequired\":true,\"valueName\":\"search_term_string\"}}],\"inLanguage\":\"de\"},{\"@type\":\"Organization\",\"@id\":\"https:\/\/jinsuncarbon.com\/#organization\",\"name\":\"Jinsun Carbon\",\"alternateName\":\"Jinsun Carbon\",\"url\":\"https:\/\/jinsuncarbon.com\/\",\"logo\":{\"@type\":\"ImageObject\",\"inLanguage\":\"de\",\"@id\":\"https:\/\/jinsuncarbon.com\/#\/schema\/logo\/image\/\",\"url\":\"https:\/\/jinsuncarbon.com\/wp-content\/uploads\/2022\/12\/LOGO-1.png\",\"contentUrl\":\"https:\/\/jinsuncarbon.com\/wp-content\/uploads\/2022\/12\/LOGO-1.png\",\"width\":207,\"height\":80,\"caption\":\"Jinsun Carbon\"},\"image\":{\"@id\":\"https:\/\/jinsuncarbon.com\/#\/schema\/logo\/image\/\"},\"sameAs\":[\"https:\/\/www.facebook.com\/Graphite-Electrode-109336238661595\",\"https:\/\/x.com\/jinsuncarbon_\",\"https:\/\/www.linkedin.com\/in\/jinsungraphite\",\"https:\/\/www.youtube.com\/channel\/UCysDNyvyR5-3cCWEmpkVC0g\"]}]}<\/script>\n<!-- \/ Yoast SEO Premium plugin. -->","yoast_head_json":{"title":"Graphitpulver Hersteller &amp; Lieferant in China","description":"Synthetisches Graphitpulver ist eine Art von Graphit, der durch chemische Prozesse unter Verwendung von Kohlenstoffelementen hergestellt wird. Es ist ein hoch leitf\u00e4higes Material.","robots":{"index":"index","follow":"follow","max-snippet":"max-snippet:-1","max-image-preview":"max-image-preview:large","max-video-preview":"max-video-preview:-1"},"canonical":"https:\/\/jinsuncarbon.com\/de\/produkt\/graphitpulver\/","og_locale":"de_DE","og_type":"article","og_title":"Graphite Powder","og_description":"Synthetic graphite powder is a type of graphite made by chemical processes using carbon elements. It is a highly conductive material.","og_url":"https:\/\/jinsuncarbon.com\/de\/produkt\/graphitpulver\/","og_site_name":"Jinsun Carbon","article_publisher":"https:\/\/www.facebook.com\/Graphite-Electrode-109336238661595","article_modified_time":"2026-02-26T14:42:08+00:00","og_image":[{"width":1024,"height":763,"url":"https:\/\/jinsuncarbon.com\/wp-content\/uploads\/2023\/02\/e2ab6861af5b3f55cb318380525fbdc.jpg","type":"image\/jpeg"}],"twitter_card":"summary_large_image","twitter_site":"@jinsuncarbon_","twitter_misc":{"Gesch\u00e4tzte Lesezeit":"3\u00a0Minuten"},"schema":{"@context":"https:\/\/schema.org","@graph":[{"@type":"WebPage","@id":"https:\/\/jinsuncarbon.com\/product\/graphite-powder\/","url":"https:\/\/jinsuncarbon.com\/product\/graphite-powder\/","name":"Graphitpulver Hersteller &amp; Lieferant in China","isPartOf":{"@id":"https:\/\/jinsuncarbon.com\/#website"},"primaryImageOfPage":{"@id":"https:\/\/jinsuncarbon.com\/product\/graphite-powder\/#primaryimage"},"image":{"@id":"https:\/\/jinsuncarbon.com\/product\/graphite-powder\/#primaryimage"},"thumbnailUrl":"https:\/\/jinsuncarbon.com\/wp-content\/uploads\/2023\/02\/e2ab6861af5b3f55cb318380525fbdc.jpg","datePublished":"2023-02-15T07:59:16+00:00","dateModified":"2026-02-26T14:42:08+00:00","description":"Synthetisches Graphitpulver ist eine Art von Graphit, der durch chemische Prozesse unter Verwendung von Kohlenstoffelementen hergestellt wird. Es ist ein hoch leitf\u00e4higes Material.","breadcrumb":{"@id":"https:\/\/jinsuncarbon.com\/product\/graphite-powder\/#breadcrumb"},"inLanguage":"de","potentialAction":[{"@type":"ReadAction","target":["https:\/\/jinsuncarbon.com\/product\/graphite-powder\/"]}]},{"@type":"ImageObject","inLanguage":"de","@id":"https:\/\/jinsuncarbon.com\/product\/graphite-powder\/#primaryimage","url":"https:\/\/jinsuncarbon.com\/wp-content\/uploads\/2023\/02\/e2ab6861af5b3f55cb318380525fbdc.jpg","contentUrl":"https:\/\/jinsuncarbon.com\/wp-content\/uploads\/2023\/02\/e2ab6861af5b3f55cb318380525fbdc.jpg","width":1024,"height":763,"caption":"synthetic graphite powder uses"},{"@type":"BreadcrumbList","@id":"https:\/\/jinsuncarbon.com\/product\/graphite-powder\/#breadcrumb","itemListElement":[{"@type":"ListItem","position":1,"name":"Home","item":"https:\/\/jinsuncarbon.com\/"},{"@type":"ListItem","position":2,"name":"Products","item":"https:\/\/jinsuncarbon.com\/graphite-carbon\/"},{"@type":"ListItem","position":3,"name":"Graphite Powder"}]},{"@type":"WebSite","@id":"https:\/\/jinsuncarbon.com\/#website","url":"https:\/\/jinsuncarbon.com\/","name":"Jinsun Kohlenstoff","description":"Wir sind der erfolgreiche Hersteller von Graphitelektroden in China","publisher":{"@id":"https:\/\/jinsuncarbon.com\/#organization"},"potentialAction":[{"@type":"SearchAction","target":{"@type":"EntryPoint","urlTemplate":"https:\/\/jinsuncarbon.com\/?s={search_term_string}"},"query-input":{"@type":"PropertyValueSpecification","valueRequired":true,"valueName":"search_term_string"}}],"inLanguage":"de"},{"@type":"Organization","@id":"https:\/\/jinsuncarbon.com\/#organization","name":"Jinsun Kohlenstoff","alternateName":"Jinsun Carbon","url":"https:\/\/jinsuncarbon.com\/","logo":{"@type":"ImageObject","inLanguage":"de","@id":"https:\/\/jinsuncarbon.com\/#\/schema\/logo\/image\/","url":"https:\/\/jinsuncarbon.com\/wp-content\/uploads\/2022\/12\/LOGO-1.png","contentUrl":"https:\/\/jinsuncarbon.com\/wp-content\/uploads\/2022\/12\/LOGO-1.png","width":207,"height":80,"caption":"Jinsun Carbon"},"image":{"@id":"https:\/\/jinsuncarbon.com\/#\/schema\/logo\/image\/"},"sameAs":["https:\/\/www.facebook.com\/Graphite-Electrode-109336238661595","https:\/\/x.com\/jinsuncarbon_","https:\/\/www.linkedin.com\/in\/jinsungraphite","https:\/\/www.youtube.com\/channel\/UCysDNyvyR5-3cCWEmpkVC0g"]}]}},"_links":{"self":[{"href":"https:\/\/jinsuncarbon.com\/de\/wp-json\/wp\/v2\/product\/2667","targetHints":{"allow":["GET"]}}],"collection":[{"href":"https:\/\/jinsuncarbon.com\/de\/wp-json\/wp\/v2\/product"}],"about":[{"href":"https:\/\/jinsuncarbon.com\/de\/wp-json\/wp\/v2\/types\/product"}],"wp:featuredmedia":[{"embeddable":true,"href":"https:\/\/jinsuncarbon.com\/de\/wp-json\/wp\/v2\/media\/2707"}],"wp:attachment":[{"href":"https:\/\/jinsuncarbon.com\/de\/wp-json\/wp\/v2\/media?parent=2667"}],"wp:term":[{"taxonomy":"product_brand","embeddable":true,"href":"https:\/\/jinsuncarbon.com\/de\/wp-json\/wp\/v2\/product_brand?post=2667"},{"taxonomy":"product_cat","embeddable":true,"href":"https:\/\/jinsuncarbon.com\/de\/wp-json\/wp\/v2\/product_cat?post=2667"},{"taxonomy":"product_tag","embeddable":true,"href":"https:\/\/jinsuncarbon.com\/de\/wp-json\/wp\/v2\/product_tag?post=2667"}],"curies":[{"name":"wp","href":"https:\/\/api.w.org\/{rel}","templated":true}]}}