{"id":2407,"date":"2023-02-04T03:00:45","date_gmt":"2023-02-04T03:00:45","guid":{"rendered":"https:\/\/jinsuncarbon.com\/?post_type=product&#038;p=2407"},"modified":"2024-11-01T01:03:16","modified_gmt":"2024-11-01T01:03:16","slug":"graphitelektrode","status":"publish","type":"product","link":"https:\/\/jinsuncarbon.com\/de\/produkt\/graphitelektrode\/","title":{"rendered":"Graphit-Elektrode"},"content":{"rendered":"<h2>\u00a0Was ist eine Graphitelektrode?<\/h2>\n<p>Die Graphitelektrode dient als Stromzufuhrmaterial in den Raum des Lichtbogenofens zum Erhitzen und anschlie\u00dfenden Schmelzen der Charge bei hohen Temperaturen bis 1700 \u2103. In den Kosten der eaf-Stahlerzeugung macht der Verbrauch von Graphitelektroden etwa 10% aus.<\/p>\n<p>Er wird aus Petrolkoks und Pechkoks hergestellt, und die Hochleistungs- und Ultrahochleistungsklassen werden aus Nadelkoks hergestellt. Sie haben einen geringen Aschegehalt, eine gute elektrische Leitf\u00e4higkeit, Hitze- und Korrosionsbest\u00e4ndigkeit und schmelzen oder verformen sich nicht bei hohen Temperaturen.<\/p>\n<h2>Arten von Graphitelektroden<\/h2>\n<p>JINSUN bietet verschiedene Sorten und Durchmesser an. Sie k\u00f6nnen zwischen RP-, HP- und UHP-Qualit\u00e4ten w\u00e4hlen, die Ihnen helfen k\u00f6nnen, die Leistung des Lichtbogenofens zu verbessern, die Produktionseffizienz zu steigern und den wirtschaftlichen Nutzen zu erh\u00f6hen. Wir haben verschiedene Durchmesser von 150 mm bis 700 mm, die f\u00fcr Schmelzvorg\u00e4nge in Elektrolichtbogen\u00f6fen verschiedener Tonnagen verwendet werden k\u00f6nnen.<\/p>\n<p>Die richtige Wahl der Elektrodenart und -gr\u00f6\u00dfe ist sehr wichtig. Dies spielt eine Schl\u00fcsselrolle bei der Gew\u00e4hrleistung der Qualit\u00e4t des geschmolzenen Metalls und des normalen Betriebs des Lichtbogenofens.<\/p>\n<h2>Anwendungen:<\/h2>\n<p>Graphitelektroden werden haupts\u00e4chlich in:<\/p>\n<ul>\n<li>Elektrolichtbogen\u00f6fen (EAF): F\u00fcr die Stahlerzeugung und das Schmelzen von Schrott.<\/li>\n<li>Pfannen\u00f6fen f\u00fcr die Raffination: F\u00fcr die sekund\u00e4re Stahlveredelung.<\/li>\n<li>Unterwasserlichtbogen\u00f6fen: F\u00fcr die Herstellung von Ferrolegierungen und anderen Metallen.<\/li>\n<li>Widerstands\u00f6fen: Zur Herstellung von Siliziumkarbid, Glas usw.<\/li>\n<\/ul>\n<p>&nbsp;<\/p>\n<p><strong>Eisen- und Stahlmetallurgische Industrie:<\/strong> Graphitelektroden sind ein wichtiges leitf\u00e4higes Material f\u00fcr Elektrolichtbogen\u00f6fen, die bei der Stahlerzeugung (Roh- und Feinstahl) und beim Stahlguss eingesetzt werden. Sie kann hohen Temperaturen und hohen Stromdichten standhalten und hat die Funktion, Strom zu leiten und Werkst\u00fccke w\u00e4hrend der Lichtbogenentladung zu erw\u00e4rmen.<\/p>\n<p><strong>Verh\u00fcttung von Erzen und Metallen:<\/strong> Graphitelektroden werden auch h\u00e4ufig bei der Verh\u00fcttung von Nichteisenmetallen wie Kupfer, Aluminium und Zink verwendet. In Elektrolyse\u00f6fen werden Graphitelektroden als Anoden oder Kathoden verwendet, um Strom und Reaktionsmittel zu leiten.<\/p>\n<p><strong>Chemische Industrie:<\/strong> Graphitelektroden sind auch f\u00fcr chemische Reaktionen von Bedeutung. Sie k\u00f6nnen in der Elektrolyse, der Elektrooxidation, der Elektroreduktion und anderen Prozessen verwendet werden, um Stromzufuhr und chemische Reaktionsfl\u00e4chen bereitzustellen.<\/p>\n<p><strong>Speicherung von Strom:<\/strong> Graphitelektroden werden auch im Bereich der Energiespeicherung eingesetzt, einschlie\u00dflich Energiespeicherbatterien, Energiespeicherger\u00e4te und Batteriesysteme. Sie k\u00f6nnen elektrische Energie effizient speichern und freisetzen und so die Energieumwandlung und -nutzung f\u00f6rdern.<\/p>\n<p>&nbsp;<\/p>\n<p><img fetchpriority=\"high\" decoding=\"async\" class=\"alignnone wp-image-2488\" src=\"https:\/\/jinsuncarbon.com\/wp-content\/uploads\/2023\/02\/888-300x200.jpg\" alt=\"Stahlerzeugung im Elektrolichtbogenofen\" width=\"353\" height=\"235\" srcset=\"https:\/\/jinsuncarbon.com\/wp-content\/uploads\/2023\/02\/888-300x200.jpg 300w, https:\/\/jinsuncarbon.com\/wp-content\/uploads\/2023\/02\/888.jpg 600w\" sizes=\"(max-width: 353px) 100vw, 353px\" \/> <img decoding=\"async\" class=\"alignnone wp-image-2491\" src=\"https:\/\/jinsuncarbon.com\/wp-content\/uploads\/2023\/02\/7-300x200.jpg\" alt=\"Graphitelektroden werden in Elektrolichtbogen\u00f6fen verwendet\" width=\"351\" height=\"234\" srcset=\"https:\/\/jinsuncarbon.com\/wp-content\/uploads\/2023\/02\/7-300x200.jpg 300w, https:\/\/jinsuncarbon.com\/wp-content\/uploads\/2023\/02\/7-600x400.jpg 600w, https:\/\/jinsuncarbon.com\/wp-content\/uploads\/2023\/02\/7-768x512.jpg 768w, https:\/\/jinsuncarbon.com\/wp-content\/uploads\/2023\/02\/7.jpg 1024w\" sizes=\"(max-width: 351px) 100vw, 351px\" \/><img decoding=\"async\" class=\"alignnone wp-image-2489\" src=\"https:\/\/jinsuncarbon.com\/wp-content\/uploads\/2023\/02\/Graphite-Electrode-for-Silicon-Phosphorus-and-Steel-Making.webp.jpg\" alt=\"Pfannenraffinierofen Raffinieren von Stahl\" width=\"336\" height=\"235\" \/><\/p>\n<h2>Merkmale&amp;Vorteile<\/h2>\n<p>Graphitelektroden sind ein wichtiger, gut leitender Rohstoff f\u00fcr die Elektrolyse. <a href=\"https:\/\/corporate.arcelormittal.com\/about\/making-steel#:~:text=Steel%20is%20made%20from%20iron,the%20electric%20arc%20furnace%20route.\" target=\"_blank\" rel=\"noopener\">Stahlwerk<\/a> Prozess.  Als Quelle elektrischer Energie f\u00fcr einen Lichtbogenofen, der die effizienteste Methode zum Erhitzen und Schmelzen von Stahlschrott ist. Sie leiten den Strom von der Stromquelle zum Ofen und erm\u00f6glichen es diesem, die f\u00fcr die Stahlerzeugung erforderlichen hohen Temperaturen zu erreichen.<\/p>\n<ul>\n<li>Hohe Sch\u00fcttdichte<\/li>\n<li>geringer spezifischer Widerstand<\/li>\n<li>Gro\u00dfe Strombelastung zulassen<\/li>\n<li>Kleiner W\u00e4rmeausdehnungskoeffizient<\/li>\n<li>Hohe Biegefestigkeit<\/li>\n<li>Geringer Aschegehalt<\/li>\n<li>Graphit-Bearbeitungsleistung ist stark<\/li>\n<\/ul>\n<p>&nbsp;<\/p>\n<p><img loading=\"lazy\" decoding=\"async\" class=\"alignnone wp-image-5054 size-large\" src=\"https:\/\/jinsuncarbon.com\/wp-content\/uploads\/2023\/02\/China-graphite-electrode-supplier--1024x577.jpg\" alt=\"China Graphitelektrode Lieferant \" width=\"800\" height=\"451\" srcset=\"https:\/\/jinsuncarbon.com\/wp-content\/uploads\/2023\/02\/China-graphite-electrode-supplier--1024x577.jpg 1024w, https:\/\/jinsuncarbon.com\/wp-content\/uploads\/2023\/02\/China-graphite-electrode-supplier--600x338.jpg 600w, https:\/\/jinsuncarbon.com\/wp-content\/uploads\/2023\/02\/China-graphite-electrode-supplier--300x169.jpg 300w, https:\/\/jinsuncarbon.com\/wp-content\/uploads\/2023\/02\/China-graphite-electrode-supplier--768x433.jpg 768w, https:\/\/jinsuncarbon.com\/wp-content\/uploads\/2023\/02\/China-graphite-electrode-supplier--18x10.jpg 18w, https:\/\/jinsuncarbon.com\/wp-content\/uploads\/2023\/02\/China-graphite-electrode-supplier-.jpg 1447w\" sizes=\"(max-width: 800px) 100vw, 800px\" \/><\/p>\n<p>&nbsp;<\/p>\n<h2>Ihr professioneller Anbieter von Graphitelektroden in China.<\/h2>\n<p>JINSUN ist ein professioneller Hersteller und Lieferant von Graphitelektroden in China. Wir liefern hochwertige UHP\/HP\/RP-Graphitelektroden, die in der EAF-Stahlerzeugung, der Gie\u00dfereiindustrie und der metallurgischen Industrie verwendet werden. Wir verwenden fortschrittliche Herstellungsverfahren, um qualitativ hochwertige Produkte zu produzieren. Dar\u00fcber hinaus bietet JINSUN auch verschiedene Qualit\u00e4ten an. Sie sind auch in kundenspezifischen L\u00e4ngen, Durchmessern und Ausf\u00fchrungen erh\u00e4ltlich.<\/p>\n<p>&nbsp;<\/p>\n<h2>Spezifikation der Graphitelektrode<\/h2>\n<table border=\"0.5\">\n<tbody>\n<tr>\n<td colspan=\"2\"><strong>Nenndurchmesser<\/strong><\/td>\n<td colspan=\"3\"><strong>Tats\u00e4chlicher Durchmesser<\/strong><\/td>\n<td rowspan=\"2\"><strong>Nennl\u00e4nge(mm)<\/strong><\/td>\n<\/tr>\n<tr>\n<td><strong>mm<\/strong><\/td>\n<td><strong>Zoll<\/strong><\/td>\n<td><strong>Max(mm)<\/strong><\/td>\n<td><strong>Min(mm)<\/strong><\/td>\n<td><strong>Mindestdurchmesser der Kruste (mm)<\/strong><\/td>\n<\/tr>\n<tr>\n<td>150<\/td>\n<td>6<\/td>\n<td>154<\/td>\n<td>149<\/td>\n<td>146<\/td>\n<td>1500-1800<\/td>\n<\/tr>\n<tr>\n<td>200<\/td>\n<td>8<\/td>\n<td>205<\/td>\n<td>200<\/td>\n<td>197<\/td>\n<td>1500-1800<\/td>\n<\/tr>\n<tr>\n<td>250<\/td>\n<td>10<\/td>\n<td>256<\/td>\n<td>251<\/td>\n<td>248<\/td>\n<td>1500-2100<\/td>\n<\/tr>\n<tr>\n<td>300<\/td>\n<td>12<\/td>\n<td>307<\/td>\n<td>302<\/td>\n<td>299<\/td>\n<td>1500-2100<\/td>\n<\/tr>\n<tr>\n<td>350<\/td>\n<td>14<\/td>\n<td>357<\/td>\n<td>352<\/td>\n<td>349<\/td>\n<td>1500-2400<\/td>\n<\/tr>\n<tr>\n<td>400<\/td>\n<td>16<\/td>\n<td>409<\/td>\n<td>403<\/td>\n<td>400<\/td>\n<td>1500-2400<\/td>\n<\/tr>\n<tr>\n<td>450<\/td>\n<td>18<\/td>\n<td>460<\/td>\n<td>454<\/td>\n<td>451<\/td>\n<td>1500-2400<\/td>\n<\/tr>\n<tr>\n<td>500<\/td>\n<td>20<\/td>\n<td>511<\/td>\n<td>505<\/td>\n<td>502<\/td>\n<td>1800-2700<\/td>\n<\/tr>\n<tr>\n<td>550<\/td>\n<td>22<\/td>\n<td>562<\/td>\n<td>556<\/td>\n<td>553<\/td>\n<td>1800-2700<\/td>\n<\/tr>\n<tr>\n<td>600<\/td>\n<td>24<\/td>\n<td>613<\/td>\n<td>607<\/td>\n<td>604<\/td>\n<td>2100-2700<\/td>\n<\/tr>\n<tr>\n<td>650<\/td>\n<td>26<\/td>\n<td>663<\/td>\n<td>657<\/td>\n<td>654<\/td>\n<td>2100-2700<\/td>\n<\/tr>\n<tr>\n<td>700<\/td>\n<td>28<\/td>\n<td>714<\/td>\n<td>708<\/td>\n<td>705<\/td>\n<td>2100-2700<\/td>\n<\/tr>\n<tr>\n<td>750<\/td>\n<td>30<\/td>\n<td>765<\/td>\n<td>759<\/td>\n<td>756<\/td>\n<td>2400-2700<\/td>\n<\/tr>\n<tr>\n<td>800<\/td>\n<td>32<\/td>\n<td>816<\/td>\n<td>810<\/td>\n<td>807<\/td>\n<td>2400-2700<\/td>\n<\/tr>\n<\/tbody>\n<\/table>\n<p>&nbsp;<\/p>\n<p>&nbsp;<\/p>\n<h2>FAQs:<\/h2>\n<h3>Wie funktioniert das bei der eaf-Stahlerzeugung?<\/h3>\n<p>Die Graphitelektroden leiten den elektrischen Strom in den Stahlherstellungsofen ein, der den Prozess der Stahlherstellung im Lichtbogenofen darstellt. Der starke Strom wird vom Ofentransformator durch das Kabel zum Halter am Ende der drei Elektrodenarme \u00fcbertragen und flie\u00dft in diesen hinein.<\/p>\n<p>Daher kommt es zwischen dem Elektrodenende und der Charge zu einer Lichtbogenentladung, und die Charge beginnt durch die vom Lichtbogen erzeugte W\u00e4rme zu schmelzen und zu schmelzen. Je nach Kapazit\u00e4t des Elektroofens w\u00e4hlt der Hersteller verschiedene Durchmesser f\u00fcr die Verwendung aus.<\/p>\n<p>Um die Elektroden aus Graphit w\u00e4hrend des Schmelzprozesses kontinuierlich zu nutzen, verbinden wir die Elektroden durch Gewindenippel. Da der Querschnitt des Nippels kleiner ist als der der Elektrode, muss der Nippel eine h\u00f6here Druckfestigkeit und einen geringeren Widerstand aufweisen als die Elektrode.<\/p>\n<p>Dar\u00fcber hinaus gibt es verschiedene Gr\u00f6\u00dfen, je nach ihrer Verwendung und den spezifischen Anforderungen des eaf-Stahlerzeugungsprozesses.<\/p>\n<h3>Wie lautet der HS-Code f\u00fcr Graphitelektroden?<\/h3>\n<p>Der Code des Harmonisierten Systems (HS) f\u00fcr Graphitelektroden ist im Allgemeinen 8545.1100.<\/p>\n<h3>Wie hoch ist der Verbrauch der Graphitelektrode?<\/h3>\n<p>Der Elektrodenverbrauch h\u00e4ngt von der Stromdichte ab und liegt normalerweise zwischen 0,8 und 2 kg pro Tonne Stahl.<\/p>\n<p>Graphitelektroden unterschiedlicher St\u00e4rke werden in Elektrolichtbogen\u00f6fen unterschiedlicher Tonnage verwendet. Gleichzeitig sollten Sie die Elektrodenspezifikationen und den Betrieb des Ofens ber\u00fccksichtigen, z. B. die Reinheit des Stahlschrotts, das Sauerstoffblasen des Lichtbogenofens usw. Auf diese Weise k\u00f6nnen Sie den Verbrauch genauer berechnen.<\/p>\n<h3>Warum m\u00fcssen Graphitelektroden regelm\u00e4\u00dfig ausgetauscht werden?<\/h3>\n<p>Aufgrund thermischer und mechanischer Beanspruchung oxidieren sie mit der Zeit und m\u00fcssen daher regelm\u00e4\u00dfig ausgetauscht werden, um ihre Effizienz zu gew\u00e4hrleisten.<\/p>\n<p>Graphitelektroden reagieren bei Hochtemperaturelektrizit\u00e4t mit Sauerstoff. Infolge der allm\u00e4hlichen Oxidation werden Durchmesser und L\u00e4nge kleiner. Ein regelm\u00e4\u00dfiger Austausch der Elektroden kann die Stromzufuhr und die Stabilit\u00e4t des Lichtbogens im Lichtbogenofen gew\u00e4hrleisten. Dadurch wird die Qualit\u00e4t der Stahlerzeugnisse nicht beeintr\u00e4chtigt und die Produktionseffizienz gew\u00e4hrleistet.<\/p>\n<h3>Hauptfaktoren, die den Graphitelektrodenpreis beeinflussen.<\/h3>\n<p>Rohstoffkosten: Der Preis von Petrolkoks und Nadelkoks wirkt sich direkt auf die Produktionskosten aus und beeinflusst auch die <a href=\"https:\/\/jinsuncarbon.com\/de\/\">Preis<\/a>.<\/p>\n<p>Preis der Energie: Die Produktionsprozesse des R\u00f6stens und Graphitierens erfordern gro\u00dfe Mengen an Strom. Daher k\u00f6nnen sich Schwankungen der Energiepreise auf den Endpreis auswirken.<\/p>\n<p>Entwicklung der Elektrolichtbogenofentechnologie: Das Aufkommen von Ultra-Hochleistungs-Lichtbogen\u00f6fen mit gro\u00dfen Tonnagen stellt h\u00f6here Anforderungen an deren Leistung. Daher steigen auch die Kosten f\u00fcr den Produktionsprozess und die Technologie entsprechend.<\/p>\n<p>Marktnachfrage und Angebot: Wenn die Zahl der Elektrolichtbogen\u00f6fen zunimmt, wird die Nachfrage unweigerlich steigen, und die Preise werden wahrscheinlich steigen.<\/p>\n<p>Transportkosten: Preisschwankungen bei See- oder Landfracht, die eine Rolle f\u00fcr den Endpreis spielen k\u00f6nnen.<\/p>\n<p>Internationale Wirtschaftslage: Ver\u00e4nderungen in den Handelsbeziehungen und der Handelspolitik, Wechselkursschwankungen usw. Diese k\u00f6nnen sich auf die Ein- und Ausfuhr von Rohstoffen auswirken und so den Preis beeinflussen.<\/p>\n<h3>Warum werden Graphitelektroden in der Elektrolyse verwendet?<\/h3>\n<p>Aufgrund ihrer ausgezeichneten elektrischen Leitf\u00e4higkeit und thermischen Stabilit\u00e4t sind sie ideal f\u00fcr Elektrolyseanwendungen.<\/p>\n<p>Die Graphitelektrode kann ihre chemische Stabilit\u00e4t auch dann beibehalten, wenn der Strom eingeschaltet wird und hohe Temperaturen entstehen. Sie kann sowohl als Anode als auch als Kathode verwendet werden. Sie reagiert w\u00e4hrend des Elektrolyseprozesses nicht mit der L\u00f6sung und korrodiert auch nicht leicht und kann einen stabilen Betrieb aufrechterhalten.<\/p>\n<h3>Graphitelektrode vs. Kohleelektrode:<\/h3>\n<p>Graphitelektroden sind herk\u00f6mmlichen Kohlenstoffelektroden aufgrund ihres geringeren elektrischen Widerstands und ihrer h\u00f6heren thermischen Stabilit\u00e4t im Allgemeinen \u00fcberlegen.<\/p>\n<p>Die Produktionskosten von Kohlenstoffelektroden sind niedriger, weil es keinen Graphitierungsprozess gibt. Daher ist der Preis relativ niedrig und die Produktionskosten sind geringer.<\/p>\n<p>&nbsp;<\/p>","protected":false},"excerpt":{"rendered":"<p>Graphitelektroden werden f\u00fcr Elektrolichtbogen\u00f6fen, Pfannen\u00f6fen und Unterpulver\u00f6fen verwendet. Nach dem Einschalten im Elektrolichtbogenofen wird Graphit als guter Leiter verwendet, um einen Lichtbogen zu erzeugen, und die W\u00e4rme des Lichtbogens wird zum Schmelzen und Raffinieren von Stahl, Nichteisenmetallen und deren Legierungen verwendet. Es ist ein guter Stromleiter im Elektrolichtbogenofen, schmilzt und verformt sich nicht bei hohen Temperaturen und beh\u00e4lt eine bestimmte mechanische Festigkeit bei.  Es gibt drei Arten: <a href=\"https:\/\/jinsuncarbon.com\/de\/produkt\/rp-graphitelektrode\/\">RP \u3001<\/a><a href=\"https:\/\/jinsuncarbon.com\/de\/produkt\/hp-graphitelektrode\/\">HP<\/a>und <a href=\"https:\/\/jinsuncarbon.com\/de\/produkt\/uhp-graphitelektrode\/\">UHP-Graphitelektrode<\/a>.<\/p>","protected":false},"featured_media":2555,"template":"","meta":[],"product_brand":[],"product_cat":[37],"product_tag":[43],"class_list":{"0":"post-2407","1":"product","2":"type-product","3":"status-publish","4":"has-post-thumbnail","6":"product_cat-graphite-electrode","7":"product_tag-graphtie-electrodeeafsteelmaking","9":"first","10":"instock","11":"shipping-taxable","12":"product-type-simple"},"yoast_head":"<!-- This site is optimized with the Yoast SEO Premium plugin v19.2.1 (Yoast SEO v25.3) - https:\/\/yoast.com\/wordpress\/plugins\/seo\/ -->\n<title>UHP\/HP\/RP Graphite Electrode Manufacturer &amp; Supplier in China<\/title>\n<meta name=\"description\" content=\"Graphite electrode mainly used for electric arc furnaces and submerged heat and resistance furnaces as a good conductor in eaf steelmaking.\" \/>\n<meta name=\"robots\" content=\"index, follow, max-snippet:-1, max-image-preview:large, max-video-preview:-1\" \/>\n<link rel=\"canonical\" href=\"https:\/\/jinsuncarbon.com\/de\/produkt\/graphitelektrode\/\" \/>\n<meta property=\"og:locale\" content=\"de_DE\" \/>\n<meta property=\"og:type\" content=\"article\" \/>\n<meta property=\"og:title\" content=\"Graphite Electrode\" \/>\n<meta property=\"og:description\" content=\"Graphite electrode mainly used for electric arc furnaces and submerged heat and resistance furnaces as a good conductor in eaf steelmaking.\" \/>\n<meta property=\"og:url\" content=\"https:\/\/jinsuncarbon.com\/de\/produkt\/graphitelektrode\/\" \/>\n<meta property=\"og:site_name\" content=\"Jinsun Carbon\" \/>\n<meta property=\"article:publisher\" content=\"https:\/\/www.facebook.com\/Graphite-Electrode-109336238661595\" \/>\n<meta property=\"article:modified_time\" content=\"2024-11-01T01:03:16+00:00\" \/>\n<meta property=\"og:image\" content=\"https:\/\/jinsuncarbon.com\/wp-content\/uploads\/2023\/02\/506.jpg\" \/>\n\t<meta property=\"og:image:width\" content=\"1024\" \/>\n\t<meta property=\"og:image:height\" content=\"763\" \/>\n\t<meta property=\"og:image:type\" content=\"image\/jpeg\" \/>\n<meta name=\"twitter:card\" content=\"summary_large_image\" \/>\n<meta name=\"twitter:site\" content=\"@jinsuncarbon_\" \/>\n<meta name=\"twitter:label1\" content=\"Gesch\u00e4tzte Lesezeit\" \/>\n\t<meta name=\"twitter:data1\" content=\"7\u00a0Minuten\" \/>\n<script type=\"application\/ld+json\" class=\"yoast-schema-graph\">{\"@context\":\"https:\/\/schema.org\",\"@graph\":[{\"@type\":\"WebPage\",\"@id\":\"https:\/\/jinsuncarbon.com\/product\/graphite-electrode\/\",\"url\":\"https:\/\/jinsuncarbon.com\/product\/graphite-electrode\/\",\"name\":\"UHP\/HP\/RP Graphite Electrode Manufacturer & Supplier in China\",\"isPartOf\":{\"@id\":\"https:\/\/jinsuncarbon.com\/#website\"},\"primaryImageOfPage\":{\"@id\":\"https:\/\/jinsuncarbon.com\/product\/graphite-electrode\/#primaryimage\"},\"image\":{\"@id\":\"https:\/\/jinsuncarbon.com\/product\/graphite-electrode\/#primaryimage\"},\"thumbnailUrl\":\"https:\/\/jinsuncarbon.com\/wp-content\/uploads\/2023\/02\/506.jpg\",\"datePublished\":\"2023-02-04T03:00:45+00:00\",\"dateModified\":\"2024-11-01T01:03:16+00:00\",\"description\":\"Graphite electrode mainly used for electric arc furnaces and submerged heat and resistance furnaces as a good conductor in eaf steelmaking.\",\"breadcrumb\":{\"@id\":\"https:\/\/jinsuncarbon.com\/product\/graphite-electrode\/#breadcrumb\"},\"inLanguage\":\"de\",\"potentialAction\":[{\"@type\":\"ReadAction\",\"target\":[\"https:\/\/jinsuncarbon.com\/product\/graphite-electrode\/\"]}]},{\"@type\":\"ImageObject\",\"inLanguage\":\"de\",\"@id\":\"https:\/\/jinsuncarbon.com\/product\/graphite-electrode\/#primaryimage\",\"url\":\"https:\/\/jinsuncarbon.com\/wp-content\/uploads\/2023\/02\/506.jpg\",\"contentUrl\":\"https:\/\/jinsuncarbon.com\/wp-content\/uploads\/2023\/02\/506.jpg\",\"width\":1024,\"height\":763,\"caption\":\"graphite electrode-uhp\/hp\/rp graphite electrode\"},{\"@type\":\"BreadcrumbList\",\"@id\":\"https:\/\/jinsuncarbon.com\/product\/graphite-electrode\/#breadcrumb\",\"itemListElement\":[{\"@type\":\"ListItem\",\"position\":1,\"name\":\"Home\",\"item\":\"https:\/\/jinsuncarbon.com\/\"},{\"@type\":\"ListItem\",\"position\":2,\"name\":\"Products\",\"item\":\"https:\/\/jinsuncarbon.com\/graphite-carbon\/\"},{\"@type\":\"ListItem\",\"position\":3,\"name\":\"Graphite Electrode\"}]},{\"@type\":\"WebSite\",\"@id\":\"https:\/\/jinsuncarbon.com\/#website\",\"url\":\"https:\/\/jinsuncarbon.com\/\",\"name\":\"Jinsun Carbon\",\"description\":\"We are the successful graphite electrode manufacturer in China\",\"publisher\":{\"@id\":\"https:\/\/jinsuncarbon.com\/#organization\"},\"potentialAction\":[{\"@type\":\"SearchAction\",\"target\":{\"@type\":\"EntryPoint\",\"urlTemplate\":\"https:\/\/jinsuncarbon.com\/?s={search_term_string}\"},\"query-input\":{\"@type\":\"PropertyValueSpecification\",\"valueRequired\":true,\"valueName\":\"search_term_string\"}}],\"inLanguage\":\"de\"},{\"@type\":\"Organization\",\"@id\":\"https:\/\/jinsuncarbon.com\/#organization\",\"name\":\"Jinsun Carbon\",\"alternateName\":\"Jinsun Carbon\",\"url\":\"https:\/\/jinsuncarbon.com\/\",\"logo\":{\"@type\":\"ImageObject\",\"inLanguage\":\"de\",\"@id\":\"https:\/\/jinsuncarbon.com\/#\/schema\/logo\/image\/\",\"url\":\"https:\/\/jinsuncarbon.com\/wp-content\/uploads\/2022\/12\/LOGO-1.png\",\"contentUrl\":\"https:\/\/jinsuncarbon.com\/wp-content\/uploads\/2022\/12\/LOGO-1.png\",\"width\":207,\"height\":80,\"caption\":\"Jinsun Carbon\"},\"image\":{\"@id\":\"https:\/\/jinsuncarbon.com\/#\/schema\/logo\/image\/\"},\"sameAs\":[\"https:\/\/www.facebook.com\/Graphite-Electrode-109336238661595\",\"https:\/\/x.com\/jinsuncarbon_\",\"https:\/\/www.linkedin.com\/in\/jinsungraphite\",\"https:\/\/www.youtube.com\/channel\/UCysDNyvyR5-3cCWEmpkVC0g\"]}]}<\/script>\n<!-- \/ Yoast SEO Premium plugin. -->","yoast_head_json":{"title":"UHP\/HP\/RP Graphitelektrode Hersteller &amp; Lieferant in China","description":"Graphitelektroden werden haupts\u00e4chlich f\u00fcr Elektrolichtbogen\u00f6fen und Unterwasser-W\u00e4rme- und Widerstands\u00f6fen verwendet, da sie ein guter Leiter bei der Herstellung von Elektrostahl sind.","robots":{"index":"index","follow":"follow","max-snippet":"max-snippet:-1","max-image-preview":"max-image-preview:large","max-video-preview":"max-video-preview:-1"},"canonical":"https:\/\/jinsuncarbon.com\/de\/produkt\/graphitelektrode\/","og_locale":"de_DE","og_type":"article","og_title":"Graphite Electrode","og_description":"Graphite electrode mainly used for electric arc furnaces and submerged heat and resistance furnaces as a good conductor in eaf steelmaking.","og_url":"https:\/\/jinsuncarbon.com\/de\/produkt\/graphitelektrode\/","og_site_name":"Jinsun Carbon","article_publisher":"https:\/\/www.facebook.com\/Graphite-Electrode-109336238661595","article_modified_time":"2024-11-01T01:03:16+00:00","og_image":[{"width":1024,"height":763,"url":"https:\/\/jinsuncarbon.com\/wp-content\/uploads\/2023\/02\/506.jpg","type":"image\/jpeg"}],"twitter_card":"summary_large_image","twitter_site":"@jinsuncarbon_","twitter_misc":{"Gesch\u00e4tzte Lesezeit":"7\u00a0Minuten"},"schema":{"@context":"https:\/\/schema.org","@graph":[{"@type":"WebPage","@id":"https:\/\/jinsuncarbon.com\/product\/graphite-electrode\/","url":"https:\/\/jinsuncarbon.com\/product\/graphite-electrode\/","name":"UHP\/HP\/RP Graphitelektrode Hersteller &amp; Lieferant in China","isPartOf":{"@id":"https:\/\/jinsuncarbon.com\/#website"},"primaryImageOfPage":{"@id":"https:\/\/jinsuncarbon.com\/product\/graphite-electrode\/#primaryimage"},"image":{"@id":"https:\/\/jinsuncarbon.com\/product\/graphite-electrode\/#primaryimage"},"thumbnailUrl":"https:\/\/jinsuncarbon.com\/wp-content\/uploads\/2023\/02\/506.jpg","datePublished":"2023-02-04T03:00:45+00:00","dateModified":"2024-11-01T01:03:16+00:00","description":"Graphitelektroden werden haupts\u00e4chlich f\u00fcr Elektrolichtbogen\u00f6fen und Unterwasser-W\u00e4rme- und Widerstands\u00f6fen verwendet, da sie ein guter Leiter bei der Herstellung von Elektrostahl sind.","breadcrumb":{"@id":"https:\/\/jinsuncarbon.com\/product\/graphite-electrode\/#breadcrumb"},"inLanguage":"de","potentialAction":[{"@type":"ReadAction","target":["https:\/\/jinsuncarbon.com\/product\/graphite-electrode\/"]}]},{"@type":"ImageObject","inLanguage":"de","@id":"https:\/\/jinsuncarbon.com\/product\/graphite-electrode\/#primaryimage","url":"https:\/\/jinsuncarbon.com\/wp-content\/uploads\/2023\/02\/506.jpg","contentUrl":"https:\/\/jinsuncarbon.com\/wp-content\/uploads\/2023\/02\/506.jpg","width":1024,"height":763,"caption":"graphite electrode-uhp\/hp\/rp graphite electrode"},{"@type":"BreadcrumbList","@id":"https:\/\/jinsuncarbon.com\/product\/graphite-electrode\/#breadcrumb","itemListElement":[{"@type":"ListItem","position":1,"name":"Home","item":"https:\/\/jinsuncarbon.com\/"},{"@type":"ListItem","position":2,"name":"Products","item":"https:\/\/jinsuncarbon.com\/graphite-carbon\/"},{"@type":"ListItem","position":3,"name":"Graphite Electrode"}]},{"@type":"WebSite","@id":"https:\/\/jinsuncarbon.com\/#website","url":"https:\/\/jinsuncarbon.com\/","name":"Jinsun Kohlenstoff","description":"Wir sind der erfolgreiche Hersteller von Graphitelektroden in China","publisher":{"@id":"https:\/\/jinsuncarbon.com\/#organization"},"potentialAction":[{"@type":"SearchAction","target":{"@type":"EntryPoint","urlTemplate":"https:\/\/jinsuncarbon.com\/?s={search_term_string}"},"query-input":{"@type":"PropertyValueSpecification","valueRequired":true,"valueName":"search_term_string"}}],"inLanguage":"de"},{"@type":"Organization","@id":"https:\/\/jinsuncarbon.com\/#organization","name":"Jinsun Kohlenstoff","alternateName":"Jinsun Carbon","url":"https:\/\/jinsuncarbon.com\/","logo":{"@type":"ImageObject","inLanguage":"de","@id":"https:\/\/jinsuncarbon.com\/#\/schema\/logo\/image\/","url":"https:\/\/jinsuncarbon.com\/wp-content\/uploads\/2022\/12\/LOGO-1.png","contentUrl":"https:\/\/jinsuncarbon.com\/wp-content\/uploads\/2022\/12\/LOGO-1.png","width":207,"height":80,"caption":"Jinsun Carbon"},"image":{"@id":"https:\/\/jinsuncarbon.com\/#\/schema\/logo\/image\/"},"sameAs":["https:\/\/www.facebook.com\/Graphite-Electrode-109336238661595","https:\/\/x.com\/jinsuncarbon_","https:\/\/www.linkedin.com\/in\/jinsungraphite","https:\/\/www.youtube.com\/channel\/UCysDNyvyR5-3cCWEmpkVC0g"]}]}},"_links":{"self":[{"href":"https:\/\/jinsuncarbon.com\/de\/wp-json\/wp\/v2\/product\/2407","targetHints":{"allow":["GET"]}}],"collection":[{"href":"https:\/\/jinsuncarbon.com\/de\/wp-json\/wp\/v2\/product"}],"about":[{"href":"https:\/\/jinsuncarbon.com\/de\/wp-json\/wp\/v2\/types\/product"}],"wp:featuredmedia":[{"embeddable":true,"href":"https:\/\/jinsuncarbon.com\/de\/wp-json\/wp\/v2\/media\/2555"}],"wp:attachment":[{"href":"https:\/\/jinsuncarbon.com\/de\/wp-json\/wp\/v2\/media?parent=2407"}],"wp:term":[{"taxonomy":"product_brand","embeddable":true,"href":"https:\/\/jinsuncarbon.com\/de\/wp-json\/wp\/v2\/product_brand?post=2407"},{"taxonomy":"product_cat","embeddable":true,"href":"https:\/\/jinsuncarbon.com\/de\/wp-json\/wp\/v2\/product_cat?post=2407"},{"taxonomy":"product_tag","embeddable":true,"href":"https:\/\/jinsuncarbon.com\/de\/wp-json\/wp\/v2\/product_tag?post=2407"}],"curies":[{"name":"wp","href":"https:\/\/api.w.org\/{rel}","templated":true}]}}