{"id":2151,"date":"2023-01-30T09:36:44","date_gmt":"2023-01-30T09:36:44","guid":{"rendered":"https:\/\/jinsuncarbon.com\/?post_type=product&#038;p=2151"},"modified":"2024-12-30T05:21:05","modified_gmt":"2024-12-30T05:21:05","slug":"kalzinierter-petrolkoks","status":"publish","type":"product","link":"https:\/\/jinsuncarbon.com\/de\/produkt\/kalzinierter-petrolkoks\/","title":{"rendered":"Kalzinierter Petrolkoks"},"content":{"rendered":"<p>Kalzinierter Petrolkoks (CPC) ist ein hochreines Kohlenstoffmaterial, das durch Hochtemperaturkalzinierung hergestellt wird. Es gibt drei Arten von Petrolkoks, mit niedrigem Schwefelgehalt, mittlerem Schwefelgehalt und hohem Schwefelgehalt, je nach dem unterschiedlichen Schwefelgehalt. Der Preis von Petrolkoks nach der Stufe ist jedoch aufgrund des unterschiedlichen festen Kohlenstoffgehalts unterschiedlich.<\/p>\n<h2>Herstellungsverfahren f\u00fcr kalzinierten Petrolkoks<\/h2>\n<p>Bei der Herstellung von kalziniertem Petrolkoks, <span style=\"color: #000000;\">Rohkoks wird in den Ofenschwanz des Drehrohrofens gegeben, Gas oder Schwer\u00f6l aus der D\u00fcse des Ofenkopfes eingespr\u00fcht und mit Luft vermischt und verbrannt, um eine Hochtemperatur-Kalzinierungszone zu bilden. Die Temperatur der Kalzinierungszone erreicht 1200-1350 \u2103. <\/span><\/p>\n<p><span style=\"color: #000000;\">Durch die hohe Temperatur wird die Feuchtigkeit entfernt und fl\u00fcchtige Stoffe werden freigesetzt, wodurch sich die Kristallstruktur des Koks neu anordnet. Dann \u00e4ndert sich das Kohlenstoffatomgitter und es kommt zu chemischen Ver\u00e4nderungen, die zu einem dichten und leitf\u00e4higen Produkt f\u00fchren. Nach einiger Zeit wird es langsam unter 200 \u2103 abgek\u00fchlt und kann dann gelagert werden.<\/span><\/p>\n<h2>Kalzinierter Petrolkoks Verwendungszwecke<\/h2>\n<p>Es wird haupts\u00e4chlich f\u00fcr die vorgebrannte Anode und Kathode verwendet, die in <a href=\"https:\/\/en.wikipedia.org\/wiki\/Aluminum_electrolytic_capacitor\" target=\"_blank\" rel=\"noopener\">elektrolytisches Aluminium<\/a>als Kohlenstofferh\u00f6her in der metallurgischen Eisen- und Stahlindustrie und bei der Herstellung von <a href=\"https:\/\/jinsuncarbon.com\/de\/graphite-electrode-manufacturers\/\">Graphitelektroden<\/a> und Kohlenstoffprodukte. Gleichzeitig wird es zur Herstellung von industriellem Silizium, gelbem Phosphor und Ferrolegierungen verwendet. Spezifikation:(Gr\u00f6\u00dfe: 0-1mm, 1-3mm, 3-5mm, 5-8mm).<\/p>\n<p>Aluminiumindustrie: Es ist ein entscheidender Bestandteil bei der Herstellung von Anoden f\u00fcr die Aluminiumverh\u00fcttung. Es liefert den notwendigen Kohlenstoffgehalt und die elektrische Leitf\u00e4higkeit, die f\u00fcr eine effiziente Elektrolyse erforderlich sind.<\/p>\n<p>Stahlproduktion: Verwendung als Kohlenstoffzusatz bei der Stahlherstellung. Er tr\u00e4gt dazu bei, den Kohlenstoffgehalt des Stahls zu erh\u00f6hen, wodurch sich seine Festigkeit und H\u00e4rte verbessert.<\/p>\n<p>Gie\u00dferei-Industrie: Es wird als Kohlenstoffadditiv f\u00fcr Gussst\u00fccke verwendet.  Verbessert die Gussqualit\u00e4t, reduziert Gussfehler und f\u00f6rdert die Gleichm\u00e4\u00dfigkeit des geschmolzenen Metalls.<\/p>\n<p><img fetchpriority=\"high\" decoding=\"async\" class=\"alignnone size-medium wp-image-4478\" src=\"https:\/\/jinsuncarbon.com\/wp-content\/uploads\/2023\/01\/Aluminum-industry-1-300x189.jpg\" alt=\"Aluminiumindustrie\" width=\"300\" height=\"189\" srcset=\"https:\/\/jinsuncarbon.com\/wp-content\/uploads\/2023\/01\/Aluminum-industry-1-300x189.jpg 300w, https:\/\/jinsuncarbon.com\/wp-content\/uploads\/2023\/01\/Aluminum-industry-1-600x378.jpg 600w, https:\/\/jinsuncarbon.com\/wp-content\/uploads\/2023\/01\/Aluminum-industry-1-768x484.jpg 768w, https:\/\/jinsuncarbon.com\/wp-content\/uploads\/2023\/01\/Aluminum-industry-1-18x12.jpg 18w, https:\/\/jinsuncarbon.com\/wp-content\/uploads\/2023\/01\/Aluminum-industry-1.jpg 869w\" sizes=\"(max-width: 300px) 100vw, 300px\" \/> <img decoding=\"async\" class=\"alignnone wp-image-4477\" src=\"https:\/\/jinsuncarbon.com\/wp-content\/uploads\/2023\/01\/Steel-industry-300x225.jpg\" alt=\"Stahlindustrie\" width=\"256\" height=\"192\" srcset=\"https:\/\/jinsuncarbon.com\/wp-content\/uploads\/2023\/01\/Steel-industry-300x225.jpg 300w, https:\/\/jinsuncarbon.com\/wp-content\/uploads\/2023\/01\/Steel-industry-600x450.jpg 600w, https:\/\/jinsuncarbon.com\/wp-content\/uploads\/2023\/01\/Steel-industry-16x12.jpg 16w, https:\/\/jinsuncarbon.com\/wp-content\/uploads\/2023\/01\/Steel-industry.jpg 660w\" sizes=\"(max-width: 256px) 100vw, 256px\" \/> <img decoding=\"async\" class=\"alignnone wp-image-4479\" src=\"https:\/\/jinsuncarbon.com\/wp-content\/uploads\/2023\/01\/Foundry-industry-1-300x200.jpg\" alt=\"Gie\u00dferei-Industrie\" width=\"287\" height=\"191\" srcset=\"https:\/\/jinsuncarbon.com\/wp-content\/uploads\/2023\/01\/Foundry-industry-1-300x200.jpg 300w, https:\/\/jinsuncarbon.com\/wp-content\/uploads\/2023\/01\/Foundry-industry-1-18x12.jpg 18w, https:\/\/jinsuncarbon.com\/wp-content\/uploads\/2023\/01\/Foundry-industry-1.jpg 312w\" sizes=\"(max-width: 287px) 100vw, 287px\" \/><\/p>\n<p>Herstellung von Graphitelektroden: Es ist ein wichtiger Bestandteil bei der Herstellung von Graphitelektroden in Elektrolichtbogen\u00f6fen. Graphitelektroden sind f\u00fcr die Herstellung von Stahl und anderen Metallen unerl\u00e4sslich.<\/p>\n<p>Herstellung von Kohlenstoffprodukten: Es ist ein Rohstoff f\u00fcr die Herstellung von Kohlenstoffprodukten wie Kohleb\u00fcrsten, Bremsbel\u00e4gen und Reibmaterialien. Sein hoher Kohlenstoffgehalt und seine geringen Verunreinigungen machen es ideal f\u00fcr diese Anwendungen.<\/p>\n<p>Dies sind nur einige Beispiele f\u00fcr die vielf\u00e4ltigen Anwendungsm\u00f6glichkeiten. Sein einzigartiger Kohlenstoffgehalt, der geringe Anteil an Verunreinigungen und die w\u00fcnschenswerten physikalischen Eigenschaften machen es in zahlreichen Industriezweigen wertvoll und tragen zu deren Effizienz, Produktivit\u00e4t und Qualit\u00e4t bei.<\/p>\n<p><img loading=\"lazy\" decoding=\"async\" class=\"alignnone wp-image-4480\" src=\"https:\/\/jinsuncarbon.com\/wp-content\/uploads\/2023\/01\/Graphite-industry-300x225.jpg\" alt=\"Graphit-Industrie\" width=\"253\" height=\"190\" srcset=\"https:\/\/jinsuncarbon.com\/wp-content\/uploads\/2023\/01\/Graphite-industry-300x225.jpg 300w, https:\/\/jinsuncarbon.com\/wp-content\/uploads\/2023\/01\/Graphite-industry-600x450.jpg 600w, https:\/\/jinsuncarbon.com\/wp-content\/uploads\/2023\/01\/Graphite-industry-16x12.jpg 16w, https:\/\/jinsuncarbon.com\/wp-content\/uploads\/2023\/01\/Graphite-industry.jpg 640w\" sizes=\"(max-width: 253px) 100vw, 253px\" \/> <img loading=\"lazy\" decoding=\"async\" class=\"alignnone wp-image-4481\" src=\"https:\/\/jinsuncarbon.com\/wp-content\/uploads\/2023\/01\/Carbon-products-industry-300x200.jpg\" alt=\"Industrie f\u00fcr Kohlenstoffprodukte\" width=\"286\" height=\"190\" srcset=\"https:\/\/jinsuncarbon.com\/wp-content\/uploads\/2023\/01\/Carbon-products-industry-300x200.jpg 300w, https:\/\/jinsuncarbon.com\/wp-content\/uploads\/2023\/01\/Carbon-products-industry-600x400.jpg 600w, https:\/\/jinsuncarbon.com\/wp-content\/uploads\/2023\/01\/Carbon-products-industry-1024x682.jpg 1024w, https:\/\/jinsuncarbon.com\/wp-content\/uploads\/2023\/01\/Carbon-products-industry-768x512.jpg 768w, https:\/\/jinsuncarbon.com\/wp-content\/uploads\/2023\/01\/Carbon-products-industry-1536x1023.jpg 1536w, https:\/\/jinsuncarbon.com\/wp-content\/uploads\/2023\/01\/Carbon-products-industry-18x12.jpg 18w, https:\/\/jinsuncarbon.com\/wp-content\/uploads\/2023\/01\/Carbon-products-industry.jpg 1600w\" sizes=\"(max-width: 286px) 100vw, 286px\" \/> <img loading=\"lazy\" decoding=\"async\" class=\"alignnone wp-image-4482\" src=\"https:\/\/jinsuncarbon.com\/wp-content\/uploads\/2023\/01\/Metallurgy-industry-300x188.jpg\" alt=\"Metallurgische Industrie\" width=\"305\" height=\"191\" srcset=\"https:\/\/jinsuncarbon.com\/wp-content\/uploads\/2023\/01\/Metallurgy-industry-300x188.jpg 300w, https:\/\/jinsuncarbon.com\/wp-content\/uploads\/2023\/01\/Metallurgy-industry-600x377.jpg 600w, https:\/\/jinsuncarbon.com\/wp-content\/uploads\/2023\/01\/Metallurgy-industry-1024x643.jpg 1024w, https:\/\/jinsuncarbon.com\/wp-content\/uploads\/2023\/01\/Metallurgy-industry-768x482.jpg 768w, https:\/\/jinsuncarbon.com\/wp-content\/uploads\/2023\/01\/Metallurgy-industry-18x12.jpg 18w, https:\/\/jinsuncarbon.com\/wp-content\/uploads\/2023\/01\/Metallurgy-industry.jpg 1080w\" sizes=\"(max-width: 305px) 100vw, 305px\" \/><\/p>\n<p>&nbsp;<\/p>\n<h2>Hauptmerkmale\uff1a<\/h2>\n<p>Es hat einen hohen Kohlenstoffgehalt, einen niedrigen Asche- und Schwefelgehalt und spielt eine wichtige Rolle bei der Stahlproduktion und der Aluminiumverh\u00fcttung. Denn es hat eine hervorragende W\u00e4rmeleitf\u00e4higkeit und gleichzeitig eine hohe elektrische Leitf\u00e4higkeit.<\/p>\n<p>Was die Leistung betrifft, so erm\u00f6glichen die gleichm\u00e4\u00dfige Partikelgr\u00f6\u00dfenverteilung und der hohe Kohlenstoffgehalt eine effiziente Verbrennung und verringern die Emissionen, was zur \u00f6kologischen Nachhaltigkeit beitr\u00e4gt. Sie sind arm an fl\u00fcchtigen Bestandteilen und Asche, was die Lebensdauer der Anlagen verl\u00e4ngert und die Wartungskosten senkt.<\/p>\n<h2><span style=\"color: #ff6600;\">Kalzinierter Petrolkoks Spezifikationen:<\/span><\/h2>\n<table>\n<tbody>\n<tr>\n<td><strong>Fester Kohlenstoff(min)<\/strong><\/td>\n<td><strong>Asche(max)<\/strong><\/td>\n<td><strong>Fl\u00fcchtig(Max)<\/strong><\/td>\n<td><strong>Schwefel( Max)<\/strong><\/td>\n<td><strong>Luftfeuchtigkeit<\/strong><strong>\uff08<\/strong><strong>Max<\/strong><strong>\uff09<\/strong><\/td>\n<\/tr>\n<tr>\n<td>95%<\/td>\n<td>4.5%<\/td>\n<td>1.0<\/td>\n<td>0.25<\/td>\n<td>0.3<\/td>\n<\/tr>\n<tr>\n<td>94%<\/td>\n<td>5.0%<\/td>\n<td>1.0<\/td>\n<td>0.25<\/td>\n<td>0.3<\/td>\n<\/tr>\n<tr>\n<td>93%<\/td>\n<td>6.5%<\/td>\n<td>1.2<\/td>\n<td>0.3<\/td>\n<td>0.5<\/td>\n<\/tr>\n<tr>\n<td>92%<\/td>\n<td>7.0%<\/td>\n<td>1.2<\/td>\n<td>0.3<\/td>\n<td>1.0<\/td>\n<\/tr>\n<tr>\n<td>91%<\/td>\n<td>8.0%<\/td>\n<td>1.5<\/td>\n<td>0.35<\/td>\n<td>1.0<\/td>\n<\/tr>\n<\/tbody>\n<\/table>\n<p>Verpackung: Wasserdichte Tasche 25kg\/Sack, plus Tonnen von Lasten.<\/p>","protected":false},"excerpt":{"rendered":"<p>Kalzinierter Petrolkoks (CPC) wird durch Kalzinierung von Rohkoks hergestellt. Unter Kalzinierung versteht man das Erhitzen von Materialien bei hohen Temperaturen. Bei diesem Prozess wird dem Rohkoks der Feuchtigkeitsgehalt entzogen. Sein Aussehen ist eine schwarze oder dunkelgraue Wabenstruktur, die zur Klasse der leicht graphitisierbaren Kohlenstoffe geh\u00f6rt. Kalzinierter Koks wird durch Kalzinieren von Rohkoks bei 1300 <span style=\"color: #000000;\"> \u2103<\/span>.<\/p>","protected":false},"featured_media":5713,"template":"","meta":[],"product_brand":[],"product_cat":[40],"product_tag":[],"class_list":{"0":"post-2151","1":"product","2":"type-product","3":"status-publish","4":"has-post-thumbnail","6":"product_cat-petroleum-coke","8":"first","9":"instock","10":"shipping-taxable","11":"product-type-simple"},"yoast_head":"<!-- This site is optimized with the Yoast SEO Premium plugin v19.2.1 (Yoast SEO v25.3) - https:\/\/yoast.com\/wordpress\/plugins\/seo\/ -->\n<title>Calcined Petroleum Coke Manufacturer in China<\/title>\n<meta name=\"description\" content=\"Calcined petroleum coke manufacturer in China, supply high quality Calcined Petroleum Coke at best price. For use in Steel, Aluminum and Titanium Dioxide Industry.\" \/>\n<meta name=\"robots\" content=\"index, follow, max-snippet:-1, max-image-preview:large, max-video-preview:-1\" \/>\n<link rel=\"canonical\" href=\"https:\/\/jinsuncarbon.com\/de\/produkt\/kalzinierter-petrolkoks\/\" \/>\n<meta property=\"og:locale\" content=\"de_DE\" \/>\n<meta property=\"og:type\" content=\"article\" \/>\n<meta property=\"og:title\" content=\"Calcined Petroleum Coke\" \/>\n<meta property=\"og:description\" content=\"Calcined petroleum coke manufacturer in China, supply high quality Calcined Petroleum Coke at best price. For use in Steel, Aluminum and Titanium Dioxide Industry.\" \/>\n<meta property=\"og:url\" content=\"https:\/\/jinsuncarbon.com\/de\/produkt\/kalzinierter-petrolkoks\/\" \/>\n<meta property=\"og:site_name\" content=\"Jinsun Carbon\" \/>\n<meta property=\"article:publisher\" content=\"https:\/\/www.facebook.com\/Graphite-Electrode-109336238661595\" \/>\n<meta property=\"article:modified_time\" content=\"2024-12-30T05:21:05+00:00\" \/>\n<meta property=\"og:image\" content=\"https:\/\/jinsuncarbon.com\/wp-content\/uploads\/2023\/01\/Calcined-petroleum-coke.jpeg\" \/>\n\t<meta property=\"og:image:width\" content=\"966\" \/>\n\t<meta property=\"og:image:height\" content=\"720\" \/>\n\t<meta property=\"og:image:type\" content=\"image\/jpeg\" \/>\n<meta name=\"twitter:card\" content=\"summary_large_image\" \/>\n<meta name=\"twitter:site\" content=\"@jinsuncarbon_\" \/>\n<meta name=\"twitter:label1\" content=\"Gesch\u00e4tzte Lesezeit\" \/>\n\t<meta name=\"twitter:data1\" content=\"4\u00a0Minuten\" \/>\n<script type=\"application\/ld+json\" class=\"yoast-schema-graph\">{\"@context\":\"https:\/\/schema.org\",\"@graph\":[{\"@type\":\"WebPage\",\"@id\":\"https:\/\/jinsuncarbon.com\/product\/calcined-petroleum-coke\/\",\"url\":\"https:\/\/jinsuncarbon.com\/product\/calcined-petroleum-coke\/\",\"name\":\"Calcined Petroleum Coke Manufacturer in China\",\"isPartOf\":{\"@id\":\"https:\/\/jinsuncarbon.com\/#website\"},\"primaryImageOfPage\":{\"@id\":\"https:\/\/jinsuncarbon.com\/product\/calcined-petroleum-coke\/#primaryimage\"},\"image\":{\"@id\":\"https:\/\/jinsuncarbon.com\/product\/calcined-petroleum-coke\/#primaryimage\"},\"thumbnailUrl\":\"https:\/\/jinsuncarbon.com\/wp-content\/uploads\/2023\/01\/Calcined-petroleum-coke.jpeg\",\"datePublished\":\"2023-01-30T09:36:44+00:00\",\"dateModified\":\"2024-12-30T05:21:05+00:00\",\"description\":\"Calcined petroleum coke manufacturer in China, supply high quality Calcined Petroleum Coke at best price. For use in Steel, Aluminum and Titanium Dioxide Industry.\",\"breadcrumb\":{\"@id\":\"https:\/\/jinsuncarbon.com\/product\/calcined-petroleum-coke\/#breadcrumb\"},\"inLanguage\":\"de\",\"potentialAction\":[{\"@type\":\"ReadAction\",\"target\":[\"https:\/\/jinsuncarbon.com\/product\/calcined-petroleum-coke\/\"]}]},{\"@type\":\"ImageObject\",\"inLanguage\":\"de\",\"@id\":\"https:\/\/jinsuncarbon.com\/product\/calcined-petroleum-coke\/#primaryimage\",\"url\":\"https:\/\/jinsuncarbon.com\/wp-content\/uploads\/2023\/01\/Calcined-petroleum-coke.jpeg\",\"contentUrl\":\"https:\/\/jinsuncarbon.com\/wp-content\/uploads\/2023\/01\/Calcined-petroleum-coke.jpeg\",\"width\":966,\"height\":720,\"caption\":\"Calcined petroleum coke\"},{\"@type\":\"BreadcrumbList\",\"@id\":\"https:\/\/jinsuncarbon.com\/product\/calcined-petroleum-coke\/#breadcrumb\",\"itemListElement\":[{\"@type\":\"ListItem\",\"position\":1,\"name\":\"Home\",\"item\":\"https:\/\/jinsuncarbon.com\/\"},{\"@type\":\"ListItem\",\"position\":2,\"name\":\"Products\",\"item\":\"https:\/\/jinsuncarbon.com\/graphite-carbon\/\"},{\"@type\":\"ListItem\",\"position\":3,\"name\":\"Calcined Petroleum Coke\"}]},{\"@type\":\"WebSite\",\"@id\":\"https:\/\/jinsuncarbon.com\/#website\",\"url\":\"https:\/\/jinsuncarbon.com\/\",\"name\":\"Jinsun Carbon\",\"description\":\"We are the successful graphite electrode manufacturer in China\",\"publisher\":{\"@id\":\"https:\/\/jinsuncarbon.com\/#organization\"},\"potentialAction\":[{\"@type\":\"SearchAction\",\"target\":{\"@type\":\"EntryPoint\",\"urlTemplate\":\"https:\/\/jinsuncarbon.com\/?s={search_term_string}\"},\"query-input\":{\"@type\":\"PropertyValueSpecification\",\"valueRequired\":true,\"valueName\":\"search_term_string\"}}],\"inLanguage\":\"de\"},{\"@type\":\"Organization\",\"@id\":\"https:\/\/jinsuncarbon.com\/#organization\",\"name\":\"Jinsun Carbon\",\"alternateName\":\"Jinsun Carbon\",\"url\":\"https:\/\/jinsuncarbon.com\/\",\"logo\":{\"@type\":\"ImageObject\",\"inLanguage\":\"de\",\"@id\":\"https:\/\/jinsuncarbon.com\/#\/schema\/logo\/image\/\",\"url\":\"https:\/\/jinsuncarbon.com\/wp-content\/uploads\/2022\/12\/LOGO-1.png\",\"contentUrl\":\"https:\/\/jinsuncarbon.com\/wp-content\/uploads\/2022\/12\/LOGO-1.png\",\"width\":207,\"height\":80,\"caption\":\"Jinsun Carbon\"},\"image\":{\"@id\":\"https:\/\/jinsuncarbon.com\/#\/schema\/logo\/image\/\"},\"sameAs\":[\"https:\/\/www.facebook.com\/Graphite-Electrode-109336238661595\",\"https:\/\/x.com\/jinsuncarbon_\",\"https:\/\/www.linkedin.com\/in\/jinsungraphite\",\"https:\/\/www.youtube.com\/channel\/UCysDNyvyR5-3cCWEmpkVC0g\"]}]}<\/script>\n<!-- \/ Yoast SEO Premium plugin. -->","yoast_head_json":{"title":"Kalzinierter Petrolkoks Hersteller in China","description":"Hersteller von kalziniertem Petrolkoks in China, liefert qualitativ hochwertigen kalzinierten Petrolkoks zum besten Preis. F\u00fcr den Einsatz in der Stahl-, Aluminium- und Titandioxidindustrie.","robots":{"index":"index","follow":"follow","max-snippet":"max-snippet:-1","max-image-preview":"max-image-preview:large","max-video-preview":"max-video-preview:-1"},"canonical":"https:\/\/jinsuncarbon.com\/de\/produkt\/kalzinierter-petrolkoks\/","og_locale":"de_DE","og_type":"article","og_title":"Calcined Petroleum Coke","og_description":"Calcined petroleum coke manufacturer in China, supply high quality Calcined Petroleum Coke at best price. For use in Steel, Aluminum and Titanium Dioxide Industry.","og_url":"https:\/\/jinsuncarbon.com\/de\/produkt\/kalzinierter-petrolkoks\/","og_site_name":"Jinsun Carbon","article_publisher":"https:\/\/www.facebook.com\/Graphite-Electrode-109336238661595","article_modified_time":"2024-12-30T05:21:05+00:00","og_image":[{"width":966,"height":720,"url":"https:\/\/jinsuncarbon.com\/wp-content\/uploads\/2023\/01\/Calcined-petroleum-coke.jpeg","type":"image\/jpeg"}],"twitter_card":"summary_large_image","twitter_site":"@jinsuncarbon_","twitter_misc":{"Gesch\u00e4tzte Lesezeit":"4\u00a0Minuten"},"schema":{"@context":"https:\/\/schema.org","@graph":[{"@type":"WebPage","@id":"https:\/\/jinsuncarbon.com\/product\/calcined-petroleum-coke\/","url":"https:\/\/jinsuncarbon.com\/product\/calcined-petroleum-coke\/","name":"Kalzinierter Petrolkoks Hersteller in China","isPartOf":{"@id":"https:\/\/jinsuncarbon.com\/#website"},"primaryImageOfPage":{"@id":"https:\/\/jinsuncarbon.com\/product\/calcined-petroleum-coke\/#primaryimage"},"image":{"@id":"https:\/\/jinsuncarbon.com\/product\/calcined-petroleum-coke\/#primaryimage"},"thumbnailUrl":"https:\/\/jinsuncarbon.com\/wp-content\/uploads\/2023\/01\/Calcined-petroleum-coke.jpeg","datePublished":"2023-01-30T09:36:44+00:00","dateModified":"2024-12-30T05:21:05+00:00","description":"Hersteller von kalziniertem Petrolkoks in China, liefert qualitativ hochwertigen kalzinierten Petrolkoks zum besten Preis. F\u00fcr den Einsatz in der Stahl-, Aluminium- und Titandioxidindustrie.","breadcrumb":{"@id":"https:\/\/jinsuncarbon.com\/product\/calcined-petroleum-coke\/#breadcrumb"},"inLanguage":"de","potentialAction":[{"@type":"ReadAction","target":["https:\/\/jinsuncarbon.com\/product\/calcined-petroleum-coke\/"]}]},{"@type":"ImageObject","inLanguage":"de","@id":"https:\/\/jinsuncarbon.com\/product\/calcined-petroleum-coke\/#primaryimage","url":"https:\/\/jinsuncarbon.com\/wp-content\/uploads\/2023\/01\/Calcined-petroleum-coke.jpeg","contentUrl":"https:\/\/jinsuncarbon.com\/wp-content\/uploads\/2023\/01\/Calcined-petroleum-coke.jpeg","width":966,"height":720,"caption":"Calcined petroleum coke"},{"@type":"BreadcrumbList","@id":"https:\/\/jinsuncarbon.com\/product\/calcined-petroleum-coke\/#breadcrumb","itemListElement":[{"@type":"ListItem","position":1,"name":"Home","item":"https:\/\/jinsuncarbon.com\/"},{"@type":"ListItem","position":2,"name":"Products","item":"https:\/\/jinsuncarbon.com\/graphite-carbon\/"},{"@type":"ListItem","position":3,"name":"Calcined Petroleum Coke"}]},{"@type":"WebSite","@id":"https:\/\/jinsuncarbon.com\/#website","url":"https:\/\/jinsuncarbon.com\/","name":"Jinsun Kohlenstoff","description":"Wir sind der erfolgreiche Hersteller von Graphitelektroden in China","publisher":{"@id":"https:\/\/jinsuncarbon.com\/#organization"},"potentialAction":[{"@type":"SearchAction","target":{"@type":"EntryPoint","urlTemplate":"https:\/\/jinsuncarbon.com\/?s={search_term_string}"},"query-input":{"@type":"PropertyValueSpecification","valueRequired":true,"valueName":"search_term_string"}}],"inLanguage":"de"},{"@type":"Organization","@id":"https:\/\/jinsuncarbon.com\/#organization","name":"Jinsun Kohlenstoff","alternateName":"Jinsun Carbon","url":"https:\/\/jinsuncarbon.com\/","logo":{"@type":"ImageObject","inLanguage":"de","@id":"https:\/\/jinsuncarbon.com\/#\/schema\/logo\/image\/","url":"https:\/\/jinsuncarbon.com\/wp-content\/uploads\/2022\/12\/LOGO-1.png","contentUrl":"https:\/\/jinsuncarbon.com\/wp-content\/uploads\/2022\/12\/LOGO-1.png","width":207,"height":80,"caption":"Jinsun Carbon"},"image":{"@id":"https:\/\/jinsuncarbon.com\/#\/schema\/logo\/image\/"},"sameAs":["https:\/\/www.facebook.com\/Graphite-Electrode-109336238661595","https:\/\/x.com\/jinsuncarbon_","https:\/\/www.linkedin.com\/in\/jinsungraphite","https:\/\/www.youtube.com\/channel\/UCysDNyvyR5-3cCWEmpkVC0g"]}]}},"_links":{"self":[{"href":"https:\/\/jinsuncarbon.com\/de\/wp-json\/wp\/v2\/product\/2151","targetHints":{"allow":["GET"]}}],"collection":[{"href":"https:\/\/jinsuncarbon.com\/de\/wp-json\/wp\/v2\/product"}],"about":[{"href":"https:\/\/jinsuncarbon.com\/de\/wp-json\/wp\/v2\/types\/product"}],"wp:featuredmedia":[{"embeddable":true,"href":"https:\/\/jinsuncarbon.com\/de\/wp-json\/wp\/v2\/media\/5713"}],"wp:attachment":[{"href":"https:\/\/jinsuncarbon.com\/de\/wp-json\/wp\/v2\/media?parent=2151"}],"wp:term":[{"taxonomy":"product_brand","embeddable":true,"href":"https:\/\/jinsuncarbon.com\/de\/wp-json\/wp\/v2\/product_brand?post=2151"},{"taxonomy":"product_cat","embeddable":true,"href":"https:\/\/jinsuncarbon.com\/de\/wp-json\/wp\/v2\/product_cat?post=2151"},{"taxonomy":"product_tag","embeddable":true,"href":"https:\/\/jinsuncarbon.com\/de\/wp-json\/wp\/v2\/product_tag?post=2151"}],"curies":[{"name":"wp","href":"https:\/\/api.w.org\/{rel}","templated":true}]}}