{"id":2149,"date":"2023-01-30T09:32:46","date_gmt":"2023-01-30T09:32:46","guid":{"rendered":"https:\/\/jinsuncarbon.com\/?post_type=product&#038;p=2149"},"modified":"2025-01-18T16:19:30","modified_gmt":"2025-01-18T16:19:30","slug":"elektrodenpaste","status":"publish","type":"product","link":"https:\/\/jinsuncarbon.com\/de\/produkt\/elektrodenpaste\/","title":{"rendered":"Elektrodenpaste"},"content":{"rendered":"<p>Elektrodenpaste wird f\u00fcr die Herstellung von Kalziumkarbid und Ferrolegierungen verwendet, sie ist ein leitf\u00e4higes Verbrauchsmaterial. Als Rohstoff f\u00fcr selbstbackende Elektroden wird sie in Kalziumkarbid- und Ferrolegierungs-Tauchlichtbogen\u00f6fen ger\u00f6stet.<\/p>\n<p>Daher sind die R\u00f6stgeschwindigkeit und die R\u00f6stzeit der Elektrodenpaste variabel, je nach Ofentyp und Schmelzart des Elektroofens mit getauchter Hitze.<\/p>\n<p>Selbstbackende Elektroden aus Elektrodenpaste erm\u00f6glichen eine niedrige Arbeitsstromdichte, im Allgemeinen 8-6A\/m<sup>2<\/sup>. Es hat einen geringen Bedarf an Rohstoffen, ein einfaches Herstellungsverfahren und niedrige Produktionskosten. Gleichzeitig hat es eine hohe Klebkraft und Leitf\u00e4higkeit.<\/p>\n<p>Zu den Typen geh\u00f6ren geschlossene Paste, Standardelektrodenpaste und chemische Elektrodenpaste, die f\u00fcr selbstbackende Elektroden von geschlossenen, offenen und halbgeschlossenen Unterpulver\u00f6fen geeignet sind.<\/p>\n<p>&nbsp;<\/p>\n<h2>Herstellung von Elektrodenpaste<\/h2>\n<p>Im Allgemeinen kann H\u00fcttenkoks oder Pechkoks f\u00fcr die Elektrodenpaste kleiner Kalziumkarbid\u00f6fen oder Ferrolegierungs\u00f6fen verwendet werden. F\u00fcr die Elektrodenpaste, die in gro\u00dfen <a href=\"https:\/\/www.britannica.com\/technology\/electric-furnace\" target=\"_blank\" rel=\"noopener\">Elektro\u00f6fen<\/a>werden Anthrazit und H\u00fcttenkoks verwendet, w\u00e4hrend <a href=\"https:\/\/jinsuncarbon.com\/de\/produkt\/graphitelektrode\/\">Graphit<\/a> Chips hinzugef\u00fcgt werden.<\/p>\n<p>Diese Produktionsformel tr\u00e4gt zur Verbesserung der W\u00e4rmeleitf\u00e4higkeit und der elektrischen Leitf\u00e4higkeit des Materials bei.  Es wird durch Zugabe eines Bindemittels und durch Verfahren wie Kalzinieren, Mischen, Kneten und Formen hergestellt.<\/p>\n<p><img fetchpriority=\"high\" decoding=\"async\" class=\"size-large wp-image-4056 aligncenter\" src=\"https:\/\/jinsuncarbon.com\/wp-content\/uploads\/2023\/01\/632a31710052d6384c0ff0d71e69f9a-1024x438.jpg\" alt=\"Elektrodenpaste f\u00fcr Elektro\u00f6fen\" width=\"800\" height=\"342\" srcset=\"https:\/\/jinsuncarbon.com\/wp-content\/uploads\/2023\/01\/632a31710052d6384c0ff0d71e69f9a-1024x438.jpg 1024w, https:\/\/jinsuncarbon.com\/wp-content\/uploads\/2023\/01\/632a31710052d6384c0ff0d71e69f9a-600x257.jpg 600w, https:\/\/jinsuncarbon.com\/wp-content\/uploads\/2023\/01\/632a31710052d6384c0ff0d71e69f9a-300x128.jpg 300w, https:\/\/jinsuncarbon.com\/wp-content\/uploads\/2023\/01\/632a31710052d6384c0ff0d71e69f9a-768x329.jpg 768w, https:\/\/jinsuncarbon.com\/wp-content\/uploads\/2023\/01\/632a31710052d6384c0ff0d71e69f9a-1536x657.jpg 1536w, https:\/\/jinsuncarbon.com\/wp-content\/uploads\/2023\/01\/632a31710052d6384c0ff0d71e69f9a-2048x876.jpg 2048w, https:\/\/jinsuncarbon.com\/wp-content\/uploads\/2023\/01\/632a31710052d6384c0ff0d71e69f9a-18x8.jpg 18w\" sizes=\"(max-width: 800px) 100vw, 800px\" \/><\/p>\n<h2>Verwendungen von Kohlenstoffpasten-Elektroden<\/h2>\n<p>Wenn die Elektrodenpaste in den Elektrodenzylinder gegeben wird, bewegt sie sich gleichzeitig mit dem Zylinder nach unten und wird dabei kontinuierlich verbraucht und nachgef\u00fcllt. Wenn die Temperatur steigt, schmilzt sie vom festen Zustand zu einer d\u00fcnnen Paste.<\/p>\n<p>Nachdem es sich verfl\u00fcchtigt hat, verwandelt es sich in eine koks\u00e4hnliche Substanz und durchl\u00e4uft den abschlie\u00dfenden Sinterprozess, um zu einer Elektrode zu werden. W\u00e4hrend dieses Prozesses backt es und die Festigkeit der Elektrode verbessert sich kontinuierlich, w\u00e4hrend die <a href=\"https:\/\/www.epa.gov\/national-aquatic-resource-surveys\/indicators-conductivity#:~:text=What%20is%20conductivity%3F,conductivity%20increases%20as%20salinity%20increases.\" target=\"_blank\" rel=\"noopener\">Leitf\u00e4higkeit<\/a> allm\u00e4hlich zunimmt.<\/p>\n<h2>Warum nennt man sie eine selbstbackende Elektrode?<\/h2>\n<p>Nach dem R\u00f6sten bei einer hohen Temperatur von \u00fcber 1000 \u2103 wird die Paste vollst\u00e4ndig verkohlt und zu einem <a href=\"https:\/\/jinsuncarbon.com\/de\/produkt\/kohleelektrode\/\">Kohleelektrode<\/a>. Schlie\u00dflich leitet er Strom und wandelt die Energie in der <a href=\"https:\/\/www.totalmateria.com\/page.aspx?ID=CheckArticle&amp;site=ktn&amp;NM=399\" target=\"_blank\" rel=\"noopener\"> Elektro-Tauchofen<\/a> Schmelzbad.<\/p>\n<p>Da der Elektrodenzylinder ohne Stromausfall geschwei\u00dft wird, ist auch der kontinuierliche Verbrauch der Elektrode und das st\u00e4ndige R\u00f6sten der Elektrodenpaste zu einer Elektrode gew\u00e4hrleistet.<\/p>\n<p>Durch dieses Verfahren entsteht ein einzigartiger Elektrodentyp, der als selbstbackende Elektrode oder kontinuierliche automatische R\u00f6stungselektrode bekannt ist. In der derzeitigen Produktionspraxis kann ihr Durchmesser auf 2 m erh\u00f6ht werden. Dies schafft g\u00fcnstige Bedingungen f\u00fcr den Einsatz von Unterpulver\u00f6fen mit gro\u00dfen Tragf\u00e4higkeiten. Au\u00dferdem ist sie billig und einfach zu bedienen.<\/p>\n<h2>Auswahl des richtigen Lieferanten f\u00fcr Ihre Branche<\/h2>\n<p>Erleben Sie die au\u00dfergew\u00f6hnliche Leistung und Kosteneffizienz unserer hochwertigen Elektrodenpaste. Mit ihrer \u00fcberragenden Leitf\u00e4higkeit, Haltbarkeit und pr\u00e4zisen Herstellung ist unser Produkt die ideale Wahl f\u00fcr die Kalziumkarbid- und Ferrolegierungsproduktion. Ganz gleich, ob Sie auf der Suche nach einer niedrigen Arbeitsstromdichte, vereinfachten Herstellungsprozessen oder reduzierten Produktionskosten sind. Arbeiten Sie mit uns zusammen und profitieren Sie von unserem Fachwissen, unserer Lieferzuverl\u00e4ssigkeit und unseren wettbewerbsf\u00e4higen Preisen.<\/p>\n<h2>Spezifikation<\/h2>\n<table>\n<tbody>\n<tr>\n<td width=\"152\">ITEM<\/td>\n<td width=\"64\">UNIT<\/td>\n<td width=\"92\">Geschlossener Kleister<\/td>\n<td width=\"112\">Standard Typ<\/td>\n<td width=\"113\">Chemischer Typ<\/td>\n<\/tr>\n<tr>\n<td width=\"152\">Esche<\/td>\n<td width=\"64\">%\u2264<\/td>\n<td width=\"92\">3.0<\/td>\n<td width=\"112\">5.0<\/td>\n<td width=\"113\">7.0<\/td>\n<\/tr>\n<tr>\n<td width=\"152\">Fl\u00fcchtige Materie<\/td>\n<td width=\"64\">%<\/td>\n<td width=\"92\">9.5-15.5<\/td>\n<td width=\"112\">9.5-15.5<\/td>\n<td width=\"113\">9.5-15.5<\/td>\n<\/tr>\n<tr>\n<td width=\"152\">Druckfestigkeit<\/td>\n<td width=\"64\">MPa\u2265<\/td>\n<td width=\"92\">19.0<\/td>\n<td width=\"112\">21.0<\/td>\n<td width=\"113\">22.0<\/td>\n<\/tr>\n<tr>\n<td width=\"152\"><a href=\"https:\/\/www.y-ic.com\/blog\/comprehensive-guide-to-resistivity.html\" target=\"_blank\" rel=\"noopener\">Elektrischer spezifischer Widerstand<\/a><\/td>\n<td width=\"64\">\u03bc\u03a9-m\u2264<\/td>\n<td width=\"92\">65<\/td>\n<td width=\"112\">70<\/td>\n<td width=\"113\">78<\/td>\n<\/tr>\n<tr>\n<td width=\"152\">Sch\u00fcttdichte<\/td>\n<td width=\"64\">g\u2215\u339d<sup>3<\/sup>\u2265<\/td>\n<td width=\"92\">1.40<\/td>\n<td width=\"112\">1.40<\/td>\n<td width=\"113\">1.38<\/td>\n<\/tr>\n<tr>\n<td width=\"152\">Erweiterbarkeit<\/td>\n<td width=\"64\">%<\/td>\n<td width=\"92\">5-20<\/td>\n<td width=\"112\">5-30<\/td>\n<td width=\"113\">10-10<\/td>\n<\/tr>\n<\/tbody>\n<\/table>\n<p>&nbsp;<\/p>","protected":false},"excerpt":{"rendered":"<p>Die Elektrodenpaste wird dem Ferrolegierungsofen zugef\u00fchrt. Sie wird als leitf\u00e4higes Verbrauchsmaterial und selbstbackende Elektrode in Elektro\u00f6fen zur Herstellung von Calciumcarbid und gelbem Phosphor verwendet.<\/p>\n<p>Die so genannte selbstbackende Elektrode f\u00fcllt den Metallmantel mit einer Kohlenstoffpastelektrode. Unter der Einwirkung der hohen Temperatur des Ofens und der W\u00e4rme, die entsteht, wenn der Strom durch die Elektrode flie\u00dft, wird die Kohlenstoffpastelektrode zu einer leitf\u00e4higen Elektrode gebacken.<\/p>","protected":false},"featured_media":2679,"template":"","meta":[],"product_brand":[],"product_cat":[39],"product_tag":[],"class_list":{"0":"post-2149","1":"product","2":"type-product","3":"status-publish","4":"has-post-thumbnail","6":"product_cat-carbon-products","8":"first","9":"instock","10":"shipping-taxable","11":"product-type-simple"},"yoast_head":"<!-- This site is optimized with the Yoast SEO Premium plugin v19.2.1 (Yoast SEO v25.3) - https:\/\/yoast.com\/wordpress\/plugins\/seo\/ -->\n<title>Electrode Paste Manufacturer &amp; Supplier<\/title>\n<meta name=\"description\" content=\"It is used as consumable conductive material and self-baking electrode in electric furnaces for producing calcium carbide and yellow phosphorus.\" \/>\n<meta name=\"robots\" content=\"index, follow, max-snippet:-1, max-image-preview:large, max-video-preview:-1\" \/>\n<link rel=\"canonical\" href=\"https:\/\/jinsuncarbon.com\/de\/produkt\/elektrodenpaste\/\" \/>\n<meta property=\"og:locale\" content=\"de_DE\" \/>\n<meta property=\"og:type\" content=\"article\" \/>\n<meta property=\"og:title\" content=\"Electrode Paste\" \/>\n<meta property=\"og:description\" content=\"It is used as consumable conductive material and self-baking electrode in electric furnaces for producing calcium carbide and yellow phosphorus.\" \/>\n<meta property=\"og:url\" content=\"https:\/\/jinsuncarbon.com\/de\/produkt\/elektrodenpaste\/\" \/>\n<meta property=\"og:site_name\" content=\"Jinsun Carbon\" \/>\n<meta property=\"article:publisher\" content=\"https:\/\/www.facebook.com\/Graphite-Electrode-109336238661595\" \/>\n<meta property=\"article:modified_time\" content=\"2025-01-18T16:19:30+00:00\" \/>\n<meta property=\"og:image\" content=\"https:\/\/jinsuncarbon.com\/wp-content\/uploads\/2023\/01\/43aa3cb7f37484eea3c9df5a8196c7c.jpg\" \/>\n\t<meta property=\"og:image:width\" content=\"1024\" \/>\n\t<meta property=\"og:image:height\" content=\"763\" \/>\n\t<meta property=\"og:image:type\" content=\"image\/jpeg\" \/>\n<meta name=\"twitter:card\" content=\"summary_large_image\" \/>\n<meta name=\"twitter:site\" content=\"@jinsuncarbon_\" \/>\n<meta name=\"twitter:label1\" content=\"Gesch\u00e4tzte Lesezeit\" \/>\n\t<meta name=\"twitter:data1\" content=\"3\u00a0Minuten\" \/>\n<script type=\"application\/ld+json\" class=\"yoast-schema-graph\">{\"@context\":\"https:\/\/schema.org\",\"@graph\":[{\"@type\":\"WebPage\",\"@id\":\"https:\/\/jinsuncarbon.com\/product\/electrode-paste\/\",\"url\":\"https:\/\/jinsuncarbon.com\/product\/electrode-paste\/\",\"name\":\"Electrode Paste Manufacturer & Supplier\",\"isPartOf\":{\"@id\":\"https:\/\/jinsuncarbon.com\/#website\"},\"primaryImageOfPage\":{\"@id\":\"https:\/\/jinsuncarbon.com\/product\/electrode-paste\/#primaryimage\"},\"image\":{\"@id\":\"https:\/\/jinsuncarbon.com\/product\/electrode-paste\/#primaryimage\"},\"thumbnailUrl\":\"https:\/\/jinsuncarbon.com\/wp-content\/uploads\/2023\/01\/43aa3cb7f37484eea3c9df5a8196c7c.jpg\",\"datePublished\":\"2023-01-30T09:32:46+00:00\",\"dateModified\":\"2025-01-18T16:19:30+00:00\",\"description\":\"It is used as consumable conductive material and self-baking electrode in electric furnaces for producing calcium carbide and yellow phosphorus.\",\"breadcrumb\":{\"@id\":\"https:\/\/jinsuncarbon.com\/product\/electrode-paste\/#breadcrumb\"},\"inLanguage\":\"de\",\"potentialAction\":[{\"@type\":\"ReadAction\",\"target\":[\"https:\/\/jinsuncarbon.com\/product\/electrode-paste\/\"]}]},{\"@type\":\"ImageObject\",\"inLanguage\":\"de\",\"@id\":\"https:\/\/jinsuncarbon.com\/product\/electrode-paste\/#primaryimage\",\"url\":\"https:\/\/jinsuncarbon.com\/wp-content\/uploads\/2023\/01\/43aa3cb7f37484eea3c9df5a8196c7c.jpg\",\"contentUrl\":\"https:\/\/jinsuncarbon.com\/wp-content\/uploads\/2023\/01\/43aa3cb7f37484eea3c9df5a8196c7c.jpg\",\"width\":1024,\"height\":763,\"caption\":\"carbon paste electrode\"},{\"@type\":\"BreadcrumbList\",\"@id\":\"https:\/\/jinsuncarbon.com\/product\/electrode-paste\/#breadcrumb\",\"itemListElement\":[{\"@type\":\"ListItem\",\"position\":1,\"name\":\"Home\",\"item\":\"https:\/\/jinsuncarbon.com\/\"},{\"@type\":\"ListItem\",\"position\":2,\"name\":\"Products\",\"item\":\"https:\/\/jinsuncarbon.com\/graphite-carbon\/\"},{\"@type\":\"ListItem\",\"position\":3,\"name\":\"Electrode Paste\"}]},{\"@type\":\"WebSite\",\"@id\":\"https:\/\/jinsuncarbon.com\/#website\",\"url\":\"https:\/\/jinsuncarbon.com\/\",\"name\":\"Jinsun Carbon\",\"description\":\"We are the successful graphite electrode manufacturer in China\",\"publisher\":{\"@id\":\"https:\/\/jinsuncarbon.com\/#organization\"},\"potentialAction\":[{\"@type\":\"SearchAction\",\"target\":{\"@type\":\"EntryPoint\",\"urlTemplate\":\"https:\/\/jinsuncarbon.com\/?s={search_term_string}\"},\"query-input\":{\"@type\":\"PropertyValueSpecification\",\"valueRequired\":true,\"valueName\":\"search_term_string\"}}],\"inLanguage\":\"de\"},{\"@type\":\"Organization\",\"@id\":\"https:\/\/jinsuncarbon.com\/#organization\",\"name\":\"Jinsun Carbon\",\"alternateName\":\"Jinsun Carbon\",\"url\":\"https:\/\/jinsuncarbon.com\/\",\"logo\":{\"@type\":\"ImageObject\",\"inLanguage\":\"de\",\"@id\":\"https:\/\/jinsuncarbon.com\/#\/schema\/logo\/image\/\",\"url\":\"https:\/\/jinsuncarbon.com\/wp-content\/uploads\/2022\/12\/LOGO-1.png\",\"contentUrl\":\"https:\/\/jinsuncarbon.com\/wp-content\/uploads\/2022\/12\/LOGO-1.png\",\"width\":207,\"height\":80,\"caption\":\"Jinsun Carbon\"},\"image\":{\"@id\":\"https:\/\/jinsuncarbon.com\/#\/schema\/logo\/image\/\"},\"sameAs\":[\"https:\/\/www.facebook.com\/Graphite-Electrode-109336238661595\",\"https:\/\/x.com\/jinsuncarbon_\",\"https:\/\/www.linkedin.com\/in\/jinsungraphite\",\"https:\/\/www.youtube.com\/channel\/UCysDNyvyR5-3cCWEmpkVC0g\"]}]}<\/script>\n<!-- \/ Yoast SEO Premium plugin. -->","yoast_head_json":{"title":"Elektrodenpaste Hersteller &amp; Lieferant","description":"Es wird als leitf\u00e4higes Verbrauchsmaterial und selbstbackende Elektrode in Elektro\u00f6fen zur Herstellung von Kalziumkarbid und gelbem Phosphor verwendet.","robots":{"index":"index","follow":"follow","max-snippet":"max-snippet:-1","max-image-preview":"max-image-preview:large","max-video-preview":"max-video-preview:-1"},"canonical":"https:\/\/jinsuncarbon.com\/de\/produkt\/elektrodenpaste\/","og_locale":"de_DE","og_type":"article","og_title":"Electrode Paste","og_description":"It is used as consumable conductive material and self-baking electrode in electric furnaces for producing calcium carbide and yellow phosphorus.","og_url":"https:\/\/jinsuncarbon.com\/de\/produkt\/elektrodenpaste\/","og_site_name":"Jinsun Carbon","article_publisher":"https:\/\/www.facebook.com\/Graphite-Electrode-109336238661595","article_modified_time":"2025-01-18T16:19:30+00:00","og_image":[{"width":1024,"height":763,"url":"https:\/\/jinsuncarbon.com\/wp-content\/uploads\/2023\/01\/43aa3cb7f37484eea3c9df5a8196c7c.jpg","type":"image\/jpeg"}],"twitter_card":"summary_large_image","twitter_site":"@jinsuncarbon_","twitter_misc":{"Gesch\u00e4tzte Lesezeit":"3\u00a0Minuten"},"schema":{"@context":"https:\/\/schema.org","@graph":[{"@type":"WebPage","@id":"https:\/\/jinsuncarbon.com\/product\/electrode-paste\/","url":"https:\/\/jinsuncarbon.com\/product\/electrode-paste\/","name":"Elektrodenpaste Hersteller &amp; Lieferant","isPartOf":{"@id":"https:\/\/jinsuncarbon.com\/#website"},"primaryImageOfPage":{"@id":"https:\/\/jinsuncarbon.com\/product\/electrode-paste\/#primaryimage"},"image":{"@id":"https:\/\/jinsuncarbon.com\/product\/electrode-paste\/#primaryimage"},"thumbnailUrl":"https:\/\/jinsuncarbon.com\/wp-content\/uploads\/2023\/01\/43aa3cb7f37484eea3c9df5a8196c7c.jpg","datePublished":"2023-01-30T09:32:46+00:00","dateModified":"2025-01-18T16:19:30+00:00","description":"Es wird als leitf\u00e4higes Verbrauchsmaterial und selbstbackende Elektrode in Elektro\u00f6fen zur Herstellung von Kalziumkarbid und gelbem Phosphor verwendet.","breadcrumb":{"@id":"https:\/\/jinsuncarbon.com\/product\/electrode-paste\/#breadcrumb"},"inLanguage":"de","potentialAction":[{"@type":"ReadAction","target":["https:\/\/jinsuncarbon.com\/product\/electrode-paste\/"]}]},{"@type":"ImageObject","inLanguage":"de","@id":"https:\/\/jinsuncarbon.com\/product\/electrode-paste\/#primaryimage","url":"https:\/\/jinsuncarbon.com\/wp-content\/uploads\/2023\/01\/43aa3cb7f37484eea3c9df5a8196c7c.jpg","contentUrl":"https:\/\/jinsuncarbon.com\/wp-content\/uploads\/2023\/01\/43aa3cb7f37484eea3c9df5a8196c7c.jpg","width":1024,"height":763,"caption":"carbon paste electrode"},{"@type":"BreadcrumbList","@id":"https:\/\/jinsuncarbon.com\/product\/electrode-paste\/#breadcrumb","itemListElement":[{"@type":"ListItem","position":1,"name":"Home","item":"https:\/\/jinsuncarbon.com\/"},{"@type":"ListItem","position":2,"name":"Products","item":"https:\/\/jinsuncarbon.com\/graphite-carbon\/"},{"@type":"ListItem","position":3,"name":"Electrode Paste"}]},{"@type":"WebSite","@id":"https:\/\/jinsuncarbon.com\/#website","url":"https:\/\/jinsuncarbon.com\/","name":"Jinsun Kohlenstoff","description":"Wir sind der erfolgreiche Hersteller von Graphitelektroden in China","publisher":{"@id":"https:\/\/jinsuncarbon.com\/#organization"},"potentialAction":[{"@type":"SearchAction","target":{"@type":"EntryPoint","urlTemplate":"https:\/\/jinsuncarbon.com\/?s={search_term_string}"},"query-input":{"@type":"PropertyValueSpecification","valueRequired":true,"valueName":"search_term_string"}}],"inLanguage":"de"},{"@type":"Organization","@id":"https:\/\/jinsuncarbon.com\/#organization","name":"Jinsun Kohlenstoff","alternateName":"Jinsun Carbon","url":"https:\/\/jinsuncarbon.com\/","logo":{"@type":"ImageObject","inLanguage":"de","@id":"https:\/\/jinsuncarbon.com\/#\/schema\/logo\/image\/","url":"https:\/\/jinsuncarbon.com\/wp-content\/uploads\/2022\/12\/LOGO-1.png","contentUrl":"https:\/\/jinsuncarbon.com\/wp-content\/uploads\/2022\/12\/LOGO-1.png","width":207,"height":80,"caption":"Jinsun Carbon"},"image":{"@id":"https:\/\/jinsuncarbon.com\/#\/schema\/logo\/image\/"},"sameAs":["https:\/\/www.facebook.com\/Graphite-Electrode-109336238661595","https:\/\/x.com\/jinsuncarbon_","https:\/\/www.linkedin.com\/in\/jinsungraphite","https:\/\/www.youtube.com\/channel\/UCysDNyvyR5-3cCWEmpkVC0g"]}]}},"_links":{"self":[{"href":"https:\/\/jinsuncarbon.com\/de\/wp-json\/wp\/v2\/product\/2149","targetHints":{"allow":["GET"]}}],"collection":[{"href":"https:\/\/jinsuncarbon.com\/de\/wp-json\/wp\/v2\/product"}],"about":[{"href":"https:\/\/jinsuncarbon.com\/de\/wp-json\/wp\/v2\/types\/product"}],"wp:featuredmedia":[{"embeddable":true,"href":"https:\/\/jinsuncarbon.com\/de\/wp-json\/wp\/v2\/media\/2679"}],"wp:attachment":[{"href":"https:\/\/jinsuncarbon.com\/de\/wp-json\/wp\/v2\/media?parent=2149"}],"wp:term":[{"taxonomy":"product_brand","embeddable":true,"href":"https:\/\/jinsuncarbon.com\/de\/wp-json\/wp\/v2\/product_brand?post=2149"},{"taxonomy":"product_cat","embeddable":true,"href":"https:\/\/jinsuncarbon.com\/de\/wp-json\/wp\/v2\/product_cat?post=2149"},{"taxonomy":"product_tag","embeddable":true,"href":"https:\/\/jinsuncarbon.com\/de\/wp-json\/wp\/v2\/product_tag?post=2149"}],"curies":[{"name":"wp","href":"https:\/\/api.w.org\/{rel}","templated":true}]}}