{"id":2147,"date":"2023-01-30T09:30:51","date_gmt":"2023-01-30T09:30:51","guid":{"rendered":"https:\/\/jinsuncarbon.com\/?post_type=product&#038;p=2147"},"modified":"2024-11-01T01:08:42","modified_gmt":"2024-11-01T01:08:42","slug":"kohleelektrode","status":"publish","type":"product","link":"https:\/\/jinsuncarbon.com\/de\/produkt\/kohleelektrode\/","title":{"rendered":"Kohleelektrode"},"content":{"rendered":"<h2>Was ist eine Kohlenstoffelektrode?<\/h2>\n<p>Die leitf\u00e4hige Kohlenstoffelektrode, auch als Kohlenstoffelektrode bekannt, wird aus hochwertigem Petrolkoks, Pechkoks usw. als Hauptrohstoff hergestellt. Sie k\u00f6nnen nach dem R\u00f6sten zu Fertigprodukten verarbeitet werden. Da sie nicht graphitiert ist, ist ihr spezifischer Widerstand h\u00f6her als <a href=\"https:\/\/jinsuncarbon.com\/de\/produkt\/graphitelektrode\/\">Graphitelektrode<\/a>.<\/p>\n<p>Sie haben eine ausgezeichnete elektrische Leitf\u00e4higkeit. Dies liegt daran, dass sie haupts\u00e4chlich aus kovalent gebundenen Kohlenstoffatomen bestehen, die mit metallischen Bindungen bedeckt sind, was den Fluss freier Elektronen beg\u00fcnstigt und einen geringen spezifischen Widerstand aufweist.<\/p>\n<h2>Anwendungen:<\/h2>\n<p>Kohleelektroden werden haupts\u00e4chlich verwendet f\u00fcr <a href=\"https:\/\/en.wikipedia.org\/wiki\/Submerged-arc_furnace_for_phosphorus_production\" target=\"_blank\" rel=\"noopener\">Unterwasserlichtbogen\u00f6fen<\/a>. Zu den Schmelzsorten geh\u00f6ren industrielles Silizium, gelber Phosphor, Ferrolegierungen, Kalziumkarbid und andere Metalle oder Nichtmetalle.<\/p>\n<p>Bei der industriellen Siliziumschmelze flie\u00dft elektrischer Strom durch die Leiterelektrode und die Ofenbeschickung, wodurch elektrische Energie durch Elektrolyse in thermische Energie f\u00fcr die Hochtemperaturschmelze umgewandelt wird.<\/p>\n<p><img fetchpriority=\"high\" decoding=\"async\" class=\"alignnone wp-image-4533\" src=\"https:\/\/jinsuncarbon.com\/wp-content\/uploads\/2023\/01\/Submerged-arc-furnace-1.jpg\" alt=\"\" width=\"371\" height=\"394\" srcset=\"https:\/\/jinsuncarbon.com\/wp-content\/uploads\/2023\/01\/Submerged-arc-furnace-1.jpg 1080w, https:\/\/jinsuncarbon.com\/wp-content\/uploads\/2023\/01\/Submerged-arc-furnace-1-600x637.jpg 600w, https:\/\/jinsuncarbon.com\/wp-content\/uploads\/2023\/01\/Submerged-arc-furnace-1-283x300.jpg 283w, https:\/\/jinsuncarbon.com\/wp-content\/uploads\/2023\/01\/Submerged-arc-furnace-1-965x1024.jpg 965w, https:\/\/jinsuncarbon.com\/wp-content\/uploads\/2023\/01\/Submerged-arc-furnace-1-768x815.jpg 768w, https:\/\/jinsuncarbon.com\/wp-content\/uploads\/2023\/01\/Submerged-arc-furnace-1-11x12.jpg 11w\" sizes=\"(max-width: 371px) 100vw, 371px\" \/> <img decoding=\"async\" class=\"alignnone wp-image-4534\" src=\"https:\/\/jinsuncarbon.com\/wp-content\/uploads\/2023\/01\/carbon-electrode-for-submerged-arc-furnace-1024x678.jpg\" alt=\"Kohlenstoffelektrode f\u00fcr Unterpulver\u00f6fen\" width=\"594\" height=\"393\" srcset=\"https:\/\/jinsuncarbon.com\/wp-content\/uploads\/2023\/01\/carbon-electrode-for-submerged-arc-furnace-1024x678.jpg 1024w, https:\/\/jinsuncarbon.com\/wp-content\/uploads\/2023\/01\/carbon-electrode-for-submerged-arc-furnace-600x397.jpg 600w, https:\/\/jinsuncarbon.com\/wp-content\/uploads\/2023\/01\/carbon-electrode-for-submerged-arc-furnace-300x199.jpg 300w, https:\/\/jinsuncarbon.com\/wp-content\/uploads\/2023\/01\/carbon-electrode-for-submerged-arc-furnace-768x508.jpg 768w, https:\/\/jinsuncarbon.com\/wp-content\/uploads\/2023\/01\/carbon-electrode-for-submerged-arc-furnace-18x12.jpg 18w, https:\/\/jinsuncarbon.com\/wp-content\/uploads\/2023\/01\/carbon-electrode-for-submerged-arc-furnace.jpg 1080w\" sizes=\"(max-width: 594px) 100vw, 594px\" \/><\/p>\n<p>&nbsp;<\/p>\n<p>Im Allgemeinen ist das Verh\u00e4ltnis zwischen der Kapazit\u00e4t des Unterpulverofens und dem Durchmesser der Kohlenstoffelektrode wie folgt:<\/p>\n<table>\n<tbody>\n<tr>\n<td width=\"185\">Kapazit\u00e4t des Unterpulverofens\uff08KVA\uff09<\/td>\n<td width=\"61\">6300<\/td>\n<td width=\"58\">8000<\/td>\n<td width=\"58\">12500<\/td>\n<td width=\"56\">25000<\/td>\n<\/tr>\n<tr>\n<td width=\"185\">Spezifikation des Elektrodendurchmessers\uff08mm\uff09<\/td>\n<td width=\"61\">780\/800<\/td>\n<td width=\"58\">900<\/td>\n<td width=\"58\">960\/1020<\/td>\n<td width=\"56\">1272<\/td>\n<\/tr>\n<\/tbody>\n<\/table>\n<p>&nbsp;<\/p>\n<h2>Hauptmerkmal:<\/h2>\n<p><strong>Elektrische Leitf\u00e4higkeit:<\/strong> Sie besitzen eine au\u00dfergew\u00f6hnliche elektrische Leitf\u00e4higkeit, die eine effiziente \u00dcbertragung von elektrischer Energie erm\u00f6glicht. Diese Eigenschaft macht sie f\u00fcr Anwendungen wie die Elektrolyse geeignet.<\/p>\n<p><strong>Mechanische Festigkeit:<\/strong> Sie verf\u00fcgen \u00fcber eine hohe mechanische Festigkeit, die es ihnen erm\u00f6glicht, mechanischen Belastungen und Beanspruchungen w\u00e4hrend des Betriebs standzuhalten. Diese Eigenschaft ist entscheidend f\u00fcr Anwendungen, die mit mechanischen Kr\u00e4ften oder Vibrationen zu tun haben.<\/p>\n<p><strong>Thermische Robustheit<\/strong>: Sie weisen eine hohe thermische Stabilit\u00e4t auf, so dass sie hohen Temperaturen ohne nennenswerte Beeintr\u00e4chtigung standhalten k\u00f6nnen. Diese Eigenschaft ist besonders wichtig f\u00fcr Prozesse, die mit gro\u00dfer Hitze verbunden sind, wie Lichtbogen\u00f6fen oder Widerstandsheizung.<\/p>\n<p><strong>Chemische Tr\u00e4gheit:<\/strong> Sie sind korrosionsbest\u00e4ndig und chemisch nicht reaktiv. Aufgrund dieser Eigenschaften sind sie in aggressiven Umgebungen einsetzbar, in denen sich andere Materialien zersetzen w\u00fcrden.<\/p>\n<h2>Vorteile in der Fertigung:<\/h2>\n<p>Die Herstellung von Rohstoffen ist relativ einfach, da sie ohne die <a href=\"https:\/\/www.sciencedirect.com\/topics\/engineering\/graphitization#:~:text=Graphitization%20is%20a%20heat%20treatment,three%2Ddimensionally%20ordered%20crystalline%20graphite.\" target=\"_blank\" rel=\"noopener\">Graphitierung<\/a> Prozess. Dies f\u00fchrt zu einem niedrigeren Preis als Graphitelektroden, da die Graphitierung energieintensiv ist.<\/p>\n<p>Er kann in Unterpulver\u00f6fen mit gr\u00f6\u00dferen Durchmessern hergestellt werden, wobei die gleiche Kapazit\u00e4t wie bei <a href=\"https:\/\/jinsuncarbon.com\/de\/\">Graphitelektrode<\/a>. Durch die Herstellung von Kohleelektrodenst\u00e4ben mit Durchmessern von \u03a6600 bis \u03a61400 mm wird das Lichtbogenband im Ofen breiter und sorgt f\u00fcr einen stabilen Lichtbogen. Dies garantiert eine bessere thermische Schmelzleistung, einen h\u00f6heren Produktaussto\u00df und einen geringeren Stromverbrauch.<\/p>\n<p>Sie dienen als leitf\u00e4hige Elektroden in Unterpulver\u00f6fen und bieten erhebliche Vorteile bei der Kostensenkung. Sie helfen bei der Energieeinsparung, der Emissionsreduzierung und der Verbesserung der Effizienz und Sicherheit beim Schmelzen.<\/p>\n<p>Als Hersteller von Kohlenstoffelektroden verwendet JINSUN hochwertige Rohstoffe zur Herstellung von Produkten, die Ihre Produktion im Unterpulverofen unterst\u00fctzen.<\/p>\n<p>&nbsp;<\/p>\n<h4><strong>Physikalische und chemische Eigenschaften der Elektrode\u00a0<\/strong><\/h4>\n<table width=\"613\">\n<thead>\n<tr>\n<td><strong>Eigentum<\/strong><\/td>\n<td><strong>Einheit<\/strong><\/td>\n<td><strong>Wert<\/strong><\/td>\n<\/tr>\n<\/thead>\n<tbody>\n<tr>\n<td>Widerstandsf\u00e4higkeit<\/td>\n<td>\u03bc\u03a9.m<\/td>\n<td>11.0<\/td>\n<\/tr>\n<tr>\n<td>Biegefestigkeit<\/td>\n<td>MPa<\/td>\n<td>6.0<\/td>\n<\/tr>\n<tr>\n<td>Elastizit\u00e4tsmodul<\/td>\n<td>GPa<\/td>\n<td>12.0<\/td>\n<\/tr>\n<tr>\n<td>W\u00e4rmeausdehnungskoeffizient<\/td>\n<td>\u00d710^-6\/\u2103<\/td>\n<td>3.2<\/td>\n<\/tr>\n<tr>\n<td>Dichte<\/td>\n<td>g\/cm3<\/td>\n<td>1.58<\/td>\n<\/tr>\n<tr>\n<td>Kohlenstoffgehalt<\/td>\n<td>%<\/td>\n<td>90<\/td>\n<\/tr>\n<tr>\n<td>Esche<\/td>\n<td>%<\/td>\n<td>10<\/td>\n<\/tr>\n<\/tbody>\n<\/table>\n<h3><\/h3>\n<p>&nbsp;<\/p>\n<p>&nbsp;<\/p>","protected":false},"excerpt":{"rendered":"<p>Die Hauptrohstoffe f\u00fcr Kohlenstoffelektroden sind Petrolkoks, Anthrazit und H\u00fcttenkoks. Manchmal wird eine winzige Menge an graphitierten Fragmenten hinzugef\u00fcgt, die durch Mischen, Formen, R\u00f6sten und mechanische Bearbeitung hergestellt werden. Es handelt sich um ein ausgezeichnetes kohlenstoffhaltiges Leitermaterial. Sie werden in mittleren und kleinen Lichtbogen\u00f6fen und Elektro\u00f6fen zur Herstellung von Ferrolegierungen, gelbem Phosphor und Korund als leitf\u00e4hige Elektroden verwendet.<\/p>","protected":false},"featured_media":2639,"template":"","meta":[],"product_brand":[],"product_cat":[39],"product_tag":[],"class_list":{"0":"post-2147","1":"product","2":"type-product","3":"status-publish","4":"has-post-thumbnail","6":"product_cat-carbon-products","8":"first","9":"instock","10":"shipping-taxable","11":"product-type-simple"},"yoast_head":"<!-- This site is optimized with the Yoast SEO Premium plugin v19.2.1 (Yoast SEO v25.3) - https:\/\/yoast.com\/wordpress\/plugins\/seo\/ -->\n<title>Carbon Electrode Manufacturers<\/title>\n<meta name=\"description\" content=\"Carbon electrode is conductive materials produced by roasting petroleum coke and pitch coke as the main raw materials. It is used for submerged arc furnaces.\" \/>\n<meta name=\"robots\" content=\"index, follow, max-snippet:-1, max-image-preview:large, max-video-preview:-1\" \/>\n<link rel=\"canonical\" href=\"https:\/\/jinsuncarbon.com\/de\/produkt\/kohleelektrode\/\" \/>\n<meta property=\"og:locale\" content=\"de_DE\" \/>\n<meta property=\"og:type\" content=\"article\" \/>\n<meta property=\"og:title\" content=\"Carbon Electrode\" \/>\n<meta property=\"og:description\" content=\"Carbon electrode is conductive materials produced by roasting petroleum coke and pitch coke as the main raw materials. It is used for submerged arc furnaces.\" \/>\n<meta property=\"og:url\" content=\"https:\/\/jinsuncarbon.com\/de\/produkt\/kohleelektrode\/\" \/>\n<meta property=\"og:site_name\" content=\"Jinsun Carbon\" \/>\n<meta property=\"article:publisher\" content=\"https:\/\/www.facebook.com\/Graphite-Electrode-109336238661595\" \/>\n<meta property=\"article:modified_time\" content=\"2024-11-01T01:08:42+00:00\" \/>\n<meta property=\"og:image\" content=\"https:\/\/jinsuncarbon.com\/wp-content\/uploads\/2023\/01\/cat11.jpg\" \/>\n\t<meta property=\"og:image:width\" content=\"337\" \/>\n\t<meta property=\"og:image:height\" content=\"251\" \/>\n\t<meta property=\"og:image:type\" content=\"image\/jpeg\" \/>\n<meta name=\"twitter:card\" content=\"summary_large_image\" \/>\n<meta name=\"twitter:site\" content=\"@jinsuncarbon_\" \/>\n<meta name=\"twitter:label1\" content=\"Gesch\u00e4tzte Lesezeit\" \/>\n\t<meta name=\"twitter:data1\" content=\"3\u00a0Minuten\" \/>\n<script type=\"application\/ld+json\" class=\"yoast-schema-graph\">{\"@context\":\"https:\/\/schema.org\",\"@graph\":[{\"@type\":\"WebPage\",\"@id\":\"https:\/\/jinsuncarbon.com\/product\/carbon-electrode\/\",\"url\":\"https:\/\/jinsuncarbon.com\/product\/carbon-electrode\/\",\"name\":\"Carbon Electrode Manufacturers\",\"isPartOf\":{\"@id\":\"https:\/\/jinsuncarbon.com\/#website\"},\"primaryImageOfPage\":{\"@id\":\"https:\/\/jinsuncarbon.com\/product\/carbon-electrode\/#primaryimage\"},\"image\":{\"@id\":\"https:\/\/jinsuncarbon.com\/product\/carbon-electrode\/#primaryimage\"},\"thumbnailUrl\":\"https:\/\/jinsuncarbon.com\/wp-content\/uploads\/2023\/01\/cat11.jpg\",\"datePublished\":\"2023-01-30T09:30:51+00:00\",\"dateModified\":\"2024-11-01T01:08:42+00:00\",\"description\":\"Carbon electrode is conductive materials produced by roasting petroleum coke and pitch coke as the main raw materials. It is used for submerged arc furnaces.\",\"breadcrumb\":{\"@id\":\"https:\/\/jinsuncarbon.com\/product\/carbon-electrode\/#breadcrumb\"},\"inLanguage\":\"de\",\"potentialAction\":[{\"@type\":\"ReadAction\",\"target\":[\"https:\/\/jinsuncarbon.com\/product\/carbon-electrode\/\"]}]},{\"@type\":\"ImageObject\",\"inLanguage\":\"de\",\"@id\":\"https:\/\/jinsuncarbon.com\/product\/carbon-electrode\/#primaryimage\",\"url\":\"https:\/\/jinsuncarbon.com\/wp-content\/uploads\/2023\/01\/cat11.jpg\",\"contentUrl\":\"https:\/\/jinsuncarbon.com\/wp-content\/uploads\/2023\/01\/cat11.jpg\",\"width\":337,\"height\":251,\"caption\":\"carbon electrode\"},{\"@type\":\"BreadcrumbList\",\"@id\":\"https:\/\/jinsuncarbon.com\/product\/carbon-electrode\/#breadcrumb\",\"itemListElement\":[{\"@type\":\"ListItem\",\"position\":1,\"name\":\"Home\",\"item\":\"https:\/\/jinsuncarbon.com\/\"},{\"@type\":\"ListItem\",\"position\":2,\"name\":\"Products\",\"item\":\"https:\/\/jinsuncarbon.com\/graphite-carbon\/\"},{\"@type\":\"ListItem\",\"position\":3,\"name\":\"Carbon Electrode\"}]},{\"@type\":\"WebSite\",\"@id\":\"https:\/\/jinsuncarbon.com\/#website\",\"url\":\"https:\/\/jinsuncarbon.com\/\",\"name\":\"Jinsun Carbon\",\"description\":\"We are the successful graphite electrode manufacturer in China\",\"publisher\":{\"@id\":\"https:\/\/jinsuncarbon.com\/#organization\"},\"potentialAction\":[{\"@type\":\"SearchAction\",\"target\":{\"@type\":\"EntryPoint\",\"urlTemplate\":\"https:\/\/jinsuncarbon.com\/?s={search_term_string}\"},\"query-input\":{\"@type\":\"PropertyValueSpecification\",\"valueRequired\":true,\"valueName\":\"search_term_string\"}}],\"inLanguage\":\"de\"},{\"@type\":\"Organization\",\"@id\":\"https:\/\/jinsuncarbon.com\/#organization\",\"name\":\"Jinsun Carbon\",\"alternateName\":\"Jinsun Carbon\",\"url\":\"https:\/\/jinsuncarbon.com\/\",\"logo\":{\"@type\":\"ImageObject\",\"inLanguage\":\"de\",\"@id\":\"https:\/\/jinsuncarbon.com\/#\/schema\/logo\/image\/\",\"url\":\"https:\/\/jinsuncarbon.com\/wp-content\/uploads\/2022\/12\/LOGO-1.png\",\"contentUrl\":\"https:\/\/jinsuncarbon.com\/wp-content\/uploads\/2022\/12\/LOGO-1.png\",\"width\":207,\"height\":80,\"caption\":\"Jinsun Carbon\"},\"image\":{\"@id\":\"https:\/\/jinsuncarbon.com\/#\/schema\/logo\/image\/\"},\"sameAs\":[\"https:\/\/www.facebook.com\/Graphite-Electrode-109336238661595\",\"https:\/\/x.com\/jinsuncarbon_\",\"https:\/\/www.linkedin.com\/in\/jinsungraphite\",\"https:\/\/www.youtube.com\/channel\/UCysDNyvyR5-3cCWEmpkVC0g\"]}]}<\/script>\n<!-- \/ Yoast SEO Premium plugin. -->","yoast_head_json":{"title":"Hersteller von Kohlenstoffelektroden","description":"Kohleelektroden sind leitf\u00e4hige Materialien, die durch R\u00f6sten von Petrolkoks und Pechkoks als Hauptrohstoffe hergestellt werden. Sie wird f\u00fcr Unterpulver\u00f6fen verwendet.","robots":{"index":"index","follow":"follow","max-snippet":"max-snippet:-1","max-image-preview":"max-image-preview:large","max-video-preview":"max-video-preview:-1"},"canonical":"https:\/\/jinsuncarbon.com\/de\/produkt\/kohleelektrode\/","og_locale":"de_DE","og_type":"article","og_title":"Carbon Electrode","og_description":"Carbon electrode is conductive materials produced by roasting petroleum coke and pitch coke as the main raw materials. It is used for submerged arc furnaces.","og_url":"https:\/\/jinsuncarbon.com\/de\/produkt\/kohleelektrode\/","og_site_name":"Jinsun Carbon","article_publisher":"https:\/\/www.facebook.com\/Graphite-Electrode-109336238661595","article_modified_time":"2024-11-01T01:08:42+00:00","og_image":[{"width":337,"height":251,"url":"https:\/\/jinsuncarbon.com\/wp-content\/uploads\/2023\/01\/cat11.jpg","type":"image\/jpeg"}],"twitter_card":"summary_large_image","twitter_site":"@jinsuncarbon_","twitter_misc":{"Gesch\u00e4tzte Lesezeit":"3\u00a0Minuten"},"schema":{"@context":"https:\/\/schema.org","@graph":[{"@type":"WebPage","@id":"https:\/\/jinsuncarbon.com\/product\/carbon-electrode\/","url":"https:\/\/jinsuncarbon.com\/product\/carbon-electrode\/","name":"Hersteller von Kohlenstoffelektroden","isPartOf":{"@id":"https:\/\/jinsuncarbon.com\/#website"},"primaryImageOfPage":{"@id":"https:\/\/jinsuncarbon.com\/product\/carbon-electrode\/#primaryimage"},"image":{"@id":"https:\/\/jinsuncarbon.com\/product\/carbon-electrode\/#primaryimage"},"thumbnailUrl":"https:\/\/jinsuncarbon.com\/wp-content\/uploads\/2023\/01\/cat11.jpg","datePublished":"2023-01-30T09:30:51+00:00","dateModified":"2024-11-01T01:08:42+00:00","description":"Kohleelektroden sind leitf\u00e4hige Materialien, die durch R\u00f6sten von Petrolkoks und Pechkoks als Hauptrohstoffe hergestellt werden. Sie wird f\u00fcr Unterpulver\u00f6fen verwendet.","breadcrumb":{"@id":"https:\/\/jinsuncarbon.com\/product\/carbon-electrode\/#breadcrumb"},"inLanguage":"de","potentialAction":[{"@type":"ReadAction","target":["https:\/\/jinsuncarbon.com\/product\/carbon-electrode\/"]}]},{"@type":"ImageObject","inLanguage":"de","@id":"https:\/\/jinsuncarbon.com\/product\/carbon-electrode\/#primaryimage","url":"https:\/\/jinsuncarbon.com\/wp-content\/uploads\/2023\/01\/cat11.jpg","contentUrl":"https:\/\/jinsuncarbon.com\/wp-content\/uploads\/2023\/01\/cat11.jpg","width":337,"height":251,"caption":"carbon electrode"},{"@type":"BreadcrumbList","@id":"https:\/\/jinsuncarbon.com\/product\/carbon-electrode\/#breadcrumb","itemListElement":[{"@type":"ListItem","position":1,"name":"Home","item":"https:\/\/jinsuncarbon.com\/"},{"@type":"ListItem","position":2,"name":"Products","item":"https:\/\/jinsuncarbon.com\/graphite-carbon\/"},{"@type":"ListItem","position":3,"name":"Carbon Electrode"}]},{"@type":"WebSite","@id":"https:\/\/jinsuncarbon.com\/#website","url":"https:\/\/jinsuncarbon.com\/","name":"Jinsun Kohlenstoff","description":"Wir sind der erfolgreiche Hersteller von Graphitelektroden in China","publisher":{"@id":"https:\/\/jinsuncarbon.com\/#organization"},"potentialAction":[{"@type":"SearchAction","target":{"@type":"EntryPoint","urlTemplate":"https:\/\/jinsuncarbon.com\/?s={search_term_string}"},"query-input":{"@type":"PropertyValueSpecification","valueRequired":true,"valueName":"search_term_string"}}],"inLanguage":"de"},{"@type":"Organization","@id":"https:\/\/jinsuncarbon.com\/#organization","name":"Jinsun Kohlenstoff","alternateName":"Jinsun Carbon","url":"https:\/\/jinsuncarbon.com\/","logo":{"@type":"ImageObject","inLanguage":"de","@id":"https:\/\/jinsuncarbon.com\/#\/schema\/logo\/image\/","url":"https:\/\/jinsuncarbon.com\/wp-content\/uploads\/2022\/12\/LOGO-1.png","contentUrl":"https:\/\/jinsuncarbon.com\/wp-content\/uploads\/2022\/12\/LOGO-1.png","width":207,"height":80,"caption":"Jinsun Carbon"},"image":{"@id":"https:\/\/jinsuncarbon.com\/#\/schema\/logo\/image\/"},"sameAs":["https:\/\/www.facebook.com\/Graphite-Electrode-109336238661595","https:\/\/x.com\/jinsuncarbon_","https:\/\/www.linkedin.com\/in\/jinsungraphite","https:\/\/www.youtube.com\/channel\/UCysDNyvyR5-3cCWEmpkVC0g"]}]}},"_links":{"self":[{"href":"https:\/\/jinsuncarbon.com\/de\/wp-json\/wp\/v2\/product\/2147","targetHints":{"allow":["GET"]}}],"collection":[{"href":"https:\/\/jinsuncarbon.com\/de\/wp-json\/wp\/v2\/product"}],"about":[{"href":"https:\/\/jinsuncarbon.com\/de\/wp-json\/wp\/v2\/types\/product"}],"wp:featuredmedia":[{"embeddable":true,"href":"https:\/\/jinsuncarbon.com\/de\/wp-json\/wp\/v2\/media\/2639"}],"wp:attachment":[{"href":"https:\/\/jinsuncarbon.com\/de\/wp-json\/wp\/v2\/media?parent=2147"}],"wp:term":[{"taxonomy":"product_brand","embeddable":true,"href":"https:\/\/jinsuncarbon.com\/de\/wp-json\/wp\/v2\/product_brand?post=2147"},{"taxonomy":"product_cat","embeddable":true,"href":"https:\/\/jinsuncarbon.com\/de\/wp-json\/wp\/v2\/product_cat?post=2147"},{"taxonomy":"product_tag","embeddable":true,"href":"https:\/\/jinsuncarbon.com\/de\/wp-json\/wp\/v2\/product_tag?post=2147"}],"curies":[{"name":"wp","href":"https:\/\/api.w.org\/{rel}","templated":true}]}}