{"id":2145,"date":"2023-01-30T09:28:37","date_gmt":"2023-01-30T09:28:37","guid":{"rendered":"https:\/\/jinsuncarbon.com\/?post_type=product&#038;p=2145"},"modified":"2024-11-01T01:09:33","modified_gmt":"2024-11-01T01:09:33","slug":"kathodenblock","status":"publish","type":"product","link":"https:\/\/jinsuncarbon.com\/de\/produkt\/kathodenblock\/","title":{"rendered":"Kathodenblock"},"content":{"rendered":"<h2><span data-preserver-spaces=\"true\">Was ist ein Kathodenblock?<\/span><\/h2>\n<p><span data-preserver-spaces=\"true\">Der Kathodenblock ist als negative Elektrode bei der Elektrolyse von Aluminium aus Tonerde unerl\u00e4sslich. Er tr\u00e4gt zur Verbesserung der Effizienz der Aluminiumschmelze bei, die viel Strom verbraucht. Er ist also der zentrale Teil der Kathodenstruktur der Aluminium-Elektrolysezelle. <\/span><\/p>\n<p><span data-preserver-spaces=\"true\">Es fungiert also als Kathodenleiter bei der Herstellung von Aluminiumelektrolysen. Es existiert als Auskleidungsmaterial der <\/span><a href=\"https:\/\/jinsuncarbon.com\/de\/why-are-carbon-graphite-electrodes-used-in-electrolysis\/\"><span data-preserver-spaces=\"true\">Elektrolyt<\/span><\/a><span data-preserver-spaces=\"true\"><a href=\"https:\/\/jinsuncarbon.com\/de\/why-are-carbon-graphite-electrodes-used-in-electrolysis\/\">Schwesterchen<\/a> Zellcontainer. <\/span>Angesichts der weltweit rasant steigenden Nachfrage nach Aluminium spielen Kathodenbl\u00f6cke eine wichtige Rolle in der Industrie.<\/p>\n<h2>Anwendungen<\/h2>\n<p>Die Hauptfunktion des Kathodenkohleblocks ist die des<a href=\"https:\/\/jinsuncarbon.com\/de\/produkt\/carbon-graphite-furnace-lining\/\"> Auskleidung<\/a> Material der Elektrolysezelle und f\u00fcr die Leitung des elektrischen Stroms.<\/p>\n<p>Gleichzeitig muss es der Erosion der Hochtemperatur-Kryolithschmelze w\u00e4hrend des Aluminium-Elektrolyseprozesses standhalten.<\/p>\n<p>Hinzu kommt die elektrochemische Wirkung der Hochtemperaturschlacke im Elektrolyseprozess.<\/p>\n<p>Seine Qualit\u00e4t spielt daher eine entscheidende Rolle f\u00fcr den Betrieb von Aluminium-Elektrolysezellen.<\/p>\n<p>Die Sorte wirkt sich direkt auf die Lebensdauer der Elektrolysezelle aus, insbesondere in Bezug auf die Natriumkorrosionsbest\u00e4ndigkeit, die W\u00e4rmeausdehnungsrate und den spezifischen Widerstand.<\/p>\n<p>Die Verbesserung seiner Qualit\u00e4t verringert den Stromverbrauch in der Produktion und ist von gro\u00dfer Bedeutung f\u00fcr die Verl\u00e4ngerung der Lebensdauer des Elektrolyseurs.<\/p>\n<p>Die Hauptursache f\u00fcr Sch\u00e4den an einem Aluminium-Elektrolyt <a href=\"https:\/\/sciencedirect.com\/topics\/engineering\/aluminum-cell\" target=\"_blank\" rel=\"noopener\">Zelle<\/a> ist, dass die Infiltration von Natrium die Ausdehnung des Kohlenstoffblocks verursacht und die Infiltration des geschmolzenen Elektrolyten seinen W\u00e4rmeausdehnungskoeffizienten erh\u00f6ht.<\/p>\n<p>&nbsp;<\/p>\n<p><img fetchpriority=\"high\" decoding=\"async\" class=\"alignnone wp-image-4470\" src=\"https:\/\/jinsuncarbon.com\/wp-content\/uploads\/2023\/01\/cathode-blocks-1024x769.jpg\" alt=\"Kathodenbl\u00f6cke\" width=\"506\" height=\"380\" srcset=\"https:\/\/jinsuncarbon.com\/wp-content\/uploads\/2023\/01\/cathode-blocks-1024x769.jpg 1024w, https:\/\/jinsuncarbon.com\/wp-content\/uploads\/2023\/01\/cathode-blocks-600x451.jpg 600w, https:\/\/jinsuncarbon.com\/wp-content\/uploads\/2023\/01\/cathode-blocks-300x225.jpg 300w, https:\/\/jinsuncarbon.com\/wp-content\/uploads\/2023\/01\/cathode-blocks-768x577.jpg 768w, https:\/\/jinsuncarbon.com\/wp-content\/uploads\/2023\/01\/cathode-blocks-16x12.jpg 16w, https:\/\/jinsuncarbon.com\/wp-content\/uploads\/2023\/01\/cathode-blocks.jpg 1080w\" sizes=\"(max-width: 506px) 100vw, 506px\" \/>\u00a0<img decoding=\"async\" class=\"alignnone wp-image-4471\" src=\"https:\/\/jinsuncarbon.com\/wp-content\/uploads\/2023\/01\/Cathode-carbon-block-graphitized-cathode-block-1024x769.jpg\" alt=\"Kathodenkohlenstoffblock - graphitierter Kathodenblock\" width=\"506\" height=\"380\" srcset=\"https:\/\/jinsuncarbon.com\/wp-content\/uploads\/2023\/01\/Cathode-carbon-block-graphitized-cathode-block-1024x769.jpg 1024w, https:\/\/jinsuncarbon.com\/wp-content\/uploads\/2023\/01\/Cathode-carbon-block-graphitized-cathode-block-600x451.jpg 600w, https:\/\/jinsuncarbon.com\/wp-content\/uploads\/2023\/01\/Cathode-carbon-block-graphitized-cathode-block-300x225.jpg 300w, https:\/\/jinsuncarbon.com\/wp-content\/uploads\/2023\/01\/Cathode-carbon-block-graphitized-cathode-block-768x577.jpg 768w, https:\/\/jinsuncarbon.com\/wp-content\/uploads\/2023\/01\/Cathode-carbon-block-graphitized-cathode-block-16x12.jpg 16w, https:\/\/jinsuncarbon.com\/wp-content\/uploads\/2023\/01\/Cathode-carbon-block-graphitized-cathode-block.jpg 1080w\" sizes=\"(max-width: 506px) 100vw, 506px\" \/><\/p>\n<p>&nbsp;<\/p>\n<h2><span data-preserver-spaces=\"true\">Merkmale<\/span><\/h2>\n<p><span data-preserver-spaces=\"true\">Es hat einen geringen Widerstand und eine gute Leitf\u00e4higkeit, so dass der Spannungsabfall gering ist, was den Stromverbrauch bei der elektrolytischen Produktion verringern kann. <\/span><\/p>\n<p><span data-preserver-spaces=\"true\">Es hat eine besondere mechanische Festigkeit. W\u00e4hrend <\/span><a class=\"editor-rtfLink\" href=\"https:\/\/www.bbc.co.uk\/bitesize\/guides\/zhk6pbk\/revision\/4\" target=\"_blank\" rel=\"noopener\"><span data-preserver-spaces=\"true\">Aluminium-Elektrolyse<\/span><\/a><span data-preserver-spaces=\"true\">wird das Volumen des Kathodenblocks vergr\u00f6\u00dfert, was zu einer erheblichen Ausdehnung f\u00fchrt <\/span><\/p>\n<p><span data-preserver-spaces=\"true\">Spannung und hohe mechanische Festigkeit, was die Schadensquote verringert. <\/span><\/p>\n<p><span data-preserver-spaces=\"true\">Die geringe Porosit\u00e4t des Materials bricht nicht schnell zusammen, wenn der in das Material eindringende Elektrolytgehalt zunimmt. <\/span><\/p>\n<p><span data-preserver-spaces=\"true\">Der Aschegehalt ist gering, so dass er den spezifischen Widerstand nicht erh\u00f6ht und die Leitf\u00e4higkeit nicht beeintr\u00e4chtigt. <\/span><\/p>\n<p><span data-preserver-spaces=\"true\">Der Besch\u00e4digungskoeffizient ist gering, wodurch die Lebensdauer verl\u00e4ngert werden kann.<\/span><\/p>\n<p>&nbsp;<\/p>\n<h2>\u00a0Eigenschaften des Kathodenblocks<\/h2>\n<table width=\"652\">\n<tbody>\n<tr>\n<td width=\"151\">EIGENSCHAFTEN<\/td>\n<td width=\"57\">UNIT<\/td>\n<td width=\"132\">amorpher Kohlenstoff<\/td>\n<td width=\"94\">Halbgraphit<\/td>\n<td width=\"113\">semigraphitisiert<\/td>\n<td width=\"104\">Graphitierung<\/td>\n<\/tr>\n<tr>\n<td width=\"151\">Reale Dichte<\/td>\n<td width=\"57\">g\/cm<sup>3<\/sup><\/td>\n<td width=\"132\">1.85~1.95<\/td>\n<td width=\"94\">2.05~2.15<\/td>\n<td width=\"113\">2.05~2.18<\/td>\n<td width=\"104\">2.20<\/td>\n<\/tr>\n<tr>\n<td width=\"151\">Scheinbare Dichte<\/td>\n<td width=\"57\">g\/cm<sup>3<\/sup><\/td>\n<td width=\"132\">1.50~1.55<\/td>\n<td width=\"94\">1.60~1.70<\/td>\n<td width=\"113\">1.55~1.65<\/td>\n<td width=\"104\">1.6~1.8<\/td>\n<\/tr>\n<tr>\n<td width=\"151\">Gesamtporosit\u00e4t<\/td>\n<td width=\"57\">%<\/td>\n<td width=\"132\">18~25<\/td>\n<td width=\"94\">20~25<\/td>\n<td width=\"113\">15~30<\/td>\n<td width=\"104\">25<\/td>\n<\/tr>\n<tr>\n<td width=\"151\">Offene Porosit\u00e4t<\/td>\n<td width=\"57\">%<\/td>\n<td width=\"132\">15~18<\/td>\n<td width=\"94\">15~20<\/td>\n<td width=\"113\">15~20<\/td>\n<td width=\"104\">20~24<\/td>\n<\/tr>\n<tr>\n<td width=\"151\">Elektrischer Widerstand<\/td>\n<td width=\"57\">\u03bc\u03a9-m<\/td>\n<td width=\"132\">30~50<\/td>\n<td width=\"94\">15~30<\/td>\n<td width=\"113\">12~18<\/td>\n<td width=\"104\">8~14<\/td>\n<\/tr>\n<tr>\n<td width=\"151\">W\u00e4rmeleitf\u00e4higkeit<\/td>\n<td width=\"57\">W\/mk<\/td>\n<td width=\"132\">8~15<\/td>\n<td width=\"94\">30~45<\/td>\n<td width=\"113\">32<\/td>\n<td width=\"104\">80~120<\/td>\n<\/tr>\n<tr>\n<td width=\"151\">Druckfestigkeit<\/td>\n<td width=\"57\">MPa<\/td>\n<td width=\"132\">25~30<\/td>\n<td width=\"94\">25~30<\/td>\n<td width=\"113\">20~25<\/td>\n<td width=\"104\">15<\/td>\n<\/tr>\n<tr>\n<td width=\"151\">Biegefestigkeit<\/td>\n<td width=\"57\">GPa<\/td>\n<td width=\"132\">6~10<\/td>\n<td width=\"94\">10~15<\/td>\n<td width=\"113\">6~10<\/td>\n<td width=\"104\">10~15<\/td>\n<\/tr>\n<tr>\n<td width=\"151\">Rapport-Test<\/td>\n<td width=\"57\">%<\/td>\n<td width=\"132\">0.6~1.5<\/td>\n<td width=\"94\">0.3~0.5<\/td>\n<td width=\"113\">0.3~0.5<\/td>\n<td width=\"104\">0.05~0.15<\/td>\n<\/tr>\n<tr>\n<td width=\"151\">Aschegehalt<\/td>\n<td width=\"57\">%<\/td>\n<td width=\"132\">3~10<\/td>\n<td width=\"94\">0.1~1.0<\/td>\n<td width=\"113\">&lt;1.5<\/td>\n<td width=\"104\">&lt;0.5<\/td>\n<\/tr>\n<\/tbody>\n<\/table>\n<p>&nbsp;<\/p>","protected":false},"excerpt":{"rendered":"<p>Kathodenbl\u00f6cke werden f\u00fcr die Ausmauerung von Aluminium-Elektrolysezellen verwendet. Als leitf\u00e4higes Kohlenstoffmaterial f\u00fcr die positive Elektrode hat es die Eigenschaften von Hochtemperaturbest\u00e4ndigkeit, Korrosionsbest\u00e4ndigkeit gegen\u00fcber geschmolzenem Salz und guter Leitf\u00e4higkeit. Es gibt viele Arten, darunter gew\u00f6hnliche Kohlenstoff-Kathodenbl\u00f6cke, Halbgraphit-Kohlenstoffbl\u00f6cke, hochgraphitische Kohlenstoffbl\u00f6cke und graphitierte Kathodenbl\u00f6cke. Die aktuellen Spezifikationen sind 550mm\u00d7900mm\u00d73600mm und 650mm\u00d7700mm\u00d73600mm und dar\u00fcber.<\/p>","protected":false},"featured_media":2308,"template":"","meta":[],"product_brand":[],"product_cat":[39],"product_tag":[47],"class_list":{"0":"post-2145","1":"product","2":"type-product","3":"status-publish","4":"has-post-thumbnail","6":"product_cat-carbon-products","7":"product_tag-cathode-block","9":"first","10":"instock","11":"shipping-taxable","12":"product-type-simple"},"yoast_head":"<!-- This site is optimized with the Yoast SEO Premium plugin v19.2.1 (Yoast SEO v25.3) - https:\/\/yoast.com\/wordpress\/plugins\/seo\/ -->\n<title>Cathode Block - Jinsun Carbon<\/title>\n<meta name=\"description\" content=\"Cathode blocks are used for the masonry lining of aluminum electrolytic cells. As a positive electrode conductive materials in the aluminum smelting process\" \/>\n<meta name=\"robots\" content=\"index, follow, max-snippet:-1, max-image-preview:large, max-video-preview:-1\" \/>\n<link rel=\"canonical\" href=\"https:\/\/jinsuncarbon.com\/de\/produkt\/kathodenblock\/\" \/>\n<meta property=\"og:locale\" content=\"de_DE\" \/>\n<meta property=\"og:type\" content=\"article\" \/>\n<meta property=\"og:title\" content=\"Cathode Block\" \/>\n<meta property=\"og:description\" content=\"Cathode blocks are used for the masonry lining of aluminum electrolytic cells. As a positive electrode conductive materials in the aluminum smelting process\" \/>\n<meta property=\"og:url\" content=\"https:\/\/jinsuncarbon.com\/de\/produkt\/kathodenblock\/\" \/>\n<meta property=\"og:site_name\" content=\"Jinsun Carbon\" \/>\n<meta property=\"article:publisher\" content=\"https:\/\/www.facebook.com\/Graphite-Electrode-109336238661595\" \/>\n<meta property=\"article:modified_time\" content=\"2024-11-01T01:09:33+00:00\" \/>\n<meta property=\"og:image\" content=\"https:\/\/jinsuncarbon.com\/wp-content\/uploads\/2023\/01\/cathode-block-2.jpg\" \/>\n\t<meta property=\"og:image:width\" content=\"1024\" \/>\n\t<meta property=\"og:image:height\" content=\"763\" \/>\n\t<meta property=\"og:image:type\" content=\"image\/jpeg\" \/>\n<meta name=\"twitter:card\" content=\"summary_large_image\" \/>\n<meta name=\"twitter:site\" content=\"@jinsuncarbon_\" \/>\n<meta name=\"twitter:label1\" content=\"Gesch\u00e4tzte Lesezeit\" \/>\n\t<meta name=\"twitter:data1\" content=\"3\u00a0Minuten\" \/>\n<script type=\"application\/ld+json\" class=\"yoast-schema-graph\">{\"@context\":\"https:\/\/schema.org\",\"@graph\":[{\"@type\":\"WebPage\",\"@id\":\"https:\/\/jinsuncarbon.com\/product\/cathode-block\/\",\"url\":\"https:\/\/jinsuncarbon.com\/product\/cathode-block\/\",\"name\":\"Cathode Block - Jinsun Carbon\",\"isPartOf\":{\"@id\":\"https:\/\/jinsuncarbon.com\/#website\"},\"primaryImageOfPage\":{\"@id\":\"https:\/\/jinsuncarbon.com\/product\/cathode-block\/#primaryimage\"},\"image\":{\"@id\":\"https:\/\/jinsuncarbon.com\/product\/cathode-block\/#primaryimage\"},\"thumbnailUrl\":\"https:\/\/jinsuncarbon.com\/wp-content\/uploads\/2023\/01\/cathode-block-2.jpg\",\"datePublished\":\"2023-01-30T09:28:37+00:00\",\"dateModified\":\"2024-11-01T01:09:33+00:00\",\"description\":\"Cathode blocks are used for the masonry lining of aluminum electrolytic cells. As a positive electrode conductive materials in the aluminum smelting process\",\"breadcrumb\":{\"@id\":\"https:\/\/jinsuncarbon.com\/product\/cathode-block\/#breadcrumb\"},\"inLanguage\":\"de\",\"potentialAction\":[{\"@type\":\"ReadAction\",\"target\":[\"https:\/\/jinsuncarbon.com\/product\/cathode-block\/\"]}]},{\"@type\":\"ImageObject\",\"inLanguage\":\"de\",\"@id\":\"https:\/\/jinsuncarbon.com\/product\/cathode-block\/#primaryimage\",\"url\":\"https:\/\/jinsuncarbon.com\/wp-content\/uploads\/2023\/01\/cathode-block-2.jpg\",\"contentUrl\":\"https:\/\/jinsuncarbon.com\/wp-content\/uploads\/2023\/01\/cathode-block-2.jpg\",\"width\":1024,\"height\":763,\"caption\":\"cathode blocks\"},{\"@type\":\"BreadcrumbList\",\"@id\":\"https:\/\/jinsuncarbon.com\/product\/cathode-block\/#breadcrumb\",\"itemListElement\":[{\"@type\":\"ListItem\",\"position\":1,\"name\":\"Home\",\"item\":\"https:\/\/jinsuncarbon.com\/\"},{\"@type\":\"ListItem\",\"position\":2,\"name\":\"Products\",\"item\":\"https:\/\/jinsuncarbon.com\/graphite-carbon\/\"},{\"@type\":\"ListItem\",\"position\":3,\"name\":\"Cathode Block\"}]},{\"@type\":\"WebSite\",\"@id\":\"https:\/\/jinsuncarbon.com\/#website\",\"url\":\"https:\/\/jinsuncarbon.com\/\",\"name\":\"Jinsun Carbon\",\"description\":\"We are the successful graphite electrode manufacturer in China\",\"publisher\":{\"@id\":\"https:\/\/jinsuncarbon.com\/#organization\"},\"potentialAction\":[{\"@type\":\"SearchAction\",\"target\":{\"@type\":\"EntryPoint\",\"urlTemplate\":\"https:\/\/jinsuncarbon.com\/?s={search_term_string}\"},\"query-input\":{\"@type\":\"PropertyValueSpecification\",\"valueRequired\":true,\"valueName\":\"search_term_string\"}}],\"inLanguage\":\"de\"},{\"@type\":\"Organization\",\"@id\":\"https:\/\/jinsuncarbon.com\/#organization\",\"name\":\"Jinsun Carbon\",\"alternateName\":\"Jinsun Carbon\",\"url\":\"https:\/\/jinsuncarbon.com\/\",\"logo\":{\"@type\":\"ImageObject\",\"inLanguage\":\"de\",\"@id\":\"https:\/\/jinsuncarbon.com\/#\/schema\/logo\/image\/\",\"url\":\"https:\/\/jinsuncarbon.com\/wp-content\/uploads\/2022\/12\/LOGO-1.png\",\"contentUrl\":\"https:\/\/jinsuncarbon.com\/wp-content\/uploads\/2022\/12\/LOGO-1.png\",\"width\":207,\"height\":80,\"caption\":\"Jinsun Carbon\"},\"image\":{\"@id\":\"https:\/\/jinsuncarbon.com\/#\/schema\/logo\/image\/\"},\"sameAs\":[\"https:\/\/www.facebook.com\/Graphite-Electrode-109336238661595\",\"https:\/\/x.com\/jinsuncarbon_\",\"https:\/\/www.linkedin.com\/in\/jinsungraphite\",\"https:\/\/www.youtube.com\/channel\/UCysDNyvyR5-3cCWEmpkVC0g\"]}]}<\/script>\n<!-- \/ Yoast SEO Premium plugin. -->","yoast_head_json":{"title":"Kathodenblock - Jinsun Carbon","description":"Kathodenbl\u00f6cke werden f\u00fcr die Ausmauerung von Aluminium-Elektrolysezellen verwendet. Als positive Elektrode leitende Materialien in der Aluminiumverh\u00fcttung","robots":{"index":"index","follow":"follow","max-snippet":"max-snippet:-1","max-image-preview":"max-image-preview:large","max-video-preview":"max-video-preview:-1"},"canonical":"https:\/\/jinsuncarbon.com\/de\/produkt\/kathodenblock\/","og_locale":"de_DE","og_type":"article","og_title":"Cathode Block","og_description":"Cathode blocks are used for the masonry lining of aluminum electrolytic cells. As a positive electrode conductive materials in the aluminum smelting process","og_url":"https:\/\/jinsuncarbon.com\/de\/produkt\/kathodenblock\/","og_site_name":"Jinsun Carbon","article_publisher":"https:\/\/www.facebook.com\/Graphite-Electrode-109336238661595","article_modified_time":"2024-11-01T01:09:33+00:00","og_image":[{"width":1024,"height":763,"url":"https:\/\/jinsuncarbon.com\/wp-content\/uploads\/2023\/01\/cathode-block-2.jpg","type":"image\/jpeg"}],"twitter_card":"summary_large_image","twitter_site":"@jinsuncarbon_","twitter_misc":{"Gesch\u00e4tzte Lesezeit":"3\u00a0Minuten"},"schema":{"@context":"https:\/\/schema.org","@graph":[{"@type":"WebPage","@id":"https:\/\/jinsuncarbon.com\/product\/cathode-block\/","url":"https:\/\/jinsuncarbon.com\/product\/cathode-block\/","name":"Kathodenblock - Jinsun Carbon","isPartOf":{"@id":"https:\/\/jinsuncarbon.com\/#website"},"primaryImageOfPage":{"@id":"https:\/\/jinsuncarbon.com\/product\/cathode-block\/#primaryimage"},"image":{"@id":"https:\/\/jinsuncarbon.com\/product\/cathode-block\/#primaryimage"},"thumbnailUrl":"https:\/\/jinsuncarbon.com\/wp-content\/uploads\/2023\/01\/cathode-block-2.jpg","datePublished":"2023-01-30T09:28:37+00:00","dateModified":"2024-11-01T01:09:33+00:00","description":"Kathodenbl\u00f6cke werden f\u00fcr die Ausmauerung von Aluminium-Elektrolysezellen verwendet. Als positive Elektrode leitende Materialien in der Aluminiumverh\u00fcttung","breadcrumb":{"@id":"https:\/\/jinsuncarbon.com\/product\/cathode-block\/#breadcrumb"},"inLanguage":"de","potentialAction":[{"@type":"ReadAction","target":["https:\/\/jinsuncarbon.com\/product\/cathode-block\/"]}]},{"@type":"ImageObject","inLanguage":"de","@id":"https:\/\/jinsuncarbon.com\/product\/cathode-block\/#primaryimage","url":"https:\/\/jinsuncarbon.com\/wp-content\/uploads\/2023\/01\/cathode-block-2.jpg","contentUrl":"https:\/\/jinsuncarbon.com\/wp-content\/uploads\/2023\/01\/cathode-block-2.jpg","width":1024,"height":763,"caption":"cathode blocks"},{"@type":"BreadcrumbList","@id":"https:\/\/jinsuncarbon.com\/product\/cathode-block\/#breadcrumb","itemListElement":[{"@type":"ListItem","position":1,"name":"Home","item":"https:\/\/jinsuncarbon.com\/"},{"@type":"ListItem","position":2,"name":"Products","item":"https:\/\/jinsuncarbon.com\/graphite-carbon\/"},{"@type":"ListItem","position":3,"name":"Cathode Block"}]},{"@type":"WebSite","@id":"https:\/\/jinsuncarbon.com\/#website","url":"https:\/\/jinsuncarbon.com\/","name":"Jinsun Kohlenstoff","description":"Wir sind der erfolgreiche Hersteller von Graphitelektroden in China","publisher":{"@id":"https:\/\/jinsuncarbon.com\/#organization"},"potentialAction":[{"@type":"SearchAction","target":{"@type":"EntryPoint","urlTemplate":"https:\/\/jinsuncarbon.com\/?s={search_term_string}"},"query-input":{"@type":"PropertyValueSpecification","valueRequired":true,"valueName":"search_term_string"}}],"inLanguage":"de"},{"@type":"Organization","@id":"https:\/\/jinsuncarbon.com\/#organization","name":"Jinsun Kohlenstoff","alternateName":"Jinsun Carbon","url":"https:\/\/jinsuncarbon.com\/","logo":{"@type":"ImageObject","inLanguage":"de","@id":"https:\/\/jinsuncarbon.com\/#\/schema\/logo\/image\/","url":"https:\/\/jinsuncarbon.com\/wp-content\/uploads\/2022\/12\/LOGO-1.png","contentUrl":"https:\/\/jinsuncarbon.com\/wp-content\/uploads\/2022\/12\/LOGO-1.png","width":207,"height":80,"caption":"Jinsun Carbon"},"image":{"@id":"https:\/\/jinsuncarbon.com\/#\/schema\/logo\/image\/"},"sameAs":["https:\/\/www.facebook.com\/Graphite-Electrode-109336238661595","https:\/\/x.com\/jinsuncarbon_","https:\/\/www.linkedin.com\/in\/jinsungraphite","https:\/\/www.youtube.com\/channel\/UCysDNyvyR5-3cCWEmpkVC0g"]}]}},"_links":{"self":[{"href":"https:\/\/jinsuncarbon.com\/de\/wp-json\/wp\/v2\/product\/2145","targetHints":{"allow":["GET"]}}],"collection":[{"href":"https:\/\/jinsuncarbon.com\/de\/wp-json\/wp\/v2\/product"}],"about":[{"href":"https:\/\/jinsuncarbon.com\/de\/wp-json\/wp\/v2\/types\/product"}],"wp:featuredmedia":[{"embeddable":true,"href":"https:\/\/jinsuncarbon.com\/de\/wp-json\/wp\/v2\/media\/2308"}],"wp:attachment":[{"href":"https:\/\/jinsuncarbon.com\/de\/wp-json\/wp\/v2\/media?parent=2145"}],"wp:term":[{"taxonomy":"product_brand","embeddable":true,"href":"https:\/\/jinsuncarbon.com\/de\/wp-json\/wp\/v2\/product_brand?post=2145"},{"taxonomy":"product_cat","embeddable":true,"href":"https:\/\/jinsuncarbon.com\/de\/wp-json\/wp\/v2\/product_cat?post=2145"},{"taxonomy":"product_tag","embeddable":true,"href":"https:\/\/jinsuncarbon.com\/de\/wp-json\/wp\/v2\/product_tag?post=2145"}],"curies":[{"name":"wp","href":"https:\/\/api.w.org\/{rel}","templated":true}]}}