{"id":2143,"date":"2023-01-30T09:24:37","date_gmt":"2023-01-30T09:24:37","guid":{"rendered":"https:\/\/jinsuncarbon.com\/?post_type=product&#038;p=2143"},"modified":"2024-10-29T07:53:16","modified_gmt":"2024-10-29T07:53:16","slug":"graphit-ofenauskleidung","status":"publish","type":"product","link":"https:\/\/jinsuncarbon.com\/de\/produkt\/graphit-ofenauskleidung\/","title":{"rendered":"Graphit-Ofenauskleidung"},"content":{"rendered":"<h3>Welche Arten von Ofenauskleidungen gibt es?<\/h3>\n<p>Feuerfestes Kohlenstoffmaterial f\u00fcr die Auskleidung von \u00d6fen sind gebrannte oder graphitierte feuerfeste Steine oder Bl\u00f6cke. Der eine wird aus Koks und Anthrazit als prim\u00e4ren Rohstoffen geformt, ger\u00f6stet und verarbeitet, der andere wird aus Pechkoks und Petrolkoks als prim\u00e4ren Rohstoffen geformt, ger\u00f6stet und graphitiert.<\/p>\n<p>Die Eigenschaften von Kohlenstoffsteinen sind f\u00e4cherf\u00f6rmig, keilf\u00f6rmig, quadratisch und so weiter. Die Formen von Graphit-Ofenauskleidungen sind alle kundenspezifisch.<\/p>\n<p>Kohlenstoffbl\u00f6cke k\u00f6nnen verwendet werden als <a href=\"https:\/\/en.wikipedia.org\/wiki\/Refractory\" target=\"_blank\" rel=\"noopener\">feuerfeste Materialien<\/a> f\u00fcr verschiedene \u00d6fen; <a href=\"https:\/\/jinsuncarbon.com\/de\/produkt\/graphitblock\/\">Graphit<\/a> Die Ofenauskleidung wird nur unter besonderen Bedingungen eingesetzt, z. B. bei sehr hohen Temperaturen und zur Vermeidung von Verschmutzung.<\/p>\n<h3><\/h3>\n<h3>Qualit\u00e4tsmerkmale von Kohlenstoffbl\u00f6cken f\u00fcr Hoch\u00f6fen<\/h3>\n<p>Best\u00e4ndigkeit gegen geschmolzenes Eisen; Alkalibest\u00e4ndigkeit; gute mechanische Eigenschaften; Hitzebest\u00e4ndigkeit; Best\u00e4ndigkeit gegen das Eindringen von geschmolzenem Wasser.<\/p>\n<p><img fetchpriority=\"high\" decoding=\"async\" class=\"wp-image-3939 aligncenter\" src=\"https:\/\/jinsuncarbon.com\/wp-content\/uploads\/2023\/01\/4e4737d8411108c3fa5c0aee8af8063.jpg\" alt=\"Graphtie-Ofenauskleidung \" width=\"539\" height=\"400\" srcset=\"https:\/\/jinsuncarbon.com\/wp-content\/uploads\/2023\/01\/4e4737d8411108c3fa5c0aee8af8063.jpg 1280w, https:\/\/jinsuncarbon.com\/wp-content\/uploads\/2023\/01\/4e4737d8411108c3fa5c0aee8af8063-600x445.jpg 600w, https:\/\/jinsuncarbon.com\/wp-content\/uploads\/2023\/01\/4e4737d8411108c3fa5c0aee8af8063-300x223.jpg 300w, https:\/\/jinsuncarbon.com\/wp-content\/uploads\/2023\/01\/4e4737d8411108c3fa5c0aee8af8063-1024x760.jpg 1024w, https:\/\/jinsuncarbon.com\/wp-content\/uploads\/2023\/01\/4e4737d8411108c3fa5c0aee8af8063-768x570.jpg 768w, https:\/\/jinsuncarbon.com\/wp-content\/uploads\/2023\/01\/4e4737d8411108c3fa5c0aee8af8063-16x12.jpg 16w\" sizes=\"(max-width: 539px) 100vw, 539px\" \/><\/p>\n<p>&nbsp;<\/p>\n<h3>Physikalische und chemische Eigenschaften von Graphit-Ofenauskleidungen<\/h3>\n<p>Die Graphitauskleidung wird im Allgemeinen als feuerfestes Material f\u00fcr den Hochofenboden verwendet. Vor der Graphitierungsbehandlung verwenden die Hersteller in der Regel Steinkohlenteerpipetten oder eine Impr\u00e4gnierungsbehandlung. Dadurch kann nicht nur die Dichte des Produkts erh\u00f6ht, sondern auch der spezifische Widerstand verringert und somit die Lebensdauer verl\u00e4ngert werden.<\/p>\n<table style=\"font-size: 16px;\">\n<tbody>\n<tr>\n<td width=\"189\">ITME<\/td>\n<td width=\"189\">Spezifischer Widerstand<\/p>\n<p>\uff08\u03bc\u03a9-m\uff09<\/p>\n<p>&nbsp;<\/td>\n<td width=\"189\">Druckfestigkeit<\/p>\n<p>\uff08\u039c\u0420a\uff09\uff09<\/p>\n<p>&nbsp;<\/td>\n<\/tr>\n<tr>\n<td width=\"189\">220mm*220mm<\/td>\n<td width=\"189\"><strong>\u226412<\/strong><\/td>\n<td width=\"189\"><strong>\u226520<\/strong><\/td>\n<\/tr>\n<tr>\n<td width=\"189\">400mm*400mm<\/td>\n<td width=\"189\"><strong>\u226413<\/strong><\/td>\n<td width=\"189\"><strong>\u226518<\/strong><\/td>\n<\/tr>\n<\/tbody>\n<\/table>\n<p>&nbsp;<\/p>\n<p>&nbsp;<\/p>\n<div class=\"D5aOJc vJwDU\"><\/div>\n<div class=\"hlJJmd\">\n<div class=\"D5aOJc Hapztf\"><\/div>\n<div class=\"Bmcqed\">\n<div data-id=\"kvLWu\"><\/div>\n<\/div>\n<\/div>\n<div class=\"cEWAef\"><\/div>\n<p>&nbsp;<\/p>","protected":false},"excerpt":{"rendered":"<p>Die Graphitauskleidung von \u00d6fen wird in metallurgischen \u00d6fen und Widerstands\u00f6fen wie Siliziumkarbid\u00f6fen und Graphitierungs\u00f6fen verwendet. Wir entwerfen die Gr\u00f6\u00dfe der Graphitauskleidung entsprechend der Gr\u00f6\u00dfe des Ofens. Wir fertigen und liefern hochwertiges impr\u00e4gniertes Graphitmaterial und spezielle Gro\u00dfformate. Derzeit werden viele Ausmauerungen f\u00fcr Gro\u00dfhoch\u00f6fen vom Ofenboden und Herd bis zur Gicht gebaut. Zur Verbesserung der Auskleidung Dichte, oft mit Pech impr\u00e4gniert, gefolgt von sekund\u00e4ren Brennen bei 1200 \u2103.<\/p>","protected":false},"featured_media":2675,"template":"","meta":[],"product_brand":[],"product_cat":[38],"product_tag":[],"class_list":{"0":"post-2143","1":"product","2":"type-product","3":"status-publish","4":"has-post-thumbnail","6":"product_cat-graphite-products","8":"first","9":"instock","10":"shipping-taxable","11":"product-type-simple"},"yoast_head":"<!-- This site is optimized with the Yoast SEO Premium plugin v19.2.1 (Yoast SEO v25.3) - https:\/\/yoast.com\/wordpress\/plugins\/seo\/ -->\n<title>Graphite Furnace Lining | Jinsun Carbon<\/title>\n<meta name=\"description\" content=\"Graphite furnace lining is used in metallurgical furnaces and resistance furnaces such as silicon carbide furnaces and graphitization furnaces.\" \/>\n<meta name=\"robots\" content=\"index, follow, max-snippet:-1, max-image-preview:large, max-video-preview:-1\" \/>\n<link rel=\"canonical\" href=\"https:\/\/jinsuncarbon.com\/de\/produkt\/graphit-ofenauskleidung\/\" \/>\n<meta property=\"og:locale\" content=\"de_DE\" \/>\n<meta property=\"og:type\" content=\"article\" \/>\n<meta property=\"og:title\" content=\"Graphite Furnace Lining\" \/>\n<meta property=\"og:description\" content=\"Graphite furnace lining is used in metallurgical furnaces and resistance furnaces such as silicon carbide furnaces and graphitization furnaces.\" \/>\n<meta property=\"og:url\" content=\"https:\/\/jinsuncarbon.com\/de\/produkt\/graphit-ofenauskleidung\/\" \/>\n<meta property=\"og:site_name\" content=\"Jinsun Carbon\" \/>\n<meta property=\"article:publisher\" content=\"https:\/\/www.facebook.com\/Graphite-Electrode-109336238661595\" \/>\n<meta property=\"article:modified_time\" content=\"2024-10-29T07:53:16+00:00\" \/>\n<meta property=\"og:image\" content=\"https:\/\/jinsuncarbon.com\/wp-content\/uploads\/2023\/01\/fa7dfcac132055d8f09444a8728fbb5.jpg\" \/>\n\t<meta property=\"og:image:width\" content=\"1024\" \/>\n\t<meta property=\"og:image:height\" content=\"763\" \/>\n\t<meta property=\"og:image:type\" content=\"image\/jpeg\" \/>\n<meta name=\"twitter:card\" content=\"summary_large_image\" \/>\n<meta name=\"twitter:site\" content=\"@jinsuncarbon_\" \/>\n<meta name=\"twitter:label1\" content=\"Gesch\u00e4tzte Lesezeit\" \/>\n\t<meta name=\"twitter:data1\" content=\"2\u00a0Minuten\" \/>\n<script type=\"application\/ld+json\" class=\"yoast-schema-graph\">{\"@context\":\"https:\/\/schema.org\",\"@graph\":[{\"@type\":\"WebPage\",\"@id\":\"https:\/\/jinsuncarbon.com\/product\/graphite-furnace-lining\/\",\"url\":\"https:\/\/jinsuncarbon.com\/product\/graphite-furnace-lining\/\",\"name\":\"Graphite Furnace Lining | Jinsun Carbon\",\"isPartOf\":{\"@id\":\"https:\/\/jinsuncarbon.com\/#website\"},\"primaryImageOfPage\":{\"@id\":\"https:\/\/jinsuncarbon.com\/product\/graphite-furnace-lining\/#primaryimage\"},\"image\":{\"@id\":\"https:\/\/jinsuncarbon.com\/product\/graphite-furnace-lining\/#primaryimage\"},\"thumbnailUrl\":\"https:\/\/jinsuncarbon.com\/wp-content\/uploads\/2023\/01\/fa7dfcac132055d8f09444a8728fbb5.jpg\",\"datePublished\":\"2023-01-30T09:24:37+00:00\",\"dateModified\":\"2024-10-29T07:53:16+00:00\",\"description\":\"Graphite furnace lining is used in metallurgical furnaces and resistance furnaces such as silicon carbide furnaces and graphitization furnaces.\",\"breadcrumb\":{\"@id\":\"https:\/\/jinsuncarbon.com\/product\/graphite-furnace-lining\/#breadcrumb\"},\"inLanguage\":\"de\",\"potentialAction\":[{\"@type\":\"ReadAction\",\"target\":[\"https:\/\/jinsuncarbon.com\/product\/graphite-furnace-lining\/\"]}]},{\"@type\":\"ImageObject\",\"inLanguage\":\"de\",\"@id\":\"https:\/\/jinsuncarbon.com\/product\/graphite-furnace-lining\/#primaryimage\",\"url\":\"https:\/\/jinsuncarbon.com\/wp-content\/uploads\/2023\/01\/fa7dfcac132055d8f09444a8728fbb5.jpg\",\"contentUrl\":\"https:\/\/jinsuncarbon.com\/wp-content\/uploads\/2023\/01\/fa7dfcac132055d8f09444a8728fbb5.jpg\",\"width\":1024,\"height\":763,\"caption\":\"carbon graphite furnace lining maunfacturer\"},{\"@type\":\"BreadcrumbList\",\"@id\":\"https:\/\/jinsuncarbon.com\/product\/graphite-furnace-lining\/#breadcrumb\",\"itemListElement\":[{\"@type\":\"ListItem\",\"position\":1,\"name\":\"Home\",\"item\":\"https:\/\/jinsuncarbon.com\/\"},{\"@type\":\"ListItem\",\"position\":2,\"name\":\"Products\",\"item\":\"https:\/\/jinsuncarbon.com\/graphite-carbon\/\"},{\"@type\":\"ListItem\",\"position\":3,\"name\":\"Graphite Furnace Lining\"}]},{\"@type\":\"WebSite\",\"@id\":\"https:\/\/jinsuncarbon.com\/#website\",\"url\":\"https:\/\/jinsuncarbon.com\/\",\"name\":\"Jinsun Carbon\",\"description\":\"We are the successful graphite electrode manufacturer in China\",\"publisher\":{\"@id\":\"https:\/\/jinsuncarbon.com\/#organization\"},\"potentialAction\":[{\"@type\":\"SearchAction\",\"target\":{\"@type\":\"EntryPoint\",\"urlTemplate\":\"https:\/\/jinsuncarbon.com\/?s={search_term_string}\"},\"query-input\":{\"@type\":\"PropertyValueSpecification\",\"valueRequired\":true,\"valueName\":\"search_term_string\"}}],\"inLanguage\":\"de\"},{\"@type\":\"Organization\",\"@id\":\"https:\/\/jinsuncarbon.com\/#organization\",\"name\":\"Jinsun Carbon\",\"alternateName\":\"Jinsun Carbon\",\"url\":\"https:\/\/jinsuncarbon.com\/\",\"logo\":{\"@type\":\"ImageObject\",\"inLanguage\":\"de\",\"@id\":\"https:\/\/jinsuncarbon.com\/#\/schema\/logo\/image\/\",\"url\":\"https:\/\/jinsuncarbon.com\/wp-content\/uploads\/2022\/12\/LOGO-1.png\",\"contentUrl\":\"https:\/\/jinsuncarbon.com\/wp-content\/uploads\/2022\/12\/LOGO-1.png\",\"width\":207,\"height\":80,\"caption\":\"Jinsun Carbon\"},\"image\":{\"@id\":\"https:\/\/jinsuncarbon.com\/#\/schema\/logo\/image\/\"},\"sameAs\":[\"https:\/\/www.facebook.com\/Graphite-Electrode-109336238661595\",\"https:\/\/x.com\/jinsuncarbon_\",\"https:\/\/www.linkedin.com\/in\/jinsungraphite\",\"https:\/\/www.youtube.com\/channel\/UCysDNyvyR5-3cCWEmpkVC0g\"]}]}<\/script>\n<!-- \/ Yoast SEO Premium plugin. -->","yoast_head_json":{"title":"Graphit-Ofenauskleidung | Jinsun Carbon","description":"Ofenauskleidungen aus Graphit werden in metallurgischen \u00d6fen und Widerstands\u00f6fen wie Siliziumkarbid\u00f6fen und Graphitierungs\u00f6fen verwendet.","robots":{"index":"index","follow":"follow","max-snippet":"max-snippet:-1","max-image-preview":"max-image-preview:large","max-video-preview":"max-video-preview:-1"},"canonical":"https:\/\/jinsuncarbon.com\/de\/produkt\/graphit-ofenauskleidung\/","og_locale":"de_DE","og_type":"article","og_title":"Graphite Furnace Lining","og_description":"Graphite furnace lining is used in metallurgical furnaces and resistance furnaces such as silicon carbide furnaces and graphitization furnaces.","og_url":"https:\/\/jinsuncarbon.com\/de\/produkt\/graphit-ofenauskleidung\/","og_site_name":"Jinsun Carbon","article_publisher":"https:\/\/www.facebook.com\/Graphite-Electrode-109336238661595","article_modified_time":"2024-10-29T07:53:16+00:00","og_image":[{"width":1024,"height":763,"url":"https:\/\/jinsuncarbon.com\/wp-content\/uploads\/2023\/01\/fa7dfcac132055d8f09444a8728fbb5.jpg","type":"image\/jpeg"}],"twitter_card":"summary_large_image","twitter_site":"@jinsuncarbon_","twitter_misc":{"Gesch\u00e4tzte Lesezeit":"2\u00a0Minuten"},"schema":{"@context":"https:\/\/schema.org","@graph":[{"@type":"WebPage","@id":"https:\/\/jinsuncarbon.com\/product\/graphite-furnace-lining\/","url":"https:\/\/jinsuncarbon.com\/product\/graphite-furnace-lining\/","name":"Graphit-Ofenauskleidung | Jinsun Carbon","isPartOf":{"@id":"https:\/\/jinsuncarbon.com\/#website"},"primaryImageOfPage":{"@id":"https:\/\/jinsuncarbon.com\/product\/graphite-furnace-lining\/#primaryimage"},"image":{"@id":"https:\/\/jinsuncarbon.com\/product\/graphite-furnace-lining\/#primaryimage"},"thumbnailUrl":"https:\/\/jinsuncarbon.com\/wp-content\/uploads\/2023\/01\/fa7dfcac132055d8f09444a8728fbb5.jpg","datePublished":"2023-01-30T09:24:37+00:00","dateModified":"2024-10-29T07:53:16+00:00","description":"Ofenauskleidungen aus Graphit werden in metallurgischen \u00d6fen und Widerstands\u00f6fen wie Siliziumkarbid\u00f6fen und Graphitierungs\u00f6fen verwendet.","breadcrumb":{"@id":"https:\/\/jinsuncarbon.com\/product\/graphite-furnace-lining\/#breadcrumb"},"inLanguage":"de","potentialAction":[{"@type":"ReadAction","target":["https:\/\/jinsuncarbon.com\/product\/graphite-furnace-lining\/"]}]},{"@type":"ImageObject","inLanguage":"de","@id":"https:\/\/jinsuncarbon.com\/product\/graphite-furnace-lining\/#primaryimage","url":"https:\/\/jinsuncarbon.com\/wp-content\/uploads\/2023\/01\/fa7dfcac132055d8f09444a8728fbb5.jpg","contentUrl":"https:\/\/jinsuncarbon.com\/wp-content\/uploads\/2023\/01\/fa7dfcac132055d8f09444a8728fbb5.jpg","width":1024,"height":763,"caption":"carbon graphite furnace lining maunfacturer"},{"@type":"BreadcrumbList","@id":"https:\/\/jinsuncarbon.com\/product\/graphite-furnace-lining\/#breadcrumb","itemListElement":[{"@type":"ListItem","position":1,"name":"Home","item":"https:\/\/jinsuncarbon.com\/"},{"@type":"ListItem","position":2,"name":"Products","item":"https:\/\/jinsuncarbon.com\/graphite-carbon\/"},{"@type":"ListItem","position":3,"name":"Graphite Furnace Lining"}]},{"@type":"WebSite","@id":"https:\/\/jinsuncarbon.com\/#website","url":"https:\/\/jinsuncarbon.com\/","name":"Jinsun Kohlenstoff","description":"Wir sind der erfolgreiche Hersteller von Graphitelektroden in China","publisher":{"@id":"https:\/\/jinsuncarbon.com\/#organization"},"potentialAction":[{"@type":"SearchAction","target":{"@type":"EntryPoint","urlTemplate":"https:\/\/jinsuncarbon.com\/?s={search_term_string}"},"query-input":{"@type":"PropertyValueSpecification","valueRequired":true,"valueName":"search_term_string"}}],"inLanguage":"de"},{"@type":"Organization","@id":"https:\/\/jinsuncarbon.com\/#organization","name":"Jinsun Kohlenstoff","alternateName":"Jinsun Carbon","url":"https:\/\/jinsuncarbon.com\/","logo":{"@type":"ImageObject","inLanguage":"de","@id":"https:\/\/jinsuncarbon.com\/#\/schema\/logo\/image\/","url":"https:\/\/jinsuncarbon.com\/wp-content\/uploads\/2022\/12\/LOGO-1.png","contentUrl":"https:\/\/jinsuncarbon.com\/wp-content\/uploads\/2022\/12\/LOGO-1.png","width":207,"height":80,"caption":"Jinsun Carbon"},"image":{"@id":"https:\/\/jinsuncarbon.com\/#\/schema\/logo\/image\/"},"sameAs":["https:\/\/www.facebook.com\/Graphite-Electrode-109336238661595","https:\/\/x.com\/jinsuncarbon_","https:\/\/www.linkedin.com\/in\/jinsungraphite","https:\/\/www.youtube.com\/channel\/UCysDNyvyR5-3cCWEmpkVC0g"]}]}},"_links":{"self":[{"href":"https:\/\/jinsuncarbon.com\/de\/wp-json\/wp\/v2\/product\/2143","targetHints":{"allow":["GET"]}}],"collection":[{"href":"https:\/\/jinsuncarbon.com\/de\/wp-json\/wp\/v2\/product"}],"about":[{"href":"https:\/\/jinsuncarbon.com\/de\/wp-json\/wp\/v2\/types\/product"}],"wp:featuredmedia":[{"embeddable":true,"href":"https:\/\/jinsuncarbon.com\/de\/wp-json\/wp\/v2\/media\/2675"}],"wp:attachment":[{"href":"https:\/\/jinsuncarbon.com\/de\/wp-json\/wp\/v2\/media?parent=2143"}],"wp:term":[{"taxonomy":"product_brand","embeddable":true,"href":"https:\/\/jinsuncarbon.com\/de\/wp-json\/wp\/v2\/product_brand?post=2143"},{"taxonomy":"product_cat","embeddable":true,"href":"https:\/\/jinsuncarbon.com\/de\/wp-json\/wp\/v2\/product_cat?post=2143"},{"taxonomy":"product_tag","embeddable":true,"href":"https:\/\/jinsuncarbon.com\/de\/wp-json\/wp\/v2\/product_tag?post=2143"}],"curies":[{"name":"wp","href":"https:\/\/api.w.org\/{rel}","templated":true}]}}