{"id":2133,"date":"2023-01-30T09:12:04","date_gmt":"2023-01-30T09:12:04","guid":{"rendered":"https:\/\/jinsuncarbon.com\/?post_type=product&#038;p=2133"},"modified":"2025-01-10T10:50:20","modified_gmt":"2025-01-10T10:50:20","slug":"graphitplatte","status":"publish","type":"product","link":"https:\/\/jinsuncarbon.com\/de\/produkt\/graphitplatte\/","title":{"rendered":"Graphitplatte"},"content":{"rendered":"<h2>Graphitplatten f\u00fcr verschiedene Branchen<\/h2>\n<p>Sie wird in der Regel aus Petrolkoks und Pechkoks hergestellt und zeichnet sich durch hohe W\u00e4rmeleitf\u00e4higkeit, gute elektrische Leitf\u00e4higkeit und Korrosionsbest\u00e4ndigkeit aus. Graphitplatten werden in der Regel f\u00fcr die Elektrolyse, Galvanik und Elektrochemie von Wasser oder chemischen L\u00f6sungen verwendet.<\/p>\n<p>Erstens, wegen der Tr\u00e4gheit der <a href=\"https:\/\/jinsuncarbon.com\/de\/warum-werden-graphitelektroden-in-der-elektrolyse-verwendet\/\">Graphit<\/a>Es reagiert bei Raumtemperatur nicht mit den chemischen Substanzen in der L\u00f6sung. Daher wird es h\u00e4ufig f\u00fcr Wasser verwendet <a href=\"https:\/\/www.britannica.com\/science\/electrolysis\" target=\"_blank\" rel=\"noopener\">Elektrolyse<\/a>wie z. B. bei der Abwasserbehandlung, um Wasserstoff und Sauerstoff zu zersetzen.<\/p>\n<p>Bei der Verwendung in elektrolytischen Zellen. Es kann in Salzs\u00e4ure oder Schwefels\u00e4urel\u00f6sung getaucht und als Anode verwendet werden. Aufgrund seiner ausgezeichneten elektrischen Leitf\u00e4higkeit kann es zur Strom\u00fcbertragung in der Galvanotechnik verwendet werden.<\/p>\n<p>Da es sehr verschlei\u00dffest ist und eine hohe Oberfl\u00e4cheng\u00fcte aufweist, werden sie in der Aluminiumlegierungsindustrie zur Herstellung glatter und sch\u00f6ner Produkte verwendet.  Auch in mechanischen Ger\u00e4ten verwendet.<\/p>\n<p>&nbsp;<\/p>\n<p><img fetchpriority=\"high\" decoding=\"async\" class=\"alignnone wp-image-4463\" src=\"https:\/\/jinsuncarbon.com\/wp-content\/uploads\/2023\/01\/Electrolysis-1024x672.jpg\" alt=\"Elektrolyse\" width=\"303\" height=\"199\" srcset=\"https:\/\/jinsuncarbon.com\/wp-content\/uploads\/2023\/01\/Electrolysis-1024x672.jpg 1024w, https:\/\/jinsuncarbon.com\/wp-content\/uploads\/2023\/01\/Electrolysis-600x394.jpg 600w, https:\/\/jinsuncarbon.com\/wp-content\/uploads\/2023\/01\/Electrolysis-300x197.jpg 300w, https:\/\/jinsuncarbon.com\/wp-content\/uploads\/2023\/01\/Electrolysis-768x504.jpg 768w, https:\/\/jinsuncarbon.com\/wp-content\/uploads\/2023\/01\/Electrolysis-18x12.jpg 18w, https:\/\/jinsuncarbon.com\/wp-content\/uploads\/2023\/01\/Electrolysis.jpg 1080w\" sizes=\"(max-width: 303px) 100vw, 303px\" \/> <img decoding=\"async\" class=\"alignnone wp-image-4464\" src=\"https:\/\/jinsuncarbon.com\/wp-content\/uploads\/2023\/01\/Electroplating-1024x612.jpg\" alt=\"Galvanik\" width=\"334\" height=\"200\" srcset=\"https:\/\/jinsuncarbon.com\/wp-content\/uploads\/2023\/01\/Electroplating-1024x612.jpg 1024w, https:\/\/jinsuncarbon.com\/wp-content\/uploads\/2023\/01\/Electroplating-600x358.jpg 600w, https:\/\/jinsuncarbon.com\/wp-content\/uploads\/2023\/01\/Electroplating-300x179.jpg 300w, https:\/\/jinsuncarbon.com\/wp-content\/uploads\/2023\/01\/Electroplating-768x459.jpg 768w, https:\/\/jinsuncarbon.com\/wp-content\/uploads\/2023\/01\/Electroplating-18x12.jpg 18w, https:\/\/jinsuncarbon.com\/wp-content\/uploads\/2023\/01\/Electroplating.jpg 1080w\" sizes=\"(max-width: 334px) 100vw, 334px\" \/> <img decoding=\"async\" class=\"alignnone wp-image-4465\" src=\"https:\/\/jinsuncarbon.com\/wp-content\/uploads\/2023\/01\/Enegy-1024x558.jpg\" alt=\"Enegy\" width=\"367\" height=\"200\" srcset=\"https:\/\/jinsuncarbon.com\/wp-content\/uploads\/2023\/01\/Enegy-1024x558.jpg 1024w, https:\/\/jinsuncarbon.com\/wp-content\/uploads\/2023\/01\/Enegy-600x327.jpg 600w, https:\/\/jinsuncarbon.com\/wp-content\/uploads\/2023\/01\/Enegy-300x164.jpg 300w, https:\/\/jinsuncarbon.com\/wp-content\/uploads\/2023\/01\/Enegy-768x419.jpg 768w, https:\/\/jinsuncarbon.com\/wp-content\/uploads\/2023\/01\/Enegy-18x10.jpg 18w, https:\/\/jinsuncarbon.com\/wp-content\/uploads\/2023\/01\/Enegy.jpg 1080w\" sizes=\"(max-width: 367px) 100vw, 367px\" \/><\/p>\n<p>Elektrolyse-Industrie Galvanik-Industrie Energie-Industrie<\/p>\n<p>&nbsp;<\/p>\n<h2>Typen von Graphitplatten<\/h2>\n<p>Es gibt drei Arten von Materialien: hochreiner Graphit, feine Partikel und <a href=\"https:\/\/en.wikipedia.org\/wiki\/Isostatic\" target=\"_blank\" rel=\"noopener\">isostatisch<\/a> Graphit.<\/p>\n<ul>\n<li>Die Dichte der hochreinen Serie ist mit 1,80-1,85 g\/cm3 sehr hoch.<\/li>\n<li>Die Partikelgr\u00f6\u00dfe der feinen Partikel betr\u00e4gt 2 mm, 0,8 mm, mit guter Verschlei\u00dffestigkeit und moderatem Preis.<\/li>\n<li>Die isostatische Serie ist die erste Wahl f\u00fcr die Halbleiter- und Photovoltaikindustrie.<\/li>\n<li>Mit verschiedenen Spezifikationen und kundenspezifischen Produkten kann es Ihre unterschiedlichen Branchenanforderungen erf\u00fcllen.<\/li>\n<\/ul>\n<p>&nbsp;<\/p>\n<p><img loading=\"lazy\" decoding=\"async\" class=\"alignnone wp-image-4466 size-medium\" src=\"https:\/\/jinsuncarbon.com\/wp-content\/uploads\/2023\/01\/high-purity-graphite-plate-300x248.jpg\" alt=\"Platte aus hochreinem Graphit\" width=\"300\" height=\"248\" srcset=\"https:\/\/jinsuncarbon.com\/wp-content\/uploads\/2023\/01\/high-purity-graphite-plate-300x248.jpg 300w, https:\/\/jinsuncarbon.com\/wp-content\/uploads\/2023\/01\/high-purity-graphite-plate-600x496.jpg 600w, https:\/\/jinsuncarbon.com\/wp-content\/uploads\/2023\/01\/high-purity-graphite-plate-768x635.jpg 768w, https:\/\/jinsuncarbon.com\/wp-content\/uploads\/2023\/01\/high-purity-graphite-plate-15x12.jpg 15w, https:\/\/jinsuncarbon.com\/wp-content\/uploads\/2023\/01\/high-purity-graphite-plate.jpg 1024w\" sizes=\"(max-width: 300px) 100vw, 300px\" \/> <img loading=\"lazy\" decoding=\"async\" class=\"alignnone size-medium wp-image-4467\" src=\"https:\/\/jinsuncarbon.com\/wp-content\/uploads\/2023\/01\/Fine-particle-graphite-electrode-300x248.jpg\" alt=\"Feinteilige Graphitelektrode\" width=\"300\" height=\"248\" srcset=\"https:\/\/jinsuncarbon.com\/wp-content\/uploads\/2023\/01\/Fine-particle-graphite-electrode-300x248.jpg 300w, https:\/\/jinsuncarbon.com\/wp-content\/uploads\/2023\/01\/Fine-particle-graphite-electrode-600x496.jpg 600w, https:\/\/jinsuncarbon.com\/wp-content\/uploads\/2023\/01\/Fine-particle-graphite-electrode-768x635.jpg 768w, https:\/\/jinsuncarbon.com\/wp-content\/uploads\/2023\/01\/Fine-particle-graphite-electrode-15x12.jpg 15w, https:\/\/jinsuncarbon.com\/wp-content\/uploads\/2023\/01\/Fine-particle-graphite-electrode.jpg 1024w\" sizes=\"(max-width: 300px) 100vw, 300px\" \/> <img loading=\"lazy\" decoding=\"async\" class=\"alignnone size-medium wp-image-4468\" src=\"https:\/\/jinsuncarbon.com\/wp-content\/uploads\/2023\/01\/Isostatic-graphite-plate-300x248.jpg\" alt=\"Isostatische Graphitplatte\" width=\"300\" height=\"248\" srcset=\"https:\/\/jinsuncarbon.com\/wp-content\/uploads\/2023\/01\/Isostatic-graphite-plate-300x248.jpg 300w, https:\/\/jinsuncarbon.com\/wp-content\/uploads\/2023\/01\/Isostatic-graphite-plate-600x496.jpg 600w, https:\/\/jinsuncarbon.com\/wp-content\/uploads\/2023\/01\/Isostatic-graphite-plate-768x635.jpg 768w, https:\/\/jinsuncarbon.com\/wp-content\/uploads\/2023\/01\/Isostatic-graphite-plate-15x12.jpg 15w, https:\/\/jinsuncarbon.com\/wp-content\/uploads\/2023\/01\/Isostatic-graphite-plate.jpg 1024w\" sizes=\"(max-width: 300px) 100vw, 300px\" \/><\/p>\n<p>&nbsp;<\/p>\n<h2>Wesentliche Merkmale<\/h2>\n<p><strong>Hohe W\u00e4rmeleitf\u00e4higkeit:<\/strong> Es kann W\u00e4rme in verschiedenen W\u00e4rmemanagement-Anwendungen schnell \u00fcbertragen.<\/p>\n<p><strong>Ausgezeichnete elektrische Best\u00e4ndigkeit:<\/strong> Es eignet sich f\u00fcr elektrolytische und elektronische Anwendungen, gew\u00e4hrleistet eine zuverl\u00e4ssige Isolierung und verhindert Lichtb\u00f6gen oder Kurzschl\u00fcsse.<\/p>\n<p><strong>Chemische Best\u00e4ndigkeit:<\/strong> Es ist gegen die meisten korrosiven Chemikalien und S\u00e4uren best\u00e4ndig und eignet sich daher ideal f\u00fcr die chemische Verarbeitungsindustrie. Selbst in rauen chemischen Umgebungen wird es nicht korrodiert oder oxidiert.<\/p>\n<p><strong>Mechanische Festigkeit und Stabilit\u00e4t:<\/strong> Hohe Zugfestigkeit und geringe Ausdehnung bei Temperaturschwankungen. Es kann rauen Umgebungen widerstehen und beh\u00e4lt seine strukturelle Integrit\u00e4t \u00fcber lange Zeit.<\/p>\n<p><strong>Pr\u00e4zisionsgefertigt: <\/strong>Gew\u00e4hrleistet pr\u00e4zise Abmessungen und eine glatte Oberfl\u00e4chenbeschaffenheit. Dies erm\u00f6glicht eine einfache Integration in eine Vielzahl von Systemen und Anwendungen und spart Zeit und M\u00fche bei der Installation.<\/p>\n<h2>Warum sollten Sie uns w\u00e4hlen?<\/h2>\n<ul>\n<li>Nicht standardisierte Gr\u00f6\u00dfen k\u00f6nnen anhand von Zeichnungen und Mustern entworfen und hergestellt werden.<\/li>\n<li>Hohe Temperaturbest\u00e4ndigkeit, Oxidationsbest\u00e4ndigkeit, Korrosionsbest\u00e4ndigkeit und lange Lebensdauer.<\/li>\n<li>Weit verbreitet im thermischen Bergbau, <a href=\"https:\/\/en.wikipedia.org\/wiki\/Metallurgy\" target=\"_blank\" rel=\"noopener\">Metallurgie<\/a>chemische Industrie und andere Industriezweige.<\/li>\n<\/ul>","protected":false},"excerpt":{"rendered":"<p>Graphitplatten werden in vielen Industriezweigen wie der Papier-, Elektronik-, Zement-, Chemie-, Luft- und Raumfahrtindustrie usw. f\u00fcr verschiedene Funktionen und Zwecke verwendet. Sie sind in verschiedenen Gr\u00f6\u00dfen und Formen erh\u00e4ltlich und k\u00f6nnen je nach Anforderung leicht angepasst werden. Feines Graphitblech wird als Dichtungsmaterial verwendet. Sie ist in der Regel d\u00fcnner als Graphitplatten, immer gleichm\u00e4\u00dfig flach und hat um 90\u00b0 abgewinkelte Ecken. Es ist im Vergleich zu anderen Graphitprodukten erschwinglich und einfach in der Herstellung, und kann ein gemustertes Design und eine glatte Textur haben.<\/p>","protected":false},"featured_media":2439,"template":"","meta":[],"product_brand":[],"product_cat":[38],"product_tag":[],"class_list":{"0":"post-2133","1":"product","2":"type-product","3":"status-publish","4":"has-post-thumbnail","6":"product_cat-graphite-products","8":"first","9":"instock","10":"shipping-taxable","11":"product-type-simple"},"yoast_head":"<!-- This site is optimized with the Yoast SEO Premium plugin v19.2.1 (Yoast SEO v25.3) - https:\/\/yoast.com\/wordpress\/plugins\/seo\/ -->\n<title>Graphite Plate Supplier<\/title>\n<meta name=\"description\" content=\"Graphite plate has the characteristics of high thermal conductivity, good electrical conductivity. It is made of petroleum coke and pitch coke.\" \/>\n<meta name=\"robots\" content=\"index, follow, max-snippet:-1, max-image-preview:large, max-video-preview:-1\" \/>\n<link rel=\"canonical\" href=\"https:\/\/jinsuncarbon.com\/de\/produkt\/graphitplatte\/\" \/>\n<meta property=\"og:locale\" content=\"de_DE\" \/>\n<meta property=\"og:type\" content=\"article\" \/>\n<meta property=\"og:title\" content=\"Graphite Plate\" \/>\n<meta property=\"og:description\" content=\"Graphite plate has the characteristics of high thermal conductivity, good electrical conductivity. It is made of petroleum coke and pitch coke.\" \/>\n<meta property=\"og:url\" content=\"https:\/\/jinsuncarbon.com\/de\/produkt\/graphitplatte\/\" \/>\n<meta property=\"og:site_name\" content=\"Jinsun Carbon\" \/>\n<meta property=\"article:publisher\" content=\"https:\/\/www.facebook.com\/Graphite-Electrode-109336238661595\" \/>\n<meta property=\"article:modified_time\" content=\"2025-01-10T10:50:20+00:00\" \/>\n<meta property=\"og:image\" content=\"https:\/\/jinsuncarbon.com\/wp-content\/uploads\/2023\/01\/2525.jpg\" \/>\n\t<meta property=\"og:image:width\" content=\"1024\" \/>\n\t<meta property=\"og:image:height\" content=\"763\" \/>\n\t<meta property=\"og:image:type\" content=\"image\/jpeg\" \/>\n<meta name=\"twitter:card\" content=\"summary_large_image\" \/>\n<meta name=\"twitter:site\" content=\"@jinsuncarbon_\" \/>\n<meta name=\"twitter:label1\" content=\"Gesch\u00e4tzte Lesezeit\" \/>\n\t<meta name=\"twitter:data1\" content=\"4\u00a0Minuten\" \/>\n<script type=\"application\/ld+json\" class=\"yoast-schema-graph\">{\"@context\":\"https:\/\/schema.org\",\"@graph\":[{\"@type\":\"WebPage\",\"@id\":\"https:\/\/jinsuncarbon.com\/product\/graphite-plate\/\",\"url\":\"https:\/\/jinsuncarbon.com\/product\/graphite-plate\/\",\"name\":\"Graphite Plate Supplier\",\"isPartOf\":{\"@id\":\"https:\/\/jinsuncarbon.com\/#website\"},\"primaryImageOfPage\":{\"@id\":\"https:\/\/jinsuncarbon.com\/product\/graphite-plate\/#primaryimage\"},\"image\":{\"@id\":\"https:\/\/jinsuncarbon.com\/product\/graphite-plate\/#primaryimage\"},\"thumbnailUrl\":\"https:\/\/jinsuncarbon.com\/wp-content\/uploads\/2023\/01\/2525.jpg\",\"datePublished\":\"2023-01-30T09:12:04+00:00\",\"dateModified\":\"2025-01-10T10:50:20+00:00\",\"description\":\"Graphite plate has the characteristics of high thermal conductivity, good electrical conductivity. It is made of petroleum coke and pitch coke.\",\"breadcrumb\":{\"@id\":\"https:\/\/jinsuncarbon.com\/product\/graphite-plate\/#breadcrumb\"},\"inLanguage\":\"de\",\"potentialAction\":[{\"@type\":\"ReadAction\",\"target\":[\"https:\/\/jinsuncarbon.com\/product\/graphite-plate\/\"]}]},{\"@type\":\"ImageObject\",\"inLanguage\":\"de\",\"@id\":\"https:\/\/jinsuncarbon.com\/product\/graphite-plate\/#primaryimage\",\"url\":\"https:\/\/jinsuncarbon.com\/wp-content\/uploads\/2023\/01\/2525.jpg\",\"contentUrl\":\"https:\/\/jinsuncarbon.com\/wp-content\/uploads\/2023\/01\/2525.jpg\",\"width\":1024,\"height\":763,\"caption\":\"Graphite Plate\"},{\"@type\":\"BreadcrumbList\",\"@id\":\"https:\/\/jinsuncarbon.com\/product\/graphite-plate\/#breadcrumb\",\"itemListElement\":[{\"@type\":\"ListItem\",\"position\":1,\"name\":\"Home\",\"item\":\"https:\/\/jinsuncarbon.com\/\"},{\"@type\":\"ListItem\",\"position\":2,\"name\":\"Products\",\"item\":\"https:\/\/jinsuncarbon.com\/graphite-carbon\/\"},{\"@type\":\"ListItem\",\"position\":3,\"name\":\"Graphite Plate\"}]},{\"@type\":\"WebSite\",\"@id\":\"https:\/\/jinsuncarbon.com\/#website\",\"url\":\"https:\/\/jinsuncarbon.com\/\",\"name\":\"Jinsun Carbon\",\"description\":\"We are the successful graphite electrode manufacturer in China\",\"publisher\":{\"@id\":\"https:\/\/jinsuncarbon.com\/#organization\"},\"potentialAction\":[{\"@type\":\"SearchAction\",\"target\":{\"@type\":\"EntryPoint\",\"urlTemplate\":\"https:\/\/jinsuncarbon.com\/?s={search_term_string}\"},\"query-input\":{\"@type\":\"PropertyValueSpecification\",\"valueRequired\":true,\"valueName\":\"search_term_string\"}}],\"inLanguage\":\"de\"},{\"@type\":\"Organization\",\"@id\":\"https:\/\/jinsuncarbon.com\/#organization\",\"name\":\"Jinsun Carbon\",\"alternateName\":\"Jinsun Carbon\",\"url\":\"https:\/\/jinsuncarbon.com\/\",\"logo\":{\"@type\":\"ImageObject\",\"inLanguage\":\"de\",\"@id\":\"https:\/\/jinsuncarbon.com\/#\/schema\/logo\/image\/\",\"url\":\"https:\/\/jinsuncarbon.com\/wp-content\/uploads\/2022\/12\/LOGO-1.png\",\"contentUrl\":\"https:\/\/jinsuncarbon.com\/wp-content\/uploads\/2022\/12\/LOGO-1.png\",\"width\":207,\"height\":80,\"caption\":\"Jinsun Carbon\"},\"image\":{\"@id\":\"https:\/\/jinsuncarbon.com\/#\/schema\/logo\/image\/\"},\"sameAs\":[\"https:\/\/www.facebook.com\/Graphite-Electrode-109336238661595\",\"https:\/\/x.com\/jinsuncarbon_\",\"https:\/\/www.linkedin.com\/in\/jinsungraphite\",\"https:\/\/www.youtube.com\/channel\/UCysDNyvyR5-3cCWEmpkVC0g\"]}]}<\/script>\n<!-- \/ Yoast SEO Premium plugin. -->","yoast_head_json":{"title":"Graphitplatten Lieferant","description":"Graphitplatten zeichnen sich durch eine hohe W\u00e4rmeleitf\u00e4higkeit und eine gute elektrische Leitf\u00e4higkeit aus. Sie wird aus Petrolkoks und Pechkoks hergestellt.","robots":{"index":"index","follow":"follow","max-snippet":"max-snippet:-1","max-image-preview":"max-image-preview:large","max-video-preview":"max-video-preview:-1"},"canonical":"https:\/\/jinsuncarbon.com\/de\/produkt\/graphitplatte\/","og_locale":"de_DE","og_type":"article","og_title":"Graphite Plate","og_description":"Graphite plate has the characteristics of high thermal conductivity, good electrical conductivity. It is made of petroleum coke and pitch coke.","og_url":"https:\/\/jinsuncarbon.com\/de\/produkt\/graphitplatte\/","og_site_name":"Jinsun Carbon","article_publisher":"https:\/\/www.facebook.com\/Graphite-Electrode-109336238661595","article_modified_time":"2025-01-10T10:50:20+00:00","og_image":[{"width":1024,"height":763,"url":"https:\/\/jinsuncarbon.com\/wp-content\/uploads\/2023\/01\/2525.jpg","type":"image\/jpeg"}],"twitter_card":"summary_large_image","twitter_site":"@jinsuncarbon_","twitter_misc":{"Gesch\u00e4tzte Lesezeit":"4\u00a0Minuten"},"schema":{"@context":"https:\/\/schema.org","@graph":[{"@type":"WebPage","@id":"https:\/\/jinsuncarbon.com\/product\/graphite-plate\/","url":"https:\/\/jinsuncarbon.com\/product\/graphite-plate\/","name":"Graphitplatten Lieferant","isPartOf":{"@id":"https:\/\/jinsuncarbon.com\/#website"},"primaryImageOfPage":{"@id":"https:\/\/jinsuncarbon.com\/product\/graphite-plate\/#primaryimage"},"image":{"@id":"https:\/\/jinsuncarbon.com\/product\/graphite-plate\/#primaryimage"},"thumbnailUrl":"https:\/\/jinsuncarbon.com\/wp-content\/uploads\/2023\/01\/2525.jpg","datePublished":"2023-01-30T09:12:04+00:00","dateModified":"2025-01-10T10:50:20+00:00","description":"Graphitplatten zeichnen sich durch eine hohe W\u00e4rmeleitf\u00e4higkeit und eine gute elektrische Leitf\u00e4higkeit aus. Sie wird aus Petrolkoks und Pechkoks hergestellt.","breadcrumb":{"@id":"https:\/\/jinsuncarbon.com\/product\/graphite-plate\/#breadcrumb"},"inLanguage":"de","potentialAction":[{"@type":"ReadAction","target":["https:\/\/jinsuncarbon.com\/product\/graphite-plate\/"]}]},{"@type":"ImageObject","inLanguage":"de","@id":"https:\/\/jinsuncarbon.com\/product\/graphite-plate\/#primaryimage","url":"https:\/\/jinsuncarbon.com\/wp-content\/uploads\/2023\/01\/2525.jpg","contentUrl":"https:\/\/jinsuncarbon.com\/wp-content\/uploads\/2023\/01\/2525.jpg","width":1024,"height":763,"caption":"Graphite Plate"},{"@type":"BreadcrumbList","@id":"https:\/\/jinsuncarbon.com\/product\/graphite-plate\/#breadcrumb","itemListElement":[{"@type":"ListItem","position":1,"name":"Home","item":"https:\/\/jinsuncarbon.com\/"},{"@type":"ListItem","position":2,"name":"Products","item":"https:\/\/jinsuncarbon.com\/graphite-carbon\/"},{"@type":"ListItem","position":3,"name":"Graphite Plate"}]},{"@type":"WebSite","@id":"https:\/\/jinsuncarbon.com\/#website","url":"https:\/\/jinsuncarbon.com\/","name":"Jinsun Kohlenstoff","description":"Wir sind der erfolgreiche Hersteller von Graphitelektroden in China","publisher":{"@id":"https:\/\/jinsuncarbon.com\/#organization"},"potentialAction":[{"@type":"SearchAction","target":{"@type":"EntryPoint","urlTemplate":"https:\/\/jinsuncarbon.com\/?s={search_term_string}"},"query-input":{"@type":"PropertyValueSpecification","valueRequired":true,"valueName":"search_term_string"}}],"inLanguage":"de"},{"@type":"Organization","@id":"https:\/\/jinsuncarbon.com\/#organization","name":"Jinsun Kohlenstoff","alternateName":"Jinsun Carbon","url":"https:\/\/jinsuncarbon.com\/","logo":{"@type":"ImageObject","inLanguage":"de","@id":"https:\/\/jinsuncarbon.com\/#\/schema\/logo\/image\/","url":"https:\/\/jinsuncarbon.com\/wp-content\/uploads\/2022\/12\/LOGO-1.png","contentUrl":"https:\/\/jinsuncarbon.com\/wp-content\/uploads\/2022\/12\/LOGO-1.png","width":207,"height":80,"caption":"Jinsun Carbon"},"image":{"@id":"https:\/\/jinsuncarbon.com\/#\/schema\/logo\/image\/"},"sameAs":["https:\/\/www.facebook.com\/Graphite-Electrode-109336238661595","https:\/\/x.com\/jinsuncarbon_","https:\/\/www.linkedin.com\/in\/jinsungraphite","https:\/\/www.youtube.com\/channel\/UCysDNyvyR5-3cCWEmpkVC0g"]}]}},"_links":{"self":[{"href":"https:\/\/jinsuncarbon.com\/de\/wp-json\/wp\/v2\/product\/2133","targetHints":{"allow":["GET"]}}],"collection":[{"href":"https:\/\/jinsuncarbon.com\/de\/wp-json\/wp\/v2\/product"}],"about":[{"href":"https:\/\/jinsuncarbon.com\/de\/wp-json\/wp\/v2\/types\/product"}],"wp:featuredmedia":[{"embeddable":true,"href":"https:\/\/jinsuncarbon.com\/de\/wp-json\/wp\/v2\/media\/2439"}],"wp:attachment":[{"href":"https:\/\/jinsuncarbon.com\/de\/wp-json\/wp\/v2\/media?parent=2133"}],"wp:term":[{"taxonomy":"product_brand","embeddable":true,"href":"https:\/\/jinsuncarbon.com\/de\/wp-json\/wp\/v2\/product_brand?post=2133"},{"taxonomy":"product_cat","embeddable":true,"href":"https:\/\/jinsuncarbon.com\/de\/wp-json\/wp\/v2\/product_cat?post=2133"},{"taxonomy":"product_tag","embeddable":true,"href":"https:\/\/jinsuncarbon.com\/de\/wp-json\/wp\/v2\/product_tag?post=2133"}],"curies":[{"name":"wp","href":"https:\/\/api.w.org\/{rel}","templated":true}]}}