{"id":2129,"date":"2023-01-30T09:07:59","date_gmt":"2023-01-30T09:07:59","guid":{"rendered":"https:\/\/jinsuncarbon.com\/?post_type=product&#038;p=2129"},"modified":"2024-11-03T13:16:47","modified_gmt":"2024-11-03T13:16:47","slug":"rp-graphitelektrode","status":"publish","type":"product","link":"https:\/\/jinsuncarbon.com\/de\/produkt\/rp-graphitelektrode\/","title":{"rendered":"RP-Graphit-Elektrode"},"content":{"rendered":"<div id=\"igc-ui-kit-r3ip-tag\" class=\"___STag_13gq5_gg_ _size_l_13gq5_gg_ _theme_primary_13gq5_gg_\" tabindex=\"-1\" data-ui-name=\"Tag\"><\/div>\n<p><strong>RP Graphitelektrode, haupts\u00e4chlich Petrolkoks, Nadelkoks als Rohstoff, Kohlepech als Bindemittel, Kalzinierung, Zutaten, Kneten, Formen, Backen, Graphitierung und mechanische Bearbeitung.<\/strong><\/p>\n<p>Der Produktionszyklus betr\u00e4gt etwa 45 Tage. RP-Graphitelektroden werden haupts\u00e4chlich zum Schmelzen von gew\u00f6hnlichem Stahl, Silizium und gelbem Phosphor im Lichtbogenofen verwendet. Sie wird im Lichtbogenofen in Form eines Lichtbogenleiters f\u00fcr Elektrizit\u00e4t verwendet, um die Schmelzofenladung zu erhitzen.<\/p>\n<p>Es hat hohe elektrische <a href=\"https:\/\/www.sciencedirect.com\/topics\/materials-science\/conductivity\" target=\"_blank\" rel=\"noopener\">Leitf\u00e4higkeit<\/a>Sie zeichnen sich durch eine verbesserte Temperaturwechselbest\u00e4ndigkeit, Oxidations- und Korrosionsbest\u00e4ndigkeit, eine lange Lebensdauer, die F\u00e4higkeit, bei hohen Temperaturen zu arbeiten, und eine geringe Umweltbelastung aus.<\/p>\n<h2>Industrielle Anwendungen von RP-Graphit-Elektrodierern<\/h2>\n<p>Regelm\u00e4\u00dfige Leistung rp <a href=\"https:\/\/jinsuncarbon.com\/de\/produkt\/graphitelektrode\/\">Graphitelektroden<\/a> sind in der Stahlproduktion, im H\u00fcttenwesen und in anderen Industriezweigen weit verbreitet und werden in Elektrolichtbogen\u00f6fen eingesetzt. Sie werden in Elektrolichtbogen\u00f6fen, Pfannen\u00f6fen und Unterpulver\u00f6fen eingesetzt. Sie werden auch in anderen Schmelzverfahren eingesetzt, bei denen hohe Temperaturen und eine effiziente elektrische Leitf\u00e4higkeit wichtig sind.<\/p>\n<p>Sie bietet einen leitenden Pfad f\u00fcr den Strom, der durch die <a href=\"https:\/\/en.wikipedia.org\/wiki\/Electric_arc_furnace\" target=\"_blank\" rel=\"noopener\">Elektrolichtbogenofen<\/a>. Sie erm\u00f6glichen auch eine pr\u00e4zise Steuerung der Temperaturen und elektrischen Str\u00f6me, die f\u00fcr das Schmelzen, Raffinieren und Legieren in Schmelzprozessen erforderlich sind. Aufgrund ihrer gleichm\u00e4\u00dfigen elektrischen Leitf\u00e4higkeit und geringen W\u00e4rmeausdehnung sind sie f\u00fcr Lichtbogen\u00f6fen geeignet. <a href=\"https:\/\/www.britannica.com\/technology\/steel\/Primary-steelmaking\" target=\"_blank\" rel=\"noopener\">Stahlherstellungsprozess.<\/a><\/p>\n<p>Es ist wichtig zu beachten, dass sie nicht f\u00fcr den Einsatz in Ultrahochleistungs- und Hochleistungs-Lichtbogen\u00f6fen geeignet ist. Verschiedene Graphitelektroden eignen sich f\u00fcr verschiedene Elektro\u00f6fen.<\/p>\n<p><img fetchpriority=\"high\" decoding=\"async\" class=\"alignnone wp-image-2964\" src=\"https:\/\/jinsuncarbon.com\/wp-content\/uploads\/2022\/12\/7-1-300x200.jpg\" alt=\"Graphitelektroden f\u00fcr Elektrolichtbogen\u00f6fen zur Stahlerzeugung - Jinsun Carbon\" width=\"422\" height=\"281\" srcset=\"https:\/\/jinsuncarbon.com\/wp-content\/uploads\/2022\/12\/7-1-300x200.jpg 300w, https:\/\/jinsuncarbon.com\/wp-content\/uploads\/2022\/12\/7-1-600x400.jpg 600w, https:\/\/jinsuncarbon.com\/wp-content\/uploads\/2022\/12\/7-1-768x512.jpg 768w, https:\/\/jinsuncarbon.com\/wp-content\/uploads\/2022\/12\/7-1.jpg 1024w\" sizes=\"(max-width: 422px) 100vw, 422px\" \/> \u00a0<img decoding=\"async\" class=\"alignnone wp-image-2488\" src=\"https:\/\/jinsuncarbon.com\/wp-content\/uploads\/2023\/02\/888-300x200.jpg\" alt=\"Graphitelektroden werden bei der Stahlherstellung im Elektrolichtbogenofen verwendet\" width=\"419\" height=\"279\" srcset=\"https:\/\/jinsuncarbon.com\/wp-content\/uploads\/2023\/02\/888-300x200.jpg 300w, https:\/\/jinsuncarbon.com\/wp-content\/uploads\/2023\/02\/888.jpg 600w\" sizes=\"(max-width: 419px) 100vw, 419px\" \/><\/p>\n<p>&nbsp;<\/p>\n<h2>Vorteil<\/h2>\n<ul>\n<li>Hochwertige Materialien, Verwendung hochwertiger und hochreiner <a href=\"https:\/\/jinsuncarbon.com\/de\/produkt\/kalzinierter-petrolkoks\/\">Petrolkoks<\/a> und Pechkoks.<\/li>\n<li>Hoch leitf\u00e4hig. Aufgrund seines geringeren spezifischen Widerstands l\u00e4sst sich elektrischer Strom in einem Lichtbogenofen leichter hindurchleiten.<\/li>\n<li>Es hat eine hohe mechanische Festigkeit, eine hohe Biege- und Druckfestigkeit und ist daher nicht leicht zu zersplittern oder zu brechen.<\/li>\n<li>Die Kosten sind niedrig, da der Herstellungsprozess relativ einfach ist und der Preis niedrig ist.<\/li>\n<li>Hohe Bearbeitungsgenauigkeit, so dass die Oberfl\u00e4cheng\u00fcte gut ist.<\/li>\n<\/ul>\n<p>&nbsp;<\/p>\n<h2>Spezifikationen<\/h2>\n<p><strong>Zul\u00e4ssige Strombelastbarkeiten<\/strong><\/p>\n<table width=\"584\">\n<tbody>\n<tr>\n<td colspan=\"2\" width=\"284\">Nominell<\/td>\n<td colspan=\"2\" width=\"300\">RP-Graphitelektroden<\/td>\n<\/tr>\n<tr>\n<td width=\"142\">mm<\/td>\n<td width=\"142\">Zoll<\/td>\n<td width=\"158\">Stromf\u00fchrend<\/p>\n<p>Kapazit\u00e4t\uff08A\uff09<\/td>\n<td width=\"142\">Aktuelle Dichte<\/p>\n<p>\uff08A\/cm<sup>2<\/sup>\uff09<\/td>\n<\/tr>\n<tr>\n<td width=\"142\">300<\/td>\n<td width=\"142\">12<\/td>\n<td width=\"158\">10000~13000<\/td>\n<td width=\"142\">14~18<\/td>\n<\/tr>\n<tr>\n<td width=\"142\">350<\/td>\n<td width=\"142\">14<\/td>\n<td width=\"158\">13500~18000<\/td>\n<td width=\"142\">14~18<\/td>\n<\/tr>\n<tr>\n<td width=\"142\">400<\/td>\n<td width=\"142\">16<\/td>\n<td width=\"158\">18000~23500<\/td>\n<td width=\"142\">14~18<\/td>\n<\/tr>\n<tr>\n<td width=\"142\">450<\/td>\n<td width=\"142\">18<\/td>\n<td width=\"158\">22000~27000<\/td>\n<td width=\"142\">13~17<\/td>\n<\/tr>\n<tr>\n<td width=\"142\">500<\/td>\n<td width=\"142\">20<\/td>\n<td width=\"158\">25000~32000<\/td>\n<td width=\"142\">13~16<\/td>\n<\/tr>\n<tr>\n<td width=\"142\">600<\/td>\n<td width=\"142\">24<\/td>\n<td width=\"158\">35000~41000<\/td>\n<td width=\"142\">13~15<\/td>\n<\/tr>\n<\/tbody>\n<\/table>\n<p>&nbsp;<\/p>\n<p><strong>Physikalische und chemische Eigenschaften von Elektrode und Nippel<\/strong><\/p>\n<table width=\"531\">\n<tbody>\n<tr>\n<td colspan=\"2\" rowspan=\"2\" width=\"223\">RP-Graphit-Elektrode<\/td>\n<td rowspan=\"2\" width=\"59\">Einheit<\/td>\n<td colspan=\"3\" width=\"249\">Durchmesser<\/td>\n<\/tr>\n<tr>\n<td width=\"79\">12\"-16\"<\/td>\n<td width=\"85\">18\"-20\"<\/td>\n<td width=\"85\">24\"<\/td>\n<\/tr>\n<tr>\n<td rowspan=\"2\" width=\"148\">Spezifischer Widerstand<\/td>\n<td width=\"76\">Elektrode<\/td>\n<td rowspan=\"2\" width=\"59\">\u03bc\u03a9-m<\/td>\n<td width=\"79\"><strong>\u2264<\/strong>8.0<\/td>\n<td width=\"85\"><strong>\u2264<\/strong>8.0<\/td>\n<td width=\"85\"><strong>\u2264<\/strong>9.0<\/td>\n<\/tr>\n<tr>\n<td width=\"76\">Brustwarze<\/td>\n<td width=\"79\"><strong>\u2264<\/strong>7.0<\/td>\n<td width=\"85\"><strong>\u2264<\/strong>7.0<\/td>\n<td width=\"85\"><strong>\u2264<\/strong>7.0<\/td>\n<\/tr>\n<tr>\n<td rowspan=\"2\" width=\"148\">Festigkeit in Querrichtung<\/td>\n<td width=\"76\">Elektrode<\/td>\n<td rowspan=\"2\" width=\"59\">\u039c\u0420a<\/td>\n<td width=\"79\"><strong>\u2265<\/strong>6.8<\/td>\n<td width=\"85\"><strong>\u2265<\/strong>6.4<\/td>\n<td width=\"85\"><strong>\u2265<\/strong>6.4<\/td>\n<\/tr>\n<tr>\n<td width=\"76\">Brustwarze<\/td>\n<td width=\"79\"><strong>\u2265<\/strong>15.0<\/td>\n<td width=\"85\"><strong>\u2265<\/strong>13.0<\/td>\n<td width=\"85\"><strong>\u2265<\/strong>13.0<\/td>\n<\/tr>\n<tr>\n<td rowspan=\"2\" width=\"148\">Elastizit\u00e4tsmodul<\/td>\n<td width=\"76\">Elektrode<\/td>\n<td rowspan=\"2\" width=\"59\">G\u0420a<\/td>\n<td width=\"79\"><strong>\u2264<\/strong>9.3<\/td>\n<td width=\"85\"><strong>\u2264<\/strong>9.3<\/td>\n<td width=\"85\"><strong>\u2264<\/strong>9.3<\/td>\n<\/tr>\n<tr>\n<td width=\"76\">Brustwarze<\/td>\n<td width=\"79\"><strong>\u2264<\/strong>14.0<\/td>\n<td width=\"85\"><strong>\u2264<\/strong>14.0<\/td>\n<td width=\"85\"><strong>\u2264<\/strong>14.0<\/td>\n<\/tr>\n<tr>\n<td rowspan=\"2\" width=\"148\">Sch\u00fcttdichte<\/td>\n<td width=\"76\">Elektrode<\/td>\n<td rowspan=\"2\" width=\"59\">g\u2215\u339d<sup>3<\/sup><\/td>\n<td width=\"79\"><strong>\u2265<\/strong>1.56<\/td>\n<td width=\"85\"><strong>\u2265<\/strong>1.56<\/td>\n<td width=\"85\"><strong>\u2265<\/strong>1.55<\/td>\n<\/tr>\n<tr>\n<td width=\"76\">Brustwarze<\/td>\n<td width=\"79\"><strong>\u2265<\/strong>1.70<\/td>\n<td width=\"85\"><strong>\u2265<\/strong>1.70<\/td>\n<td width=\"85\"><strong>\u2265<\/strong>1.72<\/td>\n<\/tr>\n<tr>\n<td rowspan=\"2\" width=\"148\">C.T.E.<\/p>\n<p>\uff08100\uff5e600\u2103\uff09<\/td>\n<td width=\"76\">Elektrode<\/td>\n<td rowspan=\"2\" width=\"59\">10<sup>-6<\/sup>\u2215\u2103<\/td>\n<td width=\"79\"><strong>\u2264<\/strong>2.9<\/td>\n<td width=\"85\"><strong>\u2264<\/strong>2.9<\/td>\n<td width=\"85\"><strong>\u2264<\/strong>2.9<\/td>\n<\/tr>\n<tr>\n<td width=\"76\">Brustwarze<\/td>\n<td width=\"79\"><strong>\u2264<\/strong>2.8<\/td>\n<td width=\"85\"><strong>\u2264<\/strong>2.8<\/td>\n<td width=\"85\"><strong>\u2264<\/strong>2.8<\/td>\n<\/tr>\n<tr>\n<td colspan=\"2\" width=\"223\">Aschegehalt<\/td>\n<td width=\"59\">%<\/td>\n<td width=\"79\"><strong>\u2264<\/strong>0.5<\/td>\n<td width=\"85\"><strong>\u2264<\/strong>0.5<\/td>\n<td width=\"85\"><strong>\u2264<\/strong>0.5<\/td>\n<\/tr>\n<\/tbody>\n<\/table>\n<p>&nbsp;<\/p>","protected":false},"excerpt":{"rendered":"<p><!--more--><br \/>\nRP-Graphitelektroden werden in gew\u00f6hnlichen elektrischen Lichtbogen\u00f6fen verwendet, z. B. bei der Stahlherstellung, der Siliziumverh\u00fcttung und der Verh\u00fcttung von gelbem Phosphor. Sie wird aus Petrolkoks und Kohlepech als Rohmaterial hergestellt. Sie zeichnet sich durch einen geringen Aschegehalt, gute elektrische Leitf\u00e4higkeit und hohe Temperaturbest\u00e4ndigkeit aus und schmilzt oder verformt sich nicht bei hohen Temperaturen.<\/p>\n<p>RP-Graphitelektrode als leitf\u00e4higes Material in lichtbogenmetallurgischen \u00d6fen zum Schmelzen verschiedener Nichteisen- und seltener Metalle. Sie kann bei Stromdichten von \u00fcber 17A\/cm2 verwendet werden. Spezifikationen und Modelldurchmesser: 100mm-960mm.<\/p>","protected":false},"featured_media":3453,"template":"","meta":[],"product_brand":[],"product_cat":[37],"product_tag":[],"class_list":{"0":"post-2129","1":"product","2":"type-product","3":"status-publish","4":"has-post-thumbnail","6":"product_cat-graphite-electrode","8":"first","9":"instock","10":"shipping-taxable","11":"product-type-simple"},"yoast_head":"<!-- This site is optimized with the Yoast SEO Premium plugin v19.2.1 (Yoast SEO v25.3) - https:\/\/yoast.com\/wordpress\/plugins\/seo\/ -->\n<title>RP Graphite Electrode - Used in Electric Arc Furnace Steel Production<\/title>\n<meta name=\"description\" content=\"RP Graphite Electrode is used as a conductive material in arc metallurgical furnaces for smelting various non-ferrous and rare metals. It can be used at current densities exceeding 17A\/cm2.\" \/>\n<meta name=\"robots\" content=\"index, follow, max-snippet:-1, max-image-preview:large, max-video-preview:-1\" \/>\n<link rel=\"canonical\" href=\"https:\/\/jinsuncarbon.com\/de\/produkt\/rp-graphitelektrode\/\" \/>\n<meta property=\"og:locale\" content=\"de_DE\" \/>\n<meta property=\"og:type\" content=\"article\" \/>\n<meta property=\"og:title\" content=\"RP Graphite Electrode\" \/>\n<meta property=\"og:description\" content=\"RP Graphite Electrode is used as a conductive material in arc metallurgical furnaces for smelting various non-ferrous and rare metals. It can be used at current densities exceeding 17A\/cm2.\" \/>\n<meta property=\"og:url\" content=\"https:\/\/jinsuncarbon.com\/de\/produkt\/rp-graphitelektrode\/\" \/>\n<meta property=\"og:site_name\" content=\"Jinsun Carbon\" \/>\n<meta property=\"article:publisher\" content=\"https:\/\/www.facebook.com\/Graphite-Electrode-109336238661595\" \/>\n<meta property=\"article:modified_time\" content=\"2024-11-03T13:16:47+00:00\" \/>\n<meta property=\"og:image\" content=\"https:\/\/jinsuncarbon.com\/wp-content\/uploads\/2023\/01\/8943e41550f3524cd61ca9d4f8acb00.jpg\" \/>\n\t<meta property=\"og:image:width\" content=\"1024\" \/>\n\t<meta property=\"og:image:height\" content=\"792\" \/>\n\t<meta property=\"og:image:type\" content=\"image\/jpeg\" \/>\n<meta name=\"twitter:card\" content=\"summary_large_image\" \/>\n<meta name=\"twitter:site\" content=\"@jinsuncarbon_\" \/>\n<meta name=\"twitter:label1\" content=\"Gesch\u00e4tzte Lesezeit\" \/>\n\t<meta name=\"twitter:data1\" content=\"3\u00a0Minuten\" \/>\n<script type=\"application\/ld+json\" class=\"yoast-schema-graph\">{\"@context\":\"https:\/\/schema.org\",\"@graph\":[{\"@type\":\"WebPage\",\"@id\":\"https:\/\/jinsuncarbon.com\/product\/rp-graphite-electrode\/\",\"url\":\"https:\/\/jinsuncarbon.com\/product\/rp-graphite-electrode\/\",\"name\":\"RP Graphite Electrode - Used in Electric Arc Furnace Steel Production\",\"isPartOf\":{\"@id\":\"https:\/\/jinsuncarbon.com\/#website\"},\"primaryImageOfPage\":{\"@id\":\"https:\/\/jinsuncarbon.com\/product\/rp-graphite-electrode\/#primaryimage\"},\"image\":{\"@id\":\"https:\/\/jinsuncarbon.com\/product\/rp-graphite-electrode\/#primaryimage\"},\"thumbnailUrl\":\"https:\/\/jinsuncarbon.com\/wp-content\/uploads\/2023\/01\/8943e41550f3524cd61ca9d4f8acb00.jpg\",\"datePublished\":\"2023-01-30T09:07:59+00:00\",\"dateModified\":\"2024-11-03T13:16:47+00:00\",\"description\":\"RP Graphite Electrode is used as a conductive material in arc metallurgical furnaces for smelting various non-ferrous and rare metals. It can be used at current densities exceeding 17A\/cm2.\",\"breadcrumb\":{\"@id\":\"https:\/\/jinsuncarbon.com\/product\/rp-graphite-electrode\/#breadcrumb\"},\"inLanguage\":\"de\",\"potentialAction\":[{\"@type\":\"ReadAction\",\"target\":[\"https:\/\/jinsuncarbon.com\/product\/rp-graphite-electrode\/\"]}]},{\"@type\":\"ImageObject\",\"inLanguage\":\"de\",\"@id\":\"https:\/\/jinsuncarbon.com\/product\/rp-graphite-electrode\/#primaryimage\",\"url\":\"https:\/\/jinsuncarbon.com\/wp-content\/uploads\/2023\/01\/8943e41550f3524cd61ca9d4f8acb00.jpg\",\"contentUrl\":\"https:\/\/jinsuncarbon.com\/wp-content\/uploads\/2023\/01\/8943e41550f3524cd61ca9d4f8acb00.jpg\",\"width\":1024,\"height\":792,\"caption\":\"RP graphite electrode - China graphite electrode factory and supplier\"},{\"@type\":\"BreadcrumbList\",\"@id\":\"https:\/\/jinsuncarbon.com\/product\/rp-graphite-electrode\/#breadcrumb\",\"itemListElement\":[{\"@type\":\"ListItem\",\"position\":1,\"name\":\"Home\",\"item\":\"https:\/\/jinsuncarbon.com\/\"},{\"@type\":\"ListItem\",\"position\":2,\"name\":\"Products\",\"item\":\"https:\/\/jinsuncarbon.com\/graphite-carbon\/\"},{\"@type\":\"ListItem\",\"position\":3,\"name\":\"RP Graphite Electrode\"}]},{\"@type\":\"WebSite\",\"@id\":\"https:\/\/jinsuncarbon.com\/#website\",\"url\":\"https:\/\/jinsuncarbon.com\/\",\"name\":\"Jinsun Carbon\",\"description\":\"We are the successful graphite electrode manufacturer in China\",\"publisher\":{\"@id\":\"https:\/\/jinsuncarbon.com\/#organization\"},\"potentialAction\":[{\"@type\":\"SearchAction\",\"target\":{\"@type\":\"EntryPoint\",\"urlTemplate\":\"https:\/\/jinsuncarbon.com\/?s={search_term_string}\"},\"query-input\":{\"@type\":\"PropertyValueSpecification\",\"valueRequired\":true,\"valueName\":\"search_term_string\"}}],\"inLanguage\":\"de\"},{\"@type\":\"Organization\",\"@id\":\"https:\/\/jinsuncarbon.com\/#organization\",\"name\":\"Jinsun Carbon\",\"alternateName\":\"Jinsun Carbon\",\"url\":\"https:\/\/jinsuncarbon.com\/\",\"logo\":{\"@type\":\"ImageObject\",\"inLanguage\":\"de\",\"@id\":\"https:\/\/jinsuncarbon.com\/#\/schema\/logo\/image\/\",\"url\":\"https:\/\/jinsuncarbon.com\/wp-content\/uploads\/2022\/12\/LOGO-1.png\",\"contentUrl\":\"https:\/\/jinsuncarbon.com\/wp-content\/uploads\/2022\/12\/LOGO-1.png\",\"width\":207,\"height\":80,\"caption\":\"Jinsun Carbon\"},\"image\":{\"@id\":\"https:\/\/jinsuncarbon.com\/#\/schema\/logo\/image\/\"},\"sameAs\":[\"https:\/\/www.facebook.com\/Graphite-Electrode-109336238661595\",\"https:\/\/x.com\/jinsuncarbon_\",\"https:\/\/www.linkedin.com\/in\/jinsungraphite\",\"https:\/\/www.youtube.com\/channel\/UCysDNyvyR5-3cCWEmpkVC0g\"]}]}<\/script>\n<!-- \/ Yoast SEO Premium plugin. -->","yoast_head_json":{"title":"RP-Graphitelektrode - f\u00fcr die Stahlproduktion im Elektrolichtbogenofen","description":"RP-Graphitelektroden werden als leitf\u00e4higes Material in metallurgischen Lichtbogen\u00f6fen zum Schmelzen verschiedener Nichteisenmetalle und seltener Metalle verwendet. Sie kann bei Stromdichten von \u00fcber 17A\/cm2 verwendet werden.","robots":{"index":"index","follow":"follow","max-snippet":"max-snippet:-1","max-image-preview":"max-image-preview:large","max-video-preview":"max-video-preview:-1"},"canonical":"https:\/\/jinsuncarbon.com\/de\/produkt\/rp-graphitelektrode\/","og_locale":"de_DE","og_type":"article","og_title":"RP Graphite Electrode","og_description":"RP Graphite Electrode is used as a conductive material in arc metallurgical furnaces for smelting various non-ferrous and rare metals. It can be used at current densities exceeding 17A\/cm2.","og_url":"https:\/\/jinsuncarbon.com\/de\/produkt\/rp-graphitelektrode\/","og_site_name":"Jinsun Carbon","article_publisher":"https:\/\/www.facebook.com\/Graphite-Electrode-109336238661595","article_modified_time":"2024-11-03T13:16:47+00:00","og_image":[{"width":1024,"height":792,"url":"https:\/\/jinsuncarbon.com\/wp-content\/uploads\/2023\/01\/8943e41550f3524cd61ca9d4f8acb00.jpg","type":"image\/jpeg"}],"twitter_card":"summary_large_image","twitter_site":"@jinsuncarbon_","twitter_misc":{"Gesch\u00e4tzte Lesezeit":"3\u00a0Minuten"},"schema":{"@context":"https:\/\/schema.org","@graph":[{"@type":"WebPage","@id":"https:\/\/jinsuncarbon.com\/product\/rp-graphite-electrode\/","url":"https:\/\/jinsuncarbon.com\/product\/rp-graphite-electrode\/","name":"RP-Graphitelektrode - f\u00fcr die Stahlproduktion im Elektrolichtbogenofen","isPartOf":{"@id":"https:\/\/jinsuncarbon.com\/#website"},"primaryImageOfPage":{"@id":"https:\/\/jinsuncarbon.com\/product\/rp-graphite-electrode\/#primaryimage"},"image":{"@id":"https:\/\/jinsuncarbon.com\/product\/rp-graphite-electrode\/#primaryimage"},"thumbnailUrl":"https:\/\/jinsuncarbon.com\/wp-content\/uploads\/2023\/01\/8943e41550f3524cd61ca9d4f8acb00.jpg","datePublished":"2023-01-30T09:07:59+00:00","dateModified":"2024-11-03T13:16:47+00:00","description":"RP-Graphitelektroden werden als leitf\u00e4higes Material in metallurgischen Lichtbogen\u00f6fen zum Schmelzen verschiedener Nichteisenmetalle und seltener Metalle verwendet. Sie kann bei Stromdichten von \u00fcber 17A\/cm2 verwendet werden.","breadcrumb":{"@id":"https:\/\/jinsuncarbon.com\/product\/rp-graphite-electrode\/#breadcrumb"},"inLanguage":"de","potentialAction":[{"@type":"ReadAction","target":["https:\/\/jinsuncarbon.com\/product\/rp-graphite-electrode\/"]}]},{"@type":"ImageObject","inLanguage":"de","@id":"https:\/\/jinsuncarbon.com\/product\/rp-graphite-electrode\/#primaryimage","url":"https:\/\/jinsuncarbon.com\/wp-content\/uploads\/2023\/01\/8943e41550f3524cd61ca9d4f8acb00.jpg","contentUrl":"https:\/\/jinsuncarbon.com\/wp-content\/uploads\/2023\/01\/8943e41550f3524cd61ca9d4f8acb00.jpg","width":1024,"height":792,"caption":"RP graphite electrode - China graphite electrode factory and supplier"},{"@type":"BreadcrumbList","@id":"https:\/\/jinsuncarbon.com\/product\/rp-graphite-electrode\/#breadcrumb","itemListElement":[{"@type":"ListItem","position":1,"name":"Home","item":"https:\/\/jinsuncarbon.com\/"},{"@type":"ListItem","position":2,"name":"Products","item":"https:\/\/jinsuncarbon.com\/graphite-carbon\/"},{"@type":"ListItem","position":3,"name":"RP Graphite Electrode"}]},{"@type":"WebSite","@id":"https:\/\/jinsuncarbon.com\/#website","url":"https:\/\/jinsuncarbon.com\/","name":"Jinsun Kohlenstoff","description":"Wir sind der erfolgreiche Hersteller von Graphitelektroden in China","publisher":{"@id":"https:\/\/jinsuncarbon.com\/#organization"},"potentialAction":[{"@type":"SearchAction","target":{"@type":"EntryPoint","urlTemplate":"https:\/\/jinsuncarbon.com\/?s={search_term_string}"},"query-input":{"@type":"PropertyValueSpecification","valueRequired":true,"valueName":"search_term_string"}}],"inLanguage":"de"},{"@type":"Organization","@id":"https:\/\/jinsuncarbon.com\/#organization","name":"Jinsun Kohlenstoff","alternateName":"Jinsun Carbon","url":"https:\/\/jinsuncarbon.com\/","logo":{"@type":"ImageObject","inLanguage":"de","@id":"https:\/\/jinsuncarbon.com\/#\/schema\/logo\/image\/","url":"https:\/\/jinsuncarbon.com\/wp-content\/uploads\/2022\/12\/LOGO-1.png","contentUrl":"https:\/\/jinsuncarbon.com\/wp-content\/uploads\/2022\/12\/LOGO-1.png","width":207,"height":80,"caption":"Jinsun Carbon"},"image":{"@id":"https:\/\/jinsuncarbon.com\/#\/schema\/logo\/image\/"},"sameAs":["https:\/\/www.facebook.com\/Graphite-Electrode-109336238661595","https:\/\/x.com\/jinsuncarbon_","https:\/\/www.linkedin.com\/in\/jinsungraphite","https:\/\/www.youtube.com\/channel\/UCysDNyvyR5-3cCWEmpkVC0g"]}]}},"_links":{"self":[{"href":"https:\/\/jinsuncarbon.com\/de\/wp-json\/wp\/v2\/product\/2129","targetHints":{"allow":["GET"]}}],"collection":[{"href":"https:\/\/jinsuncarbon.com\/de\/wp-json\/wp\/v2\/product"}],"about":[{"href":"https:\/\/jinsuncarbon.com\/de\/wp-json\/wp\/v2\/types\/product"}],"wp:featuredmedia":[{"embeddable":true,"href":"https:\/\/jinsuncarbon.com\/de\/wp-json\/wp\/v2\/media\/3453"}],"wp:attachment":[{"href":"https:\/\/jinsuncarbon.com\/de\/wp-json\/wp\/v2\/media?parent=2129"}],"wp:term":[{"taxonomy":"product_brand","embeddable":true,"href":"https:\/\/jinsuncarbon.com\/de\/wp-json\/wp\/v2\/product_brand?post=2129"},{"taxonomy":"product_cat","embeddable":true,"href":"https:\/\/jinsuncarbon.com\/de\/wp-json\/wp\/v2\/product_cat?post=2129"},{"taxonomy":"product_tag","embeddable":true,"href":"https:\/\/jinsuncarbon.com\/de\/wp-json\/wp\/v2\/product_tag?post=2129"}],"curies":[{"name":"wp","href":"https:\/\/api.w.org\/{rel}","templated":true}]}}